{"id":9813,"date":"2023-03-06T09:51:33","date_gmt":"2023-03-06T08:51:33","guid":{"rendered":"https:\/\/www.archiv-frau-musik.de\/?page_id=9813"},"modified":"2024-01-08T17:01:17","modified_gmt":"2024-01-08T16:01:17","slug":"bdlo-komponistinnen-werke-fuer-amateur-orchester","status":"publish","type":"page","link":"https:\/\/www.archiv-frau-musik.de\/fr\/bdlo-komponistinnen-werke-fuer-amateur-orchester","title":{"rendered":"(Deutsch) BDLO: Amateurorchester finden mehr Werke von Komponistinnen"},"content":{"rendered":"<p class=\"qtranxs-available-languages-message qtranxs-available-languages-message-fr\">D\u00e9sol\u00e9, cet article est seulement disponible en <a href=\"https:\/\/www.archiv-frau-musik.de\/de\/wp-json\/wp\/v2\/pages\/9813\" class=\"qtranxs-available-language-link qtranxs-available-language-link-de\" title=\"Deutsch\">Deutsch<\/a>.<\/p>","protected":false},"excerpt":{"rendered":"<p>D\u00e9sol\u00e9, cet article est seulement disponible en Deutsch.<\/p>\n","protected":false},"author":5,"featured_media":0,"parent":0,"menu_order":0,"comment_status":"closed","ping_status":"closed","template":"","meta":{"generate_page_header":"","footnotes":""},"class_list":["post-9813","page","type-page","status-publish"],"yoast_head":"<!-- This site is optimized with the Yoast SEO plugin v27.5 - https:\/\/yoast.com\/product\/yoast-seo-wordpress\/ -->\n<title>(Deutsch) BDLO: Amateurorchester finden mehr Werke von Komponistinnen<\/title>\n<meta name=\"description\" content=\"Mit der Bef\u00fcllung der Datenbank des BDLO mit Werken von Komponistinnen wird eine wesentlich gr\u00f6\u00dfere Sicht- und H\u00f6rbarkeit von Werken erreicht\" \/>\n<meta name=\"robots\" content=\"index, follow, max-snippet:-1, max-image-preview:large, max-video-preview:-1\" \/>\n<link rel=\"canonical\" href=\"https:\/\/www.archiv-frau-musik.de\/fr\/bdlo-komponistinnen-werke-fuer-amateur-orchester\" \/>\n<meta property=\"og:locale\" content=\"fr_FR\" \/>\n<meta property=\"og:type\" content=\"article\" \/>\n<meta property=\"og:title\" content=\"(Deutsch) BDLO: Amateurorchester finden mehr Werke von Komponistinnen\" \/>\n<meta property=\"og:description\" content=\"Mit der Bef\u00fcllung der Datenbank des BDLO mit Werken von Komponistinnen wird eine wesentlich gr\u00f6\u00dfere Sicht- und H\u00f6rbarkeit von Werken erreicht\" \/>\n<meta property=\"og:url\" content=\"https:\/\/www.archiv-frau-musik.de\/fr\/bdlo-komponistinnen-werke-fuer-amateur-orchester\" \/>\n<meta property=\"og:site_name\" content=\"Archiv Frau und Musik\" \/>\n<meta property=\"article:modified_time\" content=\"2024-01-08T16:01:17+00:00\" \/>\n<meta property=\"og:image\" content=\"https:\/\/www.archiv-frau-musik.de\/wp-content\/uploads\/2023\/03\/blahetka_variations-150x150.png\" \/>\n<meta name=\"twitter:card\" content=\"summary_large_image\" \/>\n<meta name=\"twitter:label1\" content=\"Dur\u00e9e de lecture estim\u00e9e\" \/>\n\t<meta name=\"twitter:data1\" content=\"2 minutes\" \/>\n<script type=\"application\/ld+json\" class=\"yoast-schema-graph\">{\"@context\":\"https:\\\/\\\/schema.org\",\"@graph\":[{\"@type\":\"WebPage\",\"@id\":\"https:\\\/\\\/www.archiv-frau-musik.de\\\/fr\\\/bdlo-komponistinnen-werke-fuer-amateur-orchester\",\"url\":\"https:\\\/\\\/www.archiv-frau-musik.de\\\/fr\\\/bdlo-komponistinnen-werke-fuer-amateur-orchester\",\"name\":\"(Deutsch) BDLO: Amateurorchester finden mehr Werke von Komponistinnen\",\"isPartOf\":{\"@id\":\"https:\\\/\\\/www.archiv-frau-musik.de\\\/fr\\\/#website\"},\"primaryImageOfPage\":{\"@id\":\"https:\\\/\\\/www.archiv-frau-musik.de\\\/fr\\\/bdlo-komponistinnen-werke-fuer-amateur-orchester#primaryimage\"},\"image\":{\"@id\":\"https:\\\/\\\/www.archiv-frau-musik.de\\\/bdlo-komponistinnen-werke-fuer-amateur-orchester#primaryimage\"},\"thumbnailUrl\":\"https:\\\/\\\/www.archiv-frau-musik.de\\\/wp-content\\\/uploads\\\/2023\\\/03\\\/2021-BDLO-im-Quadrat-au-Blau-50-300x300.png\",\"datePublished\":\"2023-03-06T08:51:33+00:00\",\"dateModified\":\"2024-01-08T16:01:17+00:00\",\"description\":\"Mit der Bef\u00fcllung der Datenbank des BDLO mit Werken von Komponistinnen wird eine wesentlich gr\u00f6\u00dfere Sicht- und H\u00f6rbarkeit von Werken erreicht\",\"breadcrumb\":{\"@id\":\"https:\\\/\\\/www.archiv-frau-musik.de\\\/fr\\\/bdlo-komponistinnen-werke-fuer-amateur-orchester#breadcrumb\"},\"inLanguage\":\"fr-FR\",\"potentialAction\":[{\"@type\":\"ReadAction\",\"target\":[[\"https:\\\/\\\/www.archiv-frau-musik.de\\\/fr\\\/bdlo-komponistinnen-werke-fuer-amateur-orchester\"]]}]},{\"@type\":\"ImageObject\",\"inLanguage\":\"fr-FR\",\"@id\":\"https:\\\/\\\/www.archiv-frau-musik.de\\\/fr\\\/bdlo-komponistinnen-werke-fuer-amateur-orchester#primaryimage\",\"url\":\"https:\\\/\\\/www.archiv-frau-musik.de\\\/wp-content\\\/uploads\\\/2023\\\/03\\\/2021-BDLO-im-Quadrat-au-Blau-50-300x300.png\",\"contentUrl\":\"https:\\\/\\\/www.archiv-frau-musik.de\\\/wp-content\\\/uploads\\\/2023\\\/03\\\/2021-BDLO-im-Quadrat-au-Blau-50-300x300.png\"},{\"@type\":\"BreadcrumbList\",\"@id\":\"https:\\\/\\\/www.archiv-frau-musik.de\\\/fr\\\/bdlo-komponistinnen-werke-fuer-amateur-orchester#breadcrumb\",\"itemListElement\":[{\"@type\":\"ListItem\",\"position\":1,\"name\":\"Startseite\",\"item\":\"https:\\\/\\\/www.archiv-frau-musik.de\\\/fr\\\/\"},{\"@type\":\"ListItem\",\"position\":2,\"name\":\"BDLO: Amateurorchester finden mehr Werke von Komponistinnen\"}]},{\"@type\":\"WebSite\",\"@id\":\"https:\\\/\\\/www.archiv-frau-musik.de\\\/fr\\\/#website\",\"url\":\"https:\\\/\\\/www.archiv-frau-musik.de\\\/fr\\\/\",\"name\":\"Archiv Frau und Musik\",\"description\":\"\",\"potentialAction\":[{\"@type\":\"SearchAction\",\"target\":{\"@type\":\"EntryPoint\",\"urlTemplate\":\"https:\\\/\\\/www.archiv-frau-musik.de\\\/fr\\\/?s={search_term_string}\"},\"query-input\":{\"@type\":\"PropertyValueSpecification\",\"valueRequired\":true,\"valueName\":\"search_term_string\"}}],\"inLanguage\":\"fr-FR\"}]}<\/script>\n<!-- \/ Yoast SEO plugin. -->","yoast_head_json":{"title":"(Deutsch) BDLO: Amateurorchester finden mehr Werke von Komponistinnen","description":"Mit der Bef\u00fcllung der Datenbank des BDLO mit Werken von Komponistinnen wird eine wesentlich gr\u00f6\u00dfere Sicht- und H\u00f6rbarkeit von Werken erreicht","robots":{"index":"index","follow":"follow","max-snippet":"max-snippet:-1","max-image-preview":"max-image-preview:large","max-video-preview":"max-video-preview:-1"},"canonical":"https:\/\/www.archiv-frau-musik.de\/fr\/bdlo-komponistinnen-werke-fuer-amateur-orchester","og_locale":"fr_FR","og_type":"article","og_title":"(Deutsch) BDLO: Amateurorchester finden mehr Werke von Komponistinnen","og_description":"Mit der Bef\u00fcllung der Datenbank des BDLO mit Werken von Komponistinnen wird eine wesentlich gr\u00f6\u00dfere Sicht- und H\u00f6rbarkeit von Werken erreicht","og_url":"https:\/\/www.archiv-frau-musik.de\/fr\/bdlo-komponistinnen-werke-fuer-amateur-orchester","og_site_name":"Archiv Frau und Musik","article_modified_time":"2024-01-08T16:01:17+00:00","og_image":[{"url":"https:\/\/www.archiv-frau-musik.de\/wp-content\/uploads\/2023\/03\/blahetka_variations-150x150.png","type":"","width":"","height":""}],"twitter_card":"summary_large_image","twitter_misc":{"Dur\u00e9e de lecture estim\u00e9e":"2 minutes"},"schema":{"@context":"https:\/\/schema.org","@graph":[{"@type":"WebPage","@id":"https:\/\/www.archiv-frau-musik.de\/fr\/bdlo-komponistinnen-werke-fuer-amateur-orchester","url":"https:\/\/www.archiv-frau-musik.de\/fr\/bdlo-komponistinnen-werke-fuer-amateur-orchester","name":"(Deutsch) BDLO: Amateurorchester finden mehr Werke von Komponistinnen","isPartOf":{"@id":"https:\/\/www.archiv-frau-musik.de\/fr\/#website"},"primaryImageOfPage":{"@id":"https:\/\/www.archiv-frau-musik.de\/fr\/bdlo-komponistinnen-werke-fuer-amateur-orchester#primaryimage"},"image":{"@id":"https:\/\/www.archiv-frau-musik.de\/bdlo-komponistinnen-werke-fuer-amateur-orchester#primaryimage"},"thumbnailUrl":"https:\/\/www.archiv-frau-musik.de\/wp-content\/uploads\/2023\/03\/2021-BDLO-im-Quadrat-au-Blau-50-300x300.png","datePublished":"2023-03-06T08:51:33+00:00","dateModified":"2024-01-08T16:01:17+00:00","description":"Mit der Bef\u00fcllung der Datenbank des BDLO mit Werken von Komponistinnen wird eine wesentlich gr\u00f6\u00dfere Sicht- und H\u00f6rbarkeit von Werken erreicht","breadcrumb":{"@id":"https:\/\/www.archiv-frau-musik.de\/fr\/bdlo-komponistinnen-werke-fuer-amateur-orchester#breadcrumb"},"inLanguage":"fr-FR","potentialAction":[{"@type":"ReadAction","target":[["https:\/\/www.archiv-frau-musik.de\/fr\/bdlo-komponistinnen-werke-fuer-amateur-orchester"]]}]},{"@type":"ImageObject","inLanguage":"fr-FR","@id":"https:\/\/www.archiv-frau-musik.de\/fr\/bdlo-komponistinnen-werke-fuer-amateur-orchester#primaryimage","url":"https:\/\/www.archiv-frau-musik.de\/wp-content\/uploads\/2023\/03\/2021-BDLO-im-Quadrat-au-Blau-50-300x300.png","contentUrl":"https:\/\/www.archiv-frau-musik.de\/wp-content\/uploads\/2023\/03\/2021-BDLO-im-Quadrat-au-Blau-50-300x300.png"},{"@type":"BreadcrumbList","@id":"https:\/\/www.archiv-frau-musik.de\/fr\/bdlo-komponistinnen-werke-fuer-amateur-orchester#breadcrumb","itemListElement":[{"@type":"ListItem","position":1,"name":"Startseite","item":"https:\/\/www.archiv-frau-musik.de\/fr\/"},{"@type":"ListItem","position":2,"name":"BDLO: Amateurorchester finden mehr Werke von Komponistinnen"}]},{"@type":"WebSite","@id":"https:\/\/www.archiv-frau-musik.de\/fr\/#website","url":"https:\/\/www.archiv-frau-musik.de\/fr\/","name":"Archiv Frau und Musik","description":"","potentialAction":[{"@type":"SearchAction","target":{"@type":"EntryPoint","urlTemplate":"https:\/\/www.archiv-frau-musik.de\/fr\/?s={search_term_string}"},"query-input":{"@type":"PropertyValueSpecification","valueRequired":true,"valueName":"search_term_string"}}],"inLanguage":"fr-FR"}]}},"_links":{"self":[{"href":"https:\/\/www.archiv-frau-musik.de\/fr\/wp-json\/wp\/v2\/pages\/9813","targetHints":{"allow":["GET"]}}],"collection":[{"href":"https:\/\/www.archiv-frau-musik.de\/fr\/wp-json\/wp\/v2\/pages"}],"about":[{"href":"https:\/\/www.archiv-frau-musik.de\/fr\/wp-json\/wp\/v2\/types\/page"}],"author":[{"embeddable":true,"href":"https:\/\/www.archiv-frau-musik.de\/fr\/wp-json\/wp\/v2\/users\/5"}],"replies":[{"embeddable":true,"href":"https:\/\/www.archiv-frau-musik.de\/fr\/wp-json\/wp\/v2\/comments?post=9813"}],"version-history":[{"count":6,"href":"https:\/\/www.archiv-frau-musik.de\/fr\/wp-json\/wp\/v2\/pages\/9813\/revisions"}],"predecessor-version":[{"id":10782,"href":"https:\/\/www.archiv-frau-musik.de\/fr\/wp-json\/wp\/v2\/pages\/9813\/revisions\/10782"}],"wp:attachment":[{"href":"https:\/\/www.archiv-frau-musik.de\/fr\/wp-json\/wp\/v2\/media?parent=9813"}],"curies":[{"name":"wp","href":"https:\/\/api.w.org\/{rel}","templated":true}]}}