{"id":8613,"date":"2022-04-25T20:29:23","date_gmt":"2022-04-25T18:29:23","guid":{"rendered":"https:\/\/www.archiv-frau-musik.de\/?page_id=8613"},"modified":"2026-01-22T21:57:30","modified_gmt":"2026-01-22T20:57:30","slug":"wimugg-women-in-music-gehoert-gesehen","status":"publish","type":"page","link":"https:\/\/www.archiv-frau-musik.de\/fr\/wimugg-women-in-music-gehoert-gesehen","title":{"rendered":"#WIMUGG! \u2013 Les femmes dans la musique: entendues, vues!"},"content":{"rendered":"<p>En 2022, l\u2019Archive Frau und Musik a commenc\u00e9e son quatri\u00e8me projet dans le cadre des <a href=\"https:\/\/www.digitales-deutsches-frauenarchiv.de\/start\"><em>Archives Num\u00e9riques Allemandes des Femmes<\/em><\/a> (DDF). Cette ann\u00e9e, l&rsquo;accent est mis sur les m\u00e9dias des archives li\u00e9s aux concerts. Au cours de plus de 40 ans d&rsquo;histoire de nos archives, des programmes, des d\u00e9pliants et des affiches ont \u00e9t\u00e9 collect\u00e9s; ceux-ci remontent aux ann\u00e9es 1940 et montrent quelles \u0153uvres de compositrices ont \u00e9t\u00e9 jou\u00e9es et o\u00f9.<\/p>\n<p>Gr\u00e2ce \u00e0 cette collection unique, il est possible de documenter la premi\u00e8re du quatuor \u00e0 cordes en la b\u00e9mol majeur de Fanny Hensel, ainsi que les concerts d&rsquo;Elke Mascha Blankenburg dans son jardin. La collection doit maintenant \u00eatre r\u00e9pertori\u00e9e et rendue consultable dans la base de donn\u00e9es des archives Frau und Musik.<\/p>\n<p>Nous coop\u00e9rons ici avec la <a href=\"https:\/\/www.slub-dresden.de\/\" target=\"_blank\" rel=\"noopener\"><em>S\u00e4chsische Landes- und Universit\u00e4tsbibliothek Dresden<\/em><\/a> (SLUB) et la <a href=\"https:\/\/www.bsb-muenchen.de\/\" target=\"_blank\" rel=\"noopener\"><em>Bayerische Staatsbibliothek M\u00fcnchen<\/em><\/a> (BSB). La base de donn\u00e9es musiconn.performance de la SLUB permettra \u00e0 l&rsquo;avenir de rechercher les m\u00e9dias des archives li\u00e9s aux concerts, tels que les brochures et les affiches; en coop\u00e9ration avec la BSB de Munich, les sites web et les contributions aux m\u00e9dias sociaux qui font la promotion num\u00e9rique des concerts actuels seront collect\u00e9s.<\/p>\n<p>Comme dans les projets DDF pr\u00e9c\u00e9dents, une partie de nos m\u00e9dias est num\u00e9ris\u00e9e de mani\u00e8re professionnelle. Nous s\u00e9curisons ainsi nos fonds et les rendons accessibles au public sous forme num\u00e9rique. En outre, quatre dissertations en ligne permettront de mettre l&rsquo;accent sur certaines s\u00e9ries de concerts et festivals, sur les exp\u00e9riences des compositrices dans le domaine des concerts, ainsi que sur la documentation des concerts d&rsquo;hier et d&rsquo;aujourd&rsquo;hui, de l&rsquo;analogique au num\u00e9rique.<\/p>","protected":false},"excerpt":{"rendered":"<p>En 2022, l\u2019Archive Frau und Musik a commenc\u00e9e son quatri\u00e8me projet dans le cadre des Archives Num\u00e9riques Allemandes des Femmes (DDF). Cette ann\u00e9e, l&rsquo;accent est mis sur les m\u00e9dias des archives li\u00e9s aux concerts. Au cours de plus de 40 ans d&rsquo;histoire de nos archives, des programmes, des d\u00e9pliants et des affiches ont \u00e9t\u00e9 collect\u00e9s; &#8230; <a title=\"#WIMUGG! \u2013 Les femmes dans la musique: entendues, vues!\" class=\"read-more\" href=\"https:\/\/www.archiv-frau-musik.de\/fr\/wimugg-women-in-music-gehoert-gesehen\" aria-label=\"En savoir plus sur #WIMUGG! \u2013 Les femmes dans la musique: entendues, vues!\">Weiterlesen &#8230;<\/a><\/p>\n","protected":false},"author":5,"featured_media":0,"parent":0,"menu_order":0,"comment_status":"closed","ping_status":"closed","template":"","meta":{"generate_page_header":"","footnotes":""},"class_list":["post-8613","page","type-page","status-publish"],"yoast_head":"<!-- This site is optimized with the Yoast SEO plugin v27.4 - https:\/\/yoast.com\/product\/yoast-seo-wordpress\/ -->\n<title>#WIMUGG! \u2013 Les femmes dans la musique: entendues, vues! &#8211; Archiv Frau und Musik<\/title>\n<meta name=\"robots\" content=\"index, follow, max-snippet:-1, max-image-preview:large, max-video-preview:-1\" \/>\n<link rel=\"canonical\" href=\"https:\/\/www.archiv-frau-musik.de\/fr\/wimugg-women-in-music-gehoert-gesehen\" \/>\n<meta property=\"og:locale\" content=\"fr_FR\" \/>\n<meta property=\"og:type\" content=\"article\" \/>\n<meta property=\"og:title\" content=\"#WIMUGG! \u2013 Les femmes dans la musique: entendues, vues! &#8211; Archiv Frau und Musik\" \/>\n<meta property=\"og:description\" content=\"En 2022, l\u2019Archive Frau und Musik a commenc\u00e9e son quatri\u00e8me projet dans le cadre des Archives Num\u00e9riques Allemandes des Femmes (DDF). Cette ann\u00e9e, l&rsquo;accent est mis sur les m\u00e9dias des archives li\u00e9s aux concerts. Au cours de plus de 40 ans d&rsquo;histoire de nos archives, des programmes, des d\u00e9pliants et des affiches ont \u00e9t\u00e9 collect\u00e9s; ... Weiterlesen ...\" \/>\n<meta property=\"og:url\" content=\"https:\/\/www.archiv-frau-musik.de\/fr\/wimugg-women-in-music-gehoert-gesehen\" \/>\n<meta property=\"og:site_name\" content=\"Archiv Frau und Musik\" \/>\n<meta property=\"article:modified_time\" content=\"2026-01-22T20:57:30+00:00\" \/>\n<meta name=\"twitter:card\" content=\"summary_large_image\" \/>\n<meta name=\"twitter:label1\" content=\"Dur\u00e9e de lecture estim\u00e9e\" \/>\n\t<meta name=\"twitter:data1\" content=\"2 minutes\" \/>\n<script type=\"application\/ld+json\" class=\"yoast-schema-graph\">{\"@context\":\"https:\\\/\\\/schema.org\",\"@graph\":[{\"@type\":\"WebPage\",\"@id\":\"https:\\\/\\\/www.archiv-frau-musik.de\\\/fr\\\/wimugg-women-in-music-gehoert-gesehen\",\"url\":\"https:\\\/\\\/www.archiv-frau-musik.de\\\/fr\\\/wimugg-women-in-music-gehoert-gesehen\",\"name\":\"#WIMUGG! \u2013 Les femmes dans la musique: entendues, vues! &#8211; Archiv Frau und Musik\",\"isPartOf\":{\"@id\":\"https:\\\/\\\/www.archiv-frau-musik.de\\\/fr\\\/#website\"},\"datePublished\":\"2022-04-25T18:29:23+00:00\",\"dateModified\":\"2026-01-22T20:57:30+00:00\",\"breadcrumb\":{\"@id\":\"https:\\\/\\\/www.archiv-frau-musik.de\\\/fr\\\/wimugg-women-in-music-gehoert-gesehen#breadcrumb\"},\"inLanguage\":\"fr-FR\",\"potentialAction\":[{\"@type\":\"ReadAction\",\"target\":[[\"https:\\\/\\\/www.archiv-frau-musik.de\\\/fr\\\/wimugg-women-in-music-gehoert-gesehen\"]]}]},{\"@type\":\"BreadcrumbList\",\"@id\":\"https:\\\/\\\/www.archiv-frau-musik.de\\\/fr\\\/wimugg-women-in-music-gehoert-gesehen#breadcrumb\",\"itemListElement\":[{\"@type\":\"ListItem\",\"position\":1,\"name\":\"Startseite\",\"item\":\"https:\\\/\\\/www.archiv-frau-musik.de\\\/fr\\\/\"},{\"@type\":\"ListItem\",\"position\":2,\"name\":\"#WIMUGG! \u2013 Women in Music: Geh\u00f6rt, Gesehen!\"}]},{\"@type\":\"WebSite\",\"@id\":\"https:\\\/\\\/www.archiv-frau-musik.de\\\/fr\\\/#website\",\"url\":\"https:\\\/\\\/www.archiv-frau-musik.de\\\/fr\\\/\",\"name\":\"Archiv Frau und Musik\",\"description\":\"\",\"potentialAction\":[{\"@type\":\"SearchAction\",\"target\":{\"@type\":\"EntryPoint\",\"urlTemplate\":\"https:\\\/\\\/www.archiv-frau-musik.de\\\/fr\\\/?s={search_term_string}\"},\"query-input\":{\"@type\":\"PropertyValueSpecification\",\"valueRequired\":true,\"valueName\":\"search_term_string\"}}],\"inLanguage\":\"fr-FR\"}]}<\/script>\n<!-- \/ Yoast SEO plugin. -->","yoast_head_json":{"title":"#WIMUGG! \u2013 Les femmes dans la musique: entendues, vues! &#8211; Archiv Frau und Musik","robots":{"index":"index","follow":"follow","max-snippet":"max-snippet:-1","max-image-preview":"max-image-preview:large","max-video-preview":"max-video-preview:-1"},"canonical":"https:\/\/www.archiv-frau-musik.de\/fr\/wimugg-women-in-music-gehoert-gesehen","og_locale":"fr_FR","og_type":"article","og_title":"#WIMUGG! \u2013 Les femmes dans la musique: entendues, vues! &#8211; Archiv Frau und Musik","og_description":"En 2022, l\u2019Archive Frau und Musik a commenc\u00e9e son quatri\u00e8me projet dans le cadre des Archives Num\u00e9riques Allemandes des Femmes (DDF). Cette ann\u00e9e, l&rsquo;accent est mis sur les m\u00e9dias des archives li\u00e9s aux concerts. Au cours de plus de 40 ans d&rsquo;histoire de nos archives, des programmes, des d\u00e9pliants et des affiches ont \u00e9t\u00e9 collect\u00e9s; ... Weiterlesen ...","og_url":"https:\/\/www.archiv-frau-musik.de\/fr\/wimugg-women-in-music-gehoert-gesehen","og_site_name":"Archiv Frau und Musik","article_modified_time":"2026-01-22T20:57:30+00:00","twitter_card":"summary_large_image","twitter_misc":{"Dur\u00e9e de lecture estim\u00e9e":"2 minutes"},"schema":{"@context":"https:\/\/schema.org","@graph":[{"@type":"WebPage","@id":"https:\/\/www.archiv-frau-musik.de\/fr\/wimugg-women-in-music-gehoert-gesehen","url":"https:\/\/www.archiv-frau-musik.de\/fr\/wimugg-women-in-music-gehoert-gesehen","name":"#WIMUGG! \u2013 Les femmes dans la musique: entendues, vues! &#8211; Archiv Frau und Musik","isPartOf":{"@id":"https:\/\/www.archiv-frau-musik.de\/fr\/#website"},"datePublished":"2022-04-25T18:29:23+00:00","dateModified":"2026-01-22T20:57:30+00:00","breadcrumb":{"@id":"https:\/\/www.archiv-frau-musik.de\/fr\/wimugg-women-in-music-gehoert-gesehen#breadcrumb"},"inLanguage":"fr-FR","potentialAction":[{"@type":"ReadAction","target":[["https:\/\/www.archiv-frau-musik.de\/fr\/wimugg-women-in-music-gehoert-gesehen"]]}]},{"@type":"BreadcrumbList","@id":"https:\/\/www.archiv-frau-musik.de\/fr\/wimugg-women-in-music-gehoert-gesehen#breadcrumb","itemListElement":[{"@type":"ListItem","position":1,"name":"Startseite","item":"https:\/\/www.archiv-frau-musik.de\/fr\/"},{"@type":"ListItem","position":2,"name":"#WIMUGG! \u2013 Women in Music: Geh\u00f6rt, Gesehen!"}]},{"@type":"WebSite","@id":"https:\/\/www.archiv-frau-musik.de\/fr\/#website","url":"https:\/\/www.archiv-frau-musik.de\/fr\/","name":"Archiv Frau und Musik","description":"","potentialAction":[{"@type":"SearchAction","target":{"@type":"EntryPoint","urlTemplate":"https:\/\/www.archiv-frau-musik.de\/fr\/?s={search_term_string}"},"query-input":{"@type":"PropertyValueSpecification","valueRequired":true,"valueName":"search_term_string"}}],"inLanguage":"fr-FR"}]}},"_links":{"self":[{"href":"https:\/\/www.archiv-frau-musik.de\/fr\/wp-json\/wp\/v2\/pages\/8613","targetHints":{"allow":["GET"]}}],"collection":[{"href":"https:\/\/www.archiv-frau-musik.de\/fr\/wp-json\/wp\/v2\/pages"}],"about":[{"href":"https:\/\/www.archiv-frau-musik.de\/fr\/wp-json\/wp\/v2\/types\/page"}],"author":[{"embeddable":true,"href":"https:\/\/www.archiv-frau-musik.de\/fr\/wp-json\/wp\/v2\/users\/5"}],"replies":[{"embeddable":true,"href":"https:\/\/www.archiv-frau-musik.de\/fr\/wp-json\/wp\/v2\/comments?post=8613"}],"version-history":[{"count":9,"href":"https:\/\/www.archiv-frau-musik.de\/fr\/wp-json\/wp\/v2\/pages\/8613\/revisions"}],"predecessor-version":[{"id":16153,"href":"https:\/\/www.archiv-frau-musik.de\/fr\/wp-json\/wp\/v2\/pages\/8613\/revisions\/16153"}],"wp:attachment":[{"href":"https:\/\/www.archiv-frau-musik.de\/fr\/wp-json\/wp\/v2\/media?parent=8613"}],"curies":[{"name":"wp","href":"https:\/\/api.w.org\/{rel}","templated":true}]}}