{"id":8600,"date":"2022-04-25T11:21:33","date_gmt":"2022-04-25T09:21:33","guid":{"rendered":"https:\/\/www.archiv-frau-musik.de\/?page_id=8600"},"modified":"2026-01-07T10:30:59","modified_gmt":"2026-01-07T09:30:59","slug":"blogs-podcasts","status":"publish","type":"page","link":"https:\/\/www.archiv-frau-musik.de\/fr\/blogs-podcasts","title":{"rendered":"Blogs &#038; baladodiffusions"},"content":{"rendered":"<p><strong>Blogs<\/strong><\/p>\n<ul>\n<li><a href=\"http:\/\/plurielles34.com\/blog\/\" target=\"_blank\" rel=\"noopener\">plurielles34<\/a>\u00a0 (blog francophone)<\/li>\n<li><a href=\"https:\/\/susanne-wosnitzka.de\/blog\/\" target=\"_blank\" rel=\"noopener\">D\u00e9couvrir la musique et l&rsquo;histoire<\/a> \u2013 articles de blog sur, entre autres, l&rsquo;histoire de la musique f\u00e9minine par Susanne Wosnitzka<\/li>\n<li><a href=\"https:\/\/www.archiv-frau-musik.de\/parfumo\" target=\"_blank\" rel=\"noopener\">Articles de blog dans les Archives Digitales Allemandes des Femmes (DDF)<\/a><\/li>\n<li><a href=\"https:\/\/van-magazin.de\/mag\/category\/serie\/250-komponistinnen\/\" target=\"_blank\" rel=\"noopener\">VANmusik<\/a> \u2013 articles de blog sur 250 compositrices<\/li>\n<\/ul>\n<p><strong>Baladodiffusions<\/strong><\/p>\n<ul>\n<li><a href=\"https:\/\/thesampler.org\/podcasts\/sound-music-podcast-episode-4\/\">Sound and Music<\/a>, baladodiffusion sur les compositrices, UK<\/li>\n<li><a href=\"https:\/\/www.youtube.com\/playlist?list=PLmjy-cQp_KrU83ET7VWa3JwxiR896PpAO\" target=\"_blank\" rel=\"noopener\">Donne talks<\/a>, baladodiffusion de Donne \u2013 Women in Music (le lien fonctionne!)<\/li>\n<li><a href=\"https:\/\/thedaffodilperspective.com\/\">The Daffodil Perspective<\/a>, \u00e9mission\/station de radio sur les compositrices, UK, par Elizabeth de Brito<\/li>\n<li><a href=\"https:\/\/open.spotify.com\/show\/50vZl6Z67F0epCLh42eqh0\">333for33<\/a>, baladodiffusion de Monika \u017by\u0142a, musicologue et pianiste<\/li>\n<li><a href=\"https:\/\/www.podcast.de\/podcast\/2612394\/ein-like-fuer-clara\">Ein Like f\u00fcr Clara<\/a>, Un like pour Clara, par trio pontes sur Clara Schumann et des aspects de sa vie<\/li>\n<li>Frauenzimmergesprechspiele, un podcast sur les compositrices historiques de l&rsquo;ensemble du m\u00eame nom<\/li>\n<\/ul>\n<p><strong>Portraits de compositrices en baladodiffusions\/radio<\/strong><\/p>\n<ul>\n<li>KUSC (interviews radiophoniques en anglais de Julia Adolphe, Reena Esmail, Veronika Krausas et Dale Trumbore)<\/li>\n<li><a href=\"http:\/\/listeningtoladies.com\/\">Listening To Ladies<\/a>, baladodiffusion\/projet d&rsquo;interviews d&rsquo;Elisabeth Blair aux Etats-Unis<\/li>\n<\/ul>\n<p><strong>Collection de vid\u00e9os<\/strong><\/p>\n<ul>\n<li><a href=\"https:\/\/www.youtube.com\/playlist?list=PLmjy-cQp_KrUmY-LJQnVccXDKbsa8PlY9\" target=\"_blank\" rel=\"noopener\">Vid\u00e9os donnant des portraits de compositrices historiques, projet de Donne \u2013 Women in Music<\/a> (le lien fonctionne!)<a href=\"https:\/\/www.youtube.com\/playlist?list=PLmjy-cQp_KrUmY-LJQnVccXDKbsa8PlY9\" target=\"_blank\" rel=\"noopener\"><em><br \/>\n<\/em><\/a><\/li>\n<li><a href=\"https:\/\/www.youtube.com\/playlist?list=PLmjy-cQp_KrUBUfx54yZJ_fycO7SIIoGE\" target=\"_blank\" rel=\"noopener\">Vid\u00e9os-portraits et interviews de compositrices contemporaines<\/a>, <em>projet de Donne \u2013 Women in Music <\/em>(le lien fonctionne!)<\/li>\n<li><a href=\"https:\/\/www.youtube.com\/channel\/UCOas-8HNVj9PeIkDz75GhyA\">Cha\u00eene YouTube<\/a>, de l&rsquo;Archive Frau und Musik<\/li>\n<li><a href=\"https:\/\/www.archiv-frau-musik.de\/mascha\">Vid\u00e9os-portraits<\/a> des pionni\u00e8res de l\u2019Archive Frau und Musik, et du mouvement musical f\u00e9minin<\/li>\n<\/ul>\n<p><strong>Listes de musique<\/strong><\/p>\n<ul>\n<li><a href=\"https:\/\/open.spotify.com\/user\/0gjbh1ffu54m1nwkh5gdr61tw\">Playlists Spotify de l\u2019Archiv Frau und Musik (compil\u00e9es par Heike Matthiesen)<\/a><\/li>\n<li><a href=\"https:\/\/open.spotify.com\/user\/1232866702\/playlist\/5GXVfR3BzO8r8WhWBjqZgc?si=2zaOkQxGReyA_A_aYg8Lxg\">Playlists Spotify sur les compositrices australiennes (compil\u00e9es par Sal Whitwell)<\/a><\/li>\n<li><a href=\"https:\/\/open.spotify.com\/user\/dybtl6vgrsvx9k5lbwu296xgo\">Playlists Spotify de Keychange international<\/a><\/li>\n<li><a href=\"https:\/\/open.spotify.com\/playlist\/7mgjMnYI9ERG1598WKpFUR\">Spotify-Playlist 1200 Years of Women Composers (en anglais)<\/a><\/li>\n<li><a href=\"https:\/\/open.spotify.com\/album\/1KyXRJxt09ZvzSr7MMfBoX\">Playlist Spotify \u0152uvres de diverses femmes compositrices<\/a><\/li>\n<li><a href=\"https:\/\/open.spotify.com\/user\/f5br4ydnbuxgdiphp0one5y3q\/playlists\">Playlists Spotify de Daffodil Perspective<\/a> (entre autres sur les compositrices japonaises, les compositrices noires, ou la musique pour orchestre d&rsquo;harmonie)<\/li>\n<\/ul>\n<p><strong>Autres<\/strong><\/p>\n<ul>\n<li><a href=\"http:\/\/www.towardssound.org\/rooted-in-iran.html\">Exposition en ligne<\/a>, <em>rooted in Iran <\/em>de la compositrice Ruth Wiesenfeld en collaboration avec l&rsquo;Iranian Female Composers Association.<\/li>\n<li><a href=\"https:\/\/elleswomencomposers.com\/la-boite-a-pepites-label\/\" target=\"_blank\" rel=\"noopener\">La Bo\u00eete \u00e0 P\u00e9pites<\/a> (label de disques par e<em>lles women composers<\/em>)<\/li>\n<\/ul>\n<p><strong>Liens compl\u00e9mentaires<\/strong><\/p>\n<ul>\n<li><a href=\"https:\/\/www.trinitylaban.ac.uk\/creative-innovation\/venus-blazing\/introducing-venus-blazing\">Venus Blazing<\/a>, projet du Trinity Laban Conservatoire of Music &amp; Dance, Londres\/UK<\/li>\n<li><a href=\"https:\/\/www.facebook.com\/groups\/547010215417417\/\">WOMEN CREATORS<\/a><\/li>\n<li><a href=\"https:\/\/everydayfeminism.com\/\">Everyday Feminism<\/a><\/li>\n<li><a href=\"https:\/\/amysmartgirls.com\/\">Amy Poehler\u2019s Smart Girls<\/a><\/li>\n<li><a href=\"https:\/\/www.facebook.com\/female.artists.in.history\/\">Female Artists in History<\/a><\/li>\n<li><a href=\"https:\/\/www.componissima.at\/\">Componissima<\/a><\/li>\n<\/ul>\n<p><\/p>","protected":false},"excerpt":{"rendered":"<p>Blogs plurielles34\u00a0 (blog francophone) D\u00e9couvrir la musique et l&rsquo;histoire \u2013 articles de blog sur, entre autres, l&rsquo;histoire de la musique f\u00e9minine par Susanne Wosnitzka Articles de blog dans les Archives Digitales Allemandes des Femmes (DDF) VANmusik \u2013 articles de blog sur 250 compositrices Baladodiffusions Sound and Music, baladodiffusion sur les compositrices, UK Donne talks, baladodiffusion &#8230; <a title=\"Blogs &#038; baladodiffusions\" class=\"read-more\" href=\"https:\/\/www.archiv-frau-musik.de\/fr\/blogs-podcasts\" aria-label=\"En savoir plus sur Blogs &#038; baladodiffusions\">Weiterlesen &#8230;<\/a><\/p>\n","protected":false},"author":5,"featured_media":0,"parent":0,"menu_order":0,"comment_status":"closed","ping_status":"closed","template":"","meta":{"generate_page_header":"","footnotes":""},"class_list":["post-8600","page","type-page","status-publish"],"yoast_head":"<!-- This site is optimized with the Yoast SEO plugin v27.4 - https:\/\/yoast.com\/product\/yoast-seo-wordpress\/ -->\n<title>Blogs &amp; baladodiffusions &#8211; Archiv Frau und Musik<\/title>\n<meta name=\"description\" content=\"Auf dieser Unterseite finden Sie allerlei n\u00fctzliche weiterf\u00fchrende Links zu Blogs, Podcasts und interessanten Artikeln \u00fcber Komponistinnen!\" \/>\n<meta name=\"robots\" content=\"index, follow, max-snippet:-1, max-image-preview:large, max-video-preview:-1\" \/>\n<link rel=\"canonical\" href=\"https:\/\/www.archiv-frau-musik.de\/fr\/blogs-podcasts\" \/>\n<meta property=\"og:locale\" content=\"fr_FR\" \/>\n<meta property=\"og:type\" content=\"article\" \/>\n<meta property=\"og:title\" content=\"Blogs &amp; baladodiffusions &#8211; Archiv Frau und Musik\" \/>\n<meta property=\"og:description\" content=\"Auf dieser Unterseite finden Sie allerlei n\u00fctzliche weiterf\u00fchrende Links zu Blogs, Podcasts und interessanten Artikeln \u00fcber Komponistinnen!\" \/>\n<meta property=\"og:url\" content=\"https:\/\/www.archiv-frau-musik.de\/fr\/blogs-podcasts\" \/>\n<meta property=\"og:site_name\" content=\"Archiv Frau und Musik\" \/>\n<meta property=\"article:modified_time\" content=\"2026-01-07T09:30:59+00:00\" \/>\n<meta name=\"twitter:card\" content=\"summary_large_image\" \/>\n<meta name=\"twitter:label1\" content=\"Dur\u00e9e de lecture estim\u00e9e\" \/>\n\t<meta name=\"twitter:data1\" content=\"1 minute\" \/>\n<script type=\"application\/ld+json\" class=\"yoast-schema-graph\">{\"@context\":\"https:\\\/\\\/schema.org\",\"@graph\":[{\"@type\":\"WebPage\",\"@id\":\"https:\\\/\\\/www.archiv-frau-musik.de\\\/fr\\\/blogs-podcasts\",\"url\":\"https:\\\/\\\/www.archiv-frau-musik.de\\\/fr\\\/blogs-podcasts\",\"name\":\"Blogs & baladodiffusions &#8211; Archiv Frau und Musik\",\"isPartOf\":{\"@id\":\"https:\\\/\\\/www.archiv-frau-musik.de\\\/fr\\\/#website\"},\"datePublished\":\"2022-04-25T09:21:33+00:00\",\"dateModified\":\"2026-01-07T09:30:59+00:00\",\"description\":\"Auf dieser Unterseite finden Sie allerlei n\u00fctzliche weiterf\u00fchrende Links zu Blogs, Podcasts und interessanten Artikeln \u00fcber Komponistinnen!\",\"breadcrumb\":{\"@id\":\"https:\\\/\\\/www.archiv-frau-musik.de\\\/fr\\\/blogs-podcasts#breadcrumb\"},\"inLanguage\":\"fr-FR\",\"potentialAction\":[{\"@type\":\"ReadAction\",\"target\":[[\"https:\\\/\\\/www.archiv-frau-musik.de\\\/fr\\\/blogs-podcasts\"]]}]},{\"@type\":\"BreadcrumbList\",\"@id\":\"https:\\\/\\\/www.archiv-frau-musik.de\\\/fr\\\/blogs-podcasts#breadcrumb\",\"itemListElement\":[{\"@type\":\"ListItem\",\"position\":1,\"name\":\"Startseite\",\"item\":\"https:\\\/\\\/www.archiv-frau-musik.de\\\/fr\\\/\"},{\"@type\":\"ListItem\",\"position\":2,\"name\":\"Blogs, Podcasts, Filme, Wissen &#038; Statistiken\"}]},{\"@type\":\"WebSite\",\"@id\":\"https:\\\/\\\/www.archiv-frau-musik.de\\\/fr\\\/#website\",\"url\":\"https:\\\/\\\/www.archiv-frau-musik.de\\\/fr\\\/\",\"name\":\"Archiv Frau und Musik\",\"description\":\"\",\"potentialAction\":[{\"@type\":\"SearchAction\",\"target\":{\"@type\":\"EntryPoint\",\"urlTemplate\":\"https:\\\/\\\/www.archiv-frau-musik.de\\\/fr\\\/?s={search_term_string}\"},\"query-input\":{\"@type\":\"PropertyValueSpecification\",\"valueRequired\":true,\"valueName\":\"search_term_string\"}}],\"inLanguage\":\"fr-FR\"}]}<\/script>\n<!-- \/ Yoast SEO plugin. -->","yoast_head_json":{"title":"Blogs & baladodiffusions &#8211; Archiv Frau und Musik","description":"Auf dieser Unterseite finden Sie allerlei n\u00fctzliche weiterf\u00fchrende Links zu Blogs, Podcasts und interessanten Artikeln \u00fcber Komponistinnen!","robots":{"index":"index","follow":"follow","max-snippet":"max-snippet:-1","max-image-preview":"max-image-preview:large","max-video-preview":"max-video-preview:-1"},"canonical":"https:\/\/www.archiv-frau-musik.de\/fr\/blogs-podcasts","og_locale":"fr_FR","og_type":"article","og_title":"Blogs & baladodiffusions &#8211; Archiv Frau und Musik","og_description":"Auf dieser Unterseite finden Sie allerlei n\u00fctzliche weiterf\u00fchrende Links zu Blogs, Podcasts und interessanten Artikeln \u00fcber Komponistinnen!","og_url":"https:\/\/www.archiv-frau-musik.de\/fr\/blogs-podcasts","og_site_name":"Archiv Frau und Musik","article_modified_time":"2026-01-07T09:30:59+00:00","twitter_card":"summary_large_image","twitter_misc":{"Dur\u00e9e de lecture estim\u00e9e":"1 minute"},"schema":{"@context":"https:\/\/schema.org","@graph":[{"@type":"WebPage","@id":"https:\/\/www.archiv-frau-musik.de\/fr\/blogs-podcasts","url":"https:\/\/www.archiv-frau-musik.de\/fr\/blogs-podcasts","name":"Blogs & baladodiffusions &#8211; Archiv Frau und Musik","isPartOf":{"@id":"https:\/\/www.archiv-frau-musik.de\/fr\/#website"},"datePublished":"2022-04-25T09:21:33+00:00","dateModified":"2026-01-07T09:30:59+00:00","description":"Auf dieser Unterseite finden Sie allerlei n\u00fctzliche weiterf\u00fchrende Links zu Blogs, Podcasts und interessanten Artikeln \u00fcber Komponistinnen!","breadcrumb":{"@id":"https:\/\/www.archiv-frau-musik.de\/fr\/blogs-podcasts#breadcrumb"},"inLanguage":"fr-FR","potentialAction":[{"@type":"ReadAction","target":[["https:\/\/www.archiv-frau-musik.de\/fr\/blogs-podcasts"]]}]},{"@type":"BreadcrumbList","@id":"https:\/\/www.archiv-frau-musik.de\/fr\/blogs-podcasts#breadcrumb","itemListElement":[{"@type":"ListItem","position":1,"name":"Startseite","item":"https:\/\/www.archiv-frau-musik.de\/fr\/"},{"@type":"ListItem","position":2,"name":"Blogs, Podcasts, Filme, Wissen &#038; Statistiken"}]},{"@type":"WebSite","@id":"https:\/\/www.archiv-frau-musik.de\/fr\/#website","url":"https:\/\/www.archiv-frau-musik.de\/fr\/","name":"Archiv Frau und Musik","description":"","potentialAction":[{"@type":"SearchAction","target":{"@type":"EntryPoint","urlTemplate":"https:\/\/www.archiv-frau-musik.de\/fr\/?s={search_term_string}"},"query-input":{"@type":"PropertyValueSpecification","valueRequired":true,"valueName":"search_term_string"}}],"inLanguage":"fr-FR"}]}},"_links":{"self":[{"href":"https:\/\/www.archiv-frau-musik.de\/fr\/wp-json\/wp\/v2\/pages\/8600","targetHints":{"allow":["GET"]}}],"collection":[{"href":"https:\/\/www.archiv-frau-musik.de\/fr\/wp-json\/wp\/v2\/pages"}],"about":[{"href":"https:\/\/www.archiv-frau-musik.de\/fr\/wp-json\/wp\/v2\/types\/page"}],"author":[{"embeddable":true,"href":"https:\/\/www.archiv-frau-musik.de\/fr\/wp-json\/wp\/v2\/users\/5"}],"replies":[{"embeddable":true,"href":"https:\/\/www.archiv-frau-musik.de\/fr\/wp-json\/wp\/v2\/comments?post=8600"}],"version-history":[{"count":44,"href":"https:\/\/www.archiv-frau-musik.de\/fr\/wp-json\/wp\/v2\/pages\/8600\/revisions"}],"predecessor-version":[{"id":15953,"href":"https:\/\/www.archiv-frau-musik.de\/fr\/wp-json\/wp\/v2\/pages\/8600\/revisions\/15953"}],"wp:attachment":[{"href":"https:\/\/www.archiv-frau-musik.de\/fr\/wp-json\/wp\/v2\/media?parent=8600"}],"curies":[{"name":"wp","href":"https:\/\/api.w.org\/{rel}","templated":true}]}}