{"id":8597,"date":"2022-04-25T11:15:28","date_gmt":"2022-04-25T09:15:28","guid":{"rendered":"https:\/\/www.archiv-frau-musik.de\/?page_id=8597"},"modified":"2026-01-28T15:53:30","modified_gmt":"2026-01-28T14:53:30","slug":"weitere-datenbanken","status":"publish","type":"page","link":"https:\/\/www.archiv-frau-musik.de\/fr\/weitere-datenbanken","title":{"rendered":"Autres bases de donn\u00e9es"},"content":{"rendered":"<p>Vous trouverez ici des bases de donn\u00e9es et des listes complementaires et utiles provenant du monde entier sur le th\u00e8me \u00ab\u00a0Femme et musique\u00a0\u00bb:<\/p>\n<ul>\n<li><a href=\"https:\/\/www.kassiadatabase.com\/database-search\" target=\"_blank\" rel=\"noopener noreferrer\">Kassia | The Women&rsquo;s Art Song Database<\/a> \u2013 base de donn\u00e9es sur la cr\u00e9ation de chansons par des femmes (travail externe de Logan Contreras)<\/li>\n<li><a href=\"http:\/\/www.drama-musica.com\/TheBigList.html\">The Big List\u00a0\u2013 Women Composers Database<\/a> (liste de Gabriella Di Laccio de plus de 4.000 compositrices, class\u00e9es chronologiquement \u00e0 travers les si\u00e8cles. Les liens m\u00e8nent principalement \u00e0 des encyclop\u00e9dies en ligne comme les entr\u00e9es de Wikipedia | Un article explicatif <a href=\"https:\/\/www.cutcommonmag.com\/actually-there-are-thousands-of-female-composers\/\">se trouve ici<\/a>)<\/li>\n<li><a href=\"https:\/\/composerdiversity.com\/\">Composer Diversity Database<\/a> (base de donn\u00e9es extensible cr\u00e9\u00e9e par Robert Deemer et contenant des \u0153uvres de compositeurs et compositrices du monde entier, en partie bas\u00e9e sur notre base de donn\u00e9es).<\/li>\n<li><a href=\"https:\/\/www.presencecompositrices.com\/\" target=\"_blank\" rel=\"noopener\">Pr\u00e9sence Compositrices<\/a><\/li>\n<li><a href=\"https:\/\/newyorkwomencomposers.org\/catalog-search-results\/\" target=\"_blank\" rel=\"noopener\">New York Women Composers<\/a><\/li>\n<li><a href=\"https:\/\/daniels-orchestral.com\/composers\/\">Daniel\u2019s Orchestral Music Online<\/a> (base de donn\u00e9es de David Daniels, dont de nombreuses \u0153uvres orchestrales de femmes).<\/li>\n<li><a href=\"https:\/\/libraryguides.mcgill.ca\/womencomposers\/repertoirediscoverysources\">McGill Library: Musik von Komponistinnen<\/a> musique de compositrices canadiennes, y compris des Premi\u00e8res Nations, des M\u00e9tis, et des Inuits.<\/li>\n<li><a href=\"http:\/\/eng.kvast.org\/\">KVAST\u00a0\u2013 Kvinnlig Anhopning av Svenska Tons\u00e4ttare<\/a>\/The Association of Swedish Women Composers (base de donn\u00e9es avec plus de 800 compositrices du monde entier)<\/li>\n<li><a href=\"https:\/\/www.musicbywomen.org\/theory\/explore-the-database\/\" target=\"_blank\" rel=\"noopener\">Music by Women<\/a> (\u00c9tats Units base de donn\u00e9es)<\/li>\n<li><a href=\"https:\/\/blackwomensmusicdatabase.net\/\">Black Women\u2019s Music Database<\/a> (biblioth\u00e8que en ligne sur les femmes musiciennes noires)<\/li>\n<li>Many Many Women, catalogue de recherche sur plus de 1.200 compositrices<\/li>\n<li><a href=\"https:\/\/www.ladyslipper.org\/\">The Ladyslipper Catalog &amp; Resource Guide of Music by Women<\/a> (festival de musique de femmes aux Etats-Unis, fond\u00e9 en 1976 par Laurie Fuchs, avec catalogue en ligne)<\/li>\n<li><a href=\"https:\/\/www.musicwomengermany.de\/\">Music Women* Germany<\/a> (base de donn\u00e9es, r\u00e9seau, soutien \u2013 r\u00e9seau de musique f\u00e9minine fond\u00e9 en Allemagne<\/li>\n<li><a href=\"http:\/\/musicdirectory.ch\/de\/\">musicdirectory<\/a> (base suisse de donn\u00e9es, r\u00e9seau sur le secteur suisse de la musique de femmes queer)<\/li>\n<li><a href=\"https:\/\/ccrma.stanford.edu\/~leigh\/csw\/csw\/CSWBib2.html\">Liste de publications (en anglais) sur le th\u00e8me des femmes et de la musique (\u00e9dit\u00e9e par la Society for Music Theory)<\/a><\/li>\n<li><a href=\"https:\/\/www.musicbyblackcomposers.org\/resources\/living-composers-directory\/\">MBC Music by Black Composers<\/a> (liste comprenant la musique de 28 compositrices)<\/li>\n<li><a href=\"https:\/\/www.datenbankneuemusik.de\/ueber-uns\/hintergrund.html\">Datenbank Neue Musik<\/a> (musique contemporaine pouvant \u00eatre jou\u00e9e par des amateurs et des \u00e9l\u00e8ves*, dont des \u0153uvres de compositrices)<\/li>\n<li><a href=\"http:\/\/www.femalepressure.net\/\">female:pressure<\/a> (base de donn\u00e9es sur les productrices de musique \u00e9lectronique)<\/li>\n<li><a href=\"https:\/\/musicdirectory.ch\/de\/\" target=\"_blank\" rel=\"noopener noreferrer\">Base suisse du donn\u00e9es sur les musiciennes, les techniciennes, les organisateurs<\/a><\/li>\n<li>EMDoku sur la musique \u00e9lectroacoustique des femmes (travail externe, recherch\u00e9, annot\u00e9 et publi\u00e9 par Folkmar Hein), filtr\u00e9 dans cette base:<br \/>\n<a href=\"https:\/\/www.emdoku.de\/de\/search?query=%22Gender%3A%20weiblich%22&amp;sort=author-asc&amp;style=advanced&amp;sources=authors\">1.927 compositrices au niveau international<\/a> | <a href=\"https:\/\/www.emdoku.de\/de\/search?query=%22Gender%3A%20weiblich%22%20%22Land%3A%20de%22&amp;sort=author-asc&amp;style=advanced&amp;sources=authors\">237 compositrices en Allemagne<\/a> | <a href=\"https:\/\/www.emdoku.de\/de\/search?query=%22Gender%3A%20weiblich%22&amp;sort=author-asc&amp;style=advanced&amp;sources=emdoku\">6.685 \u0153uvres de femmes<\/a> | <a href=\"https:\/\/www.emdoku.de\/de\/statistik#Genderjahr\">Statistiques de genre<\/a> (le graphique suivant prend en compte 6.384 personnes pour lesquelles l&rsquo;ann\u00e9e de naissance et le statut de genre sont connus, ann\u00e9es de naissance r\u00e9duites \u00e0 1917 \u00e0 1990 pour des raisons de clart\u00e9)<\/li>\n<li><a href=\"https:\/\/www.womeninrockproject.org\/\" target=\"_blank\" rel=\"noopener\">Women in Rock &amp; Roll&rsquo;s First Wave<\/a>\n<p>*************************<br \/>\n<a href=\"http:\/\/www.archiv-frau-musik.de\/wp-content\/uploads\/2018\/02\/Liste-Frauenmusikverlage-und-archive.pdf\">Liens vers des archives et des \u00e9ditions musicales f\u00e9minines<\/a> |\u00a0<a href=\"http:\/\/www.archiv-frau-musik.de\/wp-content\/uploads\/2018\/04\/Thema-Frau-und-Musik.pdf\">Liens sur le th\u00e8me \u00ab\u00a0Femme et musique\u00a0\u00bb (pdf)<\/a> |\u00a0<a href=\"http:\/\/www.archiv-frau-musik.de\/wp-content\/uploads\/2018\/02\/Historische-Komponistinnen.pdf\">Liens vers des compositrices historiques |\u00a0<\/a><a href=\"http:\/\/www.archiv-frau-musik.de\/wp-content\/uploads\/2018\/04\/Zeitgenoessische-Komponistinnen.pdf\">Liens vers des compositrices contemporaines (pdf) |\u00a0<\/a><a href=\"http:\/\/www.archiv-frau-musik.de\/wp-content\/uploads\/2018\/02\/Jazz-Komponistinnen.pdf\">Liens vers des compositrices de jazz (pdf)<\/a> |\u00a0<a href=\"http:\/\/www.archiv-frau-musik.de\/wp-content\/uploads\/2018\/02\/Pop-Komponistinnen.pdf\">Liens vers des compositrices de pop (pdf)<\/a> |\u00a0<a href=\"http:\/\/www.archiv-frau-musik.de\/wp-content\/uploads\/2018\/02\/Film-Komponistinnen.pdf\">Liens vers des compositrices de musique de film (pdf)<\/a> <a href=\"http:\/\/www.archiv-frau-musik.de\/wp-content\/uploads\/2018\/02\/Film-Komponistinnen.pdf\">|<\/a>\u00a0<a href=\"http:\/\/www.archiv-frau-musik.de\/wp-content\/uploads\/2018\/02\/Schlager-Komponistinnen.pdf\">Liens vers des compositrices de vari\u00e9t\u00e9 (pdf)<\/a> <a href=\"http:\/\/www.archiv-frau-musik.de\/wp-content\/uploads\/2018\/02\/Schlager-Komponistinnen.pdf\">|<\/a>\u00a0<a href=\"https:\/\/www.archiv-frau-musik.de\/wp-content\/uploads\/2019\/02\/Dirigentinnen-Liste-1.pdf\">Liens vers des femmes chefs d&rsquo;orchestre (pdf)<\/a><\/li>\n<\/ul>\n<p><\/p>","protected":false},"excerpt":{"rendered":"<p>Vous trouverez ici des bases de donn\u00e9es et des listes complementaires et utiles provenant du monde entier sur le th\u00e8me \u00ab\u00a0Femme et musique\u00a0\u00bb: Kassia | The Women&rsquo;s Art Song Database \u2013 base de donn\u00e9es sur la cr\u00e9ation de chansons par des femmes (travail externe de Logan Contreras) The Big List\u00a0\u2013 Women Composers Database (liste de &#8230; <a title=\"Autres bases de donn\u00e9es\" class=\"read-more\" href=\"https:\/\/www.archiv-frau-musik.de\/fr\/weitere-datenbanken\" aria-label=\"En savoir plus sur Autres bases de donn\u00e9es\">Weiterlesen &#8230;<\/a><\/p>\n","protected":false},"author":5,"featured_media":0,"parent":0,"menu_order":0,"comment_status":"closed","ping_status":"closed","template":"","meta":{"generate_page_header":"","footnotes":""},"class_list":["post-8597","page","type-page","status-publish"],"yoast_head":"<!-- This site is optimized with the Yoast SEO plugin v27.4 - https:\/\/yoast.com\/product\/yoast-seo-wordpress\/ -->\n<title>Autres bases de donn\u00e9es &#8211; Archiv Frau und Musik<\/title>\n<meta name=\"description\" content=\"Vous trouverez ici des bases de donn\u00e9es et des listes utiles sur le th\u00e8me &quot;Femme et musique&quot; dans le monde entier.\" \/>\n<meta name=\"robots\" content=\"index, follow, max-snippet:-1, max-image-preview:large, max-video-preview:-1\" \/>\n<link rel=\"canonical\" href=\"https:\/\/www.archiv-frau-musik.de\/fr\/weitere-datenbanken\" \/>\n<meta property=\"og:locale\" content=\"fr_FR\" \/>\n<meta property=\"og:type\" content=\"article\" \/>\n<meta property=\"og:title\" content=\"Autres bases de donn\u00e9es &#8211; Archiv Frau und Musik\" \/>\n<meta property=\"og:description\" content=\"Vous trouverez ici des bases de donn\u00e9es et des listes utiles sur le th\u00e8me &quot;Femme et musique&quot; dans le monde entier.\" \/>\n<meta property=\"og:url\" content=\"https:\/\/www.archiv-frau-musik.de\/fr\/weitere-datenbanken\" \/>\n<meta property=\"og:site_name\" content=\"Archiv Frau und Musik\" \/>\n<meta property=\"article:modified_time\" content=\"2026-01-28T14:53:30+00:00\" \/>\n<meta name=\"twitter:card\" content=\"summary_large_image\" \/>\n<meta name=\"twitter:label1\" content=\"Dur\u00e9e de lecture estim\u00e9e\" \/>\n\t<meta name=\"twitter:data1\" content=\"3 minutes\" \/>\n<script type=\"application\/ld+json\" class=\"yoast-schema-graph\">{\"@context\":\"https:\\\/\\\/schema.org\",\"@graph\":[{\"@type\":\"WebPage\",\"@id\":\"https:\\\/\\\/www.archiv-frau-musik.de\\\/fr\\\/weitere-datenbanken\",\"url\":\"https:\\\/\\\/www.archiv-frau-musik.de\\\/fr\\\/weitere-datenbanken\",\"name\":\"Autres bases de donn\u00e9es &#8211; Archiv Frau und Musik\",\"isPartOf\":{\"@id\":\"https:\\\/\\\/www.archiv-frau-musik.de\\\/fr\\\/#website\"},\"datePublished\":\"2022-04-25T09:15:28+00:00\",\"dateModified\":\"2026-01-28T14:53:30+00:00\",\"description\":\"Vous trouverez ici des bases de donn\u00e9es et des listes utiles sur le th\u00e8me \\\"Femme et musique\\\" dans le monde entier.\",\"breadcrumb\":{\"@id\":\"https:\\\/\\\/www.archiv-frau-musik.de\\\/fr\\\/weitere-datenbanken#breadcrumb\"},\"inLanguage\":\"fr-FR\",\"potentialAction\":[{\"@type\":\"ReadAction\",\"target\":[[\"https:\\\/\\\/www.archiv-frau-musik.de\\\/fr\\\/weitere-datenbanken\"]]}]},{\"@type\":\"BreadcrumbList\",\"@id\":\"https:\\\/\\\/www.archiv-frau-musik.de\\\/fr\\\/weitere-datenbanken#breadcrumb\",\"itemListElement\":[{\"@type\":\"ListItem\",\"position\":1,\"name\":\"Startseite\",\"item\":\"https:\\\/\\\/www.archiv-frau-musik.de\\\/fr\\\/\"},{\"@type\":\"ListItem\",\"position\":2,\"name\":\"Weitere Datenbanken\"}]},{\"@type\":\"WebSite\",\"@id\":\"https:\\\/\\\/www.archiv-frau-musik.de\\\/fr\\\/#website\",\"url\":\"https:\\\/\\\/www.archiv-frau-musik.de\\\/fr\\\/\",\"name\":\"Archiv Frau und Musik\",\"description\":\"\",\"potentialAction\":[{\"@type\":\"SearchAction\",\"target\":{\"@type\":\"EntryPoint\",\"urlTemplate\":\"https:\\\/\\\/www.archiv-frau-musik.de\\\/fr\\\/?s={search_term_string}\"},\"query-input\":{\"@type\":\"PropertyValueSpecification\",\"valueRequired\":true,\"valueName\":\"search_term_string\"}}],\"inLanguage\":\"fr-FR\"}]}<\/script>\n<!-- \/ Yoast SEO plugin. -->","yoast_head_json":{"title":"Autres bases de donn\u00e9es &#8211; Archiv Frau und Musik","description":"Vous trouverez ici des bases de donn\u00e9es et des listes utiles sur le th\u00e8me \"Femme et musique\" dans le monde entier.","robots":{"index":"index","follow":"follow","max-snippet":"max-snippet:-1","max-image-preview":"max-image-preview:large","max-video-preview":"max-video-preview:-1"},"canonical":"https:\/\/www.archiv-frau-musik.de\/fr\/weitere-datenbanken","og_locale":"fr_FR","og_type":"article","og_title":"Autres bases de donn\u00e9es &#8211; Archiv Frau und Musik","og_description":"Vous trouverez ici des bases de donn\u00e9es et des listes utiles sur le th\u00e8me \"Femme et musique\" dans le monde entier.","og_url":"https:\/\/www.archiv-frau-musik.de\/fr\/weitere-datenbanken","og_site_name":"Archiv Frau und Musik","article_modified_time":"2026-01-28T14:53:30+00:00","twitter_card":"summary_large_image","twitter_misc":{"Dur\u00e9e de lecture estim\u00e9e":"3 minutes"},"schema":{"@context":"https:\/\/schema.org","@graph":[{"@type":"WebPage","@id":"https:\/\/www.archiv-frau-musik.de\/fr\/weitere-datenbanken","url":"https:\/\/www.archiv-frau-musik.de\/fr\/weitere-datenbanken","name":"Autres bases de donn\u00e9es &#8211; Archiv Frau und Musik","isPartOf":{"@id":"https:\/\/www.archiv-frau-musik.de\/fr\/#website"},"datePublished":"2022-04-25T09:15:28+00:00","dateModified":"2026-01-28T14:53:30+00:00","description":"Vous trouverez ici des bases de donn\u00e9es et des listes utiles sur le th\u00e8me \"Femme et musique\" dans le monde entier.","breadcrumb":{"@id":"https:\/\/www.archiv-frau-musik.de\/fr\/weitere-datenbanken#breadcrumb"},"inLanguage":"fr-FR","potentialAction":[{"@type":"ReadAction","target":[["https:\/\/www.archiv-frau-musik.de\/fr\/weitere-datenbanken"]]}]},{"@type":"BreadcrumbList","@id":"https:\/\/www.archiv-frau-musik.de\/fr\/weitere-datenbanken#breadcrumb","itemListElement":[{"@type":"ListItem","position":1,"name":"Startseite","item":"https:\/\/www.archiv-frau-musik.de\/fr\/"},{"@type":"ListItem","position":2,"name":"Weitere Datenbanken"}]},{"@type":"WebSite","@id":"https:\/\/www.archiv-frau-musik.de\/fr\/#website","url":"https:\/\/www.archiv-frau-musik.de\/fr\/","name":"Archiv Frau und Musik","description":"","potentialAction":[{"@type":"SearchAction","target":{"@type":"EntryPoint","urlTemplate":"https:\/\/www.archiv-frau-musik.de\/fr\/?s={search_term_string}"},"query-input":{"@type":"PropertyValueSpecification","valueRequired":true,"valueName":"search_term_string"}}],"inLanguage":"fr-FR"}]}},"_links":{"self":[{"href":"https:\/\/www.archiv-frau-musik.de\/fr\/wp-json\/wp\/v2\/pages\/8597","targetHints":{"allow":["GET"]}}],"collection":[{"href":"https:\/\/www.archiv-frau-musik.de\/fr\/wp-json\/wp\/v2\/pages"}],"about":[{"href":"https:\/\/www.archiv-frau-musik.de\/fr\/wp-json\/wp\/v2\/types\/page"}],"author":[{"embeddable":true,"href":"https:\/\/www.archiv-frau-musik.de\/fr\/wp-json\/wp\/v2\/users\/5"}],"replies":[{"embeddable":true,"href":"https:\/\/www.archiv-frau-musik.de\/fr\/wp-json\/wp\/v2\/comments?post=8597"}],"version-history":[{"count":37,"href":"https:\/\/www.archiv-frau-musik.de\/fr\/wp-json\/wp\/v2\/pages\/8597\/revisions"}],"predecessor-version":[{"id":16183,"href":"https:\/\/www.archiv-frau-musik.de\/fr\/wp-json\/wp\/v2\/pages\/8597\/revisions\/16183"}],"wp:attachment":[{"href":"https:\/\/www.archiv-frau-musik.de\/fr\/wp-json\/wp\/v2\/media?parent=8597"}],"curies":[{"name":"wp","href":"https:\/\/api.w.org\/{rel}","templated":true}]}}