{"id":8566,"date":"2022-04-25T09:53:42","date_gmt":"2022-04-25T07:53:42","guid":{"rendered":"https:\/\/www.archiv-frau-musik.de\/?page_id=8566"},"modified":"2026-01-19T15:31:47","modified_gmt":"2026-01-19T14:31:47","slug":"laufende-projekte","status":"publish","type":"page","link":"https:\/\/www.archiv-frau-musik.de\/fr\/laufende-projekte","title":{"rendered":"Projets en cours"},"content":{"rendered":"<p>Les sous-pages suivantes vous donnent un aper\u00e7u de et des informations sur nos projets en cours.<\/p>\n<ul>\n<li><a href=\"https:\/\/www.archiv-frau-musik.de\/fr\/digitales-deutsches-frauenarchiv-ddf\">Archives Num\u00e9riques Allemandes des Femmes<\/a> (DDF)<\/li>\n<li><a href=\"https:\/\/www.archiv-frau-musik.de\/fr\/projekte\/composer-in-residence\">Compositrice en r\u00e9sidence<\/a><\/li>\n<li><a href=\"https:\/\/www.archiv-frau-musik.de\/fr\/korrespondenzprojekt\">Projet de correspondance<\/a><\/li>\n<li><a href=\"https:\/\/www.archiv-frau-musik.de\/fr\/digitales-bildungspaket-komponistinnen-in-den-schulunterricht\">Paquet num\u00e9rique sur l&rsquo;\u00e9ducation<\/a><\/li>\n<li><a href=\"https:\/\/www.archiv-frau-musik.de\/fr\/frauenanteil-berufsorchester-studie-zur-saison-2019-2020\">\u00c9tude sur la proportion des femmes dans les orchestres professionnels<\/a><\/li>\n<\/ul>\n<p><\/p>","protected":false},"excerpt":{"rendered":"<p>Les sous-pages suivantes vous donnent un aper\u00e7u de et des informations sur nos projets en cours. Archives Num\u00e9riques Allemandes des Femmes (DDF) Compositrice en r\u00e9sidence Projet de correspondance Paquet num\u00e9rique sur l&rsquo;\u00e9ducation \u00c9tude sur la proportion des femmes dans les orchestres professionnels<\/p>\n","protected":false},"author":5,"featured_media":0,"parent":0,"menu_order":0,"comment_status":"closed","ping_status":"closed","template":"","meta":{"generate_page_header":"","footnotes":""},"class_list":["post-8566","page","type-page","status-publish"],"yoast_head":"<!-- This site is optimized with the Yoast SEO plugin v27.4 - https:\/\/yoast.com\/product\/yoast-seo-wordpress\/ -->\n<title>Projets en cours &#8211; Archiv Frau und Musik<\/title>\n<meta name=\"description\" content=\"Les sous-pages suivantes vous donnent un aper\u00e7u de et des informations sur nos projets en cours.\" \/>\n<meta name=\"robots\" content=\"index, follow, max-snippet:-1, max-image-preview:large, max-video-preview:-1\" \/>\n<link rel=\"canonical\" href=\"https:\/\/www.archiv-frau-musik.de\/fr\/laufende-projekte\" \/>\n<meta property=\"og:locale\" content=\"fr_FR\" \/>\n<meta property=\"og:type\" content=\"article\" \/>\n<meta property=\"og:title\" content=\"Projets en cours &#8211; Archiv Frau und Musik\" \/>\n<meta property=\"og:description\" content=\"Les sous-pages suivantes vous donnent un aper\u00e7u de et des informations sur nos projets en cours.\" \/>\n<meta property=\"og:url\" content=\"https:\/\/www.archiv-frau-musik.de\/fr\/laufende-projekte\" \/>\n<meta property=\"og:site_name\" content=\"Archiv Frau und Musik\" \/>\n<meta property=\"article:modified_time\" content=\"2026-01-19T14:31:47+00:00\" \/>\n<meta name=\"twitter:card\" content=\"summary_large_image\" \/>\n<meta name=\"twitter:label1\" content=\"Dur\u00e9e de lecture estim\u00e9e\" \/>\n\t<meta name=\"twitter:data1\" content=\"1 minute\" \/>\n<script type=\"application\/ld+json\" class=\"yoast-schema-graph\">{\"@context\":\"https:\\\/\\\/schema.org\",\"@graph\":[{\"@type\":\"WebPage\",\"@id\":\"https:\\\/\\\/www.archiv-frau-musik.de\\\/fr\\\/laufende-projekte\",\"url\":\"https:\\\/\\\/www.archiv-frau-musik.de\\\/fr\\\/laufende-projekte\",\"name\":\"Projets en cours &#8211; Archiv Frau und Musik\",\"isPartOf\":{\"@id\":\"https:\\\/\\\/www.archiv-frau-musik.de\\\/fr\\\/#website\"},\"datePublished\":\"2022-04-25T07:53:42+00:00\",\"dateModified\":\"2026-01-19T14:31:47+00:00\",\"description\":\"Les sous-pages suivantes vous donnent un aper\u00e7u de et des informations sur nos projets en cours.\",\"breadcrumb\":{\"@id\":\"https:\\\/\\\/www.archiv-frau-musik.de\\\/fr\\\/laufende-projekte#breadcrumb\"},\"inLanguage\":\"fr-FR\",\"potentialAction\":[{\"@type\":\"ReadAction\",\"target\":[[\"https:\\\/\\\/www.archiv-frau-musik.de\\\/fr\\\/laufende-projekte\"]]}]},{\"@type\":\"BreadcrumbList\",\"@id\":\"https:\\\/\\\/www.archiv-frau-musik.de\\\/fr\\\/laufende-projekte#breadcrumb\",\"itemListElement\":[{\"@type\":\"ListItem\",\"position\":1,\"name\":\"Startseite\",\"item\":\"https:\\\/\\\/www.archiv-frau-musik.de\\\/fr\\\/\"},{\"@type\":\"ListItem\",\"position\":2,\"name\":\"Laufende Projekte\"}]},{\"@type\":\"WebSite\",\"@id\":\"https:\\\/\\\/www.archiv-frau-musik.de\\\/fr\\\/#website\",\"url\":\"https:\\\/\\\/www.archiv-frau-musik.de\\\/fr\\\/\",\"name\":\"Archiv Frau und Musik\",\"description\":\"\",\"potentialAction\":[{\"@type\":\"SearchAction\",\"target\":{\"@type\":\"EntryPoint\",\"urlTemplate\":\"https:\\\/\\\/www.archiv-frau-musik.de\\\/fr\\\/?s={search_term_string}\"},\"query-input\":{\"@type\":\"PropertyValueSpecification\",\"valueRequired\":true,\"valueName\":\"search_term_string\"}}],\"inLanguage\":\"fr-FR\"}]}<\/script>\n<!-- \/ Yoast SEO plugin. -->","yoast_head_json":{"title":"Projets en cours &#8211; Archiv Frau und Musik","description":"Les sous-pages suivantes vous donnent un aper\u00e7u de et des informations sur nos projets en cours.","robots":{"index":"index","follow":"follow","max-snippet":"max-snippet:-1","max-image-preview":"max-image-preview:large","max-video-preview":"max-video-preview:-1"},"canonical":"https:\/\/www.archiv-frau-musik.de\/fr\/laufende-projekte","og_locale":"fr_FR","og_type":"article","og_title":"Projets en cours &#8211; Archiv Frau und Musik","og_description":"Les sous-pages suivantes vous donnent un aper\u00e7u de et des informations sur nos projets en cours.","og_url":"https:\/\/www.archiv-frau-musik.de\/fr\/laufende-projekte","og_site_name":"Archiv Frau und Musik","article_modified_time":"2026-01-19T14:31:47+00:00","twitter_card":"summary_large_image","twitter_misc":{"Dur\u00e9e de lecture estim\u00e9e":"1 minute"},"schema":{"@context":"https:\/\/schema.org","@graph":[{"@type":"WebPage","@id":"https:\/\/www.archiv-frau-musik.de\/fr\/laufende-projekte","url":"https:\/\/www.archiv-frau-musik.de\/fr\/laufende-projekte","name":"Projets en cours &#8211; Archiv Frau und Musik","isPartOf":{"@id":"https:\/\/www.archiv-frau-musik.de\/fr\/#website"},"datePublished":"2022-04-25T07:53:42+00:00","dateModified":"2026-01-19T14:31:47+00:00","description":"Les sous-pages suivantes vous donnent un aper\u00e7u de et des informations sur nos projets en cours.","breadcrumb":{"@id":"https:\/\/www.archiv-frau-musik.de\/fr\/laufende-projekte#breadcrumb"},"inLanguage":"fr-FR","potentialAction":[{"@type":"ReadAction","target":[["https:\/\/www.archiv-frau-musik.de\/fr\/laufende-projekte"]]}]},{"@type":"BreadcrumbList","@id":"https:\/\/www.archiv-frau-musik.de\/fr\/laufende-projekte#breadcrumb","itemListElement":[{"@type":"ListItem","position":1,"name":"Startseite","item":"https:\/\/www.archiv-frau-musik.de\/fr\/"},{"@type":"ListItem","position":2,"name":"Laufende Projekte"}]},{"@type":"WebSite","@id":"https:\/\/www.archiv-frau-musik.de\/fr\/#website","url":"https:\/\/www.archiv-frau-musik.de\/fr\/","name":"Archiv Frau und Musik","description":"","potentialAction":[{"@type":"SearchAction","target":{"@type":"EntryPoint","urlTemplate":"https:\/\/www.archiv-frau-musik.de\/fr\/?s={search_term_string}"},"query-input":{"@type":"PropertyValueSpecification","valueRequired":true,"valueName":"search_term_string"}}],"inLanguage":"fr-FR"}]}},"_links":{"self":[{"href":"https:\/\/www.archiv-frau-musik.de\/fr\/wp-json\/wp\/v2\/pages\/8566","targetHints":{"allow":["GET"]}}],"collection":[{"href":"https:\/\/www.archiv-frau-musik.de\/fr\/wp-json\/wp\/v2\/pages"}],"about":[{"href":"https:\/\/www.archiv-frau-musik.de\/fr\/wp-json\/wp\/v2\/types\/page"}],"author":[{"embeddable":true,"href":"https:\/\/www.archiv-frau-musik.de\/fr\/wp-json\/wp\/v2\/users\/5"}],"replies":[{"embeddable":true,"href":"https:\/\/www.archiv-frau-musik.de\/fr\/wp-json\/wp\/v2\/comments?post=8566"}],"version-history":[{"count":18,"href":"https:\/\/www.archiv-frau-musik.de\/fr\/wp-json\/wp\/v2\/pages\/8566\/revisions"}],"predecessor-version":[{"id":16087,"href":"https:\/\/www.archiv-frau-musik.de\/fr\/wp-json\/wp\/v2\/pages\/8566\/revisions\/16087"}],"wp:attachment":[{"href":"https:\/\/www.archiv-frau-musik.de\/fr\/wp-json\/wp\/v2\/media?parent=8566"}],"curies":[{"name":"wp","href":"https:\/\/api.w.org\/{rel}","templated":true}]}}