{"id":7962,"date":"2021-03-08T10:58:46","date_gmt":"2021-03-08T09:58:46","guid":{"rendered":"https:\/\/www.archiv-frau-musik.de\/?page_id=7962"},"modified":"2025-06-03T11:56:10","modified_gmt":"2025-06-03T09:56:10","slug":"cir2021-special-edition","status":"publish","type":"page","link":"https:\/\/www.archiv-frau-musik.de\/fr\/projekte\/composer-in-residence\/cir2021-special-edition","title":{"rendered":"CiR2021 #Special Edition: Farzia Fallah"},"content":{"rendered":"<p><figure id=\"attachment_8119\" aria-describedby=\"caption-attachment-8119\" style=\"width: 290px\" class=\"wp-caption alignright\"><a href=\"https:\/\/www.archiv-frau-musik.de\/wp-content\/uploads\/2021\/06\/Portraet1-scaled.jpg\"><img loading=\"lazy\" decoding=\"async\" class=\"wp-image-8119 size-medium\" src=\"https:\/\/www.archiv-frau-musik.de\/wp-content\/uploads\/2021\/06\/Portraet1-300x200.jpg\" alt=\"Composer in Residence 2021: Farzia Fallah\" width=\"300\" height=\"200\" srcset=\"https:\/\/www.archiv-frau-musik.de\/wp-content\/uploads\/2021\/06\/Portraet1-300x200.jpg 300w, https:\/\/www.archiv-frau-musik.de\/wp-content\/uploads\/2021\/06\/Portraet1-1024x683.jpg 1024w, https:\/\/www.archiv-frau-musik.de\/wp-content\/uploads\/2021\/06\/Portraet1-768x512.jpg 768w, https:\/\/www.archiv-frau-musik.de\/wp-content\/uploads\/2021\/06\/Portraet1-1536x1024.jpg 1536w, https:\/\/www.archiv-frau-musik.de\/wp-content\/uploads\/2021\/06\/Portraet1-2048x1365.jpg 2048w\" sizes=\"auto, (max-width: 300px) 100vw, 300px\" \/><\/a><figcaption id=\"caption-attachment-8119\" class=\"wp-caption-text\">Composer in Residence 2021: Farzia Fallah<\/figcaption><\/figure><\/p>\n<p>La bourse de travail <em>Composer in Residence<\/em> (CiR) a \u00e9t\u00e9 attribu\u00e9e en 2021 \u00e0 la compositrice <a href=\"http:\/\/www.farziafallah.de\" target=\"_blank\" rel=\"noopener\">Farzia Fallah<\/a>, qui vit \u00e0 Cologne. N\u00e9e \u00e0 T\u00e9h\u00e9ran (Iran), la compositrice a \u00e9tudi\u00e9 la composition \u00e0 T\u00e9h\u00e9ran, Br\u00eame, Cologne, et Fribourg, et a convaincu les cinq membres du jury professionnel du <em>CiR<\/em> par son style personnel prononc\u00e9, son inventivit\u00e9, ainsi que ses compositions po\u00e9tiques. Depuis 2018, Farzia Fallah est compositrice ind\u00e9pendante et membre du <em>Kollektiv3:6Koeln<\/em> et de l&rsquo;<em>Iranian Female Composers Association<\/em> (IFCA).<\/p>\n<p>Farzia Fallah a r\u00e9sid\u00e9 \u00e0 Francfort d&rsquo;Octobre \u00e0 D\u00e9cembre 2021. Pendant cette p\u00e9riode, elle a \u00e9labor\u00e9 avec les \u00e9tudiants de la <em>Hochschule f\u00fcr Musik und Darstellende Kunst<\/em> un programme pour son concert-portrait du 3 D\u00e9cembre 2021. La nouvelle composition <em>disPositions II<\/em> cr\u00e9\u00e9e \u00e0 Francfort, comportant une performance de danse co-cr\u00e9\u00e9e par Farzia Fallah et la danseuse Ariadni Agnanti, a \u00e9t\u00e9 pr\u00e9sent\u00e9e pour la premi\u00e8re fois lors de ce concert (voir la vid\u00e9o; d&rsquo;autres vid\u00e9os d&rsquo;accueil et d&rsquo;introduction de la compositrice sont disponibles <a href=\"https:\/\/www.youtube.com\/channel\/UCOas-8HNVj9PeIkDz75GhyA\" target=\"_blank\" rel=\"noopener\">sur notre cha\u00eene YouTube<\/a>).<\/p>\n<div class=\"lyte-wrapper\" style=\"width:640px;max-width:100%;margin:5px auto;\"><div class=\"lyMe\" id=\"WYL_xi9XPgWCo1U\"><div id=\"lyte_xi9XPgWCo1U\" data-src=\"https:\/\/www.archiv-frau-musik.de\/wp-content\/plugins\/wp-youtube-lyte\/lyteCache.php?origThumbUrl=%2F%2Fi.ytimg.com%2Fvi%2Fxi9XPgWCo1U%2Fhqdefault.jpg\" class=\"pL\"><div class=\"tC\"><div class=\"tT\"><\/div><\/div><div class=\"play\"><\/div><div class=\"ctrl\"><div class=\"Lctrl\"><\/div><div class=\"Rctrl\"><\/div><\/div><\/div><noscript><a href=\"https:\/\/youtu.be\/xi9XPgWCo1U\" rel=\"nofollow\"><img loading=\"lazy\" decoding=\"async\" src=\"https:\/\/www.archiv-frau-musik.de\/wp-content\/plugins\/wp-youtube-lyte\/lyteCache.php?origThumbUrl=https%3A%2F%2Fi.ytimg.com%2Fvi%2Fxi9XPgWCo1U%2F0.jpg\" alt=\"YouTube video thumbnail\" width=\"640\" height=\"340\" \/><br \/>Lire cette vid\u00e9o sur YouTube<\/a><\/noscript><\/div><\/div><div class=\"lL\" style=\"max-width:100%;width:640px;margin:5px auto;\"><br\/><span class=\"lyte_disclaimer\">Wenn Sie dieses Video ansehen, erkl\u00e4ren Sie sich einverstanden mit den <a href=\"https:\/\/www.youtube.com\/intl\/ALL_de\/howyoutubeworks\/our-commitments\/protecting-user-data\/?utm_campaign=1008960&amp;utm_source=paidsearch&amp;yt_product=ytgen&amp;yt_goal=eng&amp;utm_medium=googlesearch&amp;utm_content=txt&amp;yt_campaign_id=hyw&amp;yt_creative_id=&amp;utm_keyword=youtube%20datenschutz%20nutzer%20richtlinien&amp;utm_matchtype=e\">Datenschutzrichtlinen<\/a> von Youtube.<\/span><\/div><\/p>\n<figure id=\"attachment_8450\" aria-describedby=\"caption-attachment-8450\" style=\"width: 218px\" class=\"wp-caption alignright\"><img loading=\"lazy\" decoding=\"async\" class=\"wp-image-8450 size-full\" src=\"https:\/\/www.archiv-frau-musik.de\/wp-content\/uploads\/2022\/03\/Unbenannt2.jpg\" alt=\"&quot;disPositions II&quot;, une performance de danse en tant que co-cr\u00e9ation de Farzia Fallah et Ariadni Agnanti UA (2021). La danseuse Ariadni Agnanti \u00a9 Laura Brichta 2021\" width=\"228\" height=\"223\" srcset=\"https:\/\/www.archiv-frau-musik.de\/wp-content\/uploads\/2022\/03\/Unbenannt2.jpg 228w, https:\/\/www.archiv-frau-musik.de\/wp-content\/uploads\/2022\/03\/Unbenannt2-45x45.jpg 45w\" sizes=\"auto, (max-width: 228px) 100vw, 228px\" \/><figcaption id=\"caption-attachment-8450\" class=\"wp-caption-text\"><em>disPositions II<\/em>, une performance de danse en tant que co-cr\u00e9ation de Farzia Fallah et Ariadni Agnanti UA (2021). La danseuse Ariadni Agnanti \u00a9 Laura Brichta 2021<\/figcaption><\/figure>\n<p><em>\u00ab\u00a0J&rsquo;ai beaucoup appr\u00e9ci\u00e9 la mani\u00e8re dont les musiciens de l&rsquo;\u00e9cole sup\u00e9rieure se sont engag\u00e9s dans les morceaux en si peu de temps avec courage et d\u00e9termination. Nous avons discut\u00e9 et test\u00e9 ensemble de nombreuses techniques musicales, et les derniers jours avant le concert, nous avons encore travaill\u00e9 \u00e0 la cr\u00e9ation d&rsquo;une grande arche pour chaque morceau.<\/em><br \/>\n<em>La collaboration avec la danseuse Ariadni Agnanti a \u00e9t\u00e9 tr\u00e8s passionnante pour moi. Nous sommes parties de rien, et nous avons tant discut\u00e9e que les id\u00e9es en sont lentement grandies. C&rsquo;\u00e9tait un <\/em>work in progress<em>, o\u00f9 nous recevions toujours beaucoup d&rsquo;inspiration mutuelle, et o\u00f9 nous pensions plus finement gr\u00e2ce \u00e0 des commentaires r\u00e9ciproques. Le r\u00e9sultat n&rsquo;\u00e9tait pas seulement une pi\u00e8ce de performance de danse, mais aussi une belle amiti\u00e9 entre nous\u00a0\u00bb.<\/em> \u2013 Farzia Fallah<\/p>\n<p>Dans le cadre du projet \u00e9ducatif <em>Response<\/em> associ\u00e9 \u00e0 la bourse, Farzia Fallah a eu un \u00e9change intensif avec une classe du lyc\u00e9e Adorno de Francfort. Dans le cadre de plusieurs ateliers, les \u00e9l\u00e8ves ont \u00e9labor\u00e9 avec elle leur propre pi\u00e8ce musicale de th\u00e9\u00e2tre. Le spectacle a \u00e9t\u00e9 pr\u00e9sent\u00e9 aux parents en D\u00e9cembre 2021.<\/p>\n<p><em>\u00ab\u00a0C&rsquo;\u00e9tait super de sentir la curiosit\u00e9 et la joie chez les \u00e9l\u00e8ves. Ce qui a \u00e9t\u00e9 inoubliable pour moi, c&rsquo;est quand un \u00e9l\u00e8ve m&rsquo;a dit apr\u00e8s le spectacle qu&rsquo;il deviendrait peut-\u00eatre musicien dans le futur\u00a0\u00bb.<\/em> \u2013 Farzia Fallah<\/p>\n<p>En outre, la boursi\u00e8re a particip\u00e9 \u00e0 la rencontre des compositrices organis\u00e9e par les Archives Frau und Musik en coop\u00e9ration avec le conservatoire de musique de Nuremberg du 13 au 15 Octobre 2021 \u00e0 Nuremberg. Dans le cadre de ce week-end, onze compositrices de diff\u00e9rentes g\u00e9n\u00e9rations se sont mises en r\u00e9seau. Dans une entrevue r\u00e9alis\u00e9e \u00e0 Nuremberg, Farzia Fallah parle du r\u00f4le des concerts et des repr\u00e9sentations dans son travail.<\/p>\n<figure id=\"attachment_8448\" aria-describedby=\"caption-attachment-8448\" style=\"width: 251px\" class=\"wp-caption alignright\"><img loading=\"lazy\" decoding=\"async\" class=\"wp-image-8448 size-full\" src=\"https:\/\/www.archiv-frau-musik.de\/wp-content\/uploads\/2022\/03\/Unbenannt1.jpg\" alt=\"&quot;Lalayi, une berceuse pour Sohrab&quot;, pour trio \u00e0 cordes (2017), avec Zion Lee, violon | Nefeli Galani, alto | Clara Franz, violoncelle \u00a9 Laura Brichta 2021\" width=\"261\" height=\"174\" \/><figcaption id=\"caption-attachment-8448\" class=\"wp-caption-text\"><em>Lalayi, une berceuse pour Sohrab<\/em>, pour trio \u00e0 cordes (2017), avec Zion Lee, violon | Nefeli Galani, alto | Clara Franz, violoncelle \u00a9 Laura Brichta 2021<\/figcaption><\/figure>\n<p><em>\u00ab\u00a0Chaque \u00e9change et chaque discussion avec les collaborateurs des archives a \u00e9t\u00e9 enrichissant pour moi ; comment on peut appr\u00e9cier ensemble de nombreuses \u0153uvres de l&rsquo;histoire de la musique, et les remettre en lumi\u00e8re. Et comment on parvient ensemble \u00e0 faire grandir la conscience que la musique ne conna\u00eet pas de genre, et que c&rsquo;est justement pour cela que la musique de nombreuses compositrices de l&rsquo;histoire de la musique devrait \u00eatre mise en lumi\u00e8re. Mais aussi en regardant vers l&rsquo;avenir, par exemple en encourageant la composition chez tous les enfants d\u00e8s l&rsquo;\u00e9cole et les \u00e9coles de musique\u00a0\u00bb.<\/em> \u2013 Farzia Fallah<\/p>\n<p>Le projet <em>CiR<\/em> 2021 a \u00e9t\u00e9 financ\u00e9 par:<\/p>\n<p><div id='gallery-3' class='gallery galleryid-7962 gallery-columns-4 gallery-size-full'><figure class='gallery-item'>\n\t\t\t<div class='gallery-icon landscape'>\n\t\t\t\t<a href='https:\/\/www.archiv-frau-musik.de\/fr\/projekte\/composer-in-residence\/logo_steegmann_foundation_01#main'><img loading=\"lazy\" decoding=\"async\" width=\"1614\" height=\"580\" src=\"https:\/\/www.archiv-frau-musik.de\/wp-content\/uploads\/2021\/03\/LOGO_steegmann_foundation_01.jpg\" class=\"attachment-full size-full\" alt=\"\" srcset=\"https:\/\/www.archiv-frau-musik.de\/wp-content\/uploads\/2021\/03\/LOGO_steegmann_foundation_01.jpg 1614w, https:\/\/www.archiv-frau-musik.de\/wp-content\/uploads\/2021\/03\/LOGO_steegmann_foundation_01-300x108.jpg 300w, https:\/\/www.archiv-frau-musik.de\/wp-content\/uploads\/2021\/03\/LOGO_steegmann_foundation_01-1024x368.jpg 1024w, https:\/\/www.archiv-frau-musik.de\/wp-content\/uploads\/2021\/03\/LOGO_steegmann_foundation_01-768x276.jpg 768w, https:\/\/www.archiv-frau-musik.de\/wp-content\/uploads\/2021\/03\/LOGO_steegmann_foundation_01-1536x552.jpg 1536w\" sizes=\"auto, (max-width: 1614px) 100vw, 1614px\" \/><\/a>\n\t\t\t<\/div><\/figure><figure class='gallery-item'>\n\t\t\t<div class='gallery-icon landscape'>\n\t\t\t\t<a href='https:\/\/www.archiv-frau-musik.de\/fr\/projekte\/composer-in-residence\/stadt-frankfurt-3#main'><img loading=\"lazy\" decoding=\"async\" width=\"469\" height=\"66\" src=\"https:\/\/www.archiv-frau-musik.de\/wp-content\/uploads\/2021\/03\/Stadt-Frankfurt.jpg\" class=\"attachment-full size-full\" alt=\"\" srcset=\"https:\/\/www.archiv-frau-musik.de\/wp-content\/uploads\/2021\/03\/Stadt-Frankfurt.jpg 469w, https:\/\/www.archiv-frau-musik.de\/wp-content\/uploads\/2021\/03\/Stadt-Frankfurt-300x42.jpg 300w\" sizes=\"auto, (max-width: 469px) 100vw, 469px\" \/><\/a>\n\t\t\t<\/div><\/figure><figure class='gallery-item'>\n\t\t\t<div class='gallery-icon landscape'>\n\t\t\t\t<a href='https:\/\/www.archiv-frau-musik.de\/fr\/projekte\/composer-in-residence\/logo-aktuell_maecenia-cmyk#main'><img loading=\"lazy\" decoding=\"async\" width=\"2560\" height=\"343\" src=\"https:\/\/www.archiv-frau-musik.de\/wp-content\/uploads\/2021\/03\/Logo-aktuell_maecenia-CMYK-scaled.jpg\" class=\"attachment-full size-full\" alt=\"\" srcset=\"https:\/\/www.archiv-frau-musik.de\/wp-content\/uploads\/2021\/03\/Logo-aktuell_maecenia-CMYK-scaled.jpg 2560w, https:\/\/www.archiv-frau-musik.de\/wp-content\/uploads\/2021\/03\/Logo-aktuell_maecenia-CMYK-300x40.jpg 300w, https:\/\/www.archiv-frau-musik.de\/wp-content\/uploads\/2021\/03\/Logo-aktuell_maecenia-CMYK-1024x137.jpg 1024w, https:\/\/www.archiv-frau-musik.de\/wp-content\/uploads\/2021\/03\/Logo-aktuell_maecenia-CMYK-768x103.jpg 768w, https:\/\/www.archiv-frau-musik.de\/wp-content\/uploads\/2021\/03\/Logo-aktuell_maecenia-CMYK-1536x206.jpg 1536w, https:\/\/www.archiv-frau-musik.de\/wp-content\/uploads\/2021\/03\/Logo-aktuell_maecenia-CMYK-2048x274.jpg 2048w\" sizes=\"auto, (max-width: 2560px) 100vw, 2560px\" \/><\/a>\n\t\t\t<\/div><\/figure><figure class='gallery-item'>\n\t\t\t<div class='gallery-icon portrait'>\n\t\t\t\t<a href='https:\/\/www.archiv-frau-musik.de\/fr\/projekte\/composer-in-residence\/hr2-logo_2015-svg-2#main'><img loading=\"lazy\" decoding=\"async\" width=\"961\" height=\"1024\" src=\"https:\/\/www.archiv-frau-musik.de\/wp-content\/uploads\/2021\/03\/Hr2-Logo_2015.svg_.png\" class=\"attachment-full size-full\" alt=\"\" srcset=\"https:\/\/www.archiv-frau-musik.de\/wp-content\/uploads\/2021\/03\/Hr2-Logo_2015.svg_.png 961w, https:\/\/www.archiv-frau-musik.de\/wp-content\/uploads\/2021\/03\/Hr2-Logo_2015.svg_-282x300.png 282w, https:\/\/www.archiv-frau-musik.de\/wp-content\/uploads\/2021\/03\/Hr2-Logo_2015.svg_-768x818.png 768w\" sizes=\"auto, (max-width: 961px) 100vw, 961px\" \/><\/a>\n\t\t\t<\/div><\/figure><figure class='gallery-item'>\n\t\t\t<div class='gallery-icon landscape'>\n\t\t\t\t<a href='https:\/\/www.archiv-frau-musik.de\/fr\/projekte\/composer-in-residence\/crespo_foundation_logo_cmyk#main'><img loading=\"lazy\" decoding=\"async\" width=\"964\" height=\"843\" src=\"https:\/\/www.archiv-frau-musik.de\/wp-content\/uploads\/2021\/03\/crespo_foundation_logo_cmyk.jpg\" class=\"attachment-full size-full\" alt=\"\" srcset=\"https:\/\/www.archiv-frau-musik.de\/wp-content\/uploads\/2021\/03\/crespo_foundation_logo_cmyk.jpg 964w, https:\/\/www.archiv-frau-musik.de\/wp-content\/uploads\/2021\/03\/crespo_foundation_logo_cmyk-300x262.jpg 300w, https:\/\/www.archiv-frau-musik.de\/wp-content\/uploads\/2021\/03\/crespo_foundation_logo_cmyk-768x672.jpg 768w\" sizes=\"auto, (max-width: 964px) 100vw, 964px\" \/><\/a>\n\t\t\t<\/div><\/figure><figure class='gallery-item'>\n\t\t\t<div class='gallery-icon landscape'>\n\t\t\t\t<a href='https:\/\/www.archiv-frau-musik.de\/fr\/projekte\/composer-in-residence\/hmwk_logo_farbe_4z-2#main'><img loading=\"lazy\" decoding=\"async\" width=\"788\" height=\"357\" src=\"https:\/\/www.archiv-frau-musik.de\/wp-content\/uploads\/2021\/03\/HMWK_Logo_farbe_4z.jpg\" class=\"attachment-full size-full\" alt=\"\" srcset=\"https:\/\/www.archiv-frau-musik.de\/wp-content\/uploads\/2021\/03\/HMWK_Logo_farbe_4z.jpg 788w, https:\/\/www.archiv-frau-musik.de\/wp-content\/uploads\/2021\/03\/HMWK_Logo_farbe_4z-300x136.jpg 300w, https:\/\/www.archiv-frau-musik.de\/wp-content\/uploads\/2021\/03\/HMWK_Logo_farbe_4z-768x348.jpg 768w\" sizes=\"auto, (max-width: 788px) 100vw, 788px\" \/><\/a>\n\t\t\t<\/div><\/figure>\n\t\t<\/div>\n<\/p>","protected":false},"excerpt":{"rendered":"<p>La bourse de travail Composer in Residence (CiR) a \u00e9t\u00e9 attribu\u00e9e en 2021 \u00e0 la compositrice Farzia Fallah, qui vit \u00e0 Cologne. N\u00e9e \u00e0 T\u00e9h\u00e9ran (Iran), la compositrice a \u00e9tudi\u00e9 la composition \u00e0 T\u00e9h\u00e9ran, Br\u00eame, Cologne, et Fribourg, et a convaincu les cinq membres du jury professionnel du CiR par son style personnel prononc\u00e9, son &#8230; <a title=\"CiR2021 #Special Edition: Farzia Fallah\" class=\"read-more\" href=\"https:\/\/www.archiv-frau-musik.de\/fr\/projekte\/composer-in-residence\/cir2021-special-edition\" aria-label=\"En savoir plus sur CiR2021 #Special Edition: Farzia Fallah\">Weiterlesen &#8230;<\/a><\/p>\n","protected":false},"author":7,"featured_media":0,"parent":397,"menu_order":0,"comment_status":"closed","ping_status":"closed","template":"","meta":{"generate_page_header":"","footnotes":""},"class_list":["post-7962","page","type-page","status-publish"],"yoast_head":"<!-- This site is optimized with the Yoast SEO plugin v27.4 - https:\/\/yoast.com\/product\/yoast-seo-wordpress\/ -->\n<title>CiR2021 #Special Edition: Farzia Fallah &#8211; Archiv Frau und Musik<\/title>\n<meta name=\"description\" content=\"La bourse de travail Composer in Residence (CiR) a \u00e9t\u00e9 attribu\u00e9e en 2021 \u00e0 la compositrice Farzia Fallah, qui vit \u00e0 Cologne. N\u00e9e \u00e0 T\u00e9h\u00e9ran\" \/>\n<meta name=\"robots\" content=\"index, follow, max-snippet:-1, max-image-preview:large, max-video-preview:-1\" \/>\n<link rel=\"canonical\" href=\"https:\/\/www.archiv-frau-musik.de\/fr\/projekte\/composer-in-residence\/cir2021-special-edition\" \/>\n<meta property=\"og:locale\" content=\"fr_FR\" \/>\n<meta property=\"og:type\" content=\"article\" \/>\n<meta property=\"og:title\" content=\"CiR2021 #Special Edition: Farzia Fallah &#8211; Archiv Frau und Musik\" \/>\n<meta property=\"og:description\" content=\"La bourse de travail Composer in Residence (CiR) a \u00e9t\u00e9 attribu\u00e9e en 2021 \u00e0 la compositrice Farzia Fallah, qui vit \u00e0 Cologne. N\u00e9e \u00e0 T\u00e9h\u00e9ran\" \/>\n<meta property=\"og:url\" content=\"https:\/\/www.archiv-frau-musik.de\/fr\/projekte\/composer-in-residence\/cir2021-special-edition\" \/>\n<meta property=\"og:site_name\" content=\"Archiv Frau und Musik\" \/>\n<meta property=\"article:modified_time\" content=\"2025-06-03T09:56:10+00:00\" \/>\n<meta property=\"og:image\" content=\"https:\/\/www.archiv-frau-musik.de\/wp-content\/uploads\/2021\/03\/LOGO_steegmann_foundation_01-300x108.jpg\" \/>\n<meta name=\"twitter:card\" content=\"summary_large_image\" \/>\n<meta name=\"twitter:label1\" content=\"Dur\u00e9e de lecture estim\u00e9e\" \/>\n\t<meta name=\"twitter:data1\" content=\"5 minutes\" \/>\n<script type=\"application\/ld+json\" class=\"yoast-schema-graph\">{\"@context\":\"https:\\\/\\\/schema.org\",\"@graph\":[{\"@type\":\"WebPage\",\"@id\":\"https:\\\/\\\/www.archiv-frau-musik.de\\\/fr\\\/projekte\\\/composer-in-residence\\\/cir2021-special-edition\",\"url\":\"https:\\\/\\\/www.archiv-frau-musik.de\\\/fr\\\/projekte\\\/composer-in-residence\\\/cir2021-special-edition\",\"name\":\"CiR2021 #Special Edition: Farzia Fallah &#8211; Archiv Frau und Musik\",\"isPartOf\":{\"@id\":\"https:\\\/\\\/www.archiv-frau-musik.de\\\/fr\\\/#website\"},\"primaryImageOfPage\":{\"@id\":\"https:\\\/\\\/www.archiv-frau-musik.de\\\/fr\\\/projekte\\\/composer-in-residence\\\/cir2021-special-edition#primaryimage\"},\"image\":{\"@id\":\"https:\\\/\\\/www.archiv-frau-musik.de\\\/projekte\\\/composer-in-residence\\\/cir2021-special-edition#primaryimage\"},\"thumbnailUrl\":\"https:\\\/\\\/www.archiv-frau-musik.de\\\/wp-content\\\/uploads\\\/2021\\\/06\\\/Portraet1-300x200.jpg\",\"datePublished\":\"2021-03-08T09:58:46+00:00\",\"dateModified\":\"2025-06-03T09:56:10+00:00\",\"description\":\"La bourse de travail Composer in Residence (CiR) a \u00e9t\u00e9 attribu\u00e9e en 2021 \u00e0 la compositrice Farzia Fallah, qui vit \u00e0 Cologne. N\u00e9e \u00e0 T\u00e9h\u00e9ran\",\"breadcrumb\":{\"@id\":\"https:\\\/\\\/www.archiv-frau-musik.de\\\/fr\\\/projekte\\\/composer-in-residence\\\/cir2021-special-edition#breadcrumb\"},\"inLanguage\":\"fr-FR\",\"potentialAction\":[{\"@type\":\"ReadAction\",\"target\":[[\"https:\\\/\\\/www.archiv-frau-musik.de\\\/fr\\\/projekte\\\/composer-in-residence\\\/cir2021-special-edition\"]]}]},{\"@type\":\"ImageObject\",\"inLanguage\":\"fr-FR\",\"@id\":\"https:\\\/\\\/www.archiv-frau-musik.de\\\/fr\\\/projekte\\\/composer-in-residence\\\/cir2021-special-edition#primaryimage\",\"url\":\"https:\\\/\\\/www.archiv-frau-musik.de\\\/wp-content\\\/uploads\\\/2021\\\/06\\\/Portraet1-300x200.jpg\",\"contentUrl\":\"https:\\\/\\\/www.archiv-frau-musik.de\\\/wp-content\\\/uploads\\\/2021\\\/06\\\/Portraet1-300x200.jpg\"},{\"@type\":\"BreadcrumbList\",\"@id\":\"https:\\\/\\\/www.archiv-frau-musik.de\\\/fr\\\/projekte\\\/composer-in-residence\\\/cir2021-special-edition#breadcrumb\",\"itemListElement\":[{\"@type\":\"ListItem\",\"position\":1,\"name\":\"Startseite\",\"item\":\"https:\\\/\\\/www.archiv-frau-musik.de\\\/fr\\\/\"},{\"@type\":\"ListItem\",\"position\":2,\"name\":\"Projekte\",\"item\":\"https:\\\/\\\/www.archiv-frau-musik.de\\\/fr\\\/projekte\"},{\"@type\":\"ListItem\",\"position\":3,\"name\":\"Composer in Residence \u2013 Internationales Arbeitsstipendium\",\"item\":\"https:\\\/\\\/www.archiv-frau-musik.de\\\/fr\\\/projekte\\\/composer-in-residence\"},{\"@type\":\"ListItem\",\"position\":4,\"name\":\"CiR2021 #Special Edition: Farzia Fallah\"}]},{\"@type\":\"WebSite\",\"@id\":\"https:\\\/\\\/www.archiv-frau-musik.de\\\/fr\\\/#website\",\"url\":\"https:\\\/\\\/www.archiv-frau-musik.de\\\/fr\\\/\",\"name\":\"Archiv Frau und Musik\",\"description\":\"\",\"potentialAction\":[{\"@type\":\"SearchAction\",\"target\":{\"@type\":\"EntryPoint\",\"urlTemplate\":\"https:\\\/\\\/www.archiv-frau-musik.de\\\/fr\\\/?s={search_term_string}\"},\"query-input\":{\"@type\":\"PropertyValueSpecification\",\"valueRequired\":true,\"valueName\":\"search_term_string\"}}],\"inLanguage\":\"fr-FR\"}]}<\/script>\n<!-- \/ Yoast SEO plugin. -->","yoast_head_json":{"title":"CiR2021 #Special Edition: Farzia Fallah &#8211; Archiv Frau und Musik","description":"La bourse de travail Composer in Residence (CiR) a \u00e9t\u00e9 attribu\u00e9e en 2021 \u00e0 la compositrice Farzia Fallah, qui vit \u00e0 Cologne. N\u00e9e \u00e0 T\u00e9h\u00e9ran","robots":{"index":"index","follow":"follow","max-snippet":"max-snippet:-1","max-image-preview":"max-image-preview:large","max-video-preview":"max-video-preview:-1"},"canonical":"https:\/\/www.archiv-frau-musik.de\/fr\/projekte\/composer-in-residence\/cir2021-special-edition","og_locale":"fr_FR","og_type":"article","og_title":"CiR2021 #Special Edition: Farzia Fallah &#8211; Archiv Frau und Musik","og_description":"La bourse de travail Composer in Residence (CiR) a \u00e9t\u00e9 attribu\u00e9e en 2021 \u00e0 la compositrice Farzia Fallah, qui vit \u00e0 Cologne. N\u00e9e \u00e0 T\u00e9h\u00e9ran","og_url":"https:\/\/www.archiv-frau-musik.de\/fr\/projekte\/composer-in-residence\/cir2021-special-edition","og_site_name":"Archiv Frau und Musik","article_modified_time":"2025-06-03T09:56:10+00:00","og_image":[{"url":"https:\/\/www.archiv-frau-musik.de\/wp-content\/uploads\/2021\/03\/LOGO_steegmann_foundation_01-300x108.jpg","type":"","width":"","height":""}],"twitter_card":"summary_large_image","twitter_misc":{"Dur\u00e9e de lecture estim\u00e9e":"5 minutes"},"schema":{"@context":"https:\/\/schema.org","@graph":[{"@type":"WebPage","@id":"https:\/\/www.archiv-frau-musik.de\/fr\/projekte\/composer-in-residence\/cir2021-special-edition","url":"https:\/\/www.archiv-frau-musik.de\/fr\/projekte\/composer-in-residence\/cir2021-special-edition","name":"CiR2021 #Special Edition: Farzia Fallah &#8211; Archiv Frau und Musik","isPartOf":{"@id":"https:\/\/www.archiv-frau-musik.de\/fr\/#website"},"primaryImageOfPage":{"@id":"https:\/\/www.archiv-frau-musik.de\/fr\/projekte\/composer-in-residence\/cir2021-special-edition#primaryimage"},"image":{"@id":"https:\/\/www.archiv-frau-musik.de\/projekte\/composer-in-residence\/cir2021-special-edition#primaryimage"},"thumbnailUrl":"https:\/\/www.archiv-frau-musik.de\/wp-content\/uploads\/2021\/06\/Portraet1-300x200.jpg","datePublished":"2021-03-08T09:58:46+00:00","dateModified":"2025-06-03T09:56:10+00:00","description":"La bourse de travail Composer in Residence (CiR) a \u00e9t\u00e9 attribu\u00e9e en 2021 \u00e0 la compositrice Farzia Fallah, qui vit \u00e0 Cologne. N\u00e9e \u00e0 T\u00e9h\u00e9ran","breadcrumb":{"@id":"https:\/\/www.archiv-frau-musik.de\/fr\/projekte\/composer-in-residence\/cir2021-special-edition#breadcrumb"},"inLanguage":"fr-FR","potentialAction":[{"@type":"ReadAction","target":[["https:\/\/www.archiv-frau-musik.de\/fr\/projekte\/composer-in-residence\/cir2021-special-edition"]]}]},{"@type":"ImageObject","inLanguage":"fr-FR","@id":"https:\/\/www.archiv-frau-musik.de\/fr\/projekte\/composer-in-residence\/cir2021-special-edition#primaryimage","url":"https:\/\/www.archiv-frau-musik.de\/wp-content\/uploads\/2021\/06\/Portraet1-300x200.jpg","contentUrl":"https:\/\/www.archiv-frau-musik.de\/wp-content\/uploads\/2021\/06\/Portraet1-300x200.jpg"},{"@type":"BreadcrumbList","@id":"https:\/\/www.archiv-frau-musik.de\/fr\/projekte\/composer-in-residence\/cir2021-special-edition#breadcrumb","itemListElement":[{"@type":"ListItem","position":1,"name":"Startseite","item":"https:\/\/www.archiv-frau-musik.de\/fr\/"},{"@type":"ListItem","position":2,"name":"Projekte","item":"https:\/\/www.archiv-frau-musik.de\/fr\/projekte"},{"@type":"ListItem","position":3,"name":"Composer in Residence \u2013 Internationales Arbeitsstipendium","item":"https:\/\/www.archiv-frau-musik.de\/fr\/projekte\/composer-in-residence"},{"@type":"ListItem","position":4,"name":"CiR2021 #Special Edition: Farzia Fallah"}]},{"@type":"WebSite","@id":"https:\/\/www.archiv-frau-musik.de\/fr\/#website","url":"https:\/\/www.archiv-frau-musik.de\/fr\/","name":"Archiv Frau und Musik","description":"","potentialAction":[{"@type":"SearchAction","target":{"@type":"EntryPoint","urlTemplate":"https:\/\/www.archiv-frau-musik.de\/fr\/?s={search_term_string}"},"query-input":{"@type":"PropertyValueSpecification","valueRequired":true,"valueName":"search_term_string"}}],"inLanguage":"fr-FR"}]}},"_links":{"self":[{"href":"https:\/\/www.archiv-frau-musik.de\/fr\/wp-json\/wp\/v2\/pages\/7962","targetHints":{"allow":["GET"]}}],"collection":[{"href":"https:\/\/www.archiv-frau-musik.de\/fr\/wp-json\/wp\/v2\/pages"}],"about":[{"href":"https:\/\/www.archiv-frau-musik.de\/fr\/wp-json\/wp\/v2\/types\/page"}],"author":[{"embeddable":true,"href":"https:\/\/www.archiv-frau-musik.de\/fr\/wp-json\/wp\/v2\/users\/7"}],"replies":[{"embeddable":true,"href":"https:\/\/www.archiv-frau-musik.de\/fr\/wp-json\/wp\/v2\/comments?post=7962"}],"version-history":[{"count":42,"href":"https:\/\/www.archiv-frau-musik.de\/fr\/wp-json\/wp\/v2\/pages\/7962\/revisions"}],"predecessor-version":[{"id":14229,"href":"https:\/\/www.archiv-frau-musik.de\/fr\/wp-json\/wp\/v2\/pages\/7962\/revisions\/14229"}],"up":[{"embeddable":true,"href":"https:\/\/www.archiv-frau-musik.de\/fr\/wp-json\/wp\/v2\/pages\/397"}],"wp:attachment":[{"href":"https:\/\/www.archiv-frau-musik.de\/fr\/wp-json\/wp\/v2\/media?parent=7962"}],"curies":[{"name":"wp","href":"https:\/\/api.w.org\/{rel}","templated":true}]}}