{"id":7599,"date":"2020-10-28T19:23:57","date_gmt":"2020-10-28T18:23:57","guid":{"rendered":"https:\/\/www.archiv-frau-musik.de\/?page_id=7599"},"modified":"2022-11-12T17:53:03","modified_gmt":"2022-11-12T16:53:03","slug":"felicitas-kukuck-1914-2001","status":"publish","type":"page","link":"https:\/\/www.archiv-frau-musik.de\/fr\/felicitas-kukuck-1914-2001","title":{"rendered":"Felicitas Kukuck (1914\u20132001)"},"content":{"rendered":"<p><figure id=\"attachment_7609\" aria-describedby=\"caption-attachment-7609\" style=\"width: 413px\" class=\"wp-caption alignright\"><img loading=\"lazy\" decoding=\"async\" class=\"wp-image-7609\" src=\"https:\/\/www.archiv-frau-musik.de\/wp-content\/uploads\/2020\/10\/Fotografie-Kukuck-Quelle-Archiv-Frau-und-Musik-792x1024.jpg\" alt=\"Felicitas Kukuck \u00a9 photographie originale avec cadre. Archiv Frau und Musik\" width=\"423\" height=\"547\" srcset=\"https:\/\/www.archiv-frau-musik.de\/wp-content\/uploads\/2020\/10\/Fotografie-Kukuck-Quelle-Archiv-Frau-und-Musik-792x1024.jpg 792w, https:\/\/www.archiv-frau-musik.de\/wp-content\/uploads\/2020\/10\/Fotografie-Kukuck-Quelle-Archiv-Frau-und-Musik-232x300.jpg 232w, https:\/\/www.archiv-frau-musik.de\/wp-content\/uploads\/2020\/10\/Fotografie-Kukuck-Quelle-Archiv-Frau-und-Musik-768x993.jpg 768w, https:\/\/www.archiv-frau-musik.de\/wp-content\/uploads\/2020\/10\/Fotografie-Kukuck-Quelle-Archiv-Frau-und-Musik-1188x1536.jpg 1188w, https:\/\/www.archiv-frau-musik.de\/wp-content\/uploads\/2020\/10\/Fotografie-Kukuck-Quelle-Archiv-Frau-und-Musik.jpg 1508w\" sizes=\"auto, (max-width: 423px) 100vw, 423px\" \/><figcaption id=\"caption-attachment-7609\" class=\"wp-caption-text\">Felicitas Kukuck \u00a9 photographie originale avec cadre. Archiv Frau und Musik<\/figcaption><\/figure><\/p>\n<p>Felicitas Kukuck est n\u00e9e le 2 novembre 1914, fille du professeur Otto Cohnheim docteur en m\u00e9decine et de son \u00e9pouse, la chanteuse Eva Cohnheim. En 1916, son p\u00e8re changea son nom juif \u00e0 Kestner. Felicitas re\u00e7ut ainsi \u00e9galement le nom de famille Kestner.<\/p>\n<p>L&rsquo;amour de la musique est n\u00e9 chez Felicitas Kukuck avant m\u00eame ses premi\u00e8res le\u00e7ons de piano. Dans<a href=\"https:\/\/www.felicitaskukuck.de\/Autobiographie_FKukuck.pdf\" target=\"_blank\" rel=\"noopener\"> son journal intime<\/a>, elle d\u00e9crit comment elle chantait des petits vers tir\u00e9s de livres d&rsquo;images que sa m\u00e8re lui lisait. Gr\u00e2ce aux cours de piano que Felicitas Kukuck suivis d\u00e8s l&rsquo;\u00e2ge de dix ans, l&rsquo;improvisation qu\u2019elle faisait avec son fr\u00e8re a pris \u00ab\u00a0une tournure ordonn\u00e9e\u00a0\u00bb. \u00c0 Mademoiselle Wohlwill, qui enseignait d\u00e9j\u00e0 \u00e0 la s\u0153ur a\u00een\u00e9e de Kukuck, elle lui jou\u00e2t alors l&rsquo;\u00e9tude en La b\u00e9mol majeur de Chopin. Dans une interview avec Ulrike Loos, Kukuck d\u00e9crit cette exp\u00e9rience comme une sorte de moment d&rsquo;\u00e9veil: \u00ab\u00a0Dans ce morceau, toute la magie du son \u00e9tait captur\u00e9e sur des touches noires\u00a0\u00bb. Outre sa professeure de piano, la m\u00e8re de Felicitas Kukuck \u00e9tait sa grande supportrice. Eva Cohnheim \u00e9tait contralto, et Kukuck a commenc\u00e9 tr\u00e8s t\u00f4t \u00e0 l&rsquo;accompagner au piano: \u00ab\u00a0[&#8230;] Elle m&rsquo;a alors fortement incit\u00e9e \u00e0 apprendre \u00e0 accompagner des chansons. Et je l&rsquo;ai fait avec plaisir. Des Lieder de Brahms, et aussi des choses difficiles, comme Schubert et autres. Mais elle m&rsquo;a aussi demand\u00e9 de chanter des arias de la Passion selon saint Matthieu, ce qui est \u00e9videmment un peu plus difficile. Bien s\u00fbr, je n&rsquo;ai pas pu le faire d\u00e8s l&rsquo;\u00e2ge de dix ans. Mais je l&rsquo;ai toujours accompagn\u00e9e\u00a0\u00bb.<\/p>\n<p>Le lien qu\u2019a forg\u00e9 Felicitas Kukuck tout au long de sa vie avec la musique vocale, fut \u00e9galement d\u00fb \u00e0 ces exp\u00e9riences, car elle a ainsi appris \u00e0 penser et \u00e0 composer \u00e0 partir du chant : \u00ab\u00a0Il faut toujours savoir o\u00f9 l&rsquo;on respire\u00a0\u00bb.<\/p>\n<h3><em>\u00ab\u00a0Le silence \u00e9tait d&rsquo;ailleurs ma tactique de survie.\u00a0\u00bb<\/em><\/h3>\n<p>Felicitas Kukuck n&rsquo;apprit qu&rsquo;elle \u00e9tait juive qu&rsquo;apr\u00e8s l&rsquo;arriv\u00e9e au pouvoir des nationaux-socialistes, lorsqu&rsquo;elle fut class\u00e9e comme \u00ab\u00a0\u00e0 quart juive\u00a0\u00bb, et qu&rsquo;on lui interdit d&rsquo;\u00e9tudier \u00e0 l&rsquo;\u00c9cole sup\u00e9rieure d&rsquo;\u00e9ducation musicale et de musique sacr\u00e9e de Berlin. Elle subit les premi\u00e8res r\u00e9pressions d\u00e8s sa scolarit\u00e9. Apr\u00e8s que la Lichtwarckschule eut \u00e9t\u00e9 mise au pas en 1933, et que le directeur Heinrich Landahl a d\u00fb partir, un \u00ab\u00a0nazi \u00e0 180 pour cent\u00a0\u00bb, selon Kukuck, l&rsquo;a remplac\u00e9. Elle quitta alors l&rsquo;\u00e9cole. Cependant, pour Felicitas Kukuck, il n&rsquo;a jamais \u00e9t\u00e9 question d&rsquo;\u00e9migrer : \u00ab\u00a0Je voulais rester en Allemagne, au pays de Bach, de Mozart, de Brahms et de Schubert\u00a0\u00bb.<\/p>\n<figure id=\"attachment_7607\" aria-describedby=\"caption-attachment-7607\" style=\"width: 285px\" class=\"wp-caption alignright\"><img loading=\"lazy\" decoding=\"async\" class=\"wp-image-7607\" src=\"https:\/\/www.archiv-frau-musik.de\/wp-content\/uploads\/2020\/10\/Der-Mann-Mose-Deckblatt.jpg\" alt=\"Page de couverture de &quot;Der Mann Mose&quot; \u00a9 Archiv Frau und Musik\" width=\"295\" height=\"421\" srcset=\"https:\/\/www.archiv-frau-musik.de\/wp-content\/uploads\/2020\/10\/Der-Mann-Mose-Deckblatt.jpg 638w, https:\/\/www.archiv-frau-musik.de\/wp-content\/uploads\/2020\/10\/Der-Mann-Mose-Deckblatt-211x300.jpg 211w\" sizes=\"auto, (max-width: 295px) 100vw, 295px\" \/><figcaption id=\"caption-attachment-7607\" class=\"wp-caption-text\">Page de couverture de \u00ab\u00a0Der Mann Mose\u00a0\u00bb \u00a9 Archiv Frau und Musik<\/figcaption><\/figure>\n<p>En 1936, elle a pass\u00e9 l&rsquo;examen national de professeure de musique priv\u00e9e en piano, mais n&rsquo;a pas \u00e9t\u00e9 autoris\u00e9e \u00e0 enseigner en raison de sa jud\u00e9it\u00e9. Elle d\u00e9cida donc de rester \u00e9tudiante au conservatoire de musique. Au cours de ses deux derni\u00e8res ann\u00e9es d&rsquo;\u00e9cole, elle avait appris \u00e0 jouer de la fl\u00fbte traversi\u00e8re, et pouvait donc \u00e9tudier cet instrument sans examen d&rsquo;entr\u00e9e. Son professeur fut Gustav Scheck, un fl\u00fbtiste et p\u00e9dagogue musical originaire de Fribourg. En 1936, Kukuck entra dans la classe de composition de Paul Hindemith suivant le conseil de son professeur d&rsquo;harmonie. La compositrice a d\u00e9crit cet \u00e9v\u00e9nement comme un tournant dans sa vie. Ainsi, de 1937 jusqu&rsquo;\u00e0 l&rsquo;\u00e9migration de Hindemith en 1938, Felicitas Kukuck suivit ses cours trois \u00e0 quatre fois par semaine. Au conservatoire de musique, Felicitas Kukuck n&rsquo;avait, selon ses propres dires, aucun probl\u00e8me avec les nationaux-socialistes. Personne ne connaissait ses origines juives, \u00e0 l&rsquo;exception du directeur de l&rsquo;universit\u00e9 de l&rsquo;\u00e9poque, sur la discr\u00e9tion duquel Kukuck pouvait compter. Ainsi, Felicitas Kukuck n&rsquo;a pas eu d&rsquo;autres restrictions pendant ses \u00e9tudes, \u00e0 part le fait qu&rsquo;elle n&rsquo;a pas pu suivre le cursus qu&rsquo;elle souhaitait pour devenir musicienne scolaire. Lorsqu&rsquo;au d\u00e9but 1939, une loi fut promulgu\u00e9e stipulant que tous les \u00ab\u00a0juifs et m\u00e9tis juifs qui avaient chang\u00e9 leur nom juif\u00a0\u00bb devaient le reprendre, son ami Dietrich Kukuck commanda sans h\u00e9siter une convocation de mariage. Il trouva un officier d&rsquo;\u00e9tat civil auquel il n&rsquo;eut pas \u00e0 pr\u00e9senter le certificat de naissance de Felicitas portant le nom de Cohnheim, ou son passeport g\u00e9n\u00e9alogique. Le 3 juillet 1939, ils se sont mari\u00e9s civilement.<\/p>\n<h3><em>\u00ab\u00a0Le langage est quelque chose que l&rsquo;on peut composer.\u00a0\u00bb<\/em><\/h3>\n<p>En tant que compositrice, Felicitas Kukuck se consid\u00e9rait comme une h\u00e9riti\u00e8re de Paul Hindemith: \u00ab\u00a0Ma musique, mes compositions, sont tonales. Je me r\u00e9f\u00e8re ici \u00e0 la s\u00e9rie des harmoniques, o\u00f9 les diff\u00e9rents intervalles ont aussi des valeurs de position diff\u00e9rentes. L&rsquo;octave et la quinte sont les intervalles \u00e9l\u00e9mentaires, car ils ont les rapports vibratoires les plus simples\u00a0\u00bb. C&rsquo;est ce que Kukuck souligne en 1988 dans un entretien avec Ruth Exter, dans lequel elle d\u00e9crit son processus de composition en prenant l&rsquo;exemple d&rsquo;une \u0153uvre vocale: \u00ab\u00a0[&#8230;] L&rsquo;\u00e9tape suivante consiste alors \u00e0 composer une m\u00e9lodie qui se r\u00e9f\u00e8re \u00e0 ce texte, ou \u00e0 des passages du texte. Je contr\u00f4le ensuite cette m\u00e9lodie en ce qui concerne la r\u00e9alisation de mes principes de composition (&#8230;). Apr\u00e8s cette \u00e9tape de composition, je contr\u00f4le la coh\u00e9rence harmonique de mes compositions en ajoutant la deuxi\u00e8me voix, une ligne de basse, \u00e0 la m\u00e9lodie. Cette voix sert \u00e0 d\u00e9terminer la forme harmonique de la m\u00e9lodie, et peut donc tout \u00e0 fait \u00eatre modifi\u00e9e par la suite\u00a0\u00bb.<\/p>\n<p>Felicitas Kukuck a toujours utilis\u00e9 des textes comme base pour ses compositions. Des chansons populaires, des textes chr\u00e9tiens tir\u00e9s de chorales ou de psaumes, ainsi que des po\u00e8mes, ont souvent \u00e9t\u00e9 le point de d\u00e9part de ses compositions. L&rsquo;interview de sa fille montre clairement l&rsquo;importance que Felicitas Kukuck accordait aux textes. Elle explique tout d&rsquo;abord qu&rsquo;elle n&rsquo;a pas \u00e9crit de compositions sur son exp\u00e9rience de la Seconde Guerre mondiale, car pour elle, l&rsquo;art et la guerre n&rsquo;allaient pas de paire. Lorsque sa fille lui demanda pourquoi elle a ensuite compos\u00e9 un requiem sur Hiroshima, Felicitas Kukuck r\u00e9pondit qu&rsquo;elle n&rsquo;a pas mis en musique la guerre, mais un tr\u00e8s bon texte.<\/p>\n<p>Felicitas Kukuck a compos\u00e9 plus de 1000 \u0153uvres de son vivant. Celles-ci vont de la musique dite utilitaire \u00e0 des compositions de longue haleine, comme l&rsquo;op\u00e9ra <em>Der Mann Mose<\/em>, ou son oratorio de la Passion <em>Der Gottesknecht<\/em>.<\/p>\n<p>Felicitas Kukuck est d\u00e9c\u00e9d\u00e9e le 4 juin 2001 \u00e0 Hambourg-Blankenese. En 2004, sa fille Margret Johannsen a transmis son vaste h\u00e9ritage aux archives Frau und Musik.<\/p>\n<p>&nbsp;<\/p>\n<p>Litt\u00e9ratures compl\u00e9mentaires et sources<\/p>\n<ul>\n<li>Communaut\u00e9 d&rsquo;h\u00e9ritiers Felicitas Kukuck: <em>Felicitas Kukuck. Vie et \u0153uvre de la compositrice<\/em>, <a href=\"http:\/\/www.felicitaskukuck.de\" target=\"_blank\" rel=\"noopener\">http:\/\/www.felicitaskukuck.de<\/a>.<\/li>\n<li>Johannsen, Margret: <em>Felicitas Kukuck<\/em>, in: <em>Musik und Gender im Internet<\/em>, <a href=\"https:\/\/mugi.hfmt-hamburg.de\/artikel\/Felicitas_Kukuck\" target=\"_blank\" rel=\"noopener\">https:\/\/mugi.hfmt-hamburg.de\/artikel\/Felicitas_Kukuck<\/a><\/li>\n<li>Brandt, Siewert: <em>Entrevue avec Felicitas Kukuck<\/em>, [non publi\u00e9], original dans Archiv Frau und Musik, Nachlass Felicitas Kukuck, N-R CD-B-3.<\/li>\n<li>Johannsen, Margret: <em>Entrvue avec Felicitas Kukuck 1\u20133<\/em>, 1997 [non publi\u00e9], original dans les archives Frau und Musik, succession Felicitas Kukuck, N-R CD-B-3.<\/li>\n<li>Kukuck, Felicitas: <em>Sonate pour fl\u00fbte \u00e0 bec soprano et piano<\/em>, sur: 1er concert GEDOK 1967 [non publi\u00e9], source: Archiv Frau und Musik, Nachlass Felicitas Kukuck, N-R CD-B-4.<\/li>\n<li>Loos, Ulrike: <em>Entretiens avec Felicitas Kukuck sur la musique<\/em>, 1993.<\/li>\n<li>Nordwestdeutscher Rundfunk: <em>Allein zu dir. Neue Musik f\u00fcr Blockfl\u00f6te und Cembalo<\/em>, \u00e9mission de radio du 21 avril 1953, source: Archiv Frau und Musik, Nachlass Felicitas Kukuck, CD-B-2, Trois \u00e9missions de radio.<\/li>\n<li>Exter, Ruth: <em>Felicitas Kukuck. Biographie et musique d&rsquo;une compositrice du 20e si\u00e8cle<\/em>. Hausarbeit zur ersten Staatspr\u00fcfung f\u00fcr das Lehramt, Hambourg 1988.<\/li>\n<\/ul>\n<p><\/p>","protected":false},"excerpt":{"rendered":"<p>D\u00e9sol\u00e9, cet article est seulement disponible en Deutsch et English.<\/p>\n","protected":false},"author":5,"featured_media":0,"parent":0,"menu_order":0,"comment_status":"closed","ping_status":"closed","template":"","meta":{"generate_page_header":"","footnotes":""},"class_list":["post-7599","page","type-page","status-publish"],"yoast_head":"<!-- This site is optimized with the Yoast SEO plugin v27.4 - https:\/\/yoast.com\/product\/yoast-seo-wordpress\/ -->\n<title>Felicitas Kukuck (1914\u20132001) &#8211; Archiv Frau und Musik<\/title>\n<meta name=\"description\" content=\"Felicitas Kukuck est n\u00e9e le 2 novembre 1914, fille du professeur Otto Cohnheim docteur en m\u00e9decine et de son \u00e9pouse, la chanteuse Eva\" \/>\n<meta name=\"robots\" content=\"index, follow, max-snippet:-1, max-image-preview:large, max-video-preview:-1\" \/>\n<link rel=\"canonical\" href=\"https:\/\/www.archiv-frau-musik.de\/fr\/felicitas-kukuck-1914-2001\" \/>\n<meta property=\"og:locale\" content=\"fr_FR\" \/>\n<meta property=\"og:type\" content=\"article\" \/>\n<meta property=\"og:title\" content=\"Felicitas Kukuck (1914\u20132001) &#8211; Archiv Frau und Musik\" \/>\n<meta property=\"og:description\" content=\"Felicitas Kukuck est n\u00e9e le 2 novembre 1914, fille du professeur Otto Cohnheim docteur en m\u00e9decine et de son \u00e9pouse, la chanteuse Eva\" \/>\n<meta property=\"og:url\" content=\"https:\/\/www.archiv-frau-musik.de\/fr\/felicitas-kukuck-1914-2001\" \/>\n<meta property=\"og:site_name\" content=\"Archiv Frau und Musik\" \/>\n<meta property=\"article:modified_time\" content=\"2022-11-12T16:53:03+00:00\" \/>\n<meta property=\"og:image\" content=\"https:\/\/www.archiv-frau-musik.de\/wp-content\/uploads\/2020\/10\/Fotografie-Kukuck-Quelle-Archiv-Frau-und-Musik-792x1024.jpg\" \/>\n<meta name=\"twitter:card\" content=\"summary_large_image\" \/>\n<meta name=\"twitter:label1\" content=\"Dur\u00e9e de lecture estim\u00e9e\" \/>\n\t<meta name=\"twitter:data1\" content=\"8 minutes\" \/>\n<script type=\"application\/ld+json\" class=\"yoast-schema-graph\">{\"@context\":\"https:\\\/\\\/schema.org\",\"@graph\":[{\"@type\":\"WebPage\",\"@id\":\"https:\\\/\\\/www.archiv-frau-musik.de\\\/fr\\\/felicitas-kukuck-1914-2001\",\"url\":\"https:\\\/\\\/www.archiv-frau-musik.de\\\/fr\\\/felicitas-kukuck-1914-2001\",\"name\":\"Felicitas Kukuck (1914\u20132001) &#8211; Archiv Frau und Musik\",\"isPartOf\":{\"@id\":\"https:\\\/\\\/www.archiv-frau-musik.de\\\/fr\\\/#website\"},\"primaryImageOfPage\":{\"@id\":\"https:\\\/\\\/www.archiv-frau-musik.de\\\/fr\\\/felicitas-kukuck-1914-2001#primaryimage\"},\"image\":{\"@id\":\"https:\\\/\\\/www.archiv-frau-musik.de\\\/felicitas-kukuck-1914-2001#primaryimage\"},\"thumbnailUrl\":\"https:\\\/\\\/www.archiv-frau-musik.de\\\/wp-content\\\/uploads\\\/2020\\\/10\\\/Fotografie-Kukuck-Quelle-Archiv-Frau-und-Musik-792x1024.jpg\",\"datePublished\":\"2020-10-28T18:23:57+00:00\",\"dateModified\":\"2022-11-12T16:53:03+00:00\",\"description\":\"Felicitas Kukuck est n\u00e9e le 2 novembre 1914, fille du professeur Otto Cohnheim docteur en m\u00e9decine et de son \u00e9pouse, la chanteuse Eva\",\"breadcrumb\":{\"@id\":\"https:\\\/\\\/www.archiv-frau-musik.de\\\/fr\\\/felicitas-kukuck-1914-2001#breadcrumb\"},\"inLanguage\":\"fr-FR\",\"potentialAction\":[{\"@type\":\"ReadAction\",\"target\":[[\"https:\\\/\\\/www.archiv-frau-musik.de\\\/fr\\\/felicitas-kukuck-1914-2001\"]]}]},{\"@type\":\"ImageObject\",\"inLanguage\":\"fr-FR\",\"@id\":\"https:\\\/\\\/www.archiv-frau-musik.de\\\/fr\\\/felicitas-kukuck-1914-2001#primaryimage\",\"url\":\"https:\\\/\\\/www.archiv-frau-musik.de\\\/wp-content\\\/uploads\\\/2020\\\/10\\\/Fotografie-Kukuck-Quelle-Archiv-Frau-und-Musik-792x1024.jpg\",\"contentUrl\":\"https:\\\/\\\/www.archiv-frau-musik.de\\\/wp-content\\\/uploads\\\/2020\\\/10\\\/Fotografie-Kukuck-Quelle-Archiv-Frau-und-Musik-792x1024.jpg\"},{\"@type\":\"BreadcrumbList\",\"@id\":\"https:\\\/\\\/www.archiv-frau-musik.de\\\/fr\\\/felicitas-kukuck-1914-2001#breadcrumb\",\"itemListElement\":[{\"@type\":\"ListItem\",\"position\":1,\"name\":\"Startseite\",\"item\":\"https:\\\/\\\/www.archiv-frau-musik.de\\\/fr\\\/\"},{\"@type\":\"ListItem\",\"position\":2,\"name\":\"Felicitas Kukuck (1914\u20132001)\"}]},{\"@type\":\"WebSite\",\"@id\":\"https:\\\/\\\/www.archiv-frau-musik.de\\\/fr\\\/#website\",\"url\":\"https:\\\/\\\/www.archiv-frau-musik.de\\\/fr\\\/\",\"name\":\"Archiv Frau und Musik\",\"description\":\"\",\"potentialAction\":[{\"@type\":\"SearchAction\",\"target\":{\"@type\":\"EntryPoint\",\"urlTemplate\":\"https:\\\/\\\/www.archiv-frau-musik.de\\\/fr\\\/?s={search_term_string}\"},\"query-input\":{\"@type\":\"PropertyValueSpecification\",\"valueRequired\":true,\"valueName\":\"search_term_string\"}}],\"inLanguage\":\"fr-FR\"}]}<\/script>\n<!-- \/ Yoast SEO plugin. -->","yoast_head_json":{"title":"Felicitas Kukuck (1914\u20132001) &#8211; Archiv Frau und Musik","description":"Felicitas Kukuck est n\u00e9e le 2 novembre 1914, fille du professeur Otto Cohnheim docteur en m\u00e9decine et de son \u00e9pouse, la chanteuse Eva","robots":{"index":"index","follow":"follow","max-snippet":"max-snippet:-1","max-image-preview":"max-image-preview:large","max-video-preview":"max-video-preview:-1"},"canonical":"https:\/\/www.archiv-frau-musik.de\/fr\/felicitas-kukuck-1914-2001","og_locale":"fr_FR","og_type":"article","og_title":"Felicitas Kukuck (1914\u20132001) &#8211; Archiv Frau und Musik","og_description":"Felicitas Kukuck est n\u00e9e le 2 novembre 1914, fille du professeur Otto Cohnheim docteur en m\u00e9decine et de son \u00e9pouse, la chanteuse Eva","og_url":"https:\/\/www.archiv-frau-musik.de\/fr\/felicitas-kukuck-1914-2001","og_site_name":"Archiv Frau und Musik","article_modified_time":"2022-11-12T16:53:03+00:00","og_image":[{"url":"https:\/\/www.archiv-frau-musik.de\/wp-content\/uploads\/2020\/10\/Fotografie-Kukuck-Quelle-Archiv-Frau-und-Musik-792x1024.jpg","type":"","width":"","height":""}],"twitter_card":"summary_large_image","twitter_misc":{"Dur\u00e9e de lecture estim\u00e9e":"8 minutes"},"schema":{"@context":"https:\/\/schema.org","@graph":[{"@type":"WebPage","@id":"https:\/\/www.archiv-frau-musik.de\/fr\/felicitas-kukuck-1914-2001","url":"https:\/\/www.archiv-frau-musik.de\/fr\/felicitas-kukuck-1914-2001","name":"Felicitas Kukuck (1914\u20132001) &#8211; Archiv Frau und Musik","isPartOf":{"@id":"https:\/\/www.archiv-frau-musik.de\/fr\/#website"},"primaryImageOfPage":{"@id":"https:\/\/www.archiv-frau-musik.de\/fr\/felicitas-kukuck-1914-2001#primaryimage"},"image":{"@id":"https:\/\/www.archiv-frau-musik.de\/felicitas-kukuck-1914-2001#primaryimage"},"thumbnailUrl":"https:\/\/www.archiv-frau-musik.de\/wp-content\/uploads\/2020\/10\/Fotografie-Kukuck-Quelle-Archiv-Frau-und-Musik-792x1024.jpg","datePublished":"2020-10-28T18:23:57+00:00","dateModified":"2022-11-12T16:53:03+00:00","description":"Felicitas Kukuck est n\u00e9e le 2 novembre 1914, fille du professeur Otto Cohnheim docteur en m\u00e9decine et de son \u00e9pouse, la chanteuse Eva","breadcrumb":{"@id":"https:\/\/www.archiv-frau-musik.de\/fr\/felicitas-kukuck-1914-2001#breadcrumb"},"inLanguage":"fr-FR","potentialAction":[{"@type":"ReadAction","target":[["https:\/\/www.archiv-frau-musik.de\/fr\/felicitas-kukuck-1914-2001"]]}]},{"@type":"ImageObject","inLanguage":"fr-FR","@id":"https:\/\/www.archiv-frau-musik.de\/fr\/felicitas-kukuck-1914-2001#primaryimage","url":"https:\/\/www.archiv-frau-musik.de\/wp-content\/uploads\/2020\/10\/Fotografie-Kukuck-Quelle-Archiv-Frau-und-Musik-792x1024.jpg","contentUrl":"https:\/\/www.archiv-frau-musik.de\/wp-content\/uploads\/2020\/10\/Fotografie-Kukuck-Quelle-Archiv-Frau-und-Musik-792x1024.jpg"},{"@type":"BreadcrumbList","@id":"https:\/\/www.archiv-frau-musik.de\/fr\/felicitas-kukuck-1914-2001#breadcrumb","itemListElement":[{"@type":"ListItem","position":1,"name":"Startseite","item":"https:\/\/www.archiv-frau-musik.de\/fr\/"},{"@type":"ListItem","position":2,"name":"Felicitas Kukuck (1914\u20132001)"}]},{"@type":"WebSite","@id":"https:\/\/www.archiv-frau-musik.de\/fr\/#website","url":"https:\/\/www.archiv-frau-musik.de\/fr\/","name":"Archiv Frau und Musik","description":"","potentialAction":[{"@type":"SearchAction","target":{"@type":"EntryPoint","urlTemplate":"https:\/\/www.archiv-frau-musik.de\/fr\/?s={search_term_string}"},"query-input":{"@type":"PropertyValueSpecification","valueRequired":true,"valueName":"search_term_string"}}],"inLanguage":"fr-FR"}]}},"_links":{"self":[{"href":"https:\/\/www.archiv-frau-musik.de\/fr\/wp-json\/wp\/v2\/pages\/7599","targetHints":{"allow":["GET"]}}],"collection":[{"href":"https:\/\/www.archiv-frau-musik.de\/fr\/wp-json\/wp\/v2\/pages"}],"about":[{"href":"https:\/\/www.archiv-frau-musik.de\/fr\/wp-json\/wp\/v2\/types\/page"}],"author":[{"embeddable":true,"href":"https:\/\/www.archiv-frau-musik.de\/fr\/wp-json\/wp\/v2\/users\/5"}],"replies":[{"embeddable":true,"href":"https:\/\/www.archiv-frau-musik.de\/fr\/wp-json\/wp\/v2\/comments?post=7599"}],"version-history":[{"count":23,"href":"https:\/\/www.archiv-frau-musik.de\/fr\/wp-json\/wp\/v2\/pages\/7599\/revisions"}],"predecessor-version":[{"id":9591,"href":"https:\/\/www.archiv-frau-musik.de\/fr\/wp-json\/wp\/v2\/pages\/7599\/revisions\/9591"}],"wp:attachment":[{"href":"https:\/\/www.archiv-frau-musik.de\/fr\/wp-json\/wp\/v2\/media?parent=7599"}],"curies":[{"name":"wp","href":"https:\/\/api.w.org\/{rel}","templated":true}]}}