{"id":75,"date":"2010-09-29T23:01:40","date_gmt":"2010-09-29T21:01:40","guid":{"rendered":"http:\/\/www.archiv-frau-musik.de\/cms"},"modified":"2026-01-22T21:43:48","modified_gmt":"2026-01-22T20:43:48","slug":"dienstleistungen","status":"publish","type":"page","link":"https:\/\/www.archiv-frau-musik.de\/fr\/uber-das-archiv\/dienstleistungen","title":{"rendered":"Services"},"content":{"rendered":"<p>L&rsquo;Archive Frau und Musik \u00e0 Francfort-sur-le-Main offre une collection unique sur les musiciennes, les cheffes d&rsquo;orchestre et en particulier les compositrices. Vous \u00eates cordialement invit\u00e9(e) \u00e0 consulter nos collections \u2013 notre catalogue en ligne peu \u00e9galement vous donner un aper\u00e7u. En cas de besoin, il est possible de commander et de faire des copies, dans la mesure o\u00f9 les droits d&rsquo;auteur(e) le permettent. Le pr\u00eat n&rsquo;est pas possible, alors veuillez donc planifier \u00e0 l&rsquo;avance votre visite aux archives, afin que nous puissions mettre \u00e0 disposition les m\u00e9dias que vous recherchez.<\/p>\n<p><a href=\"https:\/\/www.archiv-frau-musik.de\/wp-content\/uploads\/2024\/03\/Gebuehrenordnung_2024.pdf\" target=\"_blank\" rel=\"noopener\">Tarifs de l\u2019Archive Frau und Musik<\/a><\/p>\n<p>Nous proposons \u00e9galement <strong>des conseils professionnels et des recherches sp\u00e9cialis\u00e9es<\/strong> sur les questions relatives aux femmes dans le domaine de la musique.<\/p>\n<p>Nous pouvons vous soutenir dans <strong>la pr\u00e9paration de programmes de concerts<\/strong> et dans <strong>l&rsquo;\u00e9laboration de travaux scientifiques<\/strong>.<\/p>\n<p>L&rsquo;Archive Frau und Musik propose des visites guid\u00e9es de leurs locaux pour diff\u00e9rents groupes et occasions. Sous la direction de professionnels, vous aurez un aper\u00e7u de l&rsquo;ensemble de l\u2019inventaire. Veuillez vous inscrire au pr\u00e9alable afin que nous puissions r\u00e9pondre de mani\u00e8re cibl\u00e9e \u00e0 vos demandes. <strong>Cependant, ce service est actuellement suspendu pour cause de pand\u00e9mie!<\/strong><\/p>\n<p>R\u00e9servez nos coll\u00e8gues pour des <strong>conf\u00e9rences<\/strong> et des <strong>ateliers<\/strong> sur les th\u00e8mes suivants:<\/p>\n<ul>\n<li>Bases de donn\u00e9es et possibilit\u00e9s de recherche dans les \u0153uvres de compositrices (Daniela Weber)<\/li>\n<li>Recherche sur les canons et histoire de la musique f\u00e9minine (Jelena Rothermel)<\/li>\n<li>Histoire de la musique lesbienne (Susanne Wosnitzka)<\/li>\n<li>Conditions professionnelles des femmes cr\u00e9atrices de musique dans le pass\u00e9 et aujourd&rsquo;hui<\/li>\n<li>Programmation de concerts tenant compte de la diversit\u00e9 (Jelena Rothermel)<\/li>\n<li>Aper\u00e7u de l&rsquo;histoire de la musique f\u00e9minine (Susanne Wosnitzka)<\/li>\n<li>Quelques compositrices choisies du 11e au 21e si\u00e8cle (Susanne Wosnitzka)<\/li>\n<li>Et bien d&rsquo;autres encore<\/li>\n<\/ul>\n<p><strong>Vous \u00eates vous-m\u00eame compositrice?<\/strong> Alors envoyez-nous votre mat\u00e9riel (compositions, enregistrements, programmes, articles de presse, etc.)! Nous serions ravis de les recevoir!<\/p>\n<p>Pour que les fonds d&rsquo;archives continuent \u00e0 s&rsquo;enrichir, nous serions heureux de recevoir <strong>des informations, des dons, ou des pr\u00eats permanents<\/strong>. Toute personne poss\u00e9dant d&rsquo;anciennes partitions ou des disques de musique de compositrices, et souhaitant les mettre \u00e0 disposition des archives, est cordialement invit\u00e9e \u00e0 le faire.<\/p>\n<p>Nous proposons \u00e9galement des <strong>stages<\/strong> dans le cadre de vos \u00e9tudes ou de votre formation. N&rsquo;h\u00e9sitez pas \u00e0 vous inscrire en indiquant la p\u00e9riode de votre choix, vos coordonn\u00e9es, et quelques informations personnelles \u00e0 <strong>info(at)archiv-frau-musik.de<\/strong><\/p>","protected":false},"excerpt":{"rendered":"<p>L&rsquo;Archive Frau und Musik \u00e0 Francfort-sur-le-Main offre une collection unique sur les musiciennes, les cheffes d&rsquo;orchestre et en particulier les compositrices. Vous \u00eates cordialement invit\u00e9(e) \u00e0 consulter nos collections \u2013 notre catalogue en ligne peu \u00e9galement vous donner un aper\u00e7u. En cas de besoin, il est possible de commander et de faire des copies, dans &#8230; <a title=\"Services\" class=\"read-more\" href=\"https:\/\/www.archiv-frau-musik.de\/fr\/uber-das-archiv\/dienstleistungen\" aria-label=\"En savoir plus sur Services\">Weiterlesen &#8230;<\/a><\/p>\n","protected":false},"author":5,"featured_media":0,"parent":2,"menu_order":53,"comment_status":"closed","ping_status":"closed","template":"","meta":{"generate_page_header":"","footnotes":""},"class_list":["post-75","page","type-page","status-publish"],"yoast_head":"<!-- This site is optimized with the Yoast SEO plugin v27.4 - https:\/\/yoast.com\/product\/yoast-seo-wordpress\/ -->\n<title>Services &#8211; Archiv Frau und Musik<\/title>\n<meta name=\"description\" content=\"L&#039;Archive Frau und Musik \u00e0 Francfort-sur-le-Main offrent une collection unique sur les femmes musiciennes, en particulier sur compositrices\" \/>\n<meta name=\"robots\" content=\"index, follow, max-snippet:-1, max-image-preview:large, max-video-preview:-1\" \/>\n<link rel=\"canonical\" href=\"https:\/\/www.archiv-frau-musik.de\/fr\/uber-das-archiv\/dienstleistungen\" \/>\n<meta property=\"og:locale\" content=\"fr_FR\" \/>\n<meta property=\"og:type\" content=\"article\" \/>\n<meta property=\"og:title\" content=\"Services &#8211; Archiv Frau und Musik\" \/>\n<meta property=\"og:description\" content=\"L&#039;Archive Frau und Musik \u00e0 Francfort-sur-le-Main offrent une collection unique sur les femmes musiciennes, en particulier sur compositrices\" \/>\n<meta property=\"og:url\" content=\"https:\/\/www.archiv-frau-musik.de\/fr\/uber-das-archiv\/dienstleistungen\" \/>\n<meta property=\"og:site_name\" content=\"Archiv Frau und Musik\" \/>\n<meta property=\"article:modified_time\" content=\"2026-01-22T20:43:48+00:00\" \/>\n<meta name=\"twitter:card\" content=\"summary_large_image\" \/>\n<meta name=\"twitter:label1\" content=\"Dur\u00e9e de lecture estim\u00e9e\" \/>\n\t<meta name=\"twitter:data1\" content=\"1 minute\" \/>\n<script type=\"application\/ld+json\" class=\"yoast-schema-graph\">{\"@context\":\"https:\\\/\\\/schema.org\",\"@graph\":[{\"@type\":\"WebPage\",\"@id\":\"https:\\\/\\\/www.archiv-frau-musik.de\\\/fr\\\/uber-das-archiv\\\/dienstleistungen\",\"url\":\"https:\\\/\\\/www.archiv-frau-musik.de\\\/fr\\\/uber-das-archiv\\\/dienstleistungen\",\"name\":\"Services &#8211; Archiv Frau und Musik\",\"isPartOf\":{\"@id\":\"https:\\\/\\\/www.archiv-frau-musik.de\\\/fr\\\/#website\"},\"datePublished\":\"2010-09-29T21:01:40+00:00\",\"dateModified\":\"2026-01-22T20:43:48+00:00\",\"description\":\"L'Archive Frau und Musik \u00e0 Francfort-sur-le-Main offrent une collection unique sur les femmes musiciennes, en particulier sur compositrices\",\"breadcrumb\":{\"@id\":\"https:\\\/\\\/www.archiv-frau-musik.de\\\/fr\\\/uber-das-archiv\\\/dienstleistungen#breadcrumb\"},\"inLanguage\":\"fr-FR\",\"potentialAction\":[{\"@type\":\"ReadAction\",\"target\":[[\"https:\\\/\\\/www.archiv-frau-musik.de\\\/fr\\\/uber-das-archiv\\\/dienstleistungen\"]]}]},{\"@type\":\"BreadcrumbList\",\"@id\":\"https:\\\/\\\/www.archiv-frau-musik.de\\\/fr\\\/uber-das-archiv\\\/dienstleistungen#breadcrumb\",\"itemListElement\":[{\"@type\":\"ListItem\",\"position\":1,\"name\":\"Startseite\",\"item\":\"https:\\\/\\\/www.archiv-frau-musik.de\\\/fr\\\/\"},{\"@type\":\"ListItem\",\"position\":2,\"name\":\"\u00dcber das Archiv\",\"item\":\"https:\\\/\\\/www.archiv-frau-musik.de\\\/fr\\\/uber-das-archiv\"},{\"@type\":\"ListItem\",\"position\":3,\"name\":\"Dienstleistungen\"}]},{\"@type\":\"WebSite\",\"@id\":\"https:\\\/\\\/www.archiv-frau-musik.de\\\/fr\\\/#website\",\"url\":\"https:\\\/\\\/www.archiv-frau-musik.de\\\/fr\\\/\",\"name\":\"Archiv Frau und Musik\",\"description\":\"\",\"potentialAction\":[{\"@type\":\"SearchAction\",\"target\":{\"@type\":\"EntryPoint\",\"urlTemplate\":\"https:\\\/\\\/www.archiv-frau-musik.de\\\/fr\\\/?s={search_term_string}\"},\"query-input\":{\"@type\":\"PropertyValueSpecification\",\"valueRequired\":true,\"valueName\":\"search_term_string\"}}],\"inLanguage\":\"fr-FR\"}]}<\/script>\n<!-- \/ Yoast SEO plugin. -->","yoast_head_json":{"title":"Services &#8211; Archiv Frau und Musik","description":"L'Archive Frau und Musik \u00e0 Francfort-sur-le-Main offrent une collection unique sur les femmes musiciennes, en particulier sur compositrices","robots":{"index":"index","follow":"follow","max-snippet":"max-snippet:-1","max-image-preview":"max-image-preview:large","max-video-preview":"max-video-preview:-1"},"canonical":"https:\/\/www.archiv-frau-musik.de\/fr\/uber-das-archiv\/dienstleistungen","og_locale":"fr_FR","og_type":"article","og_title":"Services &#8211; Archiv Frau und Musik","og_description":"L'Archive Frau und Musik \u00e0 Francfort-sur-le-Main offrent une collection unique sur les femmes musiciennes, en particulier sur compositrices","og_url":"https:\/\/www.archiv-frau-musik.de\/fr\/uber-das-archiv\/dienstleistungen","og_site_name":"Archiv Frau und Musik","article_modified_time":"2026-01-22T20:43:48+00:00","twitter_card":"summary_large_image","twitter_misc":{"Dur\u00e9e de lecture estim\u00e9e":"1 minute"},"schema":{"@context":"https:\/\/schema.org","@graph":[{"@type":"WebPage","@id":"https:\/\/www.archiv-frau-musik.de\/fr\/uber-das-archiv\/dienstleistungen","url":"https:\/\/www.archiv-frau-musik.de\/fr\/uber-das-archiv\/dienstleistungen","name":"Services &#8211; Archiv Frau und Musik","isPartOf":{"@id":"https:\/\/www.archiv-frau-musik.de\/fr\/#website"},"datePublished":"2010-09-29T21:01:40+00:00","dateModified":"2026-01-22T20:43:48+00:00","description":"L'Archive Frau und Musik \u00e0 Francfort-sur-le-Main offrent une collection unique sur les femmes musiciennes, en particulier sur compositrices","breadcrumb":{"@id":"https:\/\/www.archiv-frau-musik.de\/fr\/uber-das-archiv\/dienstleistungen#breadcrumb"},"inLanguage":"fr-FR","potentialAction":[{"@type":"ReadAction","target":[["https:\/\/www.archiv-frau-musik.de\/fr\/uber-das-archiv\/dienstleistungen"]]}]},{"@type":"BreadcrumbList","@id":"https:\/\/www.archiv-frau-musik.de\/fr\/uber-das-archiv\/dienstleistungen#breadcrumb","itemListElement":[{"@type":"ListItem","position":1,"name":"Startseite","item":"https:\/\/www.archiv-frau-musik.de\/fr\/"},{"@type":"ListItem","position":2,"name":"\u00dcber das Archiv","item":"https:\/\/www.archiv-frau-musik.de\/fr\/uber-das-archiv"},{"@type":"ListItem","position":3,"name":"Dienstleistungen"}]},{"@type":"WebSite","@id":"https:\/\/www.archiv-frau-musik.de\/fr\/#website","url":"https:\/\/www.archiv-frau-musik.de\/fr\/","name":"Archiv Frau und Musik","description":"","potentialAction":[{"@type":"SearchAction","target":{"@type":"EntryPoint","urlTemplate":"https:\/\/www.archiv-frau-musik.de\/fr\/?s={search_term_string}"},"query-input":{"@type":"PropertyValueSpecification","valueRequired":true,"valueName":"search_term_string"}}],"inLanguage":"fr-FR"}]}},"_links":{"self":[{"href":"https:\/\/www.archiv-frau-musik.de\/fr\/wp-json\/wp\/v2\/pages\/75","targetHints":{"allow":["GET"]}}],"collection":[{"href":"https:\/\/www.archiv-frau-musik.de\/fr\/wp-json\/wp\/v2\/pages"}],"about":[{"href":"https:\/\/www.archiv-frau-musik.de\/fr\/wp-json\/wp\/v2\/types\/page"}],"author":[{"embeddable":true,"href":"https:\/\/www.archiv-frau-musik.de\/fr\/wp-json\/wp\/v2\/users\/5"}],"replies":[{"embeddable":true,"href":"https:\/\/www.archiv-frau-musik.de\/fr\/wp-json\/wp\/v2\/comments?post=75"}],"version-history":[{"count":58,"href":"https:\/\/www.archiv-frau-musik.de\/fr\/wp-json\/wp\/v2\/pages\/75\/revisions"}],"predecessor-version":[{"id":16124,"href":"https:\/\/www.archiv-frau-musik.de\/fr\/wp-json\/wp\/v2\/pages\/75\/revisions\/16124"}],"up":[{"embeddable":true,"href":"https:\/\/www.archiv-frau-musik.de\/fr\/wp-json\/wp\/v2\/pages\/2"}],"wp:attachment":[{"href":"https:\/\/www.archiv-frau-musik.de\/fr\/wp-json\/wp\/v2\/media?parent=75"}],"curies":[{"name":"wp","href":"https:\/\/api.w.org\/{rel}","templated":true}]}}