{"id":7415,"date":"2020-09-16T11:15:01","date_gmt":"2020-09-16T09:15:01","guid":{"rendered":"https:\/\/www.archiv-frau-musik.de\/?page_id=7415"},"modified":"2025-06-03T11:56:20","modified_gmt":"2025-06-03T09:56:20","slug":"chorpraxis-1-november-2020","status":"publish","type":"page","link":"https:\/\/www.archiv-frau-musik.de\/fr\/chorpraxis-1-november-2020","title":{"rendered":"Pratique de chorale | 1er novembre 2020"},"content":{"rendered":"<p><em>Du 29 octobre au 1er novembre 2020, l&rsquo;Archive Frau und Musik a organis\u00e9 un congr\u00e8s en ligne sur la musique chorale de compositrices. Le contenu du 1<sup>er<\/sup> novembre 2020 peut \u00eatre consult\u00e9 sur cette page.<\/em><\/p>\n<p>La quatri\u00e8me journ\u00e9e chorale est pass\u00e9e \u00e0 la pratique! Mary Ellen Kitchens (Archive Frau und Musik) a interview\u00e9 la compositrice am\u00e9ricaine Karen Siegel qui, outre de nombreuses \u0153uvres chorales, a \u00e9galement cr\u00e9\u00e9 des compositions pour &lsquo;ch\u0153ur \u00e0 distance&rsquo; pour des livestreams en ligne ou des vid\u00e9oconf\u00e9rences. Dans <em>Here I Am<\/em> et sa nouvelle \u0153uvre <em>Meditation<\/em>, Karen Siegel travaille avec la latence et le retard si typiques des plateformes en ligne: \u00ab\u00a0<em>Here I am<\/em> est mon cadeau \u00e0 la communaut\u00e9 chorale, et est d\u00e9di\u00e9 \u00e0 tous ceux qui se sont mis en quarantaine ou isol\u00e9s pendant cette pand\u00e9mie.\u00a0\u00bb Outre Karen Siegel, le compositeur Alberto Arroyo a fait part de son exp\u00e9rience de la musique et des mondes num\u00e9riques. Les interviews ont \u00e9t\u00e9 men\u00e9es en anglais.<\/p>\n<div id='gallery-5' class='gallery galleryid-7415 gallery-columns-4 gallery-size-thumbnail'><figure class='gallery-item'>\n\t\t\t<div class='gallery-icon landscape'>\n\t\t\t\t<a href='https:\/\/www.archiv-frau-musik.de\/fr\/karen-siegel'><img loading=\"lazy\" decoding=\"async\" width=\"150\" height=\"150\" src=\"https:\/\/www.archiv-frau-musik.de\/wp-content\/uploads\/2020\/10\/Karen-Siegel-150x150.jpg\" class=\"attachment-thumbnail size-thumbnail\" alt=\"Karen Siegel\" aria-describedby=\"gallery-5-7526\" srcset=\"https:\/\/www.archiv-frau-musik.de\/wp-content\/uploads\/2020\/10\/Karen-Siegel-150x150.jpg 150w, https:\/\/www.archiv-frau-musik.de\/wp-content\/uploads\/2020\/10\/Karen-Siegel-45x45.jpg 45w\" sizes=\"auto, (max-width: 150px) 100vw, 150px\" \/><\/a>\n\t\t\t<\/div>\n\t\t\t\t<figcaption class='wp-caption-text gallery-caption' id='gallery-5-7526'>\n\t\t\t\tKaren Siegel\n\t\t\t\t<\/figcaption><\/figure><figure class='gallery-item'>\n\t\t\t<div class='gallery-icon landscape'>\n\t\t\t\t<a href='https:\/\/www.archiv-frau-musik.de\/fr\/alberto-arroyo'><img loading=\"lazy\" decoding=\"async\" width=\"150\" height=\"150\" src=\"https:\/\/www.archiv-frau-musik.de\/wp-content\/uploads\/2020\/10\/Alberto-Arroyo-150x150.jpg\" class=\"attachment-thumbnail size-thumbnail\" alt=\"Alberto Arroyo\" aria-describedby=\"gallery-5-7522\" srcset=\"https:\/\/www.archiv-frau-musik.de\/wp-content\/uploads\/2020\/10\/Alberto-Arroyo-150x150.jpg 150w, https:\/\/www.archiv-frau-musik.de\/wp-content\/uploads\/2020\/10\/Alberto-Arroyo-45x45.jpg 45w\" sizes=\"auto, (max-width: 150px) 100vw, 150px\" \/><\/a>\n\t\t\t<\/div>\n\t\t\t\t<figcaption class='wp-caption-text gallery-caption' id='gallery-5-7522'>\n\t\t\t\tAlberto Arroyo\n\t\t\t\t<\/figcaption><\/figure><figure class='gallery-item'>\n\t\t\t<div class='gallery-icon landscape'>\n\t\t\t\t<a href='https:\/\/www.archiv-frau-musik.de\/fr\/vorstand-iak-frau-und-musik-2\/mareike_hilbrig_a#main'><img loading=\"lazy\" decoding=\"async\" width=\"150\" height=\"150\" src=\"https:\/\/www.archiv-frau-musik.de\/wp-content\/uploads\/2020\/10\/Mareike_Hilbrig_A-150x150.jpg\" class=\"attachment-thumbnail size-thumbnail\" alt=\"Mareike Hilbrig\" aria-describedby=\"gallery-5-7528\" srcset=\"https:\/\/www.archiv-frau-musik.de\/wp-content\/uploads\/2020\/10\/Mareike_Hilbrig_A-150x150.jpg 150w, https:\/\/www.archiv-frau-musik.de\/wp-content\/uploads\/2020\/10\/Mareike_Hilbrig_A-45x45.jpg 45w\" sizes=\"auto, (max-width: 150px) 100vw, 150px\" \/><\/a>\n\t\t\t<\/div>\n\t\t\t\t<figcaption class='wp-caption-text gallery-caption' id='gallery-5-7528'>\n\t\t\t\tMareike Hilbrig\n\t\t\t\t<\/figcaption><\/figure><figure class='gallery-item'>\n\t\t\t<div class='gallery-icon landscape'>\n\t\t\t\t<a href='https:\/\/www.archiv-frau-musik.de\/fr\/munich-international-choral-society'><img loading=\"lazy\" decoding=\"async\" width=\"150\" height=\"150\" src=\"https:\/\/www.archiv-frau-musik.de\/wp-content\/uploads\/2020\/10\/munich-international-choral-society-150x150.jpg\" class=\"attachment-thumbnail size-thumbnail\" alt=\"Mary Ellen Kitchens mit der MICS\" aria-describedby=\"gallery-5-7531\" srcset=\"https:\/\/www.archiv-frau-musik.de\/wp-content\/uploads\/2020\/10\/munich-international-choral-society-150x150.jpg 150w, https:\/\/www.archiv-frau-musik.de\/wp-content\/uploads\/2020\/10\/munich-international-choral-society-45x45.jpg 45w\" sizes=\"auto, (max-width: 150px) 100vw, 150px\" \/><\/a>\n\t\t\t<\/div>\n\t\t\t\t<figcaption class='wp-caption-text gallery-caption' id='gallery-5-7531'>\n\t\t\t\tMary Ellen Kitchens avec le ch\u0153ur MICS \n\t\t\t\t<\/figcaption><\/figure>\n\t\t<\/div>\n\n<p>1<sup>er<\/sup> novembre 2020, 15h:<\/p>\n<p>Interview de Mary Ellen Kitchens avec la compositrice Karen Siegel et le compositeur Alberto Arroyo (en anglais), 30:17 minutes: Interview Alberto Arroyo<\/p>\n<div class=\"lyte-wrapper\" style=\"width:640px;max-width:100%;margin:5px auto;\"><div class=\"lyMe\" id=\"WYL_PgkPa-fYx64\"><div id=\"lyte_PgkPa-fYx64\" data-src=\"https:\/\/www.archiv-frau-musik.de\/wp-content\/plugins\/wp-youtube-lyte\/lyteCache.php?origThumbUrl=%2F%2Fi.ytimg.com%2Fvi%2FPgkPa-fYx64%2Fhqdefault.jpg\" class=\"pL\"><div class=\"tC\"><div class=\"tT\"><\/div><\/div><div class=\"play\"><\/div><div class=\"ctrl\"><div class=\"Lctrl\"><\/div><div class=\"Rctrl\"><\/div><\/div><\/div><noscript><a href=\"https:\/\/youtu.be\/PgkPa-fYx64\" rel=\"nofollow\"><img loading=\"lazy\" decoding=\"async\" src=\"https:\/\/www.archiv-frau-musik.de\/wp-content\/plugins\/wp-youtube-lyte\/lyteCache.php?origThumbUrl=https%3A%2F%2Fi.ytimg.com%2Fvi%2FPgkPa-fYx64%2F0.jpg\" alt=\"YouTube video thumbnail\" width=\"640\" height=\"340\" \/><br \/>Lire cette vid\u00e9o sur YouTube<\/a><\/noscript><\/div><\/div><div class=\"lL\" style=\"max-width:100%;width:640px;margin:5px auto;\"><br\/><span class=\"lyte_disclaimer\">Wenn Sie dieses Video ansehen, erkl\u00e4ren Sie sich einverstanden mit den <a href=\"https:\/\/www.youtube.com\/intl\/ALL_de\/howyoutubeworks\/our-commitments\/protecting-user-data\/?utm_campaign=1008960&amp;utm_source=paidsearch&amp;yt_product=ytgen&amp;yt_goal=eng&amp;utm_medium=googlesearch&amp;utm_content=txt&amp;yt_campaign_id=hyw&amp;yt_creative_id=&amp;utm_keyword=youtube%20datenschutz%20nutzer%20richtlinien&amp;utm_matchtype=e\">Datenschutzrichtlinen<\/a> von Youtube.<\/span><\/div><\/p>\n<p>En guise de finale, une r\u00e9p\u00e9tition chorale num\u00e9rique a eu lieu avec l&rsquo;ensemble <em>Wohin?<\/em>, un projet de ch\u0153ur de Marbourg dirig\u00e9 par Mareike Hilbrig, et la Munich International Choral Society avec Mary Ellen Kitchens. Il a \u00e9t\u00e9 possible de d\u00e9couvrir comment, m\u00eame en p\u00e9riode de distanciation sociale, il est possible de chanter ensemble de la musique de compositrices. L&rsquo;\u0153uvre principale de cette r\u00e9p\u00e9tition \u00e9tait le cycle chorale <em>Wohin ich immer reise<\/em> d&rsquo;Erna Woll (1917\u20132005), dans lequel elle a mis en musique des po\u00e8mes sur la perte de la patrie et la fuite de Mascha Kal\u00e9ko (1907\u20131975). En chantant cette \u0153uvre, le th\u00e8me des journ\u00e9es chorales num\u00e9riques <a href=\"https:\/\/www.archiv-frau-musik.de\/fr\/digitale-chortage-ortswechsel-chormusik-von-komponistinnen\"><em>#Ortswechsel<\/em><\/a> (changement de lieu) a \u00e9t\u00e9 \u00e0 nouveau v\u00e9cu de mani\u00e8re impressionnante.<\/p>\n<figure id=\"attachment_7595\" aria-describedby=\"caption-attachment-7595\" style=\"width: 290px\" class=\"wp-caption aligncenter\"><a href=\"https:\/\/www.archiv-frau-musik.de\/wp-content\/uploads\/2020\/10\/Erna-Woll-Ensemble_Pressefoto_18.10.2020_Fotograf_FrankWagner_IMG_7904-scaled.jpg\"><img loading=\"lazy\" decoding=\"async\" class=\"wp-image-7595 size-medium\" src=\"https:\/\/www.archiv-frau-musik.de\/wp-content\/uploads\/2020\/10\/Erna-Woll-Ensemble_Pressefoto_18.10.2020_Fotograf_FrankWagner_IMG_7904-300x188.jpg\" alt=\"L'ensemble Erna-Woll de Marburg &quot;Wohin?&quot;\" width=\"300\" height=\"188\" srcset=\"https:\/\/www.archiv-frau-musik.de\/wp-content\/uploads\/2020\/10\/Erna-Woll-Ensemble_Pressefoto_18.10.2020_Fotograf_FrankWagner_IMG_7904-300x188.jpg 300w, https:\/\/www.archiv-frau-musik.de\/wp-content\/uploads\/2020\/10\/Erna-Woll-Ensemble_Pressefoto_18.10.2020_Fotograf_FrankWagner_IMG_7904-1024x640.jpg 1024w, https:\/\/www.archiv-frau-musik.de\/wp-content\/uploads\/2020\/10\/Erna-Woll-Ensemble_Pressefoto_18.10.2020_Fotograf_FrankWagner_IMG_7904-768x480.jpg 768w, https:\/\/www.archiv-frau-musik.de\/wp-content\/uploads\/2020\/10\/Erna-Woll-Ensemble_Pressefoto_18.10.2020_Fotograf_FrankWagner_IMG_7904-1536x960.jpg 1536w, https:\/\/www.archiv-frau-musik.de\/wp-content\/uploads\/2020\/10\/Erna-Woll-Ensemble_Pressefoto_18.10.2020_Fotograf_FrankWagner_IMG_7904-2048x1280.jpg 2048w\" sizes=\"auto, (max-width: 300px) 100vw, 300px\" \/><\/a><figcaption id=\"caption-attachment-7595\" class=\"wp-caption-text\">L&rsquo;ensemble Erna-Woll de Marburg \u00ab\u00a0Wohin?\u00a0\u00bb<\/figcaption><\/figure>\n<p>1<sup>er<\/sup> novembre 2020, 16h:<\/p>\n<p>R\u00e9p\u00e9tition chorale num\u00e9rique avec l&rsquo;ensemble <em>Wohin?<\/em> (Marburger ProjektChor, direction: Mareike Hilbrig) et la Munich International Choral Society (direction: Mary Ellen Kitchens)<\/p>\n<div class=\"lyte-wrapper\" style=\"width:640px;max-width:100%;margin:5px auto;\"><div class=\"lyMe\" id=\"WYL_mleRf_kdxL8\"><div id=\"lyte_mleRf_kdxL8\" data-src=\"https:\/\/www.archiv-frau-musik.de\/wp-content\/plugins\/wp-youtube-lyte\/lyteCache.php?origThumbUrl=%2F%2Fi.ytimg.com%2Fvi%2FmleRf_kdxL8%2Fhqdefault.jpg\" class=\"pL\"><div class=\"tC\"><div class=\"tT\"><\/div><\/div><div class=\"play\"><\/div><div class=\"ctrl\"><div class=\"Lctrl\"><\/div><div class=\"Rctrl\"><\/div><\/div><\/div><noscript><a href=\"https:\/\/youtu.be\/mleRf_kdxL8\" rel=\"nofollow\"><img loading=\"lazy\" decoding=\"async\" src=\"https:\/\/www.archiv-frau-musik.de\/wp-content\/plugins\/wp-youtube-lyte\/lyteCache.php?origThumbUrl=https%3A%2F%2Fi.ytimg.com%2Fvi%2FmleRf_kdxL8%2F0.jpg\" alt=\"YouTube video thumbnail\" width=\"640\" height=\"340\" \/><br \/>Lire cette vid\u00e9o sur YouTube<\/a><\/noscript><\/div><\/div><div class=\"lL\" style=\"max-width:100%;width:640px;margin:5px auto;\"><br\/><span class=\"lyte_disclaimer\">Wenn Sie dieses Video ansehen, erkl\u00e4ren Sie sich einverstanden mit den <a href=\"https:\/\/www.youtube.com\/intl\/ALL_de\/howyoutubeworks\/our-commitments\/protecting-user-data\/?utm_campaign=1008960&amp;utm_source=paidsearch&amp;yt_product=ytgen&amp;yt_goal=eng&amp;utm_medium=googlesearch&amp;utm_content=txt&amp;yt_campaign_id=hyw&amp;yt_creative_id=&amp;utm_keyword=youtube%20datenschutz%20nutzer%20richtlinien&amp;utm_matchtype=e\">Datenschutzrichtlinen<\/a> von Youtube.<\/span><\/div><\/p>\n<p>Un grand merci \u00e0 Meggie George, Charlotte B\u00f6sling, et Frank Wagner pour leur travail sur les vid\u00e9os des ch\u0153urs pour la r\u00e9p\u00e9tition de chorale num\u00e9rique!<\/p>\n<p>Enregistrement des r\u00e9p\u00e9titions <em>Wohin?<\/em> ensemble de Marburg: Frank Wagner 2020.<br \/>\nEnregistrement th\u00e9\u00e2tral: Charlotte B\u00f6sling, extrait de <em>Home is where the Heart is<\/em> de Rolf Michenfelder 2019, Theater neben dem Turm, Marburg.<br \/>\nEnregistrement de r\u00e9p\u00e9titions MiCS et montage: Meggie George 2020.<\/p>\n<p>En se concentrant sur la pratique chorale, les Archives Frau und Musik souhaitent notamment attirer l&rsquo;attention sur la situation difficile des ch\u0153urs pendant la pand\u00e9mie de Coronavirus. Le magazine vocal <em>Choralzeit<\/em> a rassembl\u00e9 cette ann\u00e9e des vid\u00e9os de ch\u0153urs qui ont fait face \u00e0 cette situation difficile de mani\u00e8re particuli\u00e8rement cr\u00e9ative. Via la cha\u00eene YouTube des Archives Frau und Musik, vous trouverez une playlist des vid\u00e9os, ou vous pouvez cliquer directement ici:<\/p>\n<div class=\"lyte-wrapper\" style=\"width:640px;max-width:100%;margin:5px auto;\"><div class=\"lyMe\" id=\"WYL_LHHnLT411xA\"><div id=\"lyte_LHHnLT411xA\" data-src=\"https:\/\/www.archiv-frau-musik.de\/wp-content\/plugins\/wp-youtube-lyte\/lyteCache.php?origThumbUrl=%2F%2Fi.ytimg.com%2Fvi%2FLHHnLT411xA%2Fhqdefault.jpg\" class=\"pL\"><div class=\"tC\"><div class=\"tT\"><\/div><\/div><div class=\"play\"><\/div><div class=\"ctrl\"><div class=\"Lctrl\"><\/div><div class=\"Rctrl\"><\/div><\/div><\/div><noscript><a href=\"https:\/\/youtu.be\/LHHnLT411xA\" rel=\"nofollow\"><img loading=\"lazy\" decoding=\"async\" src=\"https:\/\/www.archiv-frau-musik.de\/wp-content\/plugins\/wp-youtube-lyte\/lyteCache.php?origThumbUrl=https%3A%2F%2Fi.ytimg.com%2Fvi%2FLHHnLT411xA%2F0.jpg\" alt=\"YouTube video thumbnail\" width=\"640\" height=\"340\" \/><br \/>Lire cette vid\u00e9o sur YouTube<\/a><\/noscript><\/div><\/div><div class=\"lL\" style=\"max-width:100%;width:640px;margin:5px auto;\"><br\/><span class=\"lyte_disclaimer\">Wenn Sie dieses Video ansehen, erkl\u00e4ren Sie sich einverstanden mit den <a href=\"https:\/\/www.youtube.com\/intl\/ALL_de\/howyoutubeworks\/our-commitments\/protecting-user-data\/?utm_campaign=1008960&amp;utm_source=paidsearch&amp;yt_product=ytgen&amp;yt_goal=eng&amp;utm_medium=googlesearch&amp;utm_content=txt&amp;yt_campaign_id=hyw&amp;yt_creative_id=&amp;utm_keyword=youtube%20datenschutz%20nutzer%20richtlinien&amp;utm_matchtype=e\">Datenschutzrichtlinen<\/a> von Youtube.<\/span><\/div><\/p>\n<p>Les Archives Frau und Musik remercient le Minist\u00e8re f\u00e9d\u00e9ral de la Famille, des Personnes \u00e2g\u00e9es, des Femmes et de la Jeunesse, les Archives digitales allemandes des femmes, ainsi que leur partenaire m\u00e9dia <em>Chorzeit<\/em>, le magazine vocal.<\/p>","protected":false},"excerpt":{"rendered":"<p>Du 29 octobre au 1er novembre 2020, l&rsquo;Archive Frau und Musik a organis\u00e9 un congr\u00e8s en ligne sur la musique chorale de compositrices. Le contenu du 1er novembre 2020 peut \u00eatre consult\u00e9 sur cette page. La quatri\u00e8me journ\u00e9e chorale est pass\u00e9e \u00e0 la pratique! Mary Ellen Kitchens (Archive Frau und Musik) a interview\u00e9 la compositrice &#8230; <a title=\"Pratique de chorale | 1er novembre 2020\" class=\"read-more\" href=\"https:\/\/www.archiv-frau-musik.de\/fr\/chorpraxis-1-november-2020\" aria-label=\"En savoir plus sur Pratique de chorale | 1er novembre 2020\">Weiterlesen &#8230;<\/a><\/p>\n","protected":false},"author":5,"featured_media":0,"parent":0,"menu_order":0,"comment_status":"closed","ping_status":"closed","template":"","meta":{"generate_page_header":"","footnotes":""},"class_list":["post-7415","page","type-page","status-publish"],"yoast_head":"<!-- This site is optimized with the Yoast SEO plugin v27.4 - https:\/\/yoast.com\/product\/yoast-seo-wordpress\/ -->\n<title>Pratique de chorale | 1er novembre 2020<\/title>\n<meta name=\"description\" content=\"La quatri\u00e8me journ\u00e9e chorale est pass\u00e9e \u00e0 la pratique! Mary Ellen Kitchens (Archive Frau und Musik) a interview\u00e9 la compositrice am\u00e9ricaine\" \/>\n<meta name=\"robots\" content=\"index, follow, max-snippet:-1, max-image-preview:large, max-video-preview:-1\" \/>\n<link rel=\"canonical\" href=\"https:\/\/www.archiv-frau-musik.de\/fr\/chorpraxis-1-november-2020\" \/>\n<meta property=\"og:locale\" content=\"fr_FR\" \/>\n<meta property=\"og:type\" content=\"article\" \/>\n<meta property=\"og:title\" content=\"Pratique de chorale | 1er novembre 2020\" \/>\n<meta property=\"og:description\" content=\"La quatri\u00e8me journ\u00e9e chorale est pass\u00e9e \u00e0 la pratique! Mary Ellen Kitchens (Archive Frau und Musik) a interview\u00e9 la compositrice am\u00e9ricaine\" \/>\n<meta property=\"og:url\" content=\"https:\/\/www.archiv-frau-musik.de\/fr\/chorpraxis-1-november-2020\" \/>\n<meta property=\"og:site_name\" content=\"Archiv Frau und Musik\" \/>\n<meta property=\"article:modified_time\" content=\"2025-06-03T09:56:20+00:00\" \/>\n<meta property=\"og:image\" content=\"https:\/\/www.archiv-frau-musik.de\/wp-content\/uploads\/2020\/10\/Karen-Siegel-150x150.jpg\" \/>\n<meta name=\"twitter:card\" content=\"summary_large_image\" \/>\n<meta name=\"twitter:label1\" content=\"Dur\u00e9e de lecture estim\u00e9e\" \/>\n\t<meta name=\"twitter:data1\" content=\"3 minutes\" \/>\n<script type=\"application\/ld+json\" class=\"yoast-schema-graph\">{\"@context\":\"https:\\\/\\\/schema.org\",\"@graph\":[{\"@type\":\"WebPage\",\"@id\":\"https:\\\/\\\/www.archiv-frau-musik.de\\\/fr\\\/chorpraxis-1-november-2020\",\"url\":\"https:\\\/\\\/www.archiv-frau-musik.de\\\/fr\\\/chorpraxis-1-november-2020\",\"name\":\"Pratique de chorale | 1er novembre 2020\",\"isPartOf\":{\"@id\":\"https:\\\/\\\/www.archiv-frau-musik.de\\\/fr\\\/#website\"},\"primaryImageOfPage\":{\"@id\":\"https:\\\/\\\/www.archiv-frau-musik.de\\\/fr\\\/chorpraxis-1-november-2020#primaryimage\"},\"image\":{\"@id\":\"https:\\\/\\\/www.archiv-frau-musik.de\\\/chorpraxis-1-november-2020#primaryimage\"},\"thumbnailUrl\":\"https:\\\/\\\/www.archiv-frau-musik.de\\\/wp-content\\\/uploads\\\/2020\\\/10\\\/Erna-Woll-Ensemble_Pressefoto_18.10.2020_Fotograf_FrankWagner_IMG_7904-300x188.jpg\",\"datePublished\":\"2020-09-16T09:15:01+00:00\",\"dateModified\":\"2025-06-03T09:56:20+00:00\",\"description\":\"La quatri\u00e8me journ\u00e9e chorale est pass\u00e9e \u00e0 la pratique! Mary Ellen Kitchens (Archive Frau und Musik) a interview\u00e9 la compositrice am\u00e9ricaine\",\"breadcrumb\":{\"@id\":\"https:\\\/\\\/www.archiv-frau-musik.de\\\/fr\\\/chorpraxis-1-november-2020#breadcrumb\"},\"inLanguage\":\"fr-FR\",\"potentialAction\":[{\"@type\":\"ReadAction\",\"target\":[[\"https:\\\/\\\/www.archiv-frau-musik.de\\\/fr\\\/chorpraxis-1-november-2020\"]]}]},{\"@type\":\"ImageObject\",\"inLanguage\":\"fr-FR\",\"@id\":\"https:\\\/\\\/www.archiv-frau-musik.de\\\/fr\\\/chorpraxis-1-november-2020#primaryimage\",\"url\":\"https:\\\/\\\/www.archiv-frau-musik.de\\\/wp-content\\\/uploads\\\/2020\\\/10\\\/Erna-Woll-Ensemble_Pressefoto_18.10.2020_Fotograf_FrankWagner_IMG_7904-300x188.jpg\",\"contentUrl\":\"https:\\\/\\\/www.archiv-frau-musik.de\\\/wp-content\\\/uploads\\\/2020\\\/10\\\/Erna-Woll-Ensemble_Pressefoto_18.10.2020_Fotograf_FrankWagner_IMG_7904-300x188.jpg\"},{\"@type\":\"BreadcrumbList\",\"@id\":\"https:\\\/\\\/www.archiv-frau-musik.de\\\/fr\\\/chorpraxis-1-november-2020#breadcrumb\",\"itemListElement\":[{\"@type\":\"ListItem\",\"position\":1,\"name\":\"Startseite\",\"item\":\"https:\\\/\\\/www.archiv-frau-musik.de\\\/fr\\\/\"},{\"@type\":\"ListItem\",\"position\":2,\"name\":\"Chorpraxis | 1. November 2020\"}]},{\"@type\":\"WebSite\",\"@id\":\"https:\\\/\\\/www.archiv-frau-musik.de\\\/fr\\\/#website\",\"url\":\"https:\\\/\\\/www.archiv-frau-musik.de\\\/fr\\\/\",\"name\":\"Archiv Frau und Musik\",\"description\":\"\",\"potentialAction\":[{\"@type\":\"SearchAction\",\"target\":{\"@type\":\"EntryPoint\",\"urlTemplate\":\"https:\\\/\\\/www.archiv-frau-musik.de\\\/fr\\\/?s={search_term_string}\"},\"query-input\":{\"@type\":\"PropertyValueSpecification\",\"valueRequired\":true,\"valueName\":\"search_term_string\"}}],\"inLanguage\":\"fr-FR\"}]}<\/script>\n<!-- \/ Yoast SEO plugin. -->","yoast_head_json":{"title":"Pratique de chorale | 1er novembre 2020","description":"La quatri\u00e8me journ\u00e9e chorale est pass\u00e9e \u00e0 la pratique! Mary Ellen Kitchens (Archive Frau und Musik) a interview\u00e9 la compositrice am\u00e9ricaine","robots":{"index":"index","follow":"follow","max-snippet":"max-snippet:-1","max-image-preview":"max-image-preview:large","max-video-preview":"max-video-preview:-1"},"canonical":"https:\/\/www.archiv-frau-musik.de\/fr\/chorpraxis-1-november-2020","og_locale":"fr_FR","og_type":"article","og_title":"Pratique de chorale | 1er novembre 2020","og_description":"La quatri\u00e8me journ\u00e9e chorale est pass\u00e9e \u00e0 la pratique! Mary Ellen Kitchens (Archive Frau und Musik) a interview\u00e9 la compositrice am\u00e9ricaine","og_url":"https:\/\/www.archiv-frau-musik.de\/fr\/chorpraxis-1-november-2020","og_site_name":"Archiv Frau und Musik","article_modified_time":"2025-06-03T09:56:20+00:00","og_image":[{"url":"https:\/\/www.archiv-frau-musik.de\/wp-content\/uploads\/2020\/10\/Karen-Siegel-150x150.jpg","type":"","width":"","height":""}],"twitter_card":"summary_large_image","twitter_misc":{"Dur\u00e9e de lecture estim\u00e9e":"3 minutes"},"schema":{"@context":"https:\/\/schema.org","@graph":[{"@type":"WebPage","@id":"https:\/\/www.archiv-frau-musik.de\/fr\/chorpraxis-1-november-2020","url":"https:\/\/www.archiv-frau-musik.de\/fr\/chorpraxis-1-november-2020","name":"Pratique de chorale | 1er novembre 2020","isPartOf":{"@id":"https:\/\/www.archiv-frau-musik.de\/fr\/#website"},"primaryImageOfPage":{"@id":"https:\/\/www.archiv-frau-musik.de\/fr\/chorpraxis-1-november-2020#primaryimage"},"image":{"@id":"https:\/\/www.archiv-frau-musik.de\/chorpraxis-1-november-2020#primaryimage"},"thumbnailUrl":"https:\/\/www.archiv-frau-musik.de\/wp-content\/uploads\/2020\/10\/Erna-Woll-Ensemble_Pressefoto_18.10.2020_Fotograf_FrankWagner_IMG_7904-300x188.jpg","datePublished":"2020-09-16T09:15:01+00:00","dateModified":"2025-06-03T09:56:20+00:00","description":"La quatri\u00e8me journ\u00e9e chorale est pass\u00e9e \u00e0 la pratique! Mary Ellen Kitchens (Archive Frau und Musik) a interview\u00e9 la compositrice am\u00e9ricaine","breadcrumb":{"@id":"https:\/\/www.archiv-frau-musik.de\/fr\/chorpraxis-1-november-2020#breadcrumb"},"inLanguage":"fr-FR","potentialAction":[{"@type":"ReadAction","target":[["https:\/\/www.archiv-frau-musik.de\/fr\/chorpraxis-1-november-2020"]]}]},{"@type":"ImageObject","inLanguage":"fr-FR","@id":"https:\/\/www.archiv-frau-musik.de\/fr\/chorpraxis-1-november-2020#primaryimage","url":"https:\/\/www.archiv-frau-musik.de\/wp-content\/uploads\/2020\/10\/Erna-Woll-Ensemble_Pressefoto_18.10.2020_Fotograf_FrankWagner_IMG_7904-300x188.jpg","contentUrl":"https:\/\/www.archiv-frau-musik.de\/wp-content\/uploads\/2020\/10\/Erna-Woll-Ensemble_Pressefoto_18.10.2020_Fotograf_FrankWagner_IMG_7904-300x188.jpg"},{"@type":"BreadcrumbList","@id":"https:\/\/www.archiv-frau-musik.de\/fr\/chorpraxis-1-november-2020#breadcrumb","itemListElement":[{"@type":"ListItem","position":1,"name":"Startseite","item":"https:\/\/www.archiv-frau-musik.de\/fr\/"},{"@type":"ListItem","position":2,"name":"Chorpraxis | 1. November 2020"}]},{"@type":"WebSite","@id":"https:\/\/www.archiv-frau-musik.de\/fr\/#website","url":"https:\/\/www.archiv-frau-musik.de\/fr\/","name":"Archiv Frau und Musik","description":"","potentialAction":[{"@type":"SearchAction","target":{"@type":"EntryPoint","urlTemplate":"https:\/\/www.archiv-frau-musik.de\/fr\/?s={search_term_string}"},"query-input":{"@type":"PropertyValueSpecification","valueRequired":true,"valueName":"search_term_string"}}],"inLanguage":"fr-FR"}]}},"_links":{"self":[{"href":"https:\/\/www.archiv-frau-musik.de\/fr\/wp-json\/wp\/v2\/pages\/7415","targetHints":{"allow":["GET"]}}],"collection":[{"href":"https:\/\/www.archiv-frau-musik.de\/fr\/wp-json\/wp\/v2\/pages"}],"about":[{"href":"https:\/\/www.archiv-frau-musik.de\/fr\/wp-json\/wp\/v2\/types\/page"}],"author":[{"embeddable":true,"href":"https:\/\/www.archiv-frau-musik.de\/fr\/wp-json\/wp\/v2\/users\/5"}],"replies":[{"embeddable":true,"href":"https:\/\/www.archiv-frau-musik.de\/fr\/wp-json\/wp\/v2\/comments?post=7415"}],"version-history":[{"count":53,"href":"https:\/\/www.archiv-frau-musik.de\/fr\/wp-json\/wp\/v2\/pages\/7415\/revisions"}],"predecessor-version":[{"id":14252,"href":"https:\/\/www.archiv-frau-musik.de\/fr\/wp-json\/wp\/v2\/pages\/7415\/revisions\/14252"}],"wp:attachment":[{"href":"https:\/\/www.archiv-frau-musik.de\/fr\/wp-json\/wp\/v2\/media?parent=7415"}],"curies":[{"name":"wp","href":"https:\/\/api.w.org\/{rel}","templated":true}]}}