{"id":6978,"date":"2019-09-23T09:40:47","date_gmt":"2019-09-23T07:40:47","guid":{"rendered":"https:\/\/www.archiv-frau-musik.de\/?page_id=6978"},"modified":"2026-01-22T22:00:29","modified_gmt":"2026-01-22T21:00:29","slug":"parfumo","status":"publish","type":"page","link":"https:\/\/www.archiv-frau-musik.de\/fr\/parfumo","title":{"rendered":"#PARFUMO"},"content":{"rendered":"<p>En 2018, le projet <strong><em>PARFUMO: Projekt Archiv Frau und Musik Online<\/em><\/strong> \u2013 a \u00e9t\u00e9 r\u00e9alis\u00e9. L&rsquo;objectif \u00e9tait de num\u00e9riser et de rendre accessible une s\u00e9lection d&rsquo;archives et de pi\u00e8ces d&rsquo;exposition (dont des instruments de musique, des partitions, des documents \u00e9crits, des affiches, des images, et du mat\u00e9riel audio et vid\u00e9o) provenant des archives. En outre, <a href=\"https:\/\/www.archiv-frau-musik.de\/fr\/vivavoce\">la revue <em>VivaVoce<\/em><\/a>, publi\u00e9e par le Internationaler Arbeitskreis Frau und Musik e. V., ainsi que la publication pr\u00e9c\u00e9dente <em>Info. Archivnachrichten<\/em>, ont \u00e9t\u00e9 enti\u00e8rement num\u00e9ris\u00e9es. Tous les m\u00e9dias num\u00e9ris\u00e9s ont \u00e9t\u00e9 int\u00e9gr\u00e9s au fur et \u00e0 mesure \u2013 en fonction de la situation des droits d\u2019auteurs \u2013 dans le catalogue <a href=\"https:\/\/www.meta-katalog.eu\/\" target=\"_blank\" rel=\"noopener\">collectif <em>META <\/em>du <em>Archives Num\u00e9riques Allemandes des Femmes<\/em><\/a> (DDF) o\u00f9 ils sont accessibles en ligne dans le monde entier.<\/p>\n<p>Le projet a ainsi cr\u00e9\u00e9 une vitrine num\u00e9rique des fonds d&rsquo;archives. En outre, le projet a donn\u00e9 lieu \u00e0 des dissertations th\u00e9matiques, par exemple sur les possibilit\u00e9s professionnelles des femmes dans le domaine de la musique, et sur leurs r\u00e9seaux dans le pass\u00e9 et le pr\u00e9sent.<\/p>\n<p>Tous les projets DDF ont pour but de simplifier la recherche de mat\u00e9riel provenant des archives Frau und Musik et d&rsquo;inciter de l\u2019int\u00e9r\u00eat en ce mat\u00e9riel. <a href=\"https:\/\/www.archiv-frau-musik.de\/wp-content\/uploads\/2019\/08\/AFM_PI_MASCHA_DDF.pdf\">Vous trouverez \u00e9galement des informations suppl\u00e9mentaires \u00e0 t\u00e9l\u00e9charger ici<\/a>.<\/p>\n<p><strong>\u00c9quipe du projet<\/strong><br \/>\nMary Ellen Kitchens M. A. (direction du projet) | Anne-Marie Bernhard M. A. (coordination du projet jusqu&rsquo;au d\u00e9but 2019) | Julian Fischer M. A. (assistance au projet)<\/p>\n<p>Vous trouverez ici les dissertations r\u00e9alis\u00e9s pour le DDF:<\/p>\n<ul>\n<li>Dissertation 1: <a href=\"https:\/\/www.digitales-deutsches-frauenarchiv.de\/akteurinnen\/elke-mascha-blankenburg\" target=\"_blank\" rel=\"noopener\"><em>Elke Mascha Blankenburg (1943\u20132013), chef d&rsquo;orchestre et fondatrice de l&rsquo;IAK<\/em><\/a><\/li>\n<li>Dissertation 2: <a href=\"https:\/\/www.digitales-deutsches-frauenarchiv.de\/themen\/und-sie-spielten-sangen-komponierten-und-dirigierten\" target=\"_blank\" rel=\"noopener\"><em>Et pourtant, elles jouaient, chantaient, composaient et dirigeaient: les femmes dans la musique, longtemps pass\u00e9es sous silence!<\/em><\/a><\/li>\n<li>Dissertation 3: <a href=\"https:\/\/www.digitales-deutsches-frauenarchiv.de\/themen\/shout-shout-your-song-formen-der-vernetzung-von-frauen-der-musikkultur\" target=\"_blank\" rel=\"noopener\"><em>\u00ab\u00a0Shout, shout, up with your song !\u00a0\u00bb Formes de mise en r\u00e9seau des femmes dans la culture musicale<\/em><\/a><\/li>\n<li>Dissertation 4: <a href=\"https:\/\/www.digitales-deutsches-frauenarchiv.de\/themen\/vivavoce-vom-vereinsrundbrief-zur-fachzeitschrift\" target=\"_blank\" rel=\"noopener\"><em>VivaVoce: du circulaire de l&rsquo;association \u00e0 la revue sp\u00e9cialis\u00e9e<\/em><\/a><\/li>\n<li>Dissertation 5: <a href=\"https:\/\/www.digitales-deutsches-frauenarchiv.de\/themen\/its-mans-world-rock-pop-und-jazzmusikerinnen-schliessen-sich-zusammen\" target=\"_blank\" rel=\"noopener\"><em>It&rsquo;s a man&rsquo;s world: les musiciennes de rock, de pop et de jazz s&rsquo;unissent<\/em><\/a><\/li>\n<li>Dissertation 6: <a href=\"https:\/\/www.digitales-deutsches-frauenarchiv.de\/themen\/frauen-die-den-ton-angeben-zwischen-spitzenleistungen-und-genderpaygaps\" target=\"_blank\" rel=\"noopener\"><em>Les femmes qui donnent le ton \u2013 entre performances de pointe et \u00e9carts de genre (pay)<\/em><\/a><\/li>\n<li>Dissertation 7: <a href=\"https:\/\/www.digitales-deutsches-frauenarchiv.de\/themen\/packend-wie-ein-ringkanon-das-netzwerk-frau-musik-und-gender\" target=\"_blank\" rel=\"noopener\"><em>Aussi captivant qu&rsquo;un canon circulaire: le r\u00e9seau Femme, musique, et genre<\/em><\/a><\/li>\n<\/ul>\n<p><\/p>","protected":false},"excerpt":{"rendered":"<p>En 2018, le projet PARFUMO: Projekt Archiv Frau und Musik Online \u2013 a \u00e9t\u00e9 r\u00e9alis\u00e9. L&rsquo;objectif \u00e9tait de num\u00e9riser et de rendre accessible une s\u00e9lection d&rsquo;archives et de pi\u00e8ces d&rsquo;exposition (dont des instruments de musique, des partitions, des documents \u00e9crits, des affiches, des images, et du mat\u00e9riel audio et vid\u00e9o) provenant des archives. En outre, &#8230; <a title=\"#PARFUMO\" class=\"read-more\" href=\"https:\/\/www.archiv-frau-musik.de\/fr\/parfumo\" aria-label=\"En savoir plus sur #PARFUMO\">Weiterlesen &#8230;<\/a><\/p>\n","protected":false},"author":5,"featured_media":0,"parent":0,"menu_order":0,"comment_status":"closed","ping_status":"closed","template":"","meta":{"generate_page_header":"","footnotes":""},"class_list":["post-6978","page","type-page","status-publish"],"yoast_head":"<!-- This site is optimized with the Yoast SEO plugin v27.5 - https:\/\/yoast.com\/product\/yoast-seo-wordpress\/ -->\n<title>#PARFUMO &#8211; Archiv Frau und Musik<\/title>\n<meta name=\"robots\" content=\"index, follow, max-snippet:-1, max-image-preview:large, max-video-preview:-1\" \/>\n<link rel=\"canonical\" href=\"https:\/\/www.archiv-frau-musik.de\/fr\/parfumo\" \/>\n<meta property=\"og:locale\" content=\"fr_FR\" \/>\n<meta property=\"og:type\" content=\"article\" \/>\n<meta property=\"og:title\" content=\"#PARFUMO &#8211; Archiv Frau und Musik\" \/>\n<meta property=\"og:description\" content=\"En 2018, le projet PARFUMO: Projekt Archiv Frau und Musik Online \u2013 a \u00e9t\u00e9 r\u00e9alis\u00e9. L&rsquo;objectif \u00e9tait de num\u00e9riser et de rendre accessible une s\u00e9lection d&rsquo;archives et de pi\u00e8ces d&rsquo;exposition (dont des instruments de musique, des partitions, des documents \u00e9crits, des affiches, des images, et du mat\u00e9riel audio et vid\u00e9o) provenant des archives. En outre, ... Weiterlesen ...\" \/>\n<meta property=\"og:url\" content=\"https:\/\/www.archiv-frau-musik.de\/fr\/parfumo\" \/>\n<meta property=\"og:site_name\" content=\"Archiv Frau und Musik\" \/>\n<meta property=\"article:modified_time\" content=\"2026-01-22T21:00:29+00:00\" \/>\n<meta name=\"twitter:card\" content=\"summary_large_image\" \/>\n<meta name=\"twitter:label1\" content=\"Dur\u00e9e de lecture estim\u00e9e\" \/>\n\t<meta name=\"twitter:data1\" content=\"2 minutes\" \/>\n<script type=\"application\/ld+json\" class=\"yoast-schema-graph\">{\"@context\":\"https:\\\/\\\/schema.org\",\"@graph\":[{\"@type\":\"WebPage\",\"@id\":\"https:\\\/\\\/www.archiv-frau-musik.de\\\/fr\\\/parfumo\",\"url\":\"https:\\\/\\\/www.archiv-frau-musik.de\\\/fr\\\/parfumo\",\"name\":\"#PARFUMO &#8211; Archiv Frau und Musik\",\"isPartOf\":{\"@id\":\"https:\\\/\\\/www.archiv-frau-musik.de\\\/fr\\\/#website\"},\"datePublished\":\"2019-09-23T07:40:47+00:00\",\"dateModified\":\"2026-01-22T21:00:29+00:00\",\"breadcrumb\":{\"@id\":\"https:\\\/\\\/www.archiv-frau-musik.de\\\/fr\\\/parfumo#breadcrumb\"},\"inLanguage\":\"fr-FR\",\"potentialAction\":[{\"@type\":\"ReadAction\",\"target\":[[\"https:\\\/\\\/www.archiv-frau-musik.de\\\/fr\\\/parfumo\"]]}]},{\"@type\":\"BreadcrumbList\",\"@id\":\"https:\\\/\\\/www.archiv-frau-musik.de\\\/fr\\\/parfumo#breadcrumb\",\"itemListElement\":[{\"@type\":\"ListItem\",\"position\":1,\"name\":\"Startseite\",\"item\":\"https:\\\/\\\/www.archiv-frau-musik.de\\\/fr\\\/\"},{\"@type\":\"ListItem\",\"position\":2,\"name\":\"#PARFUMO\"}]},{\"@type\":\"WebSite\",\"@id\":\"https:\\\/\\\/www.archiv-frau-musik.de\\\/fr\\\/#website\",\"url\":\"https:\\\/\\\/www.archiv-frau-musik.de\\\/fr\\\/\",\"name\":\"Archiv Frau und Musik\",\"description\":\"\",\"potentialAction\":[{\"@type\":\"SearchAction\",\"target\":{\"@type\":\"EntryPoint\",\"urlTemplate\":\"https:\\\/\\\/www.archiv-frau-musik.de\\\/fr\\\/?s={search_term_string}\"},\"query-input\":{\"@type\":\"PropertyValueSpecification\",\"valueRequired\":true,\"valueName\":\"search_term_string\"}}],\"inLanguage\":\"fr-FR\"}]}<\/script>\n<!-- \/ Yoast SEO plugin. -->","yoast_head_json":{"title":"#PARFUMO &#8211; Archiv Frau und Musik","robots":{"index":"index","follow":"follow","max-snippet":"max-snippet:-1","max-image-preview":"max-image-preview:large","max-video-preview":"max-video-preview:-1"},"canonical":"https:\/\/www.archiv-frau-musik.de\/fr\/parfumo","og_locale":"fr_FR","og_type":"article","og_title":"#PARFUMO &#8211; Archiv Frau und Musik","og_description":"En 2018, le projet PARFUMO: Projekt Archiv Frau und Musik Online \u2013 a \u00e9t\u00e9 r\u00e9alis\u00e9. L&rsquo;objectif \u00e9tait de num\u00e9riser et de rendre accessible une s\u00e9lection d&rsquo;archives et de pi\u00e8ces d&rsquo;exposition (dont des instruments de musique, des partitions, des documents \u00e9crits, des affiches, des images, et du mat\u00e9riel audio et vid\u00e9o) provenant des archives. En outre, ... Weiterlesen ...","og_url":"https:\/\/www.archiv-frau-musik.de\/fr\/parfumo","og_site_name":"Archiv Frau und Musik","article_modified_time":"2026-01-22T21:00:29+00:00","twitter_card":"summary_large_image","twitter_misc":{"Dur\u00e9e de lecture estim\u00e9e":"2 minutes"},"schema":{"@context":"https:\/\/schema.org","@graph":[{"@type":"WebPage","@id":"https:\/\/www.archiv-frau-musik.de\/fr\/parfumo","url":"https:\/\/www.archiv-frau-musik.de\/fr\/parfumo","name":"#PARFUMO &#8211; Archiv Frau und Musik","isPartOf":{"@id":"https:\/\/www.archiv-frau-musik.de\/fr\/#website"},"datePublished":"2019-09-23T07:40:47+00:00","dateModified":"2026-01-22T21:00:29+00:00","breadcrumb":{"@id":"https:\/\/www.archiv-frau-musik.de\/fr\/parfumo#breadcrumb"},"inLanguage":"fr-FR","potentialAction":[{"@type":"ReadAction","target":[["https:\/\/www.archiv-frau-musik.de\/fr\/parfumo"]]}]},{"@type":"BreadcrumbList","@id":"https:\/\/www.archiv-frau-musik.de\/fr\/parfumo#breadcrumb","itemListElement":[{"@type":"ListItem","position":1,"name":"Startseite","item":"https:\/\/www.archiv-frau-musik.de\/fr\/"},{"@type":"ListItem","position":2,"name":"#PARFUMO"}]},{"@type":"WebSite","@id":"https:\/\/www.archiv-frau-musik.de\/fr\/#website","url":"https:\/\/www.archiv-frau-musik.de\/fr\/","name":"Archiv Frau und Musik","description":"","potentialAction":[{"@type":"SearchAction","target":{"@type":"EntryPoint","urlTemplate":"https:\/\/www.archiv-frau-musik.de\/fr\/?s={search_term_string}"},"query-input":{"@type":"PropertyValueSpecification","valueRequired":true,"valueName":"search_term_string"}}],"inLanguage":"fr-FR"}]}},"_links":{"self":[{"href":"https:\/\/www.archiv-frau-musik.de\/fr\/wp-json\/wp\/v2\/pages\/6978","targetHints":{"allow":["GET"]}}],"collection":[{"href":"https:\/\/www.archiv-frau-musik.de\/fr\/wp-json\/wp\/v2\/pages"}],"about":[{"href":"https:\/\/www.archiv-frau-musik.de\/fr\/wp-json\/wp\/v2\/types\/page"}],"author":[{"embeddable":true,"href":"https:\/\/www.archiv-frau-musik.de\/fr\/wp-json\/wp\/v2\/users\/5"}],"replies":[{"embeddable":true,"href":"https:\/\/www.archiv-frau-musik.de\/fr\/wp-json\/wp\/v2\/comments?post=6978"}],"version-history":[{"count":25,"href":"https:\/\/www.archiv-frau-musik.de\/fr\/wp-json\/wp\/v2\/pages\/6978\/revisions"}],"predecessor-version":[{"id":16154,"href":"https:\/\/www.archiv-frau-musik.de\/fr\/wp-json\/wp\/v2\/pages\/6978\/revisions\/16154"}],"wp:attachment":[{"href":"https:\/\/www.archiv-frau-musik.de\/fr\/wp-json\/wp\/v2\/media?parent=6978"}],"curies":[{"name":"wp","href":"https:\/\/api.w.org\/{rel}","templated":true}]}}