{"id":5930,"date":"2018-04-07T14:16:05","date_gmt":"2018-04-07T12:16:05","guid":{"rendered":"http:\/\/www.archiv-frau-musik.de\/?page_id=5930"},"modified":"2022-11-12T18:33:51","modified_gmt":"2022-11-12T17:33:51","slug":"vivavoce","status":"publish","type":"page","link":"https:\/\/www.archiv-frau-musik.de\/fr\/vivavoce","title":{"rendered":"Magazine des Archives VivaVoce"},"content":{"rendered":"<p><figure id=\"attachment_3315\" aria-describedby=\"caption-attachment-3315\" style=\"width: 202px\" class=\"wp-caption alignright\"><img loading=\"lazy\" decoding=\"async\" class=\"wp-image-3315 size-medium\" src=\"https:\/\/www.archiv-frau-musik.de\/wp-content\/uploads\/2015\/12\/Viva100_Coverbild-212x300.jpg\" alt=\"Cover VivaVoce Nr. 100 \u00a9 Archiv Frau und Musik\" width=\"212\" height=\"300\" srcset=\"https:\/\/www.archiv-frau-musik.de\/wp-content\/uploads\/2015\/12\/Viva100_Coverbild-212x300.jpg 212w, https:\/\/www.archiv-frau-musik.de\/wp-content\/uploads\/2015\/12\/Viva100_Coverbild.jpg 618w\" sizes=\"auto, (max-width: 212px) 100vw, 212px\" \/><figcaption id=\"caption-attachment-3315\" class=\"wp-caption-text\">Cover <em>VivaVoce<\/em> Nr. 100 \u00a9 Archiv Frau und Musik<\/figcaption><\/figure><\/p>\n<p>Depuis 1993, le magazine s&rsquo;appelle <em>VivaVoce<\/em>, auparavant il portait le nom d&rsquo;<em>Info<\/em> \u2013 la revue \u00e9dit\u00e9e par les Archives Frau und Musik jusqu&rsquo;en fin 2015. Il s&rsquo;agissait du seul organe sp\u00e9cialis\u00e9 de langue allemande consacr\u00e9 \u00e0 la femme et \u00e0 la musique dans le domaine de la musique classique. On y trouvait des interviews de compositrices et de cheffes d&rsquo;orchestre, des articles sp\u00e9cialis\u00e9s sur des compositrices historiques et contemporaines, ainsi que des comptes rendus de concerts, de livres, et de CD. En outre, <em>VivaVoce<\/em> offrait un forum \u00e0 toutes celles qui participaient activement \u00e0 la vie musicale publique. Dans le cadre du projet de num\u00e9risation 2018 de nos fonds pour le <a href=\"https:\/\/digitales-deutsches-frauenarchiv.de\/start\" target=\"_blank\" rel=\"noopener\">Digitales Deutsches Frauenarchiv<\/a> (DDF), tous les num\u00e9ros de <em>VivaVoce<\/em> ont \u00e9t\u00e9 num\u00e9ris\u00e9s. Les \u00e9ditions pr\u00e9c\u00e9dentes et leur contenu peuvent \u00eatre recherch\u00e9s <a href=\"https:\/\/www.meta-katalog.eu\/Search\/Results?filter%5B%5D=iiifTitle%3A%22*%22&amp;filter%5B%5D=format%3A%22Periodika%22&amp;lookfor=VivaVoce&amp;type=AllFields&amp;sort=title\" target=\"_blank\" rel=\"noopener\">via le catalogue META<\/a>.<\/p>\n<h3>Abonnement<\/h3>\n<p>Jusqu&rsquo;\u00e0 r\u00e9cemment, il \u00e9tait possible de s&rsquo;abonner \u00e0 <em>VivaVoc<\/em>e au prix de 26 \u20ac (33 \u20ac \u00e0 l&rsquo;\u00e9tranger) par an. En raison de la situation financi\u00e8re des archives, malheureusement toujours difficile, nous avons \u00e9t\u00e9 contraints de mettre <em>VivaVoce<\/em> en pause \u00e0 partir du num\u00e9ro 100. Les commandes suppl\u00e9mentaires des anciens num\u00e9ros non-\u00e9puis\u00e9s sont toujours possibles. Prix sur demande. Si une \u00e9dition en ligne devait \u00eatre mise en place \u00e0 l&rsquo;avenir, vous trouverez ici les num\u00e9ros \u00e0 partir du n\u00b0 101. Souhaitez-vouz recevoir notre num\u00e9ro anniversaire n\u00b0 100? Envoyez-nous simplement un e-mail avec votre adresse postale \u00e0 info(at)archiv-frau-musik.de et virez 9 \u20ac (\u00e9dition sp\u00e9ciale) \u00e0:<\/p>\n<p>Sparkasse Frankfurt<br \/>\nCode Bancaire 500 502 01<br \/>\nArchiv Frau und Musik<br \/>\nIBAN: DE04 5005 0201 0200 2040 92<br \/>\nSWIFT-BIC: HELADEF1822<\/p>\n<p><strong>S&rsquo;abonner \u00e0 <em>VivaVoce<\/em> \u2013 malheureusement, ce n&rsquo;est plus possible actuellement. Nous serions heureux de recevoir des dons afin de pouvoir financer une nouvelle \u00e9dition!<\/strong><\/p>\n<p>Vous pouvez toujours acheter les anciens num\u00e9ros de <em>VivaVoce<\/em> (jusqu&rsquo;au n\u00b0 99) au prix de 4,50 \u20ac par num\u00e9ro. Veuillez nous envoyer un e-mail (voir ci-dessus).<\/p>","protected":false},"excerpt":{"rendered":"<p>Depuis 1993, le magazine s&rsquo;appelle VivaVoce, auparavant il portait le nom d&rsquo;Info \u2013 la revue \u00e9dit\u00e9e par les Archives Frau und Musik jusqu&rsquo;en fin 2015. Il s&rsquo;agissait du seul organe sp\u00e9cialis\u00e9 de langue allemande consacr\u00e9 \u00e0 la femme et \u00e0 la musique dans le domaine de la musique classique. On y trouvait des interviews de &#8230; <a title=\"Magazine des Archives VivaVoce\" class=\"read-more\" href=\"https:\/\/www.archiv-frau-musik.de\/fr\/vivavoce\" aria-label=\"En savoir plus sur Magazine des Archives VivaVoce\">Weiterlesen &#8230;<\/a><\/p>\n","protected":false},"author":5,"featured_media":0,"parent":0,"menu_order":0,"comment_status":"closed","ping_status":"closed","template":"","meta":{"generate_page_header":"","footnotes":""},"class_list":["post-5930","page","type-page","status-publish"],"yoast_head":"<!-- This site is optimized with the Yoast SEO plugin v27.5 - https:\/\/yoast.com\/product\/yoast-seo-wordpress\/ -->\n<title>Magazine des Archives VivaVoce &#8211; Archiv Frau und Musik<\/title>\n<meta name=\"description\" content=\"Depuis 1993, elle s&#039;appelle VivaVoce, auparavant elle portait le nom d&#039;Info \u2013 la revue \u00e9dit\u00e9e par les Archives Frau und Musik jusqu&#039;en fin\" \/>\n<meta name=\"robots\" content=\"index, follow, max-snippet:-1, max-image-preview:large, max-video-preview:-1\" \/>\n<link rel=\"canonical\" href=\"https:\/\/www.archiv-frau-musik.de\/fr\/vivavoce\" \/>\n<meta property=\"og:locale\" content=\"fr_FR\" \/>\n<meta property=\"og:type\" content=\"article\" \/>\n<meta property=\"og:title\" content=\"Magazine des Archives VivaVoce &#8211; Archiv Frau und Musik\" \/>\n<meta property=\"og:description\" content=\"Depuis 1993, elle s&#039;appelle VivaVoce, auparavant elle portait le nom d&#039;Info \u2013 la revue \u00e9dit\u00e9e par les Archives Frau und Musik jusqu&#039;en fin\" \/>\n<meta property=\"og:url\" content=\"https:\/\/www.archiv-frau-musik.de\/fr\/vivavoce\" \/>\n<meta property=\"og:site_name\" content=\"Archiv Frau und Musik\" \/>\n<meta property=\"article:modified_time\" content=\"2022-11-12T17:33:51+00:00\" \/>\n<meta property=\"og:image\" content=\"http:\/\/www.archiv-frau-musik.de\/wp-content\/uploads\/2015\/12\/Viva100_Coverbild-212x300.jpg\" \/>\n<meta name=\"twitter:card\" content=\"summary_large_image\" \/>\n<meta name=\"twitter:label1\" content=\"Dur\u00e9e de lecture estim\u00e9e\" \/>\n\t<meta name=\"twitter:data1\" content=\"3 minutes\" \/>\n<script type=\"application\/ld+json\" class=\"yoast-schema-graph\">{\"@context\":\"https:\\\/\\\/schema.org\",\"@graph\":[{\"@type\":\"WebPage\",\"@id\":\"https:\\\/\\\/www.archiv-frau-musik.de\\\/fr\\\/vivavoce\",\"url\":\"https:\\\/\\\/www.archiv-frau-musik.de\\\/fr\\\/vivavoce\",\"name\":\"Magazine des Archives VivaVoce &#8211; Archiv Frau und Musik\",\"isPartOf\":{\"@id\":\"https:\\\/\\\/www.archiv-frau-musik.de\\\/fr\\\/#website\"},\"primaryImageOfPage\":{\"@id\":\"https:\\\/\\\/www.archiv-frau-musik.de\\\/fr\\\/vivavoce#primaryimage\"},\"image\":{\"@id\":\"https:\\\/\\\/www.archiv-frau-musik.de\\\/vivavoce#primaryimage\"},\"thumbnailUrl\":\"http:\\\/\\\/www.archiv-frau-musik.de\\\/wp-content\\\/uploads\\\/2015\\\/12\\\/Viva100_Coverbild-212x300.jpg\",\"datePublished\":\"2018-04-07T12:16:05+00:00\",\"dateModified\":\"2022-11-12T17:33:51+00:00\",\"description\":\"Depuis 1993, elle s'appelle VivaVoce, auparavant elle portait le nom d'Info \u2013 la revue \u00e9dit\u00e9e par les Archives Frau und Musik jusqu'en fin\",\"breadcrumb\":{\"@id\":\"https:\\\/\\\/www.archiv-frau-musik.de\\\/fr\\\/vivavoce#breadcrumb\"},\"inLanguage\":\"fr-FR\",\"potentialAction\":[{\"@type\":\"ReadAction\",\"target\":[[\"https:\\\/\\\/www.archiv-frau-musik.de\\\/fr\\\/vivavoce\"]]}]},{\"@type\":\"ImageObject\",\"inLanguage\":\"fr-FR\",\"@id\":\"https:\\\/\\\/www.archiv-frau-musik.de\\\/fr\\\/vivavoce#primaryimage\",\"url\":\"http:\\\/\\\/www.archiv-frau-musik.de\\\/wp-content\\\/uploads\\\/2015\\\/12\\\/Viva100_Coverbild-212x300.jpg\",\"contentUrl\":\"http:\\\/\\\/www.archiv-frau-musik.de\\\/wp-content\\\/uploads\\\/2015\\\/12\\\/Viva100_Coverbild-212x300.jpg\"},{\"@type\":\"BreadcrumbList\",\"@id\":\"https:\\\/\\\/www.archiv-frau-musik.de\\\/fr\\\/vivavoce#breadcrumb\",\"itemListElement\":[{\"@type\":\"ListItem\",\"position\":1,\"name\":\"Startseite\",\"item\":\"https:\\\/\\\/www.archiv-frau-musik.de\\\/fr\\\/\"},{\"@type\":\"ListItem\",\"position\":2,\"name\":\"Archivzeitschrift VivaVoce\"}]},{\"@type\":\"WebSite\",\"@id\":\"https:\\\/\\\/www.archiv-frau-musik.de\\\/fr\\\/#website\",\"url\":\"https:\\\/\\\/www.archiv-frau-musik.de\\\/fr\\\/\",\"name\":\"Archiv Frau und Musik\",\"description\":\"\",\"potentialAction\":[{\"@type\":\"SearchAction\",\"target\":{\"@type\":\"EntryPoint\",\"urlTemplate\":\"https:\\\/\\\/www.archiv-frau-musik.de\\\/fr\\\/?s={search_term_string}\"},\"query-input\":{\"@type\":\"PropertyValueSpecification\",\"valueRequired\":true,\"valueName\":\"search_term_string\"}}],\"inLanguage\":\"fr-FR\"}]}<\/script>\n<!-- \/ Yoast SEO plugin. -->","yoast_head_json":{"title":"Magazine des Archives VivaVoce &#8211; Archiv Frau und Musik","description":"Depuis 1993, elle s'appelle VivaVoce, auparavant elle portait le nom d'Info \u2013 la revue \u00e9dit\u00e9e par les Archives Frau und Musik jusqu'en fin","robots":{"index":"index","follow":"follow","max-snippet":"max-snippet:-1","max-image-preview":"max-image-preview:large","max-video-preview":"max-video-preview:-1"},"canonical":"https:\/\/www.archiv-frau-musik.de\/fr\/vivavoce","og_locale":"fr_FR","og_type":"article","og_title":"Magazine des Archives VivaVoce &#8211; Archiv Frau und Musik","og_description":"Depuis 1993, elle s'appelle VivaVoce, auparavant elle portait le nom d'Info \u2013 la revue \u00e9dit\u00e9e par les Archives Frau und Musik jusqu'en fin","og_url":"https:\/\/www.archiv-frau-musik.de\/fr\/vivavoce","og_site_name":"Archiv Frau und Musik","article_modified_time":"2022-11-12T17:33:51+00:00","og_image":[{"url":"http:\/\/www.archiv-frau-musik.de\/wp-content\/uploads\/2015\/12\/Viva100_Coverbild-212x300.jpg","type":"","width":"","height":""}],"twitter_card":"summary_large_image","twitter_misc":{"Dur\u00e9e de lecture estim\u00e9e":"3 minutes"},"schema":{"@context":"https:\/\/schema.org","@graph":[{"@type":"WebPage","@id":"https:\/\/www.archiv-frau-musik.de\/fr\/vivavoce","url":"https:\/\/www.archiv-frau-musik.de\/fr\/vivavoce","name":"Magazine des Archives VivaVoce &#8211; Archiv Frau und Musik","isPartOf":{"@id":"https:\/\/www.archiv-frau-musik.de\/fr\/#website"},"primaryImageOfPage":{"@id":"https:\/\/www.archiv-frau-musik.de\/fr\/vivavoce#primaryimage"},"image":{"@id":"https:\/\/www.archiv-frau-musik.de\/vivavoce#primaryimage"},"thumbnailUrl":"http:\/\/www.archiv-frau-musik.de\/wp-content\/uploads\/2015\/12\/Viva100_Coverbild-212x300.jpg","datePublished":"2018-04-07T12:16:05+00:00","dateModified":"2022-11-12T17:33:51+00:00","description":"Depuis 1993, elle s'appelle VivaVoce, auparavant elle portait le nom d'Info \u2013 la revue \u00e9dit\u00e9e par les Archives Frau und Musik jusqu'en fin","breadcrumb":{"@id":"https:\/\/www.archiv-frau-musik.de\/fr\/vivavoce#breadcrumb"},"inLanguage":"fr-FR","potentialAction":[{"@type":"ReadAction","target":[["https:\/\/www.archiv-frau-musik.de\/fr\/vivavoce"]]}]},{"@type":"ImageObject","inLanguage":"fr-FR","@id":"https:\/\/www.archiv-frau-musik.de\/fr\/vivavoce#primaryimage","url":"http:\/\/www.archiv-frau-musik.de\/wp-content\/uploads\/2015\/12\/Viva100_Coverbild-212x300.jpg","contentUrl":"http:\/\/www.archiv-frau-musik.de\/wp-content\/uploads\/2015\/12\/Viva100_Coverbild-212x300.jpg"},{"@type":"BreadcrumbList","@id":"https:\/\/www.archiv-frau-musik.de\/fr\/vivavoce#breadcrumb","itemListElement":[{"@type":"ListItem","position":1,"name":"Startseite","item":"https:\/\/www.archiv-frau-musik.de\/fr\/"},{"@type":"ListItem","position":2,"name":"Archivzeitschrift VivaVoce"}]},{"@type":"WebSite","@id":"https:\/\/www.archiv-frau-musik.de\/fr\/#website","url":"https:\/\/www.archiv-frau-musik.de\/fr\/","name":"Archiv Frau und Musik","description":"","potentialAction":[{"@type":"SearchAction","target":{"@type":"EntryPoint","urlTemplate":"https:\/\/www.archiv-frau-musik.de\/fr\/?s={search_term_string}"},"query-input":{"@type":"PropertyValueSpecification","valueRequired":true,"valueName":"search_term_string"}}],"inLanguage":"fr-FR"}]}},"_links":{"self":[{"href":"https:\/\/www.archiv-frau-musik.de\/fr\/wp-json\/wp\/v2\/pages\/5930","targetHints":{"allow":["GET"]}}],"collection":[{"href":"https:\/\/www.archiv-frau-musik.de\/fr\/wp-json\/wp\/v2\/pages"}],"about":[{"href":"https:\/\/www.archiv-frau-musik.de\/fr\/wp-json\/wp\/v2\/types\/page"}],"author":[{"embeddable":true,"href":"https:\/\/www.archiv-frau-musik.de\/fr\/wp-json\/wp\/v2\/users\/5"}],"replies":[{"embeddable":true,"href":"https:\/\/www.archiv-frau-musik.de\/fr\/wp-json\/wp\/v2\/comments?post=5930"}],"version-history":[{"count":31,"href":"https:\/\/www.archiv-frau-musik.de\/fr\/wp-json\/wp\/v2\/pages\/5930\/revisions"}],"predecessor-version":[{"id":9616,"href":"https:\/\/www.archiv-frau-musik.de\/fr\/wp-json\/wp\/v2\/pages\/5930\/revisions\/9616"}],"wp:attachment":[{"href":"https:\/\/www.archiv-frau-musik.de\/fr\/wp-json\/wp\/v2\/media?parent=5930"}],"curies":[{"name":"wp","href":"https:\/\/api.w.org\/{rel}","templated":true}]}}