{"id":5076,"date":"2018-02-12T22:48:34","date_gmt":"2018-02-12T21:48:34","guid":{"rendered":"http:\/\/www.archiv-frau-musik.de\/?page_id=5076"},"modified":"2024-09-12T23:01:16","modified_gmt":"2024-09-12T21:01:16","slug":"repertoire-listen","status":"publish","type":"page","link":"https:\/\/www.archiv-frau-musik.de\/fr\/repertoire-listen","title":{"rendered":"Listes de r\u00e9pertoires"},"content":{"rendered":"<p>Vous trouverez ici des listes de r\u00e9pertoires et des liens pour diff\u00e9rentes formations. Les \u0153uvres des diff\u00e9rentes cat\u00e9gories d&rsquo;instruments sont en partie accompagn\u00e9es de degr\u00e9s de difficult\u00e9 afin de faciliter les recherches de programmes de concert.<\/p>\n<p><div class=\"wpw-accordion\"><div class=\"wpw-accordion-single\"><div class=\"wpw-accordion-headline\">Ch\u0153ur<\/div><div class=\"wpw-accordion-arrow\"><\/div><div class=\"wpw-accordion-content\"><div class=\"wpw-accordion-content-inner   \"><div class=\"wpw-accordion-single-text\"><ul>\n<li><a href=\"https:\/\/www.archiv-frau-musik.de\/wp-content\/uploads\/2019\/09\/Repertoire-Liste-Chor-Juli-2019.pdf\">R\u00e9pertoire de chorale de nos archives<\/a> (fichier pdf, \u00e9tat juillet 2019. La liste du r\u00e9pertoire est r\u00e9guli\u00e8rement compl\u00e9t\u00e9e dans le cadre de l\u2019accent mis par la collection sur la musique de chorale).<\/li>\n<li><a href=\"https:\/\/www.musicanet.org\/de\/\" target=\"_blank\" rel=\"noopener noreferrer\">Musicanet<\/a> (la base de donn\u00e9es soutenue par le Centre international de musique de chorale (ICCM) contient des informations sur plus de 200 000 partitions, dont environ 8000 \u0153uvres de plus de 2600 compositrices).<\/li>\n<li><a href=\"https:\/\/www.composerdiversity.com\/\" target=\"_blank\" rel=\"noopener noreferrer\">Composer Diversity Project<\/a> (la base de donn\u00e9es du Composer Diversity Project de la State University of New York \u00e0 Fredonia contient des liens vers plus de 1400 compositrices qui ont \u00e9crit pour le genre chorale).<\/li>\n<li><a href=\"https:\/\/www.sfca.org\/choral-music-women-composers\/\" target=\"_blank\" rel=\"noopener noreferrer\">Choral Music by Women Composers Database<\/a> (cr\u00e9\u00e9e en 2015 par la directrice artistique Magen Solomon de San Francisco Choral Artists en collaboration avec la Dr Eliza Rubenstein de l\u2019Orange County Women\u2019s Chorus, elle contient des entr\u00e9es pour 421 \u0153uvres).<\/li>\n<li><a href=\"https:\/\/www.svenskmusik.org\/en\" target=\"_blank\" rel=\"noopener noreferrer\">Archiv Svensk Musik<\/a> (\u00e0 l\u2019occasion du centenaire du droit de vote des femmes, Archiv Svensk Musik a pr\u00e9sent\u00e9 un catalogue de 2446 \u0153uvres de compositrices su\u00e9doises lors de la Journ\u00e9e internationale de la femme en 2019. Le catalogue pour les chorales comprend 32 pages).<\/li>\n<li><a href=\"https:\/\/www.cpdl.org\/\" target=\"_blank\" rel=\"noopener noreferrer\">Choral Public Domain Library<\/a> (La Choral Public Domain Library, bas\u00e9e sur le logiciel MediaWiki, r\u00e9pertorie actuellement 68 compositrices pour ch\u0153ur, dont les \u0153uvres librement disponibles peuvent \u00eatre t\u00e9l\u00e9charg\u00e9es le plus souvent sous forme de fichiers pdf, mais aussi sous forme de fichiers Midi ou de divers logiciels de notation.)<\/li>\n<\/ul>\n<\/div><\/div><\/div><\/div><div class=\"wpw-accordion-single\"><div class=\"wpw-accordion-headline\">Fl\u00fbte<\/div><div class=\"wpw-accordion-arrow\"><\/div><div class=\"wpw-accordion-content\"><div class=\"wpw-accordion-content-inner   \"><div class=\"wpw-accordion-single-text\"><p><a href=\"https:\/\/www.soflute.de\/women-composers\" target=\"_blank\" rel=\"noopener\">\u0152uvres de compositrices pour fl\u00fbtes<\/a> (\u00e9tabli par Katrin Szamatulski, Frankfurter Gesellschaft f\u00fcr Neue Musik)<\/p>\n<\/div><\/div><\/div><\/div><div class=\"wpw-accordion-single\"><div class=\"wpw-accordion-headline\">Guitare<\/div><div class=\"wpw-accordion-arrow\"><\/div><div class=\"wpw-accordion-content\"><div class=\"wpw-accordion-content-inner   \"><div class=\"wpw-accordion-single-text\"><p><a href=\"https:\/\/www.archiv-frau-musik.de\/wp-content\/uploads\/2018\/07\/Repertoire-Liste-Gitarre-Heike-Matthiesen-Juli-2018.pdf\" target=\"_blank\" rel=\"noopener noreferrer\">R\u00e9pertoire pour guitare de nos archives<\/a> (fichier xls, recherch\u00e9 et annot\u00e9 par Heike Matthiesen)<\/p>\n<\/div><\/div><\/div><\/div><div class=\"wpw-accordion-single\"><div class=\"wpw-accordion-headline\">Harpe<\/div><div class=\"wpw-accordion-arrow\"><\/div><div class=\"wpw-accordion-content\"><div class=\"wpw-accordion-content-inner   \"><div class=\"wpw-accordion-single-text\"><ul>\n<li><a href=\"https:\/\/www.archiv-frau-musik.de\/wp-content\/uploads\/2019\/05\/AFM_Repertoirliste_Harfe.pdf\" target=\"_blank\" rel=\"noopener noreferrer\">Plusieurs solos pour harpe<\/a> (fichier pdf, mat\u00e9riel interne aux archives)<\/li>\n<li><a href=\"https:\/\/www.archiv-frau-musik.de\/wp-content\/uploads\/2019\/05\/AFM_Repertoirliste_HarfeundOrchester.pdf\" target=\"_blank\" rel=\"noopener noreferrer\">Harpe et orchestre<\/a> (fichier pdf, mat\u00e9riel interne aux archives)<\/li>\n<li><a href=\"https:\/\/www.archiv-frau-musik.de\/wp-content\/uploads\/2022\/08\/Aktuelle-Komponistinnen-Tabelle-Harfe.pdf\">R\u00e9pertoire pour harpe<\/a> (fichier pdf, mat\u00e9riel interne aux archives, recherch\u00e9 et annot\u00e9 par Isabelle Marchewka)<\/li>\n<li><a href=\"https:\/\/www.archiv-frau-musik.de\/wp-content\/uploads\/2022\/11\/Aktuelle-Komponistinnen-Tabelle-Harfe-14.11.2022.pdf\">Compositions pour harpe<\/a> (travail externe d\u2019Isabelle Marchewka)<\/li>\n<\/ul>\n<\/div><\/div><\/div><\/div><div class=\"wpw-accordion-single\"><div class=\"wpw-accordion-headline\">Clarinette<\/div><div class=\"wpw-accordion-arrow\"><\/div><div class=\"wpw-accordion-content\"><div class=\"wpw-accordion-content-inner   \"><div class=\"wpw-accordion-single-text\"><p><a href=\"https:\/\/www.clarinetrepertoire.com\/\" target=\"_blank\" rel=\"noopener noreferrer\">Clarinette dans de nombreuses formations<\/a> (travail externe de Maggie Greenwood)<\/p>\n<\/div><\/div><\/div><\/div><div class=\"wpw-accordion-single\"><div class=\"wpw-accordion-headline\">Chansons<\/div><div class=\"wpw-accordion-arrow\"><\/div><div class=\"wpw-accordion-content\"><div class=\"wpw-accordion-content-inner   \"><div class=\"wpw-accordion-single-text\"><p><a href=\"https:\/\/www.kassiadatabase.com\/database-search\" target=\"_blank\" rel=\"noopener noreferrer\">Kassia | The Women\u2019s Art Song Database<\/a> \u2013 Base de donn\u00e9es (travail externe de Logan Contreras)<\/p>\n<\/div><\/div><\/div><\/div><div class=\"wpw-accordion-single\"><div class=\"wpw-accordion-headline\">Musique pour instruments \u00e0 vent<\/div><div class=\"wpw-accordion-arrow\"><\/div><div class=\"wpw-accordion-content\"><div class=\"wpw-accordion-content-inner   \"><div class=\"wpw-accordion-single-text\"><p><a href=\"https:\/\/docs.google.com\/spreadsheets\/d\/1i4mcvDo3j6P9MiXKDbgyZ6enIGPcDhY2NTG278ReOaI\/edit#gid=0\">Women Composers of Wind Band Music<\/a> (liste docs.google avec plus de 400 compositrices et plus de 1.200 \u0153uvres pour fanfares et ensembles d\u2019instruments \u00e0 vent)<\/p>\n<\/div><\/div><\/div><\/div><div class=\"wpw-accordion-single\"><div class=\"wpw-accordion-headline\">Piano<\/div><div class=\"wpw-accordion-arrow\"><\/div><div class=\"wpw-accordion-content\"><div class=\"wpw-accordion-content-inner   \"><div class=\"wpw-accordion-single-text\"><p><a href=\"https:\/\/www.archiv-frau-musik.de\/wp-content\/uploads\/2019\/08\/Klavier-A-H-Stand-Juni-2019-1.pdf\">Piano A-H<\/a> (fichier pdf, recherch\u00e9 et annot\u00e9 par Inge Matthiesen, mat\u00e9riel interne aux archives)<\/p>\n<\/div><\/div><\/div><\/div><div class=\"wpw-accordion-single\"><div class=\"wpw-accordion-headline\">Hautbois<\/div><div class=\"wpw-accordion-arrow\"><\/div><div class=\"wpw-accordion-content\"><div class=\"wpw-accordion-content-inner   \"><div class=\"wpw-accordion-single-text\"><ul>\n<li><a href=\"https:\/\/www.archiv-frau-musik.de\/wp-content\/uploads\/2019\/01\/Repertoireliste_Oboe_ArchivFrauUndMusik_2019-01-02.xlsx\" target=\"_blank\" rel=\"noopener noreferrer\">R\u00e9pertoire de hautbois<\/a> (fichier xls, mat\u00e9riel interne aux archives)<\/li>\n<li><a href=\"https:\/\/iawm.org\/published-oboe-works\" target=\"_blank\" rel=\"noopener noreferrer\"> R\u00e9pertoire externe de compositrices de hautbois<\/a> (travail externe de Cynthia Green Libby)<\/li>\n<\/ul>\n<\/div><\/div><\/div><\/div><div class=\"wpw-accordion-single\"><div class=\"wpw-accordion-headline\">Orchestre<\/div><div class=\"wpw-accordion-arrow\"><\/div><div class=\"wpw-accordion-content\"><div class=\"wpw-accordion-content-inner   \"><div class=\"wpw-accordion-single-text\"><ul>\n<li><a href=\"https:\/\/www.sophie-drinker-institut.de\/orchesterwerke-von-komponistinnen\" target=\"_blank\" rel=\"noopener noreferrer\">\u0152uvres orchestrales de compositrices<\/a> (travail externe de l\u2019Institut Sofie Drinker)<\/li>\n<li><a href=\"https:\/\/wophil.org\/500ops\/?doing_wp_cron=1563569512.2618401050567626953125\" target=\"_blank\" rel=\"noopener noreferrer\">500 op\u00e9ras cr\u00e9\u00e9s par des femmes<\/a> (travail externe du Women\u2019s Philharmonic Advocacy)<\/li>\n<li><a href=\"https:\/\/wophil.org\/african\/?doing_wp_cron=1594364149.4359409809112548828125\" target=\"_blank\" rel=\"noopener noreferrer\">Orchestral Music by Women of African Desent<\/a> (travail externe du Women\u2019s Philharmonic Advocacy)<\/li>\n<\/ul>\n<\/div><\/div><\/div><\/div><div class=\"wpw-accordion-single\"><div class=\"wpw-accordion-headline\">Percussion<\/div><div class=\"wpw-accordion-arrow\"><\/div><div class=\"wpw-accordion-content\"><div class=\"wpw-accordion-content-inner   \"><div class=\"wpw-accordion-single-text\"><p><a href=\"https:\/\/www.claireedwardes.com\/repertoirelists\" target=\"_blank\" rel=\"noopener\">Liste de r\u00e9pertoire pour percussion<\/a> (par Claire Edwardes)<\/p>\n<\/div><\/div><\/div><\/div><div class=\"wpw-accordion-single\"><div class=\"wpw-accordion-headline\">Instrumentes \u00e0 cordes<\/div><div class=\"wpw-accordion-arrow\"><\/div><div class=\"wpw-accordion-content\"><div class=\"wpw-accordion-content-inner   \"><div class=\"wpw-accordion-single-text\"><ul>\n<li>R\u00e9pertoire pour violon 1894-2006 (travail externe de Tobias Broeker)<\/li>\n<li><a href=\"https:\/\/www.musicbyblackcomposers.org\/sheet-music\/repertoire-directories\/repertoire-violin-orchestra\/\">Violon et orchestre<\/a> (r\u00e9pertoire de compositrices et compositeurs noir(e)s pour violon et orchestre)<\/li>\n<li><a href=\"https:\/\/www.americanviolasociety.org\/underrepresented-composers-database\/\" target=\"_blank\" rel=\"noopener\">\u0152uvres pour alto<\/a> (base de donn\u00e9es d\u2019\u0153uvres pour alto, avec possibilit\u00e9 de recherche par compositrice)<\/li>\n<li><a href=\"https:\/\/www.violinmusicbywomen.com\/viola-music-by-women.html\" target=\"_blank\" rel=\"noopener\">\u0152uvres pour alto<\/a> (liste de donn\u00e9es d&rsquo;\u2019\u0153uvres pour alto)<\/li>\n<li><a href=\"https:\/\/www.cellobello.org\/cello-works-by-black-composers\/\">\u0152uvres pour violoncelle<\/a> (\u0153uvres pour violoncelle de compositeurs noirs, dont de nombreuses femmes)<\/li>\n<li><a href=\"https:\/\/www.cellobello.org\/cello-works-by-women-composers\/\" target=\"_blank\" rel=\"noopener\">\u0152uvres pour violoncelle<\/a> (\u0153uvres pour violoncelle de compositrices)<\/li>\n<li><a href=\"https:\/\/www.archiv-frau-musik.de\/wp-content\/uploads\/2019\/03\/ARCHIV-FRAU-MUSIK-Bestand_Streichquartette.pdf\" target=\"_blank\" rel=\"noopener noreferrer\">R\u00e9pertoire pour quatuor \u00e0 cordes<\/a> (fichier pdf, mat\u00e9riel interne aux archives)<\/li>\n<li><a href=\"https:\/\/50ftf.kronosquartet.org\/about\">R\u00e9pertoire pour quatuor \u00e0 cordes 50 for Future<\/a> (projet du quatuor Kronos avec de nombreuses \u0153uvres de compositrices)<\/li>\n<\/ul>\n<\/div><\/div><\/div><\/div><div class=\"wpw-accordion-single\"><div class=\"wpw-accordion-headline\">Trompette<\/div><div class=\"wpw-accordion-arrow\"><\/div><div class=\"wpw-accordion-content\"><div class=\"wpw-accordion-content-inner   \"><div class=\"wpw-accordion-single-text\"><p><a href=\"https:\/\/www.archiv-frau-musik.de\/wp-content\/uploads\/2020\/02\/Rep_Trompete_Norbert_Bos.pdf\" target=\"_blank\" rel=\"noopener noreferrer\">R\u00e9pertoire pour trompette<\/a> (fichier pdf, recherch\u00e9 et annot\u00e9 par Norbert Bos, mat\u00e9riel interne aux archives)<\/p>\n<\/div><\/div><\/div><\/div><\/div><\/p>","protected":false},"excerpt":{"rendered":"<p>Vous trouverez ici des listes de r\u00e9pertoires et des liens pour diff\u00e9rentes formations. Les \u0153uvres des diff\u00e9rentes cat\u00e9gories d&rsquo;instruments sont en partie accompagn\u00e9es de degr\u00e9s de difficult\u00e9 afin de faciliter les recherches de programmes de concert.<\/p>\n","protected":false},"author":5,"featured_media":0,"parent":0,"menu_order":0,"comment_status":"closed","ping_status":"closed","template":"","meta":{"generate_page_header":"","footnotes":""},"class_list":["post-5076","page","type-page","status-publish"],"yoast_head":"<!-- This site is optimized with the Yoast SEO plugin v27.4 - https:\/\/yoast.com\/product\/yoast-seo-wordpress\/ -->\n<title>Listes de r\u00e9pertoires<\/title>\n<meta name=\"description\" content=\"Hier finden Sie Repertoire-Listen und Links f\u00fcr verschiedene Besetzungen, unseren Komponistinnen-\u00dcberblick und Komponistinnen-Pseudonyme.\" \/>\n<meta name=\"robots\" content=\"index, follow, max-snippet:-1, max-image-preview:large, max-video-preview:-1\" \/>\n<link rel=\"canonical\" href=\"https:\/\/www.archiv-frau-musik.de\/fr\/repertoire-listen\" \/>\n<meta property=\"og:locale\" content=\"fr_FR\" \/>\n<meta property=\"og:type\" content=\"article\" \/>\n<meta property=\"og:title\" content=\"Listes de r\u00e9pertoires\" \/>\n<meta property=\"og:description\" content=\"Hier finden Sie Repertoire-Listen und Links f\u00fcr verschiedene Besetzungen, unseren Komponistinnen-\u00dcberblick und Komponistinnen-Pseudonyme.\" \/>\n<meta property=\"og:url\" content=\"https:\/\/www.archiv-frau-musik.de\/fr\/repertoire-listen\" \/>\n<meta property=\"og:site_name\" content=\"Archiv Frau und Musik\" \/>\n<meta property=\"article:modified_time\" content=\"2024-09-12T21:01:16+00:00\" \/>\n<meta property=\"og:image\" content=\"https:\/\/www.archiv-frau-musik.de\/wp-content\/uploads\/2024\/06\/Komponistinnen-Leiste-neu-02.04.2022.jpg\" \/>\n<meta name=\"twitter:card\" content=\"summary_large_image\" \/>\n<meta name=\"twitter:label1\" content=\"Dur\u00e9e de lecture estim\u00e9e\" \/>\n\t<meta name=\"twitter:data1\" content=\"1 minute\" \/>\n<script type=\"application\/ld+json\" class=\"yoast-schema-graph\">{\"@context\":\"https:\\\/\\\/schema.org\",\"@graph\":[{\"@type\":\"WebPage\",\"@id\":\"https:\\\/\\\/www.archiv-frau-musik.de\\\/fr\\\/repertoire-listen\",\"url\":\"https:\\\/\\\/www.archiv-frau-musik.de\\\/fr\\\/repertoire-listen\",\"name\":\"Listes de r\u00e9pertoires\",\"isPartOf\":{\"@id\":\"https:\\\/\\\/www.archiv-frau-musik.de\\\/fr\\\/#website\"},\"primaryImageOfPage\":{\"@id\":\"https:\\\/\\\/www.archiv-frau-musik.de\\\/fr\\\/repertoire-listen#primaryimage\"},\"image\":{\"@id\":\"https:\\\/\\\/www.archiv-frau-musik.de\\\/repertoire-listen#primaryimage\"},\"thumbnailUrl\":\"https:\\\/\\\/www.archiv-frau-musik.de\\\/wp-content\\\/uploads\\\/2024\\\/06\\\/Komponistinnen-Leiste-neu-02.04.2022.jpg\",\"datePublished\":\"2018-02-12T21:48:34+00:00\",\"dateModified\":\"2024-09-12T21:01:16+00:00\",\"description\":\"Hier finden Sie Repertoire-Listen und Links f\u00fcr verschiedene Besetzungen, unseren Komponistinnen-\u00dcberblick und Komponistinnen-Pseudonyme.\",\"breadcrumb\":{\"@id\":\"https:\\\/\\\/www.archiv-frau-musik.de\\\/fr\\\/repertoire-listen#breadcrumb\"},\"inLanguage\":\"fr-FR\",\"potentialAction\":[{\"@type\":\"ReadAction\",\"target\":[[\"https:\\\/\\\/www.archiv-frau-musik.de\\\/fr\\\/repertoire-listen\"]]}]},{\"@type\":\"ImageObject\",\"inLanguage\":\"fr-FR\",\"@id\":\"https:\\\/\\\/www.archiv-frau-musik.de\\\/fr\\\/repertoire-listen#primaryimage\",\"url\":\"https:\\\/\\\/www.archiv-frau-musik.de\\\/wp-content\\\/uploads\\\/2024\\\/06\\\/Komponistinnen-Leiste-neu-02.04.2022.jpg\",\"contentUrl\":\"https:\\\/\\\/www.archiv-frau-musik.de\\\/wp-content\\\/uploads\\\/2024\\\/06\\\/Komponistinnen-Leiste-neu-02.04.2022.jpg\"},{\"@type\":\"BreadcrumbList\",\"@id\":\"https:\\\/\\\/www.archiv-frau-musik.de\\\/fr\\\/repertoire-listen#breadcrumb\",\"itemListElement\":[{\"@type\":\"ListItem\",\"position\":1,\"name\":\"Startseite\",\"item\":\"https:\\\/\\\/www.archiv-frau-musik.de\\\/fr\\\/\"},{\"@type\":\"ListItem\",\"position\":2,\"name\":\"Repertoire-Listen | Komponistinnen-\u00dcberblick Archiv Frau und Musik\"}]},{\"@type\":\"WebSite\",\"@id\":\"https:\\\/\\\/www.archiv-frau-musik.de\\\/fr\\\/#website\",\"url\":\"https:\\\/\\\/www.archiv-frau-musik.de\\\/fr\\\/\",\"name\":\"Archiv Frau und Musik\",\"description\":\"\",\"potentialAction\":[{\"@type\":\"SearchAction\",\"target\":{\"@type\":\"EntryPoint\",\"urlTemplate\":\"https:\\\/\\\/www.archiv-frau-musik.de\\\/fr\\\/?s={search_term_string}\"},\"query-input\":{\"@type\":\"PropertyValueSpecification\",\"valueRequired\":true,\"valueName\":\"search_term_string\"}}],\"inLanguage\":\"fr-FR\"}]}<\/script>\n<!-- \/ Yoast SEO plugin. -->","yoast_head_json":{"title":"Listes de r\u00e9pertoires","description":"Hier finden Sie Repertoire-Listen und Links f\u00fcr verschiedene Besetzungen, unseren Komponistinnen-\u00dcberblick und Komponistinnen-Pseudonyme.","robots":{"index":"index","follow":"follow","max-snippet":"max-snippet:-1","max-image-preview":"max-image-preview:large","max-video-preview":"max-video-preview:-1"},"canonical":"https:\/\/www.archiv-frau-musik.de\/fr\/repertoire-listen","og_locale":"fr_FR","og_type":"article","og_title":"Listes de r\u00e9pertoires","og_description":"Hier finden Sie Repertoire-Listen und Links f\u00fcr verschiedene Besetzungen, unseren Komponistinnen-\u00dcberblick und Komponistinnen-Pseudonyme.","og_url":"https:\/\/www.archiv-frau-musik.de\/fr\/repertoire-listen","og_site_name":"Archiv Frau und Musik","article_modified_time":"2024-09-12T21:01:16+00:00","og_image":[{"url":"https:\/\/www.archiv-frau-musik.de\/wp-content\/uploads\/2024\/06\/Komponistinnen-Leiste-neu-02.04.2022.jpg","type":"","width":"","height":""}],"twitter_card":"summary_large_image","twitter_misc":{"Dur\u00e9e de lecture estim\u00e9e":"1 minute"},"schema":{"@context":"https:\/\/schema.org","@graph":[{"@type":"WebPage","@id":"https:\/\/www.archiv-frau-musik.de\/fr\/repertoire-listen","url":"https:\/\/www.archiv-frau-musik.de\/fr\/repertoire-listen","name":"Listes de r\u00e9pertoires","isPartOf":{"@id":"https:\/\/www.archiv-frau-musik.de\/fr\/#website"},"primaryImageOfPage":{"@id":"https:\/\/www.archiv-frau-musik.de\/fr\/repertoire-listen#primaryimage"},"image":{"@id":"https:\/\/www.archiv-frau-musik.de\/repertoire-listen#primaryimage"},"thumbnailUrl":"https:\/\/www.archiv-frau-musik.de\/wp-content\/uploads\/2024\/06\/Komponistinnen-Leiste-neu-02.04.2022.jpg","datePublished":"2018-02-12T21:48:34+00:00","dateModified":"2024-09-12T21:01:16+00:00","description":"Hier finden Sie Repertoire-Listen und Links f\u00fcr verschiedene Besetzungen, unseren Komponistinnen-\u00dcberblick und Komponistinnen-Pseudonyme.","breadcrumb":{"@id":"https:\/\/www.archiv-frau-musik.de\/fr\/repertoire-listen#breadcrumb"},"inLanguage":"fr-FR","potentialAction":[{"@type":"ReadAction","target":[["https:\/\/www.archiv-frau-musik.de\/fr\/repertoire-listen"]]}]},{"@type":"ImageObject","inLanguage":"fr-FR","@id":"https:\/\/www.archiv-frau-musik.de\/fr\/repertoire-listen#primaryimage","url":"https:\/\/www.archiv-frau-musik.de\/wp-content\/uploads\/2024\/06\/Komponistinnen-Leiste-neu-02.04.2022.jpg","contentUrl":"https:\/\/www.archiv-frau-musik.de\/wp-content\/uploads\/2024\/06\/Komponistinnen-Leiste-neu-02.04.2022.jpg"},{"@type":"BreadcrumbList","@id":"https:\/\/www.archiv-frau-musik.de\/fr\/repertoire-listen#breadcrumb","itemListElement":[{"@type":"ListItem","position":1,"name":"Startseite","item":"https:\/\/www.archiv-frau-musik.de\/fr\/"},{"@type":"ListItem","position":2,"name":"Repertoire-Listen | Komponistinnen-\u00dcberblick Archiv Frau und Musik"}]},{"@type":"WebSite","@id":"https:\/\/www.archiv-frau-musik.de\/fr\/#website","url":"https:\/\/www.archiv-frau-musik.de\/fr\/","name":"Archiv Frau und Musik","description":"","potentialAction":[{"@type":"SearchAction","target":{"@type":"EntryPoint","urlTemplate":"https:\/\/www.archiv-frau-musik.de\/fr\/?s={search_term_string}"},"query-input":{"@type":"PropertyValueSpecification","valueRequired":true,"valueName":"search_term_string"}}],"inLanguage":"fr-FR"}]}},"_links":{"self":[{"href":"https:\/\/www.archiv-frau-musik.de\/fr\/wp-json\/wp\/v2\/pages\/5076","targetHints":{"allow":["GET"]}}],"collection":[{"href":"https:\/\/www.archiv-frau-musik.de\/fr\/wp-json\/wp\/v2\/pages"}],"about":[{"href":"https:\/\/www.archiv-frau-musik.de\/fr\/wp-json\/wp\/v2\/types\/page"}],"author":[{"embeddable":true,"href":"https:\/\/www.archiv-frau-musik.de\/fr\/wp-json\/wp\/v2\/users\/5"}],"replies":[{"embeddable":true,"href":"https:\/\/www.archiv-frau-musik.de\/fr\/wp-json\/wp\/v2\/comments?post=5076"}],"version-history":[{"count":190,"href":"https:\/\/www.archiv-frau-musik.de\/fr\/wp-json\/wp\/v2\/pages\/5076\/revisions"}],"predecessor-version":[{"id":11591,"href":"https:\/\/www.archiv-frau-musik.de\/fr\/wp-json\/wp\/v2\/pages\/5076\/revisions\/11591"}],"wp:attachment":[{"href":"https:\/\/www.archiv-frau-musik.de\/fr\/wp-json\/wp\/v2\/media?parent=5076"}],"curies":[{"name":"wp","href":"https:\/\/api.w.org\/{rel}","templated":true}]}}