{"id":5049,"date":"2018-02-12T13:16:54","date_gmt":"2018-02-12T12:16:54","guid":{"rendered":"http:\/\/www.archiv-frau-musik.de\/?page_id=5049"},"modified":"2022-08-25T11:51:17","modified_gmt":"2022-08-25T09:51:17","slug":"ihr-weg-zu-uns","status":"publish","type":"page","link":"https:\/\/www.archiv-frau-musik.de\/fr\/ihr-weg-zu-uns","title":{"rendered":"Votre chemin vers nous"},"content":{"rendered":"<p><iframe loading=\"lazy\" src=\"https:\/\/www.google.com\/maps\/embed?pb=!1m14!1m8!1m3!1d10238.700611281602!2d8.6505247!3d50.0923686!3m2!1i1024!2i768!4f13.1!3m3!1m2!1s0x0%3A0x65213e5acb097c99!2sArchiv+Frau+und+Musik!5e0!3m2!1sde!2sde!4v1435567750733\" width=\"400\" height=\"300\" frameborder=\"0\" allowfullscreen=\"allowfullscreen\" data-mce-fragment=\"1\"><\/iframe><\/p>\n<p>En voiture: des places de parking sont disponibles dans la Heinrich-Hoffmann-Stra\u00dfe.<\/p>\n<p>En tramway: quittez la gare centrale par l&rsquo;entr\u00e9e principale, traversez le parvis de la gare. L&rsquo;arr\u00eat de tram se trouve juste devant la gare. L\u00e0, prenez la ligne 21 (direction \u00ab\u00a0Stadion\u00a0\u00bb) et roulez pendant 10 bonnes minutes jusqu&rsquo;\u00e0 l&rsquo;arr\u00eat \u00ab\u00a0Heinrich-Hoffmann-Stra\u00dfe\/Blutspendedienst\u00a0\u00bb. Traversez la rue au feu pr\u00e8s de la buvette et tournez dans la Heinrich-Hoffmann-Stra\u00dfe. A environ 100 m, vous verrez sur votre droite un b\u00e2timent en briques ocre (hoffmanns h\u00f6fe). Les archives se trouvent dans les hoffmanns h\u00f6fen au rez-de-chauss\u00e9e (couloir de gauche juste apr\u00e8s la r\u00e9ception).<\/p>\n<p>Bienvenue aux Archives Frau und Musik!<\/p>\n<p>Adresse de l&rsquo;\u00e9tablissement:<br \/>\nArchiv Frau und Musik \u2013 Internationale Forschungsst\u00e4tte<br \/>\nHeinrich-Hoffmann-Str. 3<br \/>\n60528 Frankfurt\/Main<br \/>\nT\u00e9l. : +49-(0)69-95 92 86 85<br \/>\nFax : +49-(0)69-95 92 86 90<br \/>\nE-mail: info(at)archiv-frau-musik.de<\/p>","protected":false},"excerpt":{"rendered":"<p>En voiture: des places de parking sont disponibles dans la Heinrich-Hoffmann-Stra\u00dfe. En tramway: quittez la gare centrale par l&rsquo;entr\u00e9e principale, traversez le parvis de la gare. L&rsquo;arr\u00eat de tram se trouve juste devant la gare. L\u00e0, prenez la ligne 21 (direction \u00ab\u00a0Stadion\u00a0\u00bb) et roulez pendant 10 bonnes minutes jusqu&rsquo;\u00e0 l&rsquo;arr\u00eat \u00ab\u00a0Heinrich-Hoffmann-Stra\u00dfe\/Blutspendedienst\u00a0\u00bb. Traversez la rue au &#8230; <a title=\"Votre chemin vers nous\" class=\"read-more\" href=\"https:\/\/www.archiv-frau-musik.de\/fr\/ihr-weg-zu-uns\" aria-label=\"En savoir plus sur Votre chemin vers nous\">Weiterlesen &#8230;<\/a><\/p>\n","protected":false},"author":6,"featured_media":0,"parent":0,"menu_order":0,"comment_status":"closed","ping_status":"closed","template":"","meta":{"generate_page_header":"","footnotes":""},"class_list":["post-5049","page","type-page","status-publish"],"yoast_head":"<!-- This site is optimized with the Yoast SEO plugin v27.5 - https:\/\/yoast.com\/product\/yoast-seo-wordpress\/ -->\n<title>Votre chemin vers nous &#8211; Archiv Frau und Musik<\/title>\n<meta name=\"description\" content=\"En voiture: des places de parking sont disponibles dans la Heinrich-Hoffmann-Stra\u00dfe. En tramway: quittez la gare centrale par l\u2019entr\u00e9e\" \/>\n<meta name=\"robots\" content=\"index, follow, max-snippet:-1, max-image-preview:large, max-video-preview:-1\" \/>\n<link rel=\"canonical\" href=\"https:\/\/www.archiv-frau-musik.de\/fr\/ihr-weg-zu-uns\" \/>\n<meta property=\"og:locale\" content=\"fr_FR\" \/>\n<meta property=\"og:type\" content=\"article\" \/>\n<meta property=\"og:title\" content=\"Votre chemin vers nous &#8211; Archiv Frau und Musik\" \/>\n<meta property=\"og:description\" content=\"En voiture: des places de parking sont disponibles dans la Heinrich-Hoffmann-Stra\u00dfe. En tramway: quittez la gare centrale par l\u2019entr\u00e9e\" \/>\n<meta property=\"og:url\" content=\"https:\/\/www.archiv-frau-musik.de\/fr\/ihr-weg-zu-uns\" \/>\n<meta property=\"og:site_name\" content=\"Archiv Frau und Musik\" \/>\n<meta property=\"article:modified_time\" content=\"2022-08-25T09:51:17+00:00\" \/>\n<meta name=\"twitter:card\" content=\"summary_large_image\" \/>\n<meta name=\"twitter:label1\" content=\"Dur\u00e9e de lecture estim\u00e9e\" \/>\n\t<meta name=\"twitter:data1\" content=\"1 minute\" \/>\n<script type=\"application\/ld+json\" class=\"yoast-schema-graph\">{\"@context\":\"https:\\\/\\\/schema.org\",\"@graph\":[{\"@type\":\"WebPage\",\"@id\":\"https:\\\/\\\/www.archiv-frau-musik.de\\\/fr\\\/ihr-weg-zu-uns\",\"url\":\"https:\\\/\\\/www.archiv-frau-musik.de\\\/fr\\\/ihr-weg-zu-uns\",\"name\":\"Votre chemin vers nous &#8211; Archiv Frau und Musik\",\"isPartOf\":{\"@id\":\"https:\\\/\\\/www.archiv-frau-musik.de\\\/fr\\\/#website\"},\"datePublished\":\"2018-02-12T12:16:54+00:00\",\"dateModified\":\"2022-08-25T09:51:17+00:00\",\"description\":\"En voiture: des places de parking sont disponibles dans la Heinrich-Hoffmann-Stra\u00dfe. En tramway: quittez la gare centrale par l\u2019entr\u00e9e\",\"breadcrumb\":{\"@id\":\"https:\\\/\\\/www.archiv-frau-musik.de\\\/fr\\\/ihr-weg-zu-uns#breadcrumb\"},\"inLanguage\":\"fr-FR\",\"potentialAction\":[{\"@type\":\"ReadAction\",\"target\":[[\"https:\\\/\\\/www.archiv-frau-musik.de\\\/fr\\\/ihr-weg-zu-uns\"]]}]},{\"@type\":\"BreadcrumbList\",\"@id\":\"https:\\\/\\\/www.archiv-frau-musik.de\\\/fr\\\/ihr-weg-zu-uns#breadcrumb\",\"itemListElement\":[{\"@type\":\"ListItem\",\"position\":1,\"name\":\"Startseite\",\"item\":\"https:\\\/\\\/www.archiv-frau-musik.de\\\/fr\\\/\"},{\"@type\":\"ListItem\",\"position\":2,\"name\":\"Ihr Weg zu uns\"}]},{\"@type\":\"WebSite\",\"@id\":\"https:\\\/\\\/www.archiv-frau-musik.de\\\/fr\\\/#website\",\"url\":\"https:\\\/\\\/www.archiv-frau-musik.de\\\/fr\\\/\",\"name\":\"Archiv Frau und Musik\",\"description\":\"\",\"potentialAction\":[{\"@type\":\"SearchAction\",\"target\":{\"@type\":\"EntryPoint\",\"urlTemplate\":\"https:\\\/\\\/www.archiv-frau-musik.de\\\/fr\\\/?s={search_term_string}\"},\"query-input\":{\"@type\":\"PropertyValueSpecification\",\"valueRequired\":true,\"valueName\":\"search_term_string\"}}],\"inLanguage\":\"fr-FR\"}]}<\/script>\n<!-- \/ Yoast SEO plugin. -->","yoast_head_json":{"title":"Votre chemin vers nous &#8211; Archiv Frau und Musik","description":"En voiture: des places de parking sont disponibles dans la Heinrich-Hoffmann-Stra\u00dfe. En tramway: quittez la gare centrale par l\u2019entr\u00e9e","robots":{"index":"index","follow":"follow","max-snippet":"max-snippet:-1","max-image-preview":"max-image-preview:large","max-video-preview":"max-video-preview:-1"},"canonical":"https:\/\/www.archiv-frau-musik.de\/fr\/ihr-weg-zu-uns","og_locale":"fr_FR","og_type":"article","og_title":"Votre chemin vers nous &#8211; Archiv Frau und Musik","og_description":"En voiture: des places de parking sont disponibles dans la Heinrich-Hoffmann-Stra\u00dfe. En tramway: quittez la gare centrale par l\u2019entr\u00e9e","og_url":"https:\/\/www.archiv-frau-musik.de\/fr\/ihr-weg-zu-uns","og_site_name":"Archiv Frau und Musik","article_modified_time":"2022-08-25T09:51:17+00:00","twitter_card":"summary_large_image","twitter_misc":{"Dur\u00e9e de lecture estim\u00e9e":"1 minute"},"schema":{"@context":"https:\/\/schema.org","@graph":[{"@type":"WebPage","@id":"https:\/\/www.archiv-frau-musik.de\/fr\/ihr-weg-zu-uns","url":"https:\/\/www.archiv-frau-musik.de\/fr\/ihr-weg-zu-uns","name":"Votre chemin vers nous &#8211; Archiv Frau und Musik","isPartOf":{"@id":"https:\/\/www.archiv-frau-musik.de\/fr\/#website"},"datePublished":"2018-02-12T12:16:54+00:00","dateModified":"2022-08-25T09:51:17+00:00","description":"En voiture: des places de parking sont disponibles dans la Heinrich-Hoffmann-Stra\u00dfe. En tramway: quittez la gare centrale par l\u2019entr\u00e9e","breadcrumb":{"@id":"https:\/\/www.archiv-frau-musik.de\/fr\/ihr-weg-zu-uns#breadcrumb"},"inLanguage":"fr-FR","potentialAction":[{"@type":"ReadAction","target":[["https:\/\/www.archiv-frau-musik.de\/fr\/ihr-weg-zu-uns"]]}]},{"@type":"BreadcrumbList","@id":"https:\/\/www.archiv-frau-musik.de\/fr\/ihr-weg-zu-uns#breadcrumb","itemListElement":[{"@type":"ListItem","position":1,"name":"Startseite","item":"https:\/\/www.archiv-frau-musik.de\/fr\/"},{"@type":"ListItem","position":2,"name":"Ihr Weg zu uns"}]},{"@type":"WebSite","@id":"https:\/\/www.archiv-frau-musik.de\/fr\/#website","url":"https:\/\/www.archiv-frau-musik.de\/fr\/","name":"Archiv Frau und Musik","description":"","potentialAction":[{"@type":"SearchAction","target":{"@type":"EntryPoint","urlTemplate":"https:\/\/www.archiv-frau-musik.de\/fr\/?s={search_term_string}"},"query-input":{"@type":"PropertyValueSpecification","valueRequired":true,"valueName":"search_term_string"}}],"inLanguage":"fr-FR"}]}},"_links":{"self":[{"href":"https:\/\/www.archiv-frau-musik.de\/fr\/wp-json\/wp\/v2\/pages\/5049","targetHints":{"allow":["GET"]}}],"collection":[{"href":"https:\/\/www.archiv-frau-musik.de\/fr\/wp-json\/wp\/v2\/pages"}],"about":[{"href":"https:\/\/www.archiv-frau-musik.de\/fr\/wp-json\/wp\/v2\/types\/page"}],"author":[{"embeddable":true,"href":"https:\/\/www.archiv-frau-musik.de\/fr\/wp-json\/wp\/v2\/users\/6"}],"replies":[{"embeddable":true,"href":"https:\/\/www.archiv-frau-musik.de\/fr\/wp-json\/wp\/v2\/comments?post=5049"}],"version-history":[{"count":11,"href":"https:\/\/www.archiv-frau-musik.de\/fr\/wp-json\/wp\/v2\/pages\/5049\/revisions"}],"predecessor-version":[{"id":9197,"href":"https:\/\/www.archiv-frau-musik.de\/fr\/wp-json\/wp\/v2\/pages\/5049\/revisions\/9197"}],"wp:attachment":[{"href":"https:\/\/www.archiv-frau-musik.de\/fr\/wp-json\/wp\/v2\/media?parent=5049"}],"curies":[{"name":"wp","href":"https:\/\/api.w.org\/{rel}","templated":true}]}}