{"id":4896,"date":"2018-01-31T15:13:02","date_gmt":"2018-01-31T14:13:02","guid":{"rendered":"http:\/\/www.archiv-frau-musik.de\/?page_id=4896"},"modified":"2026-02-13T10:03:37","modified_gmt":"2026-02-13T09:03:37","slug":"foerdern-spenden","status":"publish","type":"page","link":"https:\/\/www.archiv-frau-musik.de\/fr\/foerdern-spenden","title":{"rendered":"Support\/Don"},"content":{"rendered":"<p><strong><em>Qu&rsquo;il s&rsquo;agisse de notes de musique ou de billets de banque, nous nous r\u00e9jouissons de tous ceux et celles qui soutiennent Archive Frau und Musik par un don!<\/em><\/strong><\/p>\n<p>Vous apporteriez ainsi une contribution importante \u00e0 un travail culturel et \u00e9ducatif actif dans le domaine de la musique!<\/p>\n<p>Par votre adh\u00e9sion, vous contribueriez de mani\u00e8re essentielle \u00e0 pr\u00e9server et interpr\u00e9ter la musique des compositrices de tous les si\u00e8cles. Prenez en charge un parrainage r\u00e9gulier des archives, et faites un don du montant de votre choix. Ou, offrez votre support pour l&rsquo;association par un don individuel. Votre don est d\u00e9ductible des imp\u00f4ts.<\/p>\n<p>Virez votre don sur le compte des Archives Frau und Musik aupr\u00e8s de<\/p>\n<p>Sparkasse Frankfurt<\/p>\n<p>CODE BANCAIRE: 500 502 01<br \/>\nN\u00b0 de compte: 200 204 092<br \/>\nIBAN: DE04 5005 0201 0200 2040 92<br \/>\nSWIFT-BIC: HELADEF1822<\/p>\n<p><strong>Un grand merci \u00e0 tous nos donateurs!<\/strong><\/p>\n<p><img loading=\"lazy\" decoding=\"async\" class=\"alignright wp-image-6047 \" src=\"http:\/\/www.archiv-frau-musik.de\/wp-content\/uploads\/2018\/04\/WeCanHelp-Screenshot-300x111.jpg\" alt=\"\" width=\"376\" height=\"139\" srcset=\"https:\/\/www.archiv-frau-musik.de\/wp-content\/uploads\/2018\/04\/WeCanHelp-Screenshot-300x111.jpg 300w, https:\/\/www.archiv-frau-musik.de\/wp-content\/uploads\/2018\/04\/WeCanHelp-Screenshot.jpg 555w\" sizes=\"auto, (max-width: 376px) 100vw, 376px\" \/>Vous pouvez \u00e9galement nous soutenir avec d&rsquo;autres aides \u00e9lectroniques, en faisant un don \u00e0 chaque achat, par exemple aupr\u00e8s de <a href=\"https:\/\/www.wecanhelp.de\/archivfraumusik\/spendenprojekt\" target=\"_blank\" rel=\"noopener\"><strong>WeCanHelp<\/strong><\/a>. Nous y sommes enregistr\u00e9s en tant que partenaire. \u00c0 chaque achat, un don direct nous est vers\u00e9. \u00c0 l&rsquo;aide d&rsquo;une recherche combin\u00e9e de sites web, de produits, et de boutiques, on trouve les boutiques que l&rsquo;on aime, et les boutiques qui proposent le produit que vous recherchez, et ce au meilleur prix. Il n&rsquo;est pas n\u00e9cessaire de s&rsquo;y inscrire pour aider Archive Frau und Musik en faisant des achats! En cliquant sur la boutique, un code anonyme est transmis. WeCanHelp le re\u00e7oit en retour de la boutique avec la note de cr\u00e9dit. Le code permet de faire un don \u00e0 nos archives. Une fois install\u00e9 dans le navigateur, WeCanHelp affiche le message d&rsquo;aide sur la page d&rsquo;un partenaire de la boutique.<\/p>\n<p><img loading=\"lazy\" decoding=\"async\" class=\"alignright wp-image-5954 \" src=\"http:\/\/www.archiv-frau-musik.de\/wp-content\/uploads\/2018\/04\/afm-amazon.png\" alt=\"\" width=\"352\" height=\"308\" srcset=\"https:\/\/www.archiv-frau-musik.de\/wp-content\/uploads\/2018\/04\/afm-amazon.png 745w, https:\/\/www.archiv-frau-musik.de\/wp-content\/uploads\/2018\/04\/afm-amazon-300x262.png 300w\" sizes=\"auto, (max-width: 352px) 100vw, 352px\" \/>Vous pouvez aussi d\u00e9sormais nous soutenir en faisant un don sur smile.amazon: Si vous s\u00e9lectionnez et activez nos archives sous le mot-cl\u00e9 \u00ab\u00a0Frau und Musik\u00a0\u00bb, 0,5 % du montant de vos achats nous sera revers\u00e9 sous forme de don! Veuillez suivre les explications sur <a href=\"http:\/\/www.smile.amazon.de\" target=\"_blank\" rel=\"noopener\"><strong>www.smile.amazon.de<\/strong><\/a>. Si vous avez d\u00e9j\u00e0 un compte amazon, vous devez passer manuellement sur smile.amazon.de et nous indiquer comme institut \u00e0 soutenir parmi les nombreuses propositions de soutien. Vous nous trouverez \u00e9galement dans le champ de recherche en tant que \u00ab\u00a0Frau und Musik\u00a0\u00bb. Vous <a href=\"https:\/\/smile.amazon.de\/gp\/chpf\/about\" target=\"_blank\" rel=\"noopener\">trouverez ici des instructions<\/a> \u00e0 ce sujet.<\/p>\n<p>Nous vous remercions \u00e9galement pour votre don par ce biais!<\/p>","protected":false},"excerpt":{"rendered":"<p>Qu&rsquo;il s&rsquo;agisse de notes de musique ou de billets de banque, nous nous r\u00e9jouissons de tous ceux et celles qui soutiennent Archive Frau und Musik par un don! Vous apporteriez ainsi une contribution importante \u00e0 un travail culturel et \u00e9ducatif actif dans le domaine de la musique! Par votre adh\u00e9sion, vous contribueriez de mani\u00e8re essentielle &#8230; <a title=\"Support\/Don\" class=\"read-more\" href=\"https:\/\/www.archiv-frau-musik.de\/fr\/foerdern-spenden\" aria-label=\"En savoir plus sur Support\/Don\">Weiterlesen &#8230;<\/a><\/p>\n","protected":false},"author":5,"featured_media":0,"parent":0,"menu_order":0,"comment_status":"closed","ping_status":"closed","template":"","meta":{"generate_page_header":"","footnotes":""},"class_list":["post-4896","page","type-page","status-publish"],"yoast_head":"<!-- This site is optimized with the Yoast SEO plugin v27.4 - https:\/\/yoast.com\/product\/yoast-seo-wordpress\/ -->\n<title>Support\/Don &#8211; Archiv Frau und Musik<\/title>\n<meta name=\"description\" content=\"Qu&#039;il s&#039;agisse de billets de musique ou de billets de banque, nous nous r\u00e9jouissons de tous ceux qui soutiennent Archive Frau und Musik par un don!\" \/>\n<meta name=\"robots\" content=\"index, follow, max-snippet:-1, max-image-preview:large, max-video-preview:-1\" \/>\n<link rel=\"canonical\" href=\"https:\/\/www.archiv-frau-musik.de\/fr\/foerdern-spenden\" \/>\n<meta property=\"og:locale\" content=\"fr_FR\" \/>\n<meta property=\"og:type\" content=\"article\" \/>\n<meta property=\"og:title\" content=\"Support\/Don &#8211; Archiv Frau und Musik\" \/>\n<meta property=\"og:description\" content=\"Qu&#039;il s&#039;agisse de billets de musique ou de billets de banque, nous nous r\u00e9jouissons de tous ceux qui soutiennent Archive Frau und Musik par un don!\" \/>\n<meta property=\"og:url\" content=\"https:\/\/www.archiv-frau-musik.de\/fr\/foerdern-spenden\" \/>\n<meta property=\"og:site_name\" content=\"Archiv Frau und Musik\" \/>\n<meta property=\"article:modified_time\" content=\"2026-02-13T09:03:37+00:00\" \/>\n<meta property=\"og:image\" content=\"https:\/\/www.archiv-frau-musik.de\/wp-content\/uploads\/2018\/04\/WeCanHelp-Screenshot.jpg\" \/>\n\t<meta property=\"og:image:width\" content=\"555\" \/>\n\t<meta property=\"og:image:height\" content=\"206\" \/>\n\t<meta property=\"og:image:type\" content=\"image\/jpeg\" \/>\n<meta name=\"twitter:card\" content=\"summary_large_image\" \/>\n<meta name=\"twitter:label1\" content=\"Dur\u00e9e de lecture estim\u00e9e\" \/>\n\t<meta name=\"twitter:data1\" content=\"2 minutes\" \/>\n<script type=\"application\/ld+json\" class=\"yoast-schema-graph\">{\"@context\":\"https:\\\/\\\/schema.org\",\"@graph\":[{\"@type\":\"WebPage\",\"@id\":\"https:\\\/\\\/www.archiv-frau-musik.de\\\/fr\\\/foerdern-spenden\",\"url\":\"https:\\\/\\\/www.archiv-frau-musik.de\\\/fr\\\/foerdern-spenden\",\"name\":\"Support\\\/Don &#8211; Archiv Frau und Musik\",\"isPartOf\":{\"@id\":\"https:\\\/\\\/www.archiv-frau-musik.de\\\/fr\\\/#website\"},\"primaryImageOfPage\":{\"@id\":\"https:\\\/\\\/www.archiv-frau-musik.de\\\/fr\\\/foerdern-spenden#primaryimage\"},\"image\":{\"@id\":\"https:\\\/\\\/www.archiv-frau-musik.de\\\/foerdern-spenden#primaryimage\"},\"thumbnailUrl\":\"http:\\\/\\\/www.archiv-frau-musik.de\\\/wp-content\\\/uploads\\\/2018\\\/04\\\/WeCanHelp-Screenshot-300x111.jpg\",\"datePublished\":\"2018-01-31T14:13:02+00:00\",\"dateModified\":\"2026-02-13T09:03:37+00:00\",\"description\":\"Qu'il s'agisse de billets de musique ou de billets de banque, nous nous r\u00e9jouissons de tous ceux qui soutiennent Archive Frau und Musik par un don!\",\"breadcrumb\":{\"@id\":\"https:\\\/\\\/www.archiv-frau-musik.de\\\/fr\\\/foerdern-spenden#breadcrumb\"},\"inLanguage\":\"fr-FR\",\"potentialAction\":[{\"@type\":\"ReadAction\",\"target\":[[\"https:\\\/\\\/www.archiv-frau-musik.de\\\/fr\\\/foerdern-spenden\"]]}]},{\"@type\":\"ImageObject\",\"inLanguage\":\"fr-FR\",\"@id\":\"https:\\\/\\\/www.archiv-frau-musik.de\\\/fr\\\/foerdern-spenden#primaryimage\",\"url\":\"http:\\\/\\\/www.archiv-frau-musik.de\\\/wp-content\\\/uploads\\\/2018\\\/04\\\/WeCanHelp-Screenshot-300x111.jpg\",\"contentUrl\":\"http:\\\/\\\/www.archiv-frau-musik.de\\\/wp-content\\\/uploads\\\/2018\\\/04\\\/WeCanHelp-Screenshot-300x111.jpg\"},{\"@type\":\"BreadcrumbList\",\"@id\":\"https:\\\/\\\/www.archiv-frau-musik.de\\\/fr\\\/foerdern-spenden#breadcrumb\",\"itemListElement\":[{\"@type\":\"ListItem\",\"position\":1,\"name\":\"Startseite\",\"item\":\"https:\\\/\\\/www.archiv-frau-musik.de\\\/fr\\\/\"},{\"@type\":\"ListItem\",\"position\":2,\"name\":\"F\u00f6rdern\\\/Spenden\"}]},{\"@type\":\"WebSite\",\"@id\":\"https:\\\/\\\/www.archiv-frau-musik.de\\\/fr\\\/#website\",\"url\":\"https:\\\/\\\/www.archiv-frau-musik.de\\\/fr\\\/\",\"name\":\"Archiv Frau und Musik\",\"description\":\"\",\"potentialAction\":[{\"@type\":\"SearchAction\",\"target\":{\"@type\":\"EntryPoint\",\"urlTemplate\":\"https:\\\/\\\/www.archiv-frau-musik.de\\\/fr\\\/?s={search_term_string}\"},\"query-input\":{\"@type\":\"PropertyValueSpecification\",\"valueRequired\":true,\"valueName\":\"search_term_string\"}}],\"inLanguage\":\"fr-FR\"}]}<\/script>\n<!-- \/ Yoast SEO plugin. -->","yoast_head_json":{"title":"Support\/Don &#8211; Archiv Frau und Musik","description":"Qu'il s'agisse de billets de musique ou de billets de banque, nous nous r\u00e9jouissons de tous ceux qui soutiennent Archive Frau und Musik par un don!","robots":{"index":"index","follow":"follow","max-snippet":"max-snippet:-1","max-image-preview":"max-image-preview:large","max-video-preview":"max-video-preview:-1"},"canonical":"https:\/\/www.archiv-frau-musik.de\/fr\/foerdern-spenden","og_locale":"fr_FR","og_type":"article","og_title":"Support\/Don &#8211; Archiv Frau und Musik","og_description":"Qu'il s'agisse de billets de musique ou de billets de banque, nous nous r\u00e9jouissons de tous ceux qui soutiennent Archive Frau und Musik par un don!","og_url":"https:\/\/www.archiv-frau-musik.de\/fr\/foerdern-spenden","og_site_name":"Archiv Frau und Musik","article_modified_time":"2026-02-13T09:03:37+00:00","og_image":[{"width":555,"height":206,"url":"https:\/\/www.archiv-frau-musik.de\/wp-content\/uploads\/2018\/04\/WeCanHelp-Screenshot.jpg","type":"image\/jpeg"}],"twitter_card":"summary_large_image","twitter_misc":{"Dur\u00e9e de lecture estim\u00e9e":"2 minutes"},"schema":{"@context":"https:\/\/schema.org","@graph":[{"@type":"WebPage","@id":"https:\/\/www.archiv-frau-musik.de\/fr\/foerdern-spenden","url":"https:\/\/www.archiv-frau-musik.de\/fr\/foerdern-spenden","name":"Support\/Don &#8211; Archiv Frau und Musik","isPartOf":{"@id":"https:\/\/www.archiv-frau-musik.de\/fr\/#website"},"primaryImageOfPage":{"@id":"https:\/\/www.archiv-frau-musik.de\/fr\/foerdern-spenden#primaryimage"},"image":{"@id":"https:\/\/www.archiv-frau-musik.de\/foerdern-spenden#primaryimage"},"thumbnailUrl":"http:\/\/www.archiv-frau-musik.de\/wp-content\/uploads\/2018\/04\/WeCanHelp-Screenshot-300x111.jpg","datePublished":"2018-01-31T14:13:02+00:00","dateModified":"2026-02-13T09:03:37+00:00","description":"Qu'il s'agisse de billets de musique ou de billets de banque, nous nous r\u00e9jouissons de tous ceux qui soutiennent Archive Frau und Musik par un don!","breadcrumb":{"@id":"https:\/\/www.archiv-frau-musik.de\/fr\/foerdern-spenden#breadcrumb"},"inLanguage":"fr-FR","potentialAction":[{"@type":"ReadAction","target":[["https:\/\/www.archiv-frau-musik.de\/fr\/foerdern-spenden"]]}]},{"@type":"ImageObject","inLanguage":"fr-FR","@id":"https:\/\/www.archiv-frau-musik.de\/fr\/foerdern-spenden#primaryimage","url":"http:\/\/www.archiv-frau-musik.de\/wp-content\/uploads\/2018\/04\/WeCanHelp-Screenshot-300x111.jpg","contentUrl":"http:\/\/www.archiv-frau-musik.de\/wp-content\/uploads\/2018\/04\/WeCanHelp-Screenshot-300x111.jpg"},{"@type":"BreadcrumbList","@id":"https:\/\/www.archiv-frau-musik.de\/fr\/foerdern-spenden#breadcrumb","itemListElement":[{"@type":"ListItem","position":1,"name":"Startseite","item":"https:\/\/www.archiv-frau-musik.de\/fr\/"},{"@type":"ListItem","position":2,"name":"F\u00f6rdern\/Spenden"}]},{"@type":"WebSite","@id":"https:\/\/www.archiv-frau-musik.de\/fr\/#website","url":"https:\/\/www.archiv-frau-musik.de\/fr\/","name":"Archiv Frau und Musik","description":"","potentialAction":[{"@type":"SearchAction","target":{"@type":"EntryPoint","urlTemplate":"https:\/\/www.archiv-frau-musik.de\/fr\/?s={search_term_string}"},"query-input":{"@type":"PropertyValueSpecification","valueRequired":true,"valueName":"search_term_string"}}],"inLanguage":"fr-FR"}]}},"_links":{"self":[{"href":"https:\/\/www.archiv-frau-musik.de\/fr\/wp-json\/wp\/v2\/pages\/4896","targetHints":{"allow":["GET"]}}],"collection":[{"href":"https:\/\/www.archiv-frau-musik.de\/fr\/wp-json\/wp\/v2\/pages"}],"about":[{"href":"https:\/\/www.archiv-frau-musik.de\/fr\/wp-json\/wp\/v2\/types\/page"}],"author":[{"embeddable":true,"href":"https:\/\/www.archiv-frau-musik.de\/fr\/wp-json\/wp\/v2\/users\/5"}],"replies":[{"embeddable":true,"href":"https:\/\/www.archiv-frau-musik.de\/fr\/wp-json\/wp\/v2\/comments?post=4896"}],"version-history":[{"count":34,"href":"https:\/\/www.archiv-frau-musik.de\/fr\/wp-json\/wp\/v2\/pages\/4896\/revisions"}],"predecessor-version":[{"id":16328,"href":"https:\/\/www.archiv-frau-musik.de\/fr\/wp-json\/wp\/v2\/pages\/4896\/revisions\/16328"}],"wp:attachment":[{"href":"https:\/\/www.archiv-frau-musik.de\/fr\/wp-json\/wp\/v2\/media?parent=4896"}],"curies":[{"name":"wp","href":"https:\/\/api.w.org\/{rel}","templated":true}]}}