{"id":4883,"date":"2018-01-31T15:10:26","date_gmt":"2018-01-31T14:10:26","guid":{"rendered":"http:\/\/www.archiv-frau-musik.de\/?page_id=4883"},"modified":"2024-03-05T09:34:12","modified_gmt":"2024-03-05T08:34:12","slug":"mitglied-werden","status":"publish","type":"page","link":"https:\/\/www.archiv-frau-musik.de\/fr\/mitglied-werden","title":{"rendered":"Devenir membre"},"content":{"rendered":"<p><strong>Soutenez le travail de l&rsquo;association Internationale Arbeitskreis Frau und Musik e. V. et devenez membre!<\/strong><\/p>\n<p>La cotisation (80 \u20ac par an ou 40 \u20ac par an cotisation r\u00e9duite) comprend entre autres:<\/p>\n<ul>\n<li>la cotisation annuelle pour l&rsquo;utilisation des Archives Frau und Musik, Frankfurt am Main<\/li>\n<li>une entr\u00e9e \u00e0 prix r\u00e9duit aux manifestations du cercle Internationaler Arbeitskreis Frau und Musik e. V.<\/li>\n<\/ul>\n<p>Veuillez imprimer <a href=\"https:\/\/www.archiv-frau-musik.de\/wp-content\/uploads\/2018\/04\/Beitrittserklaerung.pdf\" target=\"_blank\" rel=\"noopener\">la d\u00e9claration d&rsquo;adh\u00e9sion<\/a> (pdf) et l&rsquo;envoyer d\u00fbment remplie par courrier, e-mail, ou fax \u00e0:<\/p>\n<p>Internationaler Arbeitskreis Frau und Musik e. V.<br \/>\nArchiv Frau und Musik<br \/>\nHeinrich-Hoffmann-Stra\u00dfe 3<br \/>\n60528 Frankfurt am Main<br \/>\ninfo[at]archiv-frau-musik.de<br \/>\nFax : +49-(0)69-95 92 86 90<\/p>","protected":false},"excerpt":{"rendered":"<p>Soutenez le travail de l&rsquo;association Internationale Arbeitskreis Frau und Musik e. V. et devenez membre! La cotisation (80 \u20ac par an ou 40 \u20ac par an cotisation r\u00e9duite) comprend entre autres: la cotisation annuelle pour l&rsquo;utilisation des Archives Frau und Musik, Frankfurt am Main une entr\u00e9e \u00e0 prix r\u00e9duit aux manifestations du cercle Internationaler Arbeitskreis &#8230; <a title=\"Devenir membre\" class=\"read-more\" href=\"https:\/\/www.archiv-frau-musik.de\/fr\/mitglied-werden\" aria-label=\"En savoir plus sur Devenir membre\">Weiterlesen &#8230;<\/a><\/p>\n","protected":false},"author":5,"featured_media":0,"parent":0,"menu_order":0,"comment_status":"closed","ping_status":"closed","template":"","meta":{"generate_page_header":"","footnotes":""},"class_list":["post-4883","page","type-page","status-publish"],"yoast_head":"<!-- This site is optimized with the Yoast SEO plugin v27.5 - https:\/\/yoast.com\/product\/yoast-seo-wordpress\/ -->\n<title>Devenir membre &#8211; Archiv Frau und Musik<\/title>\n<meta name=\"description\" content=\"Soutenez le travail de l\u2019association Internationale Arbeitskreis Frau und Musik e. V. et devenez membre!\" \/>\n<meta name=\"robots\" content=\"index, follow, max-snippet:-1, max-image-preview:large, max-video-preview:-1\" \/>\n<link rel=\"canonical\" href=\"https:\/\/www.archiv-frau-musik.de\/fr\/mitglied-werden\" \/>\n<meta property=\"og:locale\" content=\"fr_FR\" \/>\n<meta property=\"og:type\" content=\"article\" \/>\n<meta property=\"og:title\" content=\"Devenir membre &#8211; Archiv Frau und Musik\" \/>\n<meta property=\"og:description\" content=\"Soutenez le travail de l\u2019association Internationale Arbeitskreis Frau und Musik e. V. et devenez membre!\" \/>\n<meta property=\"og:url\" content=\"https:\/\/www.archiv-frau-musik.de\/fr\/mitglied-werden\" \/>\n<meta property=\"og:site_name\" content=\"Archiv Frau und Musik\" \/>\n<meta property=\"article:modified_time\" content=\"2024-03-05T08:34:12+00:00\" \/>\n<meta name=\"twitter:card\" content=\"summary_large_image\" \/>\n<meta name=\"twitter:label1\" content=\"Dur\u00e9e de lecture estim\u00e9e\" \/>\n\t<meta name=\"twitter:data1\" content=\"1 minute\" \/>\n<script type=\"application\/ld+json\" class=\"yoast-schema-graph\">{\"@context\":\"https:\\\/\\\/schema.org\",\"@graph\":[{\"@type\":\"WebPage\",\"@id\":\"https:\\\/\\\/www.archiv-frau-musik.de\\\/fr\\\/mitglied-werden\",\"url\":\"https:\\\/\\\/www.archiv-frau-musik.de\\\/fr\\\/mitglied-werden\",\"name\":\"Devenir membre &#8211; Archiv Frau und Musik\",\"isPartOf\":{\"@id\":\"https:\\\/\\\/www.archiv-frau-musik.de\\\/fr\\\/#website\"},\"datePublished\":\"2018-01-31T14:10:26+00:00\",\"dateModified\":\"2024-03-05T08:34:12+00:00\",\"description\":\"Soutenez le travail de l\u2019association Internationale Arbeitskreis Frau und Musik e. V. et devenez membre!\",\"breadcrumb\":{\"@id\":\"https:\\\/\\\/www.archiv-frau-musik.de\\\/fr\\\/mitglied-werden#breadcrumb\"},\"inLanguage\":\"fr-FR\",\"potentialAction\":[{\"@type\":\"ReadAction\",\"target\":[[\"https:\\\/\\\/www.archiv-frau-musik.de\\\/fr\\\/mitglied-werden\"]]}]},{\"@type\":\"BreadcrumbList\",\"@id\":\"https:\\\/\\\/www.archiv-frau-musik.de\\\/fr\\\/mitglied-werden#breadcrumb\",\"itemListElement\":[{\"@type\":\"ListItem\",\"position\":1,\"name\":\"Startseite\",\"item\":\"https:\\\/\\\/www.archiv-frau-musik.de\\\/fr\\\/\"},{\"@type\":\"ListItem\",\"position\":2,\"name\":\"Mitglied werden\"}]},{\"@type\":\"WebSite\",\"@id\":\"https:\\\/\\\/www.archiv-frau-musik.de\\\/fr\\\/#website\",\"url\":\"https:\\\/\\\/www.archiv-frau-musik.de\\\/fr\\\/\",\"name\":\"Archiv Frau und Musik\",\"description\":\"\",\"potentialAction\":[{\"@type\":\"SearchAction\",\"target\":{\"@type\":\"EntryPoint\",\"urlTemplate\":\"https:\\\/\\\/www.archiv-frau-musik.de\\\/fr\\\/?s={search_term_string}\"},\"query-input\":{\"@type\":\"PropertyValueSpecification\",\"valueRequired\":true,\"valueName\":\"search_term_string\"}}],\"inLanguage\":\"fr-FR\"}]}<\/script>\n<!-- \/ Yoast SEO plugin. -->","yoast_head_json":{"title":"Devenir membre &#8211; Archiv Frau und Musik","description":"Soutenez le travail de l\u2019association Internationale Arbeitskreis Frau und Musik e. V. et devenez membre!","robots":{"index":"index","follow":"follow","max-snippet":"max-snippet:-1","max-image-preview":"max-image-preview:large","max-video-preview":"max-video-preview:-1"},"canonical":"https:\/\/www.archiv-frau-musik.de\/fr\/mitglied-werden","og_locale":"fr_FR","og_type":"article","og_title":"Devenir membre &#8211; Archiv Frau und Musik","og_description":"Soutenez le travail de l\u2019association Internationale Arbeitskreis Frau und Musik e. V. et devenez membre!","og_url":"https:\/\/www.archiv-frau-musik.de\/fr\/mitglied-werden","og_site_name":"Archiv Frau und Musik","article_modified_time":"2024-03-05T08:34:12+00:00","twitter_card":"summary_large_image","twitter_misc":{"Dur\u00e9e de lecture estim\u00e9e":"1 minute"},"schema":{"@context":"https:\/\/schema.org","@graph":[{"@type":"WebPage","@id":"https:\/\/www.archiv-frau-musik.de\/fr\/mitglied-werden","url":"https:\/\/www.archiv-frau-musik.de\/fr\/mitglied-werden","name":"Devenir membre &#8211; Archiv Frau und Musik","isPartOf":{"@id":"https:\/\/www.archiv-frau-musik.de\/fr\/#website"},"datePublished":"2018-01-31T14:10:26+00:00","dateModified":"2024-03-05T08:34:12+00:00","description":"Soutenez le travail de l\u2019association Internationale Arbeitskreis Frau und Musik e. V. et devenez membre!","breadcrumb":{"@id":"https:\/\/www.archiv-frau-musik.de\/fr\/mitglied-werden#breadcrumb"},"inLanguage":"fr-FR","potentialAction":[{"@type":"ReadAction","target":[["https:\/\/www.archiv-frau-musik.de\/fr\/mitglied-werden"]]}]},{"@type":"BreadcrumbList","@id":"https:\/\/www.archiv-frau-musik.de\/fr\/mitglied-werden#breadcrumb","itemListElement":[{"@type":"ListItem","position":1,"name":"Startseite","item":"https:\/\/www.archiv-frau-musik.de\/fr\/"},{"@type":"ListItem","position":2,"name":"Mitglied werden"}]},{"@type":"WebSite","@id":"https:\/\/www.archiv-frau-musik.de\/fr\/#website","url":"https:\/\/www.archiv-frau-musik.de\/fr\/","name":"Archiv Frau und Musik","description":"","potentialAction":[{"@type":"SearchAction","target":{"@type":"EntryPoint","urlTemplate":"https:\/\/www.archiv-frau-musik.de\/fr\/?s={search_term_string}"},"query-input":{"@type":"PropertyValueSpecification","valueRequired":true,"valueName":"search_term_string"}}],"inLanguage":"fr-FR"}]}},"_links":{"self":[{"href":"https:\/\/www.archiv-frau-musik.de\/fr\/wp-json\/wp\/v2\/pages\/4883","targetHints":{"allow":["GET"]}}],"collection":[{"href":"https:\/\/www.archiv-frau-musik.de\/fr\/wp-json\/wp\/v2\/pages"}],"about":[{"href":"https:\/\/www.archiv-frau-musik.de\/fr\/wp-json\/wp\/v2\/types\/page"}],"author":[{"embeddable":true,"href":"https:\/\/www.archiv-frau-musik.de\/fr\/wp-json\/wp\/v2\/users\/5"}],"replies":[{"embeddable":true,"href":"https:\/\/www.archiv-frau-musik.de\/fr\/wp-json\/wp\/v2\/comments?post=4883"}],"version-history":[{"count":27,"href":"https:\/\/www.archiv-frau-musik.de\/fr\/wp-json\/wp\/v2\/pages\/4883\/revisions"}],"predecessor-version":[{"id":10961,"href":"https:\/\/www.archiv-frau-musik.de\/fr\/wp-json\/wp\/v2\/pages\/4883\/revisions\/10961"}],"wp:attachment":[{"href":"https:\/\/www.archiv-frau-musik.de\/fr\/wp-json\/wp\/v2\/media?parent=4883"}],"curies":[{"name":"wp","href":"https:\/\/api.w.org\/{rel}","templated":true}]}}