{"id":4871,"date":"2018-01-31T15:08:15","date_gmt":"2018-01-31T14:08:15","guid":{"rendered":"http:\/\/www.archiv-frau-musik.de\/?page_id=4871"},"modified":"2026-04-20T09:58:38","modified_gmt":"2026-04-20T07:58:38","slug":"frau-und-musik-institutionen","status":"publish","type":"page","link":"https:\/\/www.archiv-frau-musik.de\/fr\/frau-und-musik-institutionen","title":{"rendered":"Institutions de la femme et de la musique"},"content":{"rendered":"<p>Depuis la cr\u00e9ation de l&rsquo;association Internationale Arbeitskreis Frau und Musik e. V. et des Archives Frau und Musik en 1979, de nombreux autres instituts et institutions ont \u00e9t\u00e9 cr\u00e9\u00e9s selon notre exemple, enrichissant la recherche sur les femmes et les genres, et contribuant \u00e0 la diversit\u00e9 culturelle conform\u00e9ment aux dispositions de la politique d&rsquo;\u00e9galit\u00e9 des chances de la R\u00e9publique f\u00e9d\u00e9rale d&rsquo;Allemagne.<\/p>\n<p><a href=\"https:\/\/musicbywomen.de\/music-women-netzwerke\/\" target=\"_blank\" rel=\"noopener\">Aper\u00e7u graphique de (la grande majorit\u00e9 des) institutions musicales f\u00e9minines<\/a> en tant que r\u00e9seau par Mirca Lotz\/musicBYwomen* (Munich)<\/p>\n<p>D&rsquo;autres institutions musicales f\u00e9minines importantes sont:<\/p>\n<p>\u2013 En langue allemande<\/p>\n<p><a href=\"http:\/\/www.sophie-drinker-institut.de\/cms\/index.php\/startseite\" target=\"_blank\" rel=\"noopener\">Sophie Drinker Institut<\/a> \u00e0 Br\u00eame | <a href=\"https:\/\/mugi.hfmt-hamburg.de\/\" target=\"_blank\" rel=\"noopener\">MUGI \u2013 Musique et gender sur Internet<\/a> \u00e0 Hambourg (lexique en ligne) | <a href=\"https:\/\/www.fmg.hmtm-hannover.de\/de\/start\/\" target=\"_blank\" rel=\"noopener\">Forschungszentrum Musik und Gender<\/a> \u00e0 Hanovre | <a href=\"https:\/\/www.musicdiversity.ch\/\" target=\"_blank\" rel=\"noopener\">ForumMusikDiversit\u00e4t<\/a> en Suisse | <a href=\"https:\/\/www.musica-femina-muenchen.de\" target=\"_blank\" rel=\"noopener\">musica femina m\u00fcnchen e. V.<\/a> | Internationale Komponistinnen-Bibliothek Unna | <a href=\"http:\/\/www.melodiva.de\/\" target=\"_blank\" rel=\"noopener\">Melodiva \u2013 Frauenmusikb\u00fcro<\/a> \u00e0 Francfort-sur-le-Main | <a href=\"http:\/\/cid-fg.lu\/\" target=\"_blank\" rel=\"noopener\">CID \u2013 Fraen an Gender<\/a> \u00e0 Luxembourg | <a href=\"http:\/\/www.heroines-of-sound.com\/\" target=\"_blank\" rel=\"noopener\">Heroines of Sound<\/a>, Festival \u00e0 Berlin | <a href=\"http:\/\/copyriot.com\/ladyfest\/\" target=\"_blank\" rel=\"noopener\">Frankfurt Ladyfest<\/a> | Specs On | <a href=\"https:\/\/www.mdw.ac.at\/ikm\/ikm-bibliothek\" target=\"_blank\" rel=\"noopener\">Gender_Bibliothek mdw<\/a><\/p>\n<p>\u2013 International<\/p>\n<p>Ambache Charitable Trust \u00e0 Londres | <a href=\"https:\/\/www.amodernreveal.com\/introduction\/\" target=\"_blank\" rel=\"noopener\">A Modern Reveal<\/a> aux Etats-Unis | <a href=\"https:\/\/www.andwewereheard.org\/\" target=\"_blank\" rel=\"noopener\">&#8230;and we were heard<\/a> | <a href=\"https:\/\/www.boulangerinitiative.org\/\" target=\"_blank\" rel=\"noopener\">Boulanger Initiative<\/a> \u00e0 Washington D.C. \/USA | <a href=\"https:\/\/britishmusiccollection.org.uk\/article-category\/international-womens-day-campaign\" target=\"_blank\" rel=\"noopener\">British Music Collection (ax\u00e9e sur les femmes)<\/a> au Royaume-Uni | <a href=\"https:\/\/www.canadianwomencomposersproject.com\/\" target=\"_blank\" rel=\"noopener\">Canadian Women Composers<\/a> au Canada | <a href=\"https:\/\/www.cnlb.fr\/\" target=\"_blank\" rel=\"noopener\">Centre International Nadia et Lili Boulanger<\/a> \u00e0 Paris\/France | <a href=\"http:\/\/compos-h-er.tumblr.com\/\" target=\"_blank\" rel=\"noopener\">Compos(h)er<\/a> \u2013 Tumblr-Blog | <a href=\"http:\/\/www.drama-musica.com\/AboutDonne.html\" target=\"_blank\" rel=\"noopener\">Donne \u2013 Women in Music<\/a> | Fondazione Adkins Chiti Donne in Musica en Italie | <a href=\"https:\/\/www.illuminatewomensmusic.co.uk\/\" target=\"_blank\" rel=\"noopener\">Illuminate Women&rsquo;s Music<\/a> au Royaume-Uni | <a href=\"https:\/\/iawm.org\/\" target=\"_blank\" rel=\"noopener\">International Alliance for Women in Music<\/a> (IAWM) aux Etats-Unis | <a href=\"https:\/\/www.composerdiversity.com\/\" target=\"_blank\" rel=\"noopener\">Institute for Composer Diversity<\/a> dans l&rsquo;Etat de New York\/Fredonia, USA | <a href=\"http:\/\/www.kapralova.org\/index.htm\" target=\"_blank\" rel=\"noopener\">Kapr\u00e1lov\u00e1 Society<\/a> \u00e0 Toronto\/Canada | <a href=\"https:\/\/keychange.eu\/\" target=\"_blank\" rel=\"noopener\">Keychange\/PRS Foundation<\/a>, projet mondial pour un 50 | <a href=\"http:\/\/eng.kvast.org\/\" target=\"_blank\" rel=\"noopener\">KVAST Association pour les compositrices su\u00e9doises<\/a> | <a href=\"http:\/\/listeningtoladies.com\/\" target=\"_blank\" rel=\"noopener\">Listening To Ladies<\/a>, projet de podcast\/d\u2019entrevue d&rsquo;Elisabeth Blair aux Etats-Unis | Many Many Women, catalogue de plus de 1. 200 compositrices | <a href=\"https:\/\/www.musicbyblackcomposers.org\/\" target=\"_blank\" rel=\"noopener\">Music by Black Composers<\/a> \u00e0 Chicago\/USA | <a href=\"https:\/\/www.musicbywomen.org\/\" target=\"_blank\" rel=\"noopener\">Music by Women<\/a> | <a href=\"https:\/\/www.alexshapiro.org\/ProgrammingResources.html\" target=\"_blank\" rel=\"noopener\">Related Sources<\/a>, projet d&rsquo;Alex Shapiro sur les compositrices avec des listes collectives | <a href=\"https:\/\/thesampler.org\/podcasts\/sound-music-podcast-episode-4\/\" target=\"_blank\" rel=\"noopener\">Sound and Musi<\/a>c, podcast sur les compositrices, Royaume-Uni | <a href=\"https:\/\/thedaffodilperspective.com\/\" target=\"_blank\" rel=\"noopener\">The Daffodil Perspective<\/a>, \u00e9mission de radio\/station de radio sur les compositrices, Royaume-Uni (le projet a malheureusement d\u00fb \u00eatre abandonn\u00e9; pour des raisons de documentation, nous conservons le lien) | <a href=\"https:\/\/www.trinitylaban.ac.uk\/creative-innovation\/venus-blazing\/introducing-venus-blazing\" target=\"_blank\" rel=\"noopener\">Venus Blazing<\/a>, projet du Trinity Laban Conservatoire of Music &amp; Dance, Londres | <a href=\"https:\/\/wophil.org\/?doing_wp_cron=1612304499.1647989749908447265625\" target=\"_blank\" rel=\"noopener\">Women&rsquo;s Philharmonic Advocacy<\/a> \u00e0 New York\/USA | <a href=\"http:\/\/www.newyorkwomencomposers.org\/\" target=\"_blank\" rel=\"noopener\">New York Women Composers Inc.<\/a> | <a href=\"https:\/\/seejane.org\/\" target=\"_blank\" rel=\"noopener\">Geena Davis Institute on Gender in Media<\/a> | <a href=\"https:\/\/en.wikipedia.org\/wiki\/Israeli_Women_Composers_%26_Performers_Forum\" target=\"_blank\" rel=\"noopener\">Israeli Women Composers Forum<\/a> | African Composers | <a href=\"https:\/\/de.wikipedia.org\/wiki\/Frauenmuseum_Istanbul\" target=\"_blank\" rel=\"noopener\">Mus\u00e9e des femmes d&rsquo;Instanbul<\/a> | <a href=\"https:\/\/niloufarnourbakhsh.com\/ifca\/\" target=\"_blank\" rel=\"noopener\">Iranian Female Composers Association \u2013 IFCA<\/a> | <a href=\"https:\/\/www.presencecompositrices.com\/\" target=\"_blank\" rel=\"noopener\">Pr\u00e9sence Compositrices<\/a> | <a href=\"http:\/\/www.chinesewomancomposers.org\/aboutus.html\" target=\"_blank\" rel=\"noopener\">Chinese Women Composers<\/a> | Ms. Foundation for Women (le lien fonctionne!) | <a href=\"https:\/\/www.womensmediacenter.com\/\" target=\"_blank\" rel=\"noopener\">Women&rsquo;s Media Center<\/a> | <a href=\"https:\/\/www.womenforwomen.org\/\" target=\"_blank\" rel=\"noopener\">Women for Women International<\/a> | <a href=\"https:\/\/www.pianomusicshewrote.com\/\" target=\"_blank\" rel=\"noopener\">Piano Music She Wrote<\/a> |\u00a0<a href=\"https:\/\/www.allegrasparkle.com\/\" target=\"_blank\" rel=\"noopener\">Allegra Sparkle&rsquo;s Guide to the Great Composers<\/a><\/p>\n<p><div id='gallery-3' class='gallery galleryid-4871 gallery-columns-5 gallery-size-medium'><figure class='gallery-item'>\n\t\t\t<div class='gallery-icon landscape'>\n\t\t\t\t<img loading=\"lazy\" decoding=\"async\" width=\"300\" height=\"48\" src=\"https:\/\/www.archiv-frau-musik.de\/wp-content\/uploads\/2018\/02\/Logo-Drinker-300x48.jpg\" class=\"attachment-medium size-medium\" alt=\"\" srcset=\"https:\/\/www.archiv-frau-musik.de\/wp-content\/uploads\/2018\/02\/Logo-Drinker-300x48.jpg 300w, https:\/\/www.archiv-frau-musik.de\/wp-content\/uploads\/2018\/02\/Logo-Drinker-768x123.jpg 768w, https:\/\/www.archiv-frau-musik.de\/wp-content\/uploads\/2018\/02\/Logo-Drinker.jpg 981w\" sizes=\"auto, (max-width: 300px) 100vw, 300px\" \/>\n\t\t\t<\/div><\/figure><figure class='gallery-item'>\n\t\t\t<div class='gallery-icon landscape'>\n\t\t\t\t<img loading=\"lazy\" decoding=\"async\" width=\"300\" height=\"72\" src=\"https:\/\/www.archiv-frau-musik.de\/wp-content\/uploads\/2018\/03\/logo-melodiva-300x72.png\" class=\"attachment-medium size-medium\" alt=\"\" srcset=\"https:\/\/www.archiv-frau-musik.de\/wp-content\/uploads\/2018\/03\/logo-melodiva-300x72.png 300w, https:\/\/www.archiv-frau-musik.de\/wp-content\/uploads\/2018\/03\/logo-melodiva.png 757w\" sizes=\"auto, (max-width: 300px) 100vw, 300px\" \/>\n\t\t\t<\/div><\/figure><figure class='gallery-item'>\n\t\t\t<div class='gallery-icon landscape'>\n\t\t\t\t<img loading=\"lazy\" decoding=\"async\" width=\"300\" height=\"107\" src=\"https:\/\/www.archiv-frau-musik.de\/wp-content\/uploads\/2018\/02\/Logo-MUGI-300x107.jpg\" class=\"attachment-medium size-medium\" alt=\"\" srcset=\"https:\/\/www.archiv-frau-musik.de\/wp-content\/uploads\/2018\/02\/Logo-MUGI-300x107.jpg 300w, https:\/\/www.archiv-frau-musik.de\/wp-content\/uploads\/2018\/02\/Logo-MUGI-e1518983944744.jpg 290w\" sizes=\"auto, (max-width: 300px) 100vw, 300px\" \/>\n\t\t\t<\/div><\/figure><figure class='gallery-item'>\n\t\t\t<div class='gallery-icon landscape'>\n\t\t\t\t<img loading=\"lazy\" decoding=\"async\" width=\"300\" height=\"127\" src=\"https:\/\/www.archiv-frau-musik.de\/wp-content\/uploads\/2018\/03\/Cid_Logo_CMYK_Web-300x127.png\" class=\"attachment-medium size-medium\" alt=\"\" srcset=\"https:\/\/www.archiv-frau-musik.de\/wp-content\/uploads\/2018\/03\/Cid_Logo_CMYK_Web-300x127.png 300w, https:\/\/www.archiv-frau-musik.de\/wp-content\/uploads\/2018\/03\/Cid_Logo_CMYK_Web.png 500w\" sizes=\"auto, (max-width: 300px) 100vw, 300px\" \/>\n\t\t\t<\/div><\/figure><figure class='gallery-item'>\n\t\t\t<div class='gallery-icon landscape'>\n\t\t\t\t<img loading=\"lazy\" decoding=\"async\" width=\"300\" height=\"240\" src=\"https:\/\/www.archiv-frau-musik.de\/wp-content\/uploads\/2018\/02\/csm_Logo-HMTMH-FMG_a3f06dad80-300x240.jpg\" class=\"attachment-medium size-medium\" alt=\"\" srcset=\"https:\/\/www.archiv-frau-musik.de\/wp-content\/uploads\/2018\/02\/csm_Logo-HMTMH-FMG_a3f06dad80-300x240.jpg 300w, https:\/\/www.archiv-frau-musik.de\/wp-content\/uploads\/2018\/02\/csm_Logo-HMTMH-FMG_a3f06dad80.jpg 315w\" sizes=\"auto, (max-width: 300px) 100vw, 300px\" \/>\n\t\t\t<\/div><\/figure><figure class='gallery-item'>\n\t\t\t<div class='gallery-icon landscape'>\n\t\t\t\t<img loading=\"lazy\" decoding=\"async\" width=\"300\" height=\"300\" src=\"https:\/\/www.archiv-frau-musik.de\/wp-content\/uploads\/2018\/03\/iawm-logo-300x300.png\" class=\"attachment-medium size-medium\" alt=\"\" srcset=\"https:\/\/www.archiv-frau-musik.de\/wp-content\/uploads\/2018\/03\/iawm-logo-300x300.png 300w, https:\/\/www.archiv-frau-musik.de\/wp-content\/uploads\/2018\/03\/iawm-logo-150x150.png 150w, https:\/\/www.archiv-frau-musik.de\/wp-content\/uploads\/2018\/03\/iawm-logo-45x45.png 45w, https:\/\/www.archiv-frau-musik.de\/wp-content\/uploads\/2018\/03\/iawm-logo.png 400w\" sizes=\"auto, (max-width: 300px) 100vw, 300px\" \/>\n\t\t\t<\/div><\/figure><figure class='gallery-item'>\n\t\t\t<div class='gallery-icon landscape'>\n\t\t\t\t<img loading=\"lazy\" decoding=\"async\" width=\"300\" height=\"200\" src=\"https:\/\/www.archiv-frau-musik.de\/wp-content\/uploads\/2018\/04\/Logo-Forum-Musik-Diversitaet-300x200.jpg\" class=\"attachment-medium size-medium\" alt=\"\" srcset=\"https:\/\/www.archiv-frau-musik.de\/wp-content\/uploads\/2018\/04\/Logo-Forum-Musik-Diversitaet-300x200.jpg 300w, https:\/\/www.archiv-frau-musik.de\/wp-content\/uploads\/2018\/04\/Logo-Forum-Musik-Diversitaet-768x513.jpg 768w, https:\/\/www.archiv-frau-musik.de\/wp-content\/uploads\/2018\/04\/Logo-Forum-Musik-Diversitaet.jpg 800w\" sizes=\"auto, (max-width: 300px) 100vw, 300px\" \/>\n\t\t\t<\/div><\/figure>\n\t\t<\/div>\n<\/p>","protected":false},"excerpt":{"rendered":"<p>Depuis la cr\u00e9ation de l&rsquo;association Internationale Arbeitskreis Frau und Musik e. V. et des Archives Frau und Musik en 1979, de nombreux autres instituts et institutions ont \u00e9t\u00e9 cr\u00e9\u00e9s selon notre exemple, enrichissant la recherche sur les femmes et les genres, et contribuant \u00e0 la diversit\u00e9 culturelle conform\u00e9ment aux dispositions de la politique d&rsquo;\u00e9galit\u00e9 des &#8230; <a title=\"Institutions de la femme et de la musique\" class=\"read-more\" href=\"https:\/\/www.archiv-frau-musik.de\/fr\/frau-und-musik-institutionen\" aria-label=\"En savoir plus sur Institutions de la femme et de la musique\">Weiterlesen &#8230;<\/a><\/p>\n","protected":false},"author":5,"featured_media":0,"parent":0,"menu_order":0,"comment_status":"closed","ping_status":"closed","template":"","meta":{"generate_page_header":"","footnotes":""},"class_list":["post-4871","page","type-page","status-publish"],"yoast_head":"<!-- This site is optimized with the Yoast SEO plugin v27.4 - https:\/\/yoast.com\/product\/yoast-seo-wordpress\/ -->\n<title>Institutions de la femme et de la musique &#8211; Archiv Frau und Musik<\/title>\n<meta name=\"description\" content=\"Depuis la cr\u00e9ation de l&#039;association Internationale Arbeitskreis Frau und Musik e. V. et des Archives Frau und Musik en 1979, de nombreux\" \/>\n<meta name=\"robots\" content=\"index, follow, max-snippet:-1, max-image-preview:large, max-video-preview:-1\" \/>\n<link rel=\"canonical\" href=\"https:\/\/www.archiv-frau-musik.de\/fr\/frau-und-musik-institutionen\" \/>\n<meta property=\"og:locale\" content=\"fr_FR\" \/>\n<meta property=\"og:type\" content=\"article\" \/>\n<meta property=\"og:title\" content=\"Institutions de la femme et de la musique &#8211; Archiv Frau und Musik\" \/>\n<meta property=\"og:description\" content=\"Depuis la cr\u00e9ation de l&#039;association Internationale Arbeitskreis Frau und Musik e. V. et des Archives Frau und Musik en 1979, de nombreux\" \/>\n<meta property=\"og:url\" content=\"https:\/\/www.archiv-frau-musik.de\/fr\/frau-und-musik-institutionen\" \/>\n<meta property=\"og:site_name\" content=\"Archiv Frau und Musik\" \/>\n<meta property=\"article:modified_time\" content=\"2026-04-20T07:58:38+00:00\" \/>\n<meta property=\"og:image\" content=\"https:\/\/www.archiv-frau-musik.de\/wp-content\/uploads\/2018\/02\/Logo-Drinker-300x48.jpg\" \/>\n<meta name=\"twitter:card\" content=\"summary_large_image\" \/>\n<meta name=\"twitter:label1\" content=\"Dur\u00e9e de lecture estim\u00e9e\" \/>\n\t<meta name=\"twitter:data1\" content=\"1 minute\" \/>\n<script type=\"application\/ld+json\" class=\"yoast-schema-graph\">{\"@context\":\"https:\\\/\\\/schema.org\",\"@graph\":[{\"@type\":\"WebPage\",\"@id\":\"https:\\\/\\\/www.archiv-frau-musik.de\\\/fr\\\/frau-und-musik-institutionen\",\"url\":\"https:\\\/\\\/www.archiv-frau-musik.de\\\/fr\\\/frau-und-musik-institutionen\",\"name\":\"Institutions de la femme et de la musique &#8211; Archiv Frau und Musik\",\"isPartOf\":{\"@id\":\"https:\\\/\\\/www.archiv-frau-musik.de\\\/fr\\\/#website\"},\"datePublished\":\"2018-01-31T14:08:15+00:00\",\"dateModified\":\"2026-04-20T07:58:38+00:00\",\"description\":\"Depuis la cr\u00e9ation de l'association Internationale Arbeitskreis Frau und Musik e. V. et des Archives Frau und Musik en 1979, de nombreux\",\"breadcrumb\":{\"@id\":\"https:\\\/\\\/www.archiv-frau-musik.de\\\/fr\\\/frau-und-musik-institutionen#breadcrumb\"},\"inLanguage\":\"fr-FR\",\"potentialAction\":[{\"@type\":\"ReadAction\",\"target\":[[\"https:\\\/\\\/www.archiv-frau-musik.de\\\/fr\\\/frau-und-musik-institutionen\"]]}]},{\"@type\":\"BreadcrumbList\",\"@id\":\"https:\\\/\\\/www.archiv-frau-musik.de\\\/fr\\\/frau-und-musik-institutionen#breadcrumb\",\"itemListElement\":[{\"@type\":\"ListItem\",\"position\":1,\"name\":\"Startseite\",\"item\":\"https:\\\/\\\/www.archiv-frau-musik.de\\\/fr\\\/\"},{\"@type\":\"ListItem\",\"position\":2,\"name\":\"Frau-und-Musik-Institutionen\"}]},{\"@type\":\"WebSite\",\"@id\":\"https:\\\/\\\/www.archiv-frau-musik.de\\\/fr\\\/#website\",\"url\":\"https:\\\/\\\/www.archiv-frau-musik.de\\\/fr\\\/\",\"name\":\"Archiv Frau und Musik\",\"description\":\"\",\"potentialAction\":[{\"@type\":\"SearchAction\",\"target\":{\"@type\":\"EntryPoint\",\"urlTemplate\":\"https:\\\/\\\/www.archiv-frau-musik.de\\\/fr\\\/?s={search_term_string}\"},\"query-input\":{\"@type\":\"PropertyValueSpecification\",\"valueRequired\":true,\"valueName\":\"search_term_string\"}}],\"inLanguage\":\"fr-FR\"}]}<\/script>\n<!-- \/ Yoast SEO plugin. -->","yoast_head_json":{"title":"Institutions de la femme et de la musique &#8211; Archiv Frau und Musik","description":"Depuis la cr\u00e9ation de l'association Internationale Arbeitskreis Frau und Musik e. V. et des Archives Frau und Musik en 1979, de nombreux","robots":{"index":"index","follow":"follow","max-snippet":"max-snippet:-1","max-image-preview":"max-image-preview:large","max-video-preview":"max-video-preview:-1"},"canonical":"https:\/\/www.archiv-frau-musik.de\/fr\/frau-und-musik-institutionen","og_locale":"fr_FR","og_type":"article","og_title":"Institutions de la femme et de la musique &#8211; Archiv Frau und Musik","og_description":"Depuis la cr\u00e9ation de l'association Internationale Arbeitskreis Frau und Musik e. V. et des Archives Frau und Musik en 1979, de nombreux","og_url":"https:\/\/www.archiv-frau-musik.de\/fr\/frau-und-musik-institutionen","og_site_name":"Archiv Frau und Musik","article_modified_time":"2026-04-20T07:58:38+00:00","og_image":[{"url":"https:\/\/www.archiv-frau-musik.de\/wp-content\/uploads\/2018\/02\/Logo-Drinker-300x48.jpg","type":"","width":"","height":""}],"twitter_card":"summary_large_image","twitter_misc":{"Dur\u00e9e de lecture estim\u00e9e":"1 minute"},"schema":{"@context":"https:\/\/schema.org","@graph":[{"@type":"WebPage","@id":"https:\/\/www.archiv-frau-musik.de\/fr\/frau-und-musik-institutionen","url":"https:\/\/www.archiv-frau-musik.de\/fr\/frau-und-musik-institutionen","name":"Institutions de la femme et de la musique &#8211; Archiv Frau und Musik","isPartOf":{"@id":"https:\/\/www.archiv-frau-musik.de\/fr\/#website"},"datePublished":"2018-01-31T14:08:15+00:00","dateModified":"2026-04-20T07:58:38+00:00","description":"Depuis la cr\u00e9ation de l'association Internationale Arbeitskreis Frau und Musik e. V. et des Archives Frau und Musik en 1979, de nombreux","breadcrumb":{"@id":"https:\/\/www.archiv-frau-musik.de\/fr\/frau-und-musik-institutionen#breadcrumb"},"inLanguage":"fr-FR","potentialAction":[{"@type":"ReadAction","target":[["https:\/\/www.archiv-frau-musik.de\/fr\/frau-und-musik-institutionen"]]}]},{"@type":"BreadcrumbList","@id":"https:\/\/www.archiv-frau-musik.de\/fr\/frau-und-musik-institutionen#breadcrumb","itemListElement":[{"@type":"ListItem","position":1,"name":"Startseite","item":"https:\/\/www.archiv-frau-musik.de\/fr\/"},{"@type":"ListItem","position":2,"name":"Frau-und-Musik-Institutionen"}]},{"@type":"WebSite","@id":"https:\/\/www.archiv-frau-musik.de\/fr\/#website","url":"https:\/\/www.archiv-frau-musik.de\/fr\/","name":"Archiv Frau und Musik","description":"","potentialAction":[{"@type":"SearchAction","target":{"@type":"EntryPoint","urlTemplate":"https:\/\/www.archiv-frau-musik.de\/fr\/?s={search_term_string}"},"query-input":{"@type":"PropertyValueSpecification","valueRequired":true,"valueName":"search_term_string"}}],"inLanguage":"fr-FR"}]}},"_links":{"self":[{"href":"https:\/\/www.archiv-frau-musik.de\/fr\/wp-json\/wp\/v2\/pages\/4871","targetHints":{"allow":["GET"]}}],"collection":[{"href":"https:\/\/www.archiv-frau-musik.de\/fr\/wp-json\/wp\/v2\/pages"}],"about":[{"href":"https:\/\/www.archiv-frau-musik.de\/fr\/wp-json\/wp\/v2\/types\/page"}],"author":[{"embeddable":true,"href":"https:\/\/www.archiv-frau-musik.de\/fr\/wp-json\/wp\/v2\/users\/5"}],"replies":[{"embeddable":true,"href":"https:\/\/www.archiv-frau-musik.de\/fr\/wp-json\/wp\/v2\/comments?post=4871"}],"version-history":[{"count":89,"href":"https:\/\/www.archiv-frau-musik.de\/fr\/wp-json\/wp\/v2\/pages\/4871\/revisions"}],"predecessor-version":[{"id":16852,"href":"https:\/\/www.archiv-frau-musik.de\/fr\/wp-json\/wp\/v2\/pages\/4871\/revisions\/16852"}],"wp:attachment":[{"href":"https:\/\/www.archiv-frau-musik.de\/fr\/wp-json\/wp\/v2\/media?parent=4871"}],"curies":[{"name":"wp","href":"https:\/\/api.w.org\/{rel}","templated":true}]}}