{"id":4869,"date":"2018-01-31T15:07:43","date_gmt":"2018-01-31T14:07:43","guid":{"rendered":"http:\/\/www.archiv-frau-musik.de\/?page_id=4869"},"modified":"2026-01-19T16:36:48","modified_gmt":"2026-01-19T15:36:48","slug":"foerdernde-institutionen","status":"publish","type":"page","link":"https:\/\/www.archiv-frau-musik.de\/fr\/foerdernde-institutionen","title":{"rendered":"Institutions de soutien"},"content":{"rendered":"<p>En tant qu&rsquo;association \u00e0 but non lucratif, l&rsquo;Internationale Arbeitskreis Frau und Musik e. V. d\u00e9pend d&rsquo;un soutien ext\u00e9rieur. Elle re\u00e7oit des subventions institutionnelles de la ville de Francfort et du Land de Hesse, ainsi que des subventions de diff\u00e9rentes fondations pour certains projets.<\/p>\n<p>Les institutions de soutien sont<\/p>\n<ul>\n<li><a href=\"https:\/\/wissenschaft.hessen.de\/\" target=\"_blank\" rel=\"noopener\">Minist\u00e8re des sciences et des arts du Land de Hesse<\/a> (soutien institutionnel)<\/li>\n<li>Ville de Francfort-sur-le-Main (soutien institutionnel)<\/li>\n<li><a href=\"http:\/\/mariann-steegmann-foundation.org\/\" target=\"_blank\" rel=\"noopener\">Mariann Steegmann Foundation<\/a> \u2013 F\u00f6rderung von Frauen in Musik und Kunst (promotion des femmes dans la musique et l&rsquo;art), bas\u00e9e \u00e0 Br\u00eame (soutien \u00e0 l&rsquo;achat de fonds importants de compositrices; fonds de projets)<\/li>\n<\/ul>\n<p><\/p>","protected":false},"excerpt":{"rendered":"<p>En tant qu&rsquo;association \u00e0 but non lucratif, l&rsquo;Internationale Arbeitskreis Frau und Musik e. V. d\u00e9pend d&rsquo;un soutien ext\u00e9rieur. Elle re\u00e7oit des subventions institutionnelles de la ville de Francfort et du Land de Hesse, ainsi que des subventions de diff\u00e9rentes fondations pour certains projets. Les institutions de soutien sont Minist\u00e8re des sciences et des arts du &#8230; <a title=\"Institutions de soutien\" class=\"read-more\" href=\"https:\/\/www.archiv-frau-musik.de\/fr\/foerdernde-institutionen\" aria-label=\"En savoir plus sur Institutions de soutien\">Weiterlesen &#8230;<\/a><\/p>\n","protected":false},"author":5,"featured_media":0,"parent":0,"menu_order":0,"comment_status":"closed","ping_status":"closed","template":"","meta":{"generate_page_header":"","footnotes":""},"class_list":["post-4869","page","type-page","status-publish"],"yoast_head":"<!-- This site is optimized with the Yoast SEO plugin v27.4 - https:\/\/yoast.com\/product\/yoast-seo-wordpress\/ -->\n<title>Institutions de soutien &#8211; Archiv Frau und Musik<\/title>\n<meta name=\"description\" content=\"En tant qu\u2019association \u00e0 but non lucratif, l\u2019Internationale Arbeitskreis Frau und Musik e. V. d\u00e9pend d\u2019un soutien ext\u00e9rieur. Elle re\u00e7oit des\" \/>\n<meta name=\"robots\" content=\"index, follow, max-snippet:-1, max-image-preview:large, max-video-preview:-1\" \/>\n<link rel=\"canonical\" href=\"https:\/\/www.archiv-frau-musik.de\/fr\/foerdernde-institutionen\" \/>\n<meta property=\"og:locale\" content=\"fr_FR\" \/>\n<meta property=\"og:type\" content=\"article\" \/>\n<meta property=\"og:title\" content=\"Institutions de soutien &#8211; Archiv Frau und Musik\" \/>\n<meta property=\"og:description\" content=\"En tant qu\u2019association \u00e0 but non lucratif, l\u2019Internationale Arbeitskreis Frau und Musik e. V. d\u00e9pend d\u2019un soutien ext\u00e9rieur. Elle re\u00e7oit des\" \/>\n<meta property=\"og:url\" content=\"https:\/\/www.archiv-frau-musik.de\/fr\/foerdernde-institutionen\" \/>\n<meta property=\"og:site_name\" content=\"Archiv Frau und Musik\" \/>\n<meta property=\"article:modified_time\" content=\"2026-01-19T15:36:48+00:00\" \/>\n<meta property=\"og:image\" content=\"https:\/\/www.archiv-frau-musik.de\/wp-content\/uploads\/2018\/03\/hmwk_144dpi-300x116.gif\" \/>\n<meta name=\"twitter:card\" content=\"summary_large_image\" \/>\n<meta name=\"twitter:label1\" content=\"Dur\u00e9e de lecture estim\u00e9e\" \/>\n\t<meta name=\"twitter:data1\" content=\"1 minute\" \/>\n<script type=\"application\/ld+json\" class=\"yoast-schema-graph\">{\"@context\":\"https:\\\/\\\/schema.org\",\"@graph\":[{\"@type\":\"WebPage\",\"@id\":\"https:\\\/\\\/www.archiv-frau-musik.de\\\/fr\\\/foerdernde-institutionen\",\"url\":\"https:\\\/\\\/www.archiv-frau-musik.de\\\/fr\\\/foerdernde-institutionen\",\"name\":\"Institutions de soutien &#8211; Archiv Frau und Musik\",\"isPartOf\":{\"@id\":\"https:\\\/\\\/www.archiv-frau-musik.de\\\/fr\\\/#website\"},\"datePublished\":\"2018-01-31T14:07:43+00:00\",\"dateModified\":\"2026-01-19T15:36:48+00:00\",\"description\":\"En tant qu\u2019association \u00e0 but non lucratif, l\u2019Internationale Arbeitskreis Frau und Musik e. V. d\u00e9pend d\u2019un soutien ext\u00e9rieur. Elle re\u00e7oit des\",\"breadcrumb\":{\"@id\":\"https:\\\/\\\/www.archiv-frau-musik.de\\\/fr\\\/foerdernde-institutionen#breadcrumb\"},\"inLanguage\":\"fr-FR\",\"potentialAction\":[{\"@type\":\"ReadAction\",\"target\":[[\"https:\\\/\\\/www.archiv-frau-musik.de\\\/fr\\\/foerdernde-institutionen\"]]}]},{\"@type\":\"BreadcrumbList\",\"@id\":\"https:\\\/\\\/www.archiv-frau-musik.de\\\/fr\\\/foerdernde-institutionen#breadcrumb\",\"itemListElement\":[{\"@type\":\"ListItem\",\"position\":1,\"name\":\"Startseite\",\"item\":\"https:\\\/\\\/www.archiv-frau-musik.de\\\/fr\\\/\"},{\"@type\":\"ListItem\",\"position\":2,\"name\":\"F\u00f6rdernde Institutionen\"}]},{\"@type\":\"WebSite\",\"@id\":\"https:\\\/\\\/www.archiv-frau-musik.de\\\/fr\\\/#website\",\"url\":\"https:\\\/\\\/www.archiv-frau-musik.de\\\/fr\\\/\",\"name\":\"Archiv Frau und Musik\",\"description\":\"\",\"potentialAction\":[{\"@type\":\"SearchAction\",\"target\":{\"@type\":\"EntryPoint\",\"urlTemplate\":\"https:\\\/\\\/www.archiv-frau-musik.de\\\/fr\\\/?s={search_term_string}\"},\"query-input\":{\"@type\":\"PropertyValueSpecification\",\"valueRequired\":true,\"valueName\":\"search_term_string\"}}],\"inLanguage\":\"fr-FR\"}]}<\/script>\n<!-- \/ Yoast SEO plugin. -->","yoast_head_json":{"title":"Institutions de soutien &#8211; Archiv Frau und Musik","description":"En tant qu\u2019association \u00e0 but non lucratif, l\u2019Internationale Arbeitskreis Frau und Musik e. V. d\u00e9pend d\u2019un soutien ext\u00e9rieur. Elle re\u00e7oit des","robots":{"index":"index","follow":"follow","max-snippet":"max-snippet:-1","max-image-preview":"max-image-preview:large","max-video-preview":"max-video-preview:-1"},"canonical":"https:\/\/www.archiv-frau-musik.de\/fr\/foerdernde-institutionen","og_locale":"fr_FR","og_type":"article","og_title":"Institutions de soutien &#8211; Archiv Frau und Musik","og_description":"En tant qu\u2019association \u00e0 but non lucratif, l\u2019Internationale Arbeitskreis Frau und Musik e. V. d\u00e9pend d\u2019un soutien ext\u00e9rieur. Elle re\u00e7oit des","og_url":"https:\/\/www.archiv-frau-musik.de\/fr\/foerdernde-institutionen","og_site_name":"Archiv Frau und Musik","article_modified_time":"2026-01-19T15:36:48+00:00","og_image":[{"url":"https:\/\/www.archiv-frau-musik.de\/wp-content\/uploads\/2018\/03\/hmwk_144dpi-300x116.gif","type":"","width":"","height":""}],"twitter_card":"summary_large_image","twitter_misc":{"Dur\u00e9e de lecture estim\u00e9e":"1 minute"},"schema":{"@context":"https:\/\/schema.org","@graph":[{"@type":"WebPage","@id":"https:\/\/www.archiv-frau-musik.de\/fr\/foerdernde-institutionen","url":"https:\/\/www.archiv-frau-musik.de\/fr\/foerdernde-institutionen","name":"Institutions de soutien &#8211; Archiv Frau und Musik","isPartOf":{"@id":"https:\/\/www.archiv-frau-musik.de\/fr\/#website"},"datePublished":"2018-01-31T14:07:43+00:00","dateModified":"2026-01-19T15:36:48+00:00","description":"En tant qu\u2019association \u00e0 but non lucratif, l\u2019Internationale Arbeitskreis Frau und Musik e. V. d\u00e9pend d\u2019un soutien ext\u00e9rieur. Elle re\u00e7oit des","breadcrumb":{"@id":"https:\/\/www.archiv-frau-musik.de\/fr\/foerdernde-institutionen#breadcrumb"},"inLanguage":"fr-FR","potentialAction":[{"@type":"ReadAction","target":[["https:\/\/www.archiv-frau-musik.de\/fr\/foerdernde-institutionen"]]}]},{"@type":"BreadcrumbList","@id":"https:\/\/www.archiv-frau-musik.de\/fr\/foerdernde-institutionen#breadcrumb","itemListElement":[{"@type":"ListItem","position":1,"name":"Startseite","item":"https:\/\/www.archiv-frau-musik.de\/fr\/"},{"@type":"ListItem","position":2,"name":"F\u00f6rdernde Institutionen"}]},{"@type":"WebSite","@id":"https:\/\/www.archiv-frau-musik.de\/fr\/#website","url":"https:\/\/www.archiv-frau-musik.de\/fr\/","name":"Archiv Frau und Musik","description":"","potentialAction":[{"@type":"SearchAction","target":{"@type":"EntryPoint","urlTemplate":"https:\/\/www.archiv-frau-musik.de\/fr\/?s={search_term_string}"},"query-input":{"@type":"PropertyValueSpecification","valueRequired":true,"valueName":"search_term_string"}}],"inLanguage":"fr-FR"}]}},"_links":{"self":[{"href":"https:\/\/www.archiv-frau-musik.de\/fr\/wp-json\/wp\/v2\/pages\/4869","targetHints":{"allow":["GET"]}}],"collection":[{"href":"https:\/\/www.archiv-frau-musik.de\/fr\/wp-json\/wp\/v2\/pages"}],"about":[{"href":"https:\/\/www.archiv-frau-musik.de\/fr\/wp-json\/wp\/v2\/types\/page"}],"author":[{"embeddable":true,"href":"https:\/\/www.archiv-frau-musik.de\/fr\/wp-json\/wp\/v2\/users\/5"}],"replies":[{"embeddable":true,"href":"https:\/\/www.archiv-frau-musik.de\/fr\/wp-json\/wp\/v2\/comments?post=4869"}],"version-history":[{"count":41,"href":"https:\/\/www.archiv-frau-musik.de\/fr\/wp-json\/wp\/v2\/pages\/4869\/revisions"}],"predecessor-version":[{"id":16113,"href":"https:\/\/www.archiv-frau-musik.de\/fr\/wp-json\/wp\/v2\/pages\/4869\/revisions\/16113"}],"wp:attachment":[{"href":"https:\/\/www.archiv-frau-musik.de\/fr\/wp-json\/wp\/v2\/media?parent=4869"}],"curies":[{"name":"wp","href":"https:\/\/api.w.org\/{rel}","templated":true}]}}