{"id":4858,"date":"2018-01-31T15:03:51","date_gmt":"2018-01-31T14:03:51","guid":{"rendered":"http:\/\/www.archiv-frau-musik.de\/?page_id=4858"},"modified":"2026-01-22T21:53:09","modified_gmt":"2026-01-22T20:53:09","slug":"digitales-deutsches-frauenarchiv-ddf","status":"publish","type":"page","link":"https:\/\/www.archiv-frau-musik.de\/fr\/digitales-deutsches-frauenarchiv-ddf","title":{"rendered":"Archives Num\u00e9riques Allemandes des Femmes (DDF)"},"content":{"rendered":"<p><figure id=\"attachment_4949\" aria-describedby=\"caption-attachment-4949\" style=\"width: 290px\" class=\"wp-caption alignright\"><img loading=\"lazy\" decoding=\"async\" class=\"wp-image-4949 size-medium\" src=\"https:\/\/www.archiv-frau-musik.de\/wp-content\/uploads\/2018\/01\/Kickoff-DDF-300x225.jpg\" alt=\"R\u00e9union de travail aux Archiv Frau und Musik\" width=\"300\" height=\"225\" srcset=\"https:\/\/www.archiv-frau-musik.de\/wp-content\/uploads\/2018\/01\/Kickoff-DDF-300x225.jpg 300w, https:\/\/www.archiv-frau-musik.de\/wp-content\/uploads\/2018\/01\/Kickoff-DDF-768x576.jpg 768w, https:\/\/www.archiv-frau-musik.de\/wp-content\/uploads\/2018\/01\/Kickoff-DDF-1024x768.jpg 1024w, https:\/\/www.archiv-frau-musik.de\/wp-content\/uploads\/2018\/01\/Kickoff-DDF.jpg 2048w\" sizes=\"auto, (max-width: 300px) 100vw, 300px\" \/><figcaption id=\"caption-attachment-4949\" class=\"wp-caption-text\">R\u00e9union de travail aux Archiv Frau und Musik<\/figcaption><\/figure><\/p>\n<p><strong>Les Archives Frau und Musik r\u00e9alisent des projets num\u00e9riques dans le cadre des Archives Num\u00e9riques Allemandes des Femmes (DDF).<\/strong><\/p>\n<p>Le <a href=\"https:\/\/www.digitales-deutsches-frauenarchiv.de\" target=\"_blank\" rel=\"noopener\"><em>Digitales Deutsches Frauenarchiv<\/em><\/a> (DDF) est un portail interactif sp\u00e9cialis\u00e9 dans l&rsquo;histoire des mouvements f\u00e9minins en Allemagne. Il invite \u00e0 d\u00e9couvrir les th\u00e8mes, les actrices et les r\u00e9seaux des mouvements f\u00e9minins au cours de deux si\u00e8cles. Pour ce faire, les archives, biblioth\u00e8ques et centres de documentation sur les lesbiennes et les femmes, r\u00e9unis au sein de <a href=\"https:\/\/www.ida-dachverband.de\" target=\"_blank\" rel=\"noopener\">l&rsquo;association fa\u00eeti\u00e8re i.d.a.<\/a>, pr\u00e9sentent des num\u00e9risations s\u00e9lectionn\u00e9es et des informations compl\u00e9mentaires issues de leurs fonds. Depuis la mise en ligne du portail le 13 septembre 2018, les Archives Frau und Musik y sont repr\u00e9sent\u00e9es avec une s\u00e9lection de leurs fonds. Lors de la c\u00e9r\u00e9monie solennelle organis\u00e9e \u00e0 l&rsquo;occasion de la mise en ligne de DDF \u00e0 la HU-Berlin, le <a href=\"https:\/\/frauenorchester.de\/\" target=\"_blank\" rel=\"noopener\">Frauenorchesterprojekt<\/a> (FOP) a assur\u00e9 l&rsquo;encadrement musical sous la direction de la cheffe d&rsquo;orchestre Mary Ellen Kitchens, membre du comit\u00e9 directeur de l&rsquo;Internationale Arbeitskreis Frau und Musik e. V. (IAK).<\/p>\n<p><strong>En 2022<\/strong>, les Archives Frau und Musik lancent le projet <a href=\"https:\/\/www.archiv-frau-musik.de\/fr\/wimugg-women-in-music-gehoert-gesehen\"><strong><em>WIMUGG! Women in Music: \u00e9cout\u00e9 \u2013 vu!<\/em><\/strong><\/a> L&rsquo;accent est mis sur la documentation d&rsquo;\u00e9v\u00e9nements de concerts et l&rsquo;archivage de sites web en rapport avec les femmes et la musique.<\/p>\n<p><strong>En 2020<\/strong>, les Archives Frau und Musik ont lanc\u00e9 le projet <a href=\"https:\/\/www.archiv-frau-musik.de\/fr\/woraufwartenwir\"><strong><em>Qu&rsquo;attendons-nous?<\/em><\/strong><\/a> Les archives se sont concentr\u00e9es sur les fonds des compositrices Felicitas Kukuck, Leni Alexander, Silvia Alvarez de la Fuente et Weronika Aleksandra Markiewicz et ont num\u00e9ris\u00e9 une grande partie des documents.<\/p>\n<p><strong>En 2019<\/strong>, les Archives Frau und Musik ont r\u00e9alis\u00e9 un autre projet de num\u00e9risation dans le cadre du portail DDF. Sous le titre <a href=\"https:\/\/www.archiv-frau-musik.de\/fr\/mascha\"><strong><em>MASCHA: les actrices de la musique attirent l&rsquo;attention<\/em><\/strong><\/a>, des interviews ont \u00e9t\u00e9 r\u00e9alis\u00e9es avec des repr\u00e9sentantes importantes des mouvements musicaux f\u00e9minins (depuis les ann\u00e9es 1970).<\/p>\n<p><strong>En 2018<\/strong>, le projet <a href=\"https:\/\/www.archiv-frau-musik.de\/fr\/parfumo\"><strong><em>PARFUMO<\/em><\/strong><\/a> a \u00e9t\u00e9 mis en \u0153uvre. L&rsquo;objectif \u00e9tait de num\u00e9riser et de rendre accessibles des documents d&rsquo;archives et des pi\u00e8ces d&rsquo;exposition s\u00e9lectionn\u00e9s. En outre, la revue VivaVoce, publi\u00e9e par le groupe de travail Frau und Musik, ainsi que la publication pr\u00e9c\u00e9dente <em>Info. Archivnachrichten<\/em>, ont \u00e9t\u00e9 enti\u00e8rement num\u00e9ris\u00e9es. Tous les m\u00e9dias num\u00e9ris\u00e9s entrent peu \u00e0 peu <a href=\"https:\/\/www.meta-katalog.eu\/\" target=\"_blank\" rel=\"noopener\">dans le catalogue META<\/a> de l&rsquo;association fa\u00eeti\u00e8re i.d.a., en fonction de leur situation juridique.<\/p>\n<p><strong>\u00c9quipes de projet<\/strong><br \/>\n<strong>#PARFUMO<\/strong>: Mary Ellen Kitchens M. A. (direction de projet) | Anne-Marie Bernhard M. A. (coordination de projet jusqu&rsquo;en avril 2019) | Julian Fischer M. A. (assistance de projet)<\/p>\n<p><strong>#MASCHA<\/strong>: Mary Ellen Kitchens M. A. (direction de projet) | Anne-Marie Bernhard M. A. (coordination de projet jusqu&rsquo;en avril 2019) | Julian Fischer M. A. (assistance de projet jusqu&rsquo;en avril 2019; coordination de projet \u00e0 partir d&rsquo;avril 2019)<\/p>\n<p><strong>#Qu&rsquo;est-ce qu&rsquo;on attend?<\/strong> Mary Ellen Kitchens M. A. (direction de projet) | Julian Fischer M. A. (coordination de projet) | Jelena Rothermel M. A. (assistance de projet)<\/p>\n<p><div id='gallery-2' class='gallery galleryid-4858 gallery-columns-2 gallery-size-medium'><figure class='gallery-item'>\n\t\t\t<div class='gallery-icon landscape'>\n\t\t\t\t<img loading=\"lazy\" decoding=\"async\" width=\"300\" height=\"88\" src=\"https:\/\/www.archiv-frau-musik.de\/wp-content\/uploads\/2019\/03\/Abb2_ida_Logo-300x88.png\" class=\"attachment-medium size-medium\" alt=\"\" srcset=\"https:\/\/www.archiv-frau-musik.de\/wp-content\/uploads\/2019\/03\/Abb2_ida_Logo-300x88.png 300w, https:\/\/www.archiv-frau-musik.de\/wp-content\/uploads\/2019\/03\/Abb2_ida_Logo-768x225.png 768w, https:\/\/www.archiv-frau-musik.de\/wp-content\/uploads\/2019\/03\/Abb2_ida_Logo.png 970w\" sizes=\"auto, (max-width: 300px) 100vw, 300px\" \/>\n\t\t\t<\/div><\/figure>\n\t\t<\/div>\n<\/p>","protected":false},"excerpt":{"rendered":"<p>Les Archives Frau und Musik r\u00e9alisent des projets num\u00e9riques dans le cadre des Archives Num\u00e9riques Allemandes des Femmes (DDF). Le Digitales Deutsches Frauenarchiv (DDF) est un portail interactif sp\u00e9cialis\u00e9 dans l&rsquo;histoire des mouvements f\u00e9minins en Allemagne. Il invite \u00e0 d\u00e9couvrir les th\u00e8mes, les actrices et les r\u00e9seaux des mouvements f\u00e9minins au cours de deux si\u00e8cles. &#8230; <a title=\"Archives Num\u00e9riques Allemandes des Femmes (DDF)\" class=\"read-more\" href=\"https:\/\/www.archiv-frau-musik.de\/fr\/digitales-deutsches-frauenarchiv-ddf\" aria-label=\"En savoir plus sur Archives Num\u00e9riques Allemandes des Femmes (DDF)\">Weiterlesen &#8230;<\/a><\/p>\n","protected":false},"author":5,"featured_media":0,"parent":0,"menu_order":0,"comment_status":"closed","ping_status":"closed","template":"","meta":{"generate_page_header":"","footnotes":""},"class_list":["post-4858","page","type-page","status-publish"],"yoast_head":"<!-- This site is optimized with the Yoast SEO plugin v27.4 - https:\/\/yoast.com\/product\/yoast-seo-wordpress\/ -->\n<title>Archives Num\u00e9riques Allemandes des Femmes (DDF)<\/title>\n<meta name=\"description\" content=\"Les Archives Frau und Musik r\u00e9alisent des projets num\u00e9riques dans le cadre du Archives Num\u00e9riques Allemandes des Femmes (DDF).\" \/>\n<meta name=\"robots\" content=\"index, follow, max-snippet:-1, max-image-preview:large, max-video-preview:-1\" \/>\n<link rel=\"canonical\" href=\"https:\/\/www.archiv-frau-musik.de\/fr\/digitales-deutsches-frauenarchiv-ddf\" \/>\n<meta property=\"og:locale\" content=\"fr_FR\" \/>\n<meta property=\"og:type\" content=\"article\" \/>\n<meta property=\"og:title\" content=\"Archives Num\u00e9riques Allemandes des Femmes (DDF)\" \/>\n<meta property=\"og:description\" content=\"Les Archives Frau und Musik r\u00e9alisent des projets num\u00e9riques dans le cadre du Archives Num\u00e9riques Allemandes des Femmes (DDF).\" \/>\n<meta property=\"og:url\" content=\"https:\/\/www.archiv-frau-musik.de\/fr\/digitales-deutsches-frauenarchiv-ddf\" \/>\n<meta property=\"og:site_name\" content=\"Archiv Frau und Musik\" \/>\n<meta property=\"article:modified_time\" content=\"2026-01-22T20:53:09+00:00\" \/>\n<meta property=\"og:image\" content=\"https:\/\/www.archiv-frau-musik.de\/wp-content\/uploads\/2020\/09\/Logo-DDF-300x124.jpg\" \/>\n<meta name=\"twitter:card\" content=\"summary_large_image\" \/>\n<meta name=\"twitter:label1\" content=\"Dur\u00e9e de lecture estim\u00e9e\" \/>\n\t<meta name=\"twitter:data1\" content=\"3 minutes\" \/>\n<script type=\"application\/ld+json\" class=\"yoast-schema-graph\">{\"@context\":\"https:\\\/\\\/schema.org\",\"@graph\":[{\"@type\":\"WebPage\",\"@id\":\"https:\\\/\\\/www.archiv-frau-musik.de\\\/fr\\\/digitales-deutsches-frauenarchiv-ddf\",\"url\":\"https:\\\/\\\/www.archiv-frau-musik.de\\\/fr\\\/digitales-deutsches-frauenarchiv-ddf\",\"name\":\"Archives Num\u00e9riques Allemandes des Femmes (DDF)\",\"isPartOf\":{\"@id\":\"https:\\\/\\\/www.archiv-frau-musik.de\\\/fr\\\/#website\"},\"primaryImageOfPage\":{\"@id\":\"https:\\\/\\\/www.archiv-frau-musik.de\\\/fr\\\/digitales-deutsches-frauenarchiv-ddf#primaryimage\"},\"image\":{\"@id\":\"https:\\\/\\\/www.archiv-frau-musik.de\\\/digitales-deutsches-frauenarchiv-ddf#primaryimage\"},\"thumbnailUrl\":\"http:\\\/\\\/www.archiv-frau-musik.de\\\/wp-content\\\/uploads\\\/2018\\\/01\\\/Kickoff-DDF-300x225.jpg\",\"datePublished\":\"2018-01-31T14:03:51+00:00\",\"dateModified\":\"2026-01-22T20:53:09+00:00\",\"description\":\"Les Archives Frau und Musik r\u00e9alisent des projets num\u00e9riques dans le cadre du Archives Num\u00e9riques Allemandes des Femmes (DDF).\",\"breadcrumb\":{\"@id\":\"https:\\\/\\\/www.archiv-frau-musik.de\\\/fr\\\/digitales-deutsches-frauenarchiv-ddf#breadcrumb\"},\"inLanguage\":\"fr-FR\",\"potentialAction\":[{\"@type\":\"ReadAction\",\"target\":[[\"https:\\\/\\\/www.archiv-frau-musik.de\\\/fr\\\/digitales-deutsches-frauenarchiv-ddf\"]]}]},{\"@type\":\"ImageObject\",\"inLanguage\":\"fr-FR\",\"@id\":\"https:\\\/\\\/www.archiv-frau-musik.de\\\/fr\\\/digitales-deutsches-frauenarchiv-ddf#primaryimage\",\"url\":\"http:\\\/\\\/www.archiv-frau-musik.de\\\/wp-content\\\/uploads\\\/2018\\\/01\\\/Kickoff-DDF-300x225.jpg\",\"contentUrl\":\"http:\\\/\\\/www.archiv-frau-musik.de\\\/wp-content\\\/uploads\\\/2018\\\/01\\\/Kickoff-DDF-300x225.jpg\"},{\"@type\":\"BreadcrumbList\",\"@id\":\"https:\\\/\\\/www.archiv-frau-musik.de\\\/fr\\\/digitales-deutsches-frauenarchiv-ddf#breadcrumb\",\"itemListElement\":[{\"@type\":\"ListItem\",\"position\":1,\"name\":\"Startseite\",\"item\":\"https:\\\/\\\/www.archiv-frau-musik.de\\\/fr\\\/\"},{\"@type\":\"ListItem\",\"position\":2,\"name\":\"Digitales Deutsches Frauenarchiv (DDF)\"}]},{\"@type\":\"WebSite\",\"@id\":\"https:\\\/\\\/www.archiv-frau-musik.de\\\/fr\\\/#website\",\"url\":\"https:\\\/\\\/www.archiv-frau-musik.de\\\/fr\\\/\",\"name\":\"Archiv Frau und Musik\",\"description\":\"\",\"potentialAction\":[{\"@type\":\"SearchAction\",\"target\":{\"@type\":\"EntryPoint\",\"urlTemplate\":\"https:\\\/\\\/www.archiv-frau-musik.de\\\/fr\\\/?s={search_term_string}\"},\"query-input\":{\"@type\":\"PropertyValueSpecification\",\"valueRequired\":true,\"valueName\":\"search_term_string\"}}],\"inLanguage\":\"fr-FR\"}]}<\/script>\n<!-- \/ Yoast SEO plugin. -->","yoast_head_json":{"title":"Archives Num\u00e9riques Allemandes des Femmes (DDF)","description":"Les Archives Frau und Musik r\u00e9alisent des projets num\u00e9riques dans le cadre du Archives Num\u00e9riques Allemandes des Femmes (DDF).","robots":{"index":"index","follow":"follow","max-snippet":"max-snippet:-1","max-image-preview":"max-image-preview:large","max-video-preview":"max-video-preview:-1"},"canonical":"https:\/\/www.archiv-frau-musik.de\/fr\/digitales-deutsches-frauenarchiv-ddf","og_locale":"fr_FR","og_type":"article","og_title":"Archives Num\u00e9riques Allemandes des Femmes (DDF)","og_description":"Les Archives Frau und Musik r\u00e9alisent des projets num\u00e9riques dans le cadre du Archives Num\u00e9riques Allemandes des Femmes (DDF).","og_url":"https:\/\/www.archiv-frau-musik.de\/fr\/digitales-deutsches-frauenarchiv-ddf","og_site_name":"Archiv Frau und Musik","article_modified_time":"2026-01-22T20:53:09+00:00","og_image":[{"url":"https:\/\/www.archiv-frau-musik.de\/wp-content\/uploads\/2020\/09\/Logo-DDF-300x124.jpg","type":"","width":"","height":""}],"twitter_card":"summary_large_image","twitter_misc":{"Dur\u00e9e de lecture estim\u00e9e":"3 minutes"},"schema":{"@context":"https:\/\/schema.org","@graph":[{"@type":"WebPage","@id":"https:\/\/www.archiv-frau-musik.de\/fr\/digitales-deutsches-frauenarchiv-ddf","url":"https:\/\/www.archiv-frau-musik.de\/fr\/digitales-deutsches-frauenarchiv-ddf","name":"Archives Num\u00e9riques Allemandes des Femmes (DDF)","isPartOf":{"@id":"https:\/\/www.archiv-frau-musik.de\/fr\/#website"},"primaryImageOfPage":{"@id":"https:\/\/www.archiv-frau-musik.de\/fr\/digitales-deutsches-frauenarchiv-ddf#primaryimage"},"image":{"@id":"https:\/\/www.archiv-frau-musik.de\/digitales-deutsches-frauenarchiv-ddf#primaryimage"},"thumbnailUrl":"http:\/\/www.archiv-frau-musik.de\/wp-content\/uploads\/2018\/01\/Kickoff-DDF-300x225.jpg","datePublished":"2018-01-31T14:03:51+00:00","dateModified":"2026-01-22T20:53:09+00:00","description":"Les Archives Frau und Musik r\u00e9alisent des projets num\u00e9riques dans le cadre du Archives Num\u00e9riques Allemandes des Femmes (DDF).","breadcrumb":{"@id":"https:\/\/www.archiv-frau-musik.de\/fr\/digitales-deutsches-frauenarchiv-ddf#breadcrumb"},"inLanguage":"fr-FR","potentialAction":[{"@type":"ReadAction","target":[["https:\/\/www.archiv-frau-musik.de\/fr\/digitales-deutsches-frauenarchiv-ddf"]]}]},{"@type":"ImageObject","inLanguage":"fr-FR","@id":"https:\/\/www.archiv-frau-musik.de\/fr\/digitales-deutsches-frauenarchiv-ddf#primaryimage","url":"http:\/\/www.archiv-frau-musik.de\/wp-content\/uploads\/2018\/01\/Kickoff-DDF-300x225.jpg","contentUrl":"http:\/\/www.archiv-frau-musik.de\/wp-content\/uploads\/2018\/01\/Kickoff-DDF-300x225.jpg"},{"@type":"BreadcrumbList","@id":"https:\/\/www.archiv-frau-musik.de\/fr\/digitales-deutsches-frauenarchiv-ddf#breadcrumb","itemListElement":[{"@type":"ListItem","position":1,"name":"Startseite","item":"https:\/\/www.archiv-frau-musik.de\/fr\/"},{"@type":"ListItem","position":2,"name":"Digitales Deutsches Frauenarchiv (DDF)"}]},{"@type":"WebSite","@id":"https:\/\/www.archiv-frau-musik.de\/fr\/#website","url":"https:\/\/www.archiv-frau-musik.de\/fr\/","name":"Archiv Frau und Musik","description":"","potentialAction":[{"@type":"SearchAction","target":{"@type":"EntryPoint","urlTemplate":"https:\/\/www.archiv-frau-musik.de\/fr\/?s={search_term_string}"},"query-input":{"@type":"PropertyValueSpecification","valueRequired":true,"valueName":"search_term_string"}}],"inLanguage":"fr-FR"}]}},"_links":{"self":[{"href":"https:\/\/www.archiv-frau-musik.de\/fr\/wp-json\/wp\/v2\/pages\/4858","targetHints":{"allow":["GET"]}}],"collection":[{"href":"https:\/\/www.archiv-frau-musik.de\/fr\/wp-json\/wp\/v2\/pages"}],"about":[{"href":"https:\/\/www.archiv-frau-musik.de\/fr\/wp-json\/wp\/v2\/types\/page"}],"author":[{"embeddable":true,"href":"https:\/\/www.archiv-frau-musik.de\/fr\/wp-json\/wp\/v2\/users\/5"}],"replies":[{"embeddable":true,"href":"https:\/\/www.archiv-frau-musik.de\/fr\/wp-json\/wp\/v2\/comments?post=4858"}],"version-history":[{"count":93,"href":"https:\/\/www.archiv-frau-musik.de\/fr\/wp-json\/wp\/v2\/pages\/4858\/revisions"}],"predecessor-version":[{"id":16152,"href":"https:\/\/www.archiv-frau-musik.de\/fr\/wp-json\/wp\/v2\/pages\/4858\/revisions\/16152"}],"wp:attachment":[{"href":"https:\/\/www.archiv-frau-musik.de\/fr\/wp-json\/wp\/v2\/media?parent=4858"}],"curies":[{"name":"wp","href":"https:\/\/api.w.org\/{rel}","templated":true}]}}