{"id":4844,"date":"2018-01-31T14:59:11","date_gmt":"2018-01-31T13:59:11","guid":{"rendered":"http:\/\/www.archiv-frau-musik.de\/?page_id=4844"},"modified":"2026-03-06T22:29:57","modified_gmt":"2026-03-06T21:29:57","slug":"team","status":"publish","type":"page","link":"https:\/\/www.archiv-frau-musik.de\/fr\/team","title":{"rendered":"\u00c9quipe"},"content":{"rendered":"<p><figure id=\"attachment_7233\" aria-describedby=\"caption-attachment-7233\" style=\"width: 140px\" class=\"wp-caption alignright\"><a href=\"https:\/\/www.archiv-frau-musik.de\/wp-content\/uploads\/2020\/02\/Foto_Jelena.jpg\"><img loading=\"lazy\" decoding=\"async\" class=\"wp-image-7233 size-thumbnail\" src=\"https:\/\/www.archiv-frau-musik.de\/wp-content\/uploads\/2020\/02\/Foto_Jelena-150x150.jpg\" alt=\"Jenela Rothermel\" width=\"150\" height=\"150\" srcset=\"https:\/\/www.archiv-frau-musik.de\/wp-content\/uploads\/2020\/02\/Foto_Jelena-150x150.jpg 150w, https:\/\/www.archiv-frau-musik.de\/wp-content\/uploads\/2020\/02\/Foto_Jelena-45x45.jpg 45w\" sizes=\"auto, (max-width: 150px) 100vw, 150px\" \/><\/a><figcaption id=\"caption-attachment-7233\" class=\"wp-caption-text\">Jelena Rothermel<\/figcaption><\/figure><\/p>\n<p><strong>Jelena Rothermel M. A.<\/strong><br \/>\nCollaboratrice scientifique et de la mise en r\u00e9seau scientifique. Musicologue sp\u00e9cialis\u00e9e dans le th\u00e9\u00e2tre musical au 18e si\u00e8cle en France et en Angleterre. Pr\u00e9pare actuellement une th\u00e8se sur la musique de pantomime de Jean-Philippe Rameau. Jouait autrefois beaucoup de hautbois et de piano, mais d\u00e9sormais \u00e9crit et parle davantage de musique.<br \/>\nrothermel(at)archiv-frau-musik.de<\/p>\n<figure id=\"attachment_8607\" aria-describedby=\"caption-attachment-8607\" style=\"width: 140px\" class=\"wp-caption alignright\"><a href=\"https:\/\/www.archiv-frau-musik.de\/wp-content\/uploads\/2022\/04\/Bettina-Weber-2.jpg\"><img loading=\"lazy\" decoding=\"async\" class=\"size-thumbnail wp-image-8607\" src=\"https:\/\/www.archiv-frau-musik.de\/wp-content\/uploads\/2022\/04\/Bettina-Weber-2-150x150.jpg\" alt=\"Bettina Weber\" width=\"150\" height=\"150\" srcset=\"https:\/\/www.archiv-frau-musik.de\/wp-content\/uploads\/2022\/04\/Bettina-Weber-2-150x150.jpg 150w, https:\/\/www.archiv-frau-musik.de\/wp-content\/uploads\/2022\/04\/Bettina-Weber-2-45x45.jpg 45w\" sizes=\"auto, (max-width: 150px) 100vw, 150px\" \/><\/a><figcaption id=\"caption-attachment-8607\" class=\"wp-caption-text\">Bettina Weber<\/figcaption><\/figure>\n<p><strong>Bettina Weber<\/strong><br \/>\nBiblioth\u00e9caire collaboratrice. A suivi une formation de libraire musical, puis a \u00e9tudi\u00e9 le chant. Elle travaille comme chanteuse, p\u00e9dagogue du chant, et compositrice. Ses centres d&rsquo;int\u00e9r\u00eat sont les suivants: Musique vocale, th\u00e9\u00e2tre musical \u2013 en particulier l&rsquo;op\u00e9ra. Elle a \u00e9galement de l\u2019exp\u00e9rience dans la r\u00e9alisation de projets d&rsquo;op\u00e9ra avec des amateurs.<br \/>\nbettina.weber(at)archiv-frau-musik.de<\/p>\n<p><strong>Daniela Weber B. Sc.<\/strong><br \/>\nCollaboratrice scientifique\/biblioth\u00e9caire. Domaines de sp\u00e9cialisation: Archives, biblioth\u00e8ques, et documentation. <span style=\"color: #ff0000;\">Premi\u00e8re interlocutrice pour les questions g\u00e9n\u00e9rales relatives aux archives.<\/span><br \/>\nweber(at)archive-frau-musik.de<\/p>\n<figure id=\"attachment_4923\" aria-describedby=\"caption-attachment-4923\" style=\"width: 140px\" class=\"wp-caption alignright\"><a href=\"https:\/\/www.archiv-frau-musik.de\/wp-content\/uploads\/2018\/01\/Wosnitzka-Susanne_by-Edith_Schmidt_gen._Steinhoff.jpg\"><img loading=\"lazy\" decoding=\"async\" class=\"size-thumbnail wp-image-4923\" src=\"https:\/\/www.archiv-frau-musik.de\/wp-content\/uploads\/2018\/01\/Wosnitzka-Susanne_by-Edith_Schmidt_gen._Steinhoff-150x150.jpg\" alt=\"\" width=\"150\" height=\"150\" srcset=\"https:\/\/www.archiv-frau-musik.de\/wp-content\/uploads\/2018\/01\/Wosnitzka-Susanne_by-Edith_Schmidt_gen._Steinhoff-150x150.jpg 150w, https:\/\/www.archiv-frau-musik.de\/wp-content\/uploads\/2018\/01\/Wosnitzka-Susanne_by-Edith_Schmidt_gen._Steinhoff-45x45.jpg 45w\" sizes=\"auto, (max-width: 150px) 100vw, 150px\" \/><\/a><figcaption id=\"caption-attachment-4923\" class=\"wp-caption-text\">Susanne Wosnitzka \u00a9 Edith Schmidt gen. Steinhoff<\/figcaption><\/figure>\n<p><strong>Susanne Wosnitzka M. A.<\/strong><br \/>\nCollaboratrice scientifique, responsable de tous les aspects en ligne du site web et des m\u00e9dias sociaux, de l&rsquo;acquisition de projets, des relations publiques, et des r\u00e9seaux. Sp\u00e9cialiste en musicologie. Sp\u00e9cialis\u00e9e dans: Compositrices, histoire du f\u00e9minisme, histoire (de la musique) lesbienne, musique et soci\u00e9t\u00e9 au 18e si\u00e8cle dans le sud de l&rsquo;Allemagne (Ulm\/Augsburg), journaux historiques. R\u00e9dige sa th\u00e8se sur l&rsquo;histoire musicale de la <em>Goldene Traube<\/em> \u00e0 Augsbourg \u00e0 l&rsquo;\u00e9poque de Mozart en tant que centre de la pratique musicale bourgeoise.<br \/>\nwosnitzka(at)archiv-frau-musik.de<\/p>\n<figure id=\"attachment_10949\" aria-describedby=\"caption-attachment-10949\" style=\"width: 140px\" class=\"wp-caption alignright\"><a href=\"https:\/\/www.archiv-frau-musik.de\/wp-content\/uploads\/2024\/02\/Martina-Kress-neu.jpg\"><img loading=\"lazy\" decoding=\"async\" class=\"wp-image-10949 size-thumbnail\" src=\"https:\/\/www.archiv-frau-musik.de\/wp-content\/uploads\/2024\/02\/Martina-Kress-neu-150x150.jpg\" alt=\"Martina Kre\u00df\" width=\"150\" height=\"150\" srcset=\"https:\/\/www.archiv-frau-musik.de\/wp-content\/uploads\/2024\/02\/Martina-Kress-neu-150x150.jpg 150w, https:\/\/www.archiv-frau-musik.de\/wp-content\/uploads\/2024\/02\/Martina-Kress-neu-45x45.jpg 45w\" sizes=\"auto, (max-width: 150px) 100vw, 150px\" \/><\/a><figcaption id=\"caption-attachment-10949\" class=\"wp-caption-text\">Martina Kre\u00df<\/figcaption><\/figure>\n<p><strong>Martina Kre\u00df<\/strong><br \/>\nDocumentaliste et choriste. Assiste les archives dans le domaine du catalogage et de la recherche.<br \/>\nkress(at)archive-frau-musik.de<\/p>\n<p>&nbsp;<\/p>\n<p>&nbsp;<\/p>\n<figure id=\"attachment_8685\" aria-describedby=\"caption-attachment-8685\" style=\"width: 140px\" class=\"wp-caption alignright\"><a href=\"https:\/\/www.archiv-frau-musik.de\/wp-content\/uploads\/2022\/05\/Martin-Prescher-scaled.jpg\"><img loading=\"lazy\" decoding=\"async\" class=\"size-thumbnail wp-image-8685\" src=\"https:\/\/www.archiv-frau-musik.de\/wp-content\/uploads\/2022\/05\/Martin-Prescher-150x150.jpg\" alt=\"\" width=\"150\" height=\"150\" srcset=\"https:\/\/www.archiv-frau-musik.de\/wp-content\/uploads\/2022\/05\/Martin-Prescher-150x150.jpg 150w, https:\/\/www.archiv-frau-musik.de\/wp-content\/uploads\/2022\/05\/Martin-Prescher-45x45.jpg 45w\" sizes=\"auto, (max-width: 150px) 100vw, 150px\" \/><\/a><figcaption id=\"caption-attachment-8685\" class=\"wp-caption-text\">Martin Prescher<\/figcaption><\/figure>\n<p><strong>Martin Prescher<\/strong><br \/>\nBiblioth\u00e9caire musical \u00e0 la retraite, revue de presse. \u00a0Soutient les archives dans les domaines du catalogage et de la recherche. Choriste, joue du violoncelle et du violon, s&rsquo;int\u00e9resse particuli\u00e8rement \u00e0 la musique des 17e et 18e si\u00e8cles, ainsi qu&rsquo;\u00e0 la musique latino-am\u00e9ricaine.<br \/>\nprescher(at)archive-frau-musik.de<\/p>\n<p>&nbsp;<\/p>\n<figure id=\"attachment_5742\" aria-describedby=\"caption-attachment-5742\" style=\"width: 140px\" class=\"wp-caption alignright\"><a href=\"https:\/\/www.archiv-frau-musik.de\/wp-content\/uploads\/2018\/03\/Inge-Matthiesen.jpg\"><img loading=\"lazy\" decoding=\"async\" class=\"wp-image-5742 size-thumbnail\" src=\"https:\/\/www.archiv-frau-musik.de\/wp-content\/uploads\/2018\/03\/Inge-Matthiesen-150x150.jpg\" alt=\"Inge Matthiesen\" width=\"150\" height=\"150\" srcset=\"https:\/\/www.archiv-frau-musik.de\/wp-content\/uploads\/2018\/03\/Inge-Matthiesen-150x150.jpg 150w, https:\/\/www.archiv-frau-musik.de\/wp-content\/uploads\/2018\/03\/Inge-Matthiesen-45x45.jpg 45w\" sizes=\"auto, (max-width: 150px) 100vw, 150px\" \/><\/a><figcaption id=\"caption-attachment-5742\" class=\"wp-caption-text\">Inge Matthiesen<\/figcaption><\/figure>\n<p><strong>B\u00e9n\u00e9vole<\/strong><br \/>\n<strong>Inge Matthiesen<\/strong><br \/>\nProfesseur de piano\/pianiste, germaniste, responsable de l&rsquo;\u00e9clairage au th\u00e9\u00e2tre \u00e0 Francfort et \u00e0 Salzbourg.<\/p>\n<p><strong>Ernst Eisenkolb<\/strong> | <strong>Niko Kerber<\/strong> | <strong>Dr. Marleen Hoffmann<\/strong> et beaucoup d&rsquo;autres b\u00e9n\u00e9voles pour soutenir les projets et les \u00e9v\u00e9nements.<\/p>\n<p><strong>Comit\u00e9 directeur<\/strong><br \/>\nVous trouverez des informations sur les membres de notre comit\u00e9 directeur, Mary Ellen Kitchens M. A., Dr. Vera Lasch, et Heike Matthiesen, et sur le comit\u00e9 directeur \u00e9largi, Elisabeth Treydte, Mareike Hilbrig, Dr. Vivienne Olive, et Uta Walther, <a href=\"https:\/\/www.archiv-frau-musik.de\/fr\/vorstand-iak-frau-und-musik-2\">sur la page de notre comit\u00e9 directeur<\/a>.<\/p>","protected":false},"excerpt":{"rendered":"<p>Jelena Rothermel M. A. Collaboratrice scientifique et de la mise en r\u00e9seau scientifique. Musicologue sp\u00e9cialis\u00e9e dans le th\u00e9\u00e2tre musical au 18e si\u00e8cle en France et en Angleterre. Pr\u00e9pare actuellement une th\u00e8se sur la musique de pantomime de Jean-Philippe Rameau. Jouait autrefois beaucoup de hautbois et de piano, mais d\u00e9sormais \u00e9crit et parle davantage de musique. &#8230; <a title=\"\u00c9quipe\" class=\"read-more\" href=\"https:\/\/www.archiv-frau-musik.de\/fr\/team\" aria-label=\"En savoir plus sur \u00c9quipe\">Weiterlesen &#8230;<\/a><\/p>\n","protected":false},"author":5,"featured_media":0,"parent":0,"menu_order":0,"comment_status":"closed","ping_status":"closed","template":"","meta":{"generate_page_header":"","footnotes":""},"class_list":["post-4844","page","type-page","status-publish"],"yoast_head":"<!-- This site is optimized with the Yoast SEO plugin v27.4 - https:\/\/yoast.com\/product\/yoast-seo-wordpress\/ -->\n<title>\u00c9quipe &#8211; Archiv Frau und Musik<\/title>\n<meta name=\"description\" content=\"Vous trouverez ici nos collaborateurs et collaboratricesVous trouverez ici nos collaborateurs et collaboratrices ainsi que nos b\u00e9n\u00e9voles.\" \/>\n<meta name=\"robots\" content=\"index, follow, max-snippet:-1, max-image-preview:large, max-video-preview:-1\" \/>\n<link rel=\"canonical\" href=\"https:\/\/www.archiv-frau-musik.de\/fr\/team\" \/>\n<meta property=\"og:locale\" content=\"fr_FR\" \/>\n<meta property=\"og:type\" content=\"article\" \/>\n<meta property=\"og:title\" content=\"\u00c9quipe &#8211; Archiv Frau und Musik\" \/>\n<meta property=\"og:description\" content=\"Vous trouverez ici nos collaborateurs et collaboratricesVous trouverez ici nos collaborateurs et collaboratrices ainsi que nos b\u00e9n\u00e9voles.\" \/>\n<meta property=\"og:url\" content=\"https:\/\/www.archiv-frau-musik.de\/fr\/team\" \/>\n<meta property=\"og:site_name\" content=\"Archiv Frau und Musik\" \/>\n<meta property=\"article:modified_time\" content=\"2026-03-06T21:29:57+00:00\" \/>\n<meta property=\"og:image\" content=\"http:\/\/www.archiv-frau-musik.de\/wp-content\/uploads\/2018\/03\/Inge-Matthiesen-150x150.jpg\" \/>\n<meta name=\"twitter:card\" content=\"summary_large_image\" \/>\n<meta name=\"twitter:label1\" content=\"Dur\u00e9e de lecture estim\u00e9e\" \/>\n\t<meta name=\"twitter:data1\" content=\"1 minute\" \/>\n<script type=\"application\/ld+json\" class=\"yoast-schema-graph\">{\"@context\":\"https:\\\/\\\/schema.org\",\"@graph\":[{\"@type\":\"WebPage\",\"@id\":\"https:\\\/\\\/www.archiv-frau-musik.de\\\/fr\\\/team\",\"url\":\"https:\\\/\\\/www.archiv-frau-musik.de\\\/fr\\\/team\",\"name\":\"\u00c9quipe &#8211; Archiv Frau und Musik\",\"isPartOf\":{\"@id\":\"https:\\\/\\\/www.archiv-frau-musik.de\\\/fr\\\/#website\"},\"primaryImageOfPage\":{\"@id\":\"https:\\\/\\\/www.archiv-frau-musik.de\\\/fr\\\/team#primaryimage\"},\"image\":{\"@id\":\"https:\\\/\\\/www.archiv-frau-musik.de\\\/team#primaryimage\"},\"thumbnailUrl\":\"http:\\\/\\\/www.archiv-frau-musik.de\\\/wp-content\\\/uploads\\\/2018\\\/03\\\/Inge-Matthiesen-150x150.jpg\",\"datePublished\":\"2018-01-31T13:59:11+00:00\",\"dateModified\":\"2026-03-06T21:29:57+00:00\",\"description\":\"Vous trouverez ici nos collaborateurs et collaboratricesVous trouverez ici nos collaborateurs et collaboratrices ainsi que nos b\u00e9n\u00e9voles.\",\"breadcrumb\":{\"@id\":\"https:\\\/\\\/www.archiv-frau-musik.de\\\/fr\\\/team#breadcrumb\"},\"inLanguage\":\"fr-FR\",\"potentialAction\":[{\"@type\":\"ReadAction\",\"target\":[[\"https:\\\/\\\/www.archiv-frau-musik.de\\\/fr\\\/team\"]]}]},{\"@type\":\"ImageObject\",\"inLanguage\":\"fr-FR\",\"@id\":\"https:\\\/\\\/www.archiv-frau-musik.de\\\/fr\\\/team#primaryimage\",\"url\":\"http:\\\/\\\/www.archiv-frau-musik.de\\\/wp-content\\\/uploads\\\/2018\\\/03\\\/Inge-Matthiesen-150x150.jpg\",\"contentUrl\":\"http:\\\/\\\/www.archiv-frau-musik.de\\\/wp-content\\\/uploads\\\/2018\\\/03\\\/Inge-Matthiesen-150x150.jpg\"},{\"@type\":\"BreadcrumbList\",\"@id\":\"https:\\\/\\\/www.archiv-frau-musik.de\\\/fr\\\/team#breadcrumb\",\"itemListElement\":[{\"@type\":\"ListItem\",\"position\":1,\"name\":\"Startseite\",\"item\":\"https:\\\/\\\/www.archiv-frau-musik.de\\\/fr\\\/\"},{\"@type\":\"ListItem\",\"position\":2,\"name\":\"Team\"}]},{\"@type\":\"WebSite\",\"@id\":\"https:\\\/\\\/www.archiv-frau-musik.de\\\/fr\\\/#website\",\"url\":\"https:\\\/\\\/www.archiv-frau-musik.de\\\/fr\\\/\",\"name\":\"Archiv Frau und Musik\",\"description\":\"\",\"potentialAction\":[{\"@type\":\"SearchAction\",\"target\":{\"@type\":\"EntryPoint\",\"urlTemplate\":\"https:\\\/\\\/www.archiv-frau-musik.de\\\/fr\\\/?s={search_term_string}\"},\"query-input\":{\"@type\":\"PropertyValueSpecification\",\"valueRequired\":true,\"valueName\":\"search_term_string\"}}],\"inLanguage\":\"fr-FR\"}]}<\/script>\n<!-- \/ Yoast SEO plugin. -->","yoast_head_json":{"title":"\u00c9quipe &#8211; Archiv Frau und Musik","description":"Vous trouverez ici nos collaborateurs et collaboratricesVous trouverez ici nos collaborateurs et collaboratrices ainsi que nos b\u00e9n\u00e9voles.","robots":{"index":"index","follow":"follow","max-snippet":"max-snippet:-1","max-image-preview":"max-image-preview:large","max-video-preview":"max-video-preview:-1"},"canonical":"https:\/\/www.archiv-frau-musik.de\/fr\/team","og_locale":"fr_FR","og_type":"article","og_title":"\u00c9quipe &#8211; Archiv Frau und Musik","og_description":"Vous trouverez ici nos collaborateurs et collaboratricesVous trouverez ici nos collaborateurs et collaboratrices ainsi que nos b\u00e9n\u00e9voles.","og_url":"https:\/\/www.archiv-frau-musik.de\/fr\/team","og_site_name":"Archiv Frau und Musik","article_modified_time":"2026-03-06T21:29:57+00:00","og_image":[{"url":"http:\/\/www.archiv-frau-musik.de\/wp-content\/uploads\/2018\/03\/Inge-Matthiesen-150x150.jpg","type":"","width":"","height":""}],"twitter_card":"summary_large_image","twitter_misc":{"Dur\u00e9e de lecture estim\u00e9e":"1 minute"},"schema":{"@context":"https:\/\/schema.org","@graph":[{"@type":"WebPage","@id":"https:\/\/www.archiv-frau-musik.de\/fr\/team","url":"https:\/\/www.archiv-frau-musik.de\/fr\/team","name":"\u00c9quipe &#8211; Archiv Frau und Musik","isPartOf":{"@id":"https:\/\/www.archiv-frau-musik.de\/fr\/#website"},"primaryImageOfPage":{"@id":"https:\/\/www.archiv-frau-musik.de\/fr\/team#primaryimage"},"image":{"@id":"https:\/\/www.archiv-frau-musik.de\/team#primaryimage"},"thumbnailUrl":"http:\/\/www.archiv-frau-musik.de\/wp-content\/uploads\/2018\/03\/Inge-Matthiesen-150x150.jpg","datePublished":"2018-01-31T13:59:11+00:00","dateModified":"2026-03-06T21:29:57+00:00","description":"Vous trouverez ici nos collaborateurs et collaboratricesVous trouverez ici nos collaborateurs et collaboratrices ainsi que nos b\u00e9n\u00e9voles.","breadcrumb":{"@id":"https:\/\/www.archiv-frau-musik.de\/fr\/team#breadcrumb"},"inLanguage":"fr-FR","potentialAction":[{"@type":"ReadAction","target":[["https:\/\/www.archiv-frau-musik.de\/fr\/team"]]}]},{"@type":"ImageObject","inLanguage":"fr-FR","@id":"https:\/\/www.archiv-frau-musik.de\/fr\/team#primaryimage","url":"http:\/\/www.archiv-frau-musik.de\/wp-content\/uploads\/2018\/03\/Inge-Matthiesen-150x150.jpg","contentUrl":"http:\/\/www.archiv-frau-musik.de\/wp-content\/uploads\/2018\/03\/Inge-Matthiesen-150x150.jpg"},{"@type":"BreadcrumbList","@id":"https:\/\/www.archiv-frau-musik.de\/fr\/team#breadcrumb","itemListElement":[{"@type":"ListItem","position":1,"name":"Startseite","item":"https:\/\/www.archiv-frau-musik.de\/fr\/"},{"@type":"ListItem","position":2,"name":"Team"}]},{"@type":"WebSite","@id":"https:\/\/www.archiv-frau-musik.de\/fr\/#website","url":"https:\/\/www.archiv-frau-musik.de\/fr\/","name":"Archiv Frau und Musik","description":"","potentialAction":[{"@type":"SearchAction","target":{"@type":"EntryPoint","urlTemplate":"https:\/\/www.archiv-frau-musik.de\/fr\/?s={search_term_string}"},"query-input":{"@type":"PropertyValueSpecification","valueRequired":true,"valueName":"search_term_string"}}],"inLanguage":"fr-FR"}]}},"_links":{"self":[{"href":"https:\/\/www.archiv-frau-musik.de\/fr\/wp-json\/wp\/v2\/pages\/4844","targetHints":{"allow":["GET"]}}],"collection":[{"href":"https:\/\/www.archiv-frau-musik.de\/fr\/wp-json\/wp\/v2\/pages"}],"about":[{"href":"https:\/\/www.archiv-frau-musik.de\/fr\/wp-json\/wp\/v2\/types\/page"}],"author":[{"embeddable":true,"href":"https:\/\/www.archiv-frau-musik.de\/fr\/wp-json\/wp\/v2\/users\/5"}],"replies":[{"embeddable":true,"href":"https:\/\/www.archiv-frau-musik.de\/fr\/wp-json\/wp\/v2\/comments?post=4844"}],"version-history":[{"count":178,"href":"https:\/\/www.archiv-frau-musik.de\/fr\/wp-json\/wp\/v2\/pages\/4844\/revisions"}],"predecessor-version":[{"id":16520,"href":"https:\/\/www.archiv-frau-musik.de\/fr\/wp-json\/wp\/v2\/pages\/4844\/revisions\/16520"}],"wp:attachment":[{"href":"https:\/\/www.archiv-frau-musik.de\/fr\/wp-json\/wp\/v2\/media?parent=4844"}],"curies":[{"name":"wp","href":"https:\/\/api.w.org\/{rel}","templated":true}]}}