{"id":3158,"date":"2015-10-19T13:58:26","date_gmt":"2015-10-19T11:58:26","guid":{"rendered":"http:\/\/www.archiv-frau-musik.de\/?page_id=3158"},"modified":"2022-11-08T19:51:32","modified_gmt":"2022-11-08T18:51:32","slug":"satzung-internationaler-arbeitskreis-frau-und-musik-e-v-2013","status":"publish","type":"page","link":"https:\/\/www.archiv-frau-musik.de\/fr\/uber-das-archiv\/satzung-internationaler-arbeitskreis-frau-und-musik-e-v-2013","title":{"rendered":"Statuts de la IAK Frau und Musik"},"content":{"rendered":"<p>Vous pouvez t\u00e9l\u00e9charger ici la version actuelle des statuts de notre association <a href=\"https:\/\/www.archiv-frau-musik.de\/wp-content\/uploads\/2019\/05\/Satzung_Version_2018-10-21_IAK-Frau-und-Musik.pdf\">au format pdf<\/a> (en allemand).<\/p>\n<p>Vous pouvez t\u00e9l\u00e9charger ici la version actuelle de notre politique de <a href=\"https:\/\/www.archiv-frau-musik.de\/wp-content\/uploads\/2018\/10\/2018_10_16_Datenschutzerkla\u0308rung_AfM_VEREIN_End4458.pdf\">confidentialit\u00e9 interne \u00e0 l&rsquo;association au format pdf<\/a> (en allemand).<\/p>","protected":false},"excerpt":{"rendered":"<p>Vous pouvez t\u00e9l\u00e9charger ici la version actuelle des statuts de notre association au format pdf (en allemand). Vous pouvez t\u00e9l\u00e9charger ici la version actuelle de notre politique de confidentialit\u00e9 interne \u00e0 l&rsquo;association au format pdf (en allemand).<\/p>\n","protected":false},"author":5,"featured_media":0,"parent":2,"menu_order":0,"comment_status":"closed","ping_status":"closed","template":"","meta":{"generate_page_header":"","footnotes":""},"class_list":["post-3158","page","type-page","status-publish"],"yoast_head":"<!-- This site is optimized with the Yoast SEO plugin v27.4 - https:\/\/yoast.com\/product\/yoast-seo-wordpress\/ -->\n<title>Statuts de la IAK Frau und Musik &#8211; Archiv Frau und Musik<\/title>\n<meta name=\"description\" content=\"Vous pouvez t\u00e9l\u00e9charger ici la version actuelle des statuts de notre association au format pdf (en allemagne).\" \/>\n<meta name=\"robots\" content=\"index, follow, max-snippet:-1, max-image-preview:large, max-video-preview:-1\" \/>\n<link rel=\"canonical\" href=\"https:\/\/www.archiv-frau-musik.de\/fr\/uber-das-archiv\/satzung-internationaler-arbeitskreis-frau-und-musik-e-v-2013\" \/>\n<meta property=\"og:locale\" content=\"fr_FR\" \/>\n<meta property=\"og:type\" content=\"article\" \/>\n<meta property=\"og:title\" content=\"Statuts de la IAK Frau und Musik &#8211; Archiv Frau und Musik\" \/>\n<meta property=\"og:description\" content=\"Vous pouvez t\u00e9l\u00e9charger ici la version actuelle des statuts de notre association au format pdf (en allemagne).\" \/>\n<meta property=\"og:url\" content=\"https:\/\/www.archiv-frau-musik.de\/fr\/uber-das-archiv\/satzung-internationaler-arbeitskreis-frau-und-musik-e-v-2013\" \/>\n<meta property=\"og:site_name\" content=\"Archiv Frau und Musik\" \/>\n<meta property=\"article:modified_time\" content=\"2022-11-08T18:51:32+00:00\" \/>\n<meta name=\"twitter:card\" content=\"summary_large_image\" \/>\n<meta name=\"twitter:label1\" content=\"Dur\u00e9e de lecture estim\u00e9e\" \/>\n\t<meta name=\"twitter:data1\" content=\"1 minute\" \/>\n<script type=\"application\/ld+json\" class=\"yoast-schema-graph\">{\"@context\":\"https:\\\/\\\/schema.org\",\"@graph\":[{\"@type\":\"WebPage\",\"@id\":\"https:\\\/\\\/www.archiv-frau-musik.de\\\/fr\\\/uber-das-archiv\\\/satzung-internationaler-arbeitskreis-frau-und-musik-e-v-2013\",\"url\":\"https:\\\/\\\/www.archiv-frau-musik.de\\\/fr\\\/uber-das-archiv\\\/satzung-internationaler-arbeitskreis-frau-und-musik-e-v-2013\",\"name\":\"Statuts de la IAK Frau und Musik &#8211; Archiv Frau und Musik\",\"isPartOf\":{\"@id\":\"https:\\\/\\\/www.archiv-frau-musik.de\\\/fr\\\/#website\"},\"datePublished\":\"2015-10-19T11:58:26+00:00\",\"dateModified\":\"2022-11-08T18:51:32+00:00\",\"description\":\"Vous pouvez t\u00e9l\u00e9charger ici la version actuelle des statuts de notre association au format pdf (en allemagne).\",\"breadcrumb\":{\"@id\":\"https:\\\/\\\/www.archiv-frau-musik.de\\\/fr\\\/uber-das-archiv\\\/satzung-internationaler-arbeitskreis-frau-und-musik-e-v-2013#breadcrumb\"},\"inLanguage\":\"fr-FR\",\"potentialAction\":[{\"@type\":\"ReadAction\",\"target\":[[\"https:\\\/\\\/www.archiv-frau-musik.de\\\/fr\\\/uber-das-archiv\\\/satzung-internationaler-arbeitskreis-frau-und-musik-e-v-2013\"]]}]},{\"@type\":\"BreadcrumbList\",\"@id\":\"https:\\\/\\\/www.archiv-frau-musik.de\\\/fr\\\/uber-das-archiv\\\/satzung-internationaler-arbeitskreis-frau-und-musik-e-v-2013#breadcrumb\",\"itemListElement\":[{\"@type\":\"ListItem\",\"position\":1,\"name\":\"Startseite\",\"item\":\"https:\\\/\\\/www.archiv-frau-musik.de\\\/fr\\\/\"},{\"@type\":\"ListItem\",\"position\":2,\"name\":\"\u00dcber das Archiv\",\"item\":\"https:\\\/\\\/www.archiv-frau-musik.de\\\/fr\\\/uber-das-archiv\"},{\"@type\":\"ListItem\",\"position\":3,\"name\":\"Satzung IAK Frau und Musik\"}]},{\"@type\":\"WebSite\",\"@id\":\"https:\\\/\\\/www.archiv-frau-musik.de\\\/fr\\\/#website\",\"url\":\"https:\\\/\\\/www.archiv-frau-musik.de\\\/fr\\\/\",\"name\":\"Archiv Frau und Musik\",\"description\":\"\",\"potentialAction\":[{\"@type\":\"SearchAction\",\"target\":{\"@type\":\"EntryPoint\",\"urlTemplate\":\"https:\\\/\\\/www.archiv-frau-musik.de\\\/fr\\\/?s={search_term_string}\"},\"query-input\":{\"@type\":\"PropertyValueSpecification\",\"valueRequired\":true,\"valueName\":\"search_term_string\"}}],\"inLanguage\":\"fr-FR\"}]}<\/script>\n<!-- \/ Yoast SEO plugin. -->","yoast_head_json":{"title":"Statuts de la IAK Frau und Musik &#8211; Archiv Frau und Musik","description":"Vous pouvez t\u00e9l\u00e9charger ici la version actuelle des statuts de notre association au format pdf (en allemagne).","robots":{"index":"index","follow":"follow","max-snippet":"max-snippet:-1","max-image-preview":"max-image-preview:large","max-video-preview":"max-video-preview:-1"},"canonical":"https:\/\/www.archiv-frau-musik.de\/fr\/uber-das-archiv\/satzung-internationaler-arbeitskreis-frau-und-musik-e-v-2013","og_locale":"fr_FR","og_type":"article","og_title":"Statuts de la IAK Frau und Musik &#8211; Archiv Frau und Musik","og_description":"Vous pouvez t\u00e9l\u00e9charger ici la version actuelle des statuts de notre association au format pdf (en allemagne).","og_url":"https:\/\/www.archiv-frau-musik.de\/fr\/uber-das-archiv\/satzung-internationaler-arbeitskreis-frau-und-musik-e-v-2013","og_site_name":"Archiv Frau und Musik","article_modified_time":"2022-11-08T18:51:32+00:00","twitter_card":"summary_large_image","twitter_misc":{"Dur\u00e9e de lecture estim\u00e9e":"1 minute"},"schema":{"@context":"https:\/\/schema.org","@graph":[{"@type":"WebPage","@id":"https:\/\/www.archiv-frau-musik.de\/fr\/uber-das-archiv\/satzung-internationaler-arbeitskreis-frau-und-musik-e-v-2013","url":"https:\/\/www.archiv-frau-musik.de\/fr\/uber-das-archiv\/satzung-internationaler-arbeitskreis-frau-und-musik-e-v-2013","name":"Statuts de la IAK Frau und Musik &#8211; Archiv Frau und Musik","isPartOf":{"@id":"https:\/\/www.archiv-frau-musik.de\/fr\/#website"},"datePublished":"2015-10-19T11:58:26+00:00","dateModified":"2022-11-08T18:51:32+00:00","description":"Vous pouvez t\u00e9l\u00e9charger ici la version actuelle des statuts de notre association au format pdf (en allemagne).","breadcrumb":{"@id":"https:\/\/www.archiv-frau-musik.de\/fr\/uber-das-archiv\/satzung-internationaler-arbeitskreis-frau-und-musik-e-v-2013#breadcrumb"},"inLanguage":"fr-FR","potentialAction":[{"@type":"ReadAction","target":[["https:\/\/www.archiv-frau-musik.de\/fr\/uber-das-archiv\/satzung-internationaler-arbeitskreis-frau-und-musik-e-v-2013"]]}]},{"@type":"BreadcrumbList","@id":"https:\/\/www.archiv-frau-musik.de\/fr\/uber-das-archiv\/satzung-internationaler-arbeitskreis-frau-und-musik-e-v-2013#breadcrumb","itemListElement":[{"@type":"ListItem","position":1,"name":"Startseite","item":"https:\/\/www.archiv-frau-musik.de\/fr\/"},{"@type":"ListItem","position":2,"name":"\u00dcber das Archiv","item":"https:\/\/www.archiv-frau-musik.de\/fr\/uber-das-archiv"},{"@type":"ListItem","position":3,"name":"Satzung IAK Frau und Musik"}]},{"@type":"WebSite","@id":"https:\/\/www.archiv-frau-musik.de\/fr\/#website","url":"https:\/\/www.archiv-frau-musik.de\/fr\/","name":"Archiv Frau und Musik","description":"","potentialAction":[{"@type":"SearchAction","target":{"@type":"EntryPoint","urlTemplate":"https:\/\/www.archiv-frau-musik.de\/fr\/?s={search_term_string}"},"query-input":{"@type":"PropertyValueSpecification","valueRequired":true,"valueName":"search_term_string"}}],"inLanguage":"fr-FR"}]}},"_links":{"self":[{"href":"https:\/\/www.archiv-frau-musik.de\/fr\/wp-json\/wp\/v2\/pages\/3158","targetHints":{"allow":["GET"]}}],"collection":[{"href":"https:\/\/www.archiv-frau-musik.de\/fr\/wp-json\/wp\/v2\/pages"}],"about":[{"href":"https:\/\/www.archiv-frau-musik.de\/fr\/wp-json\/wp\/v2\/types\/page"}],"author":[{"embeddable":true,"href":"https:\/\/www.archiv-frau-musik.de\/fr\/wp-json\/wp\/v2\/users\/5"}],"replies":[{"embeddable":true,"href":"https:\/\/www.archiv-frau-musik.de\/fr\/wp-json\/wp\/v2\/comments?post=3158"}],"version-history":[{"count":19,"href":"https:\/\/www.archiv-frau-musik.de\/fr\/wp-json\/wp\/v2\/pages\/3158\/revisions"}],"predecessor-version":[{"id":9558,"href":"https:\/\/www.archiv-frau-musik.de\/fr\/wp-json\/wp\/v2\/pages\/3158\/revisions\/9558"}],"up":[{"embeddable":true,"href":"https:\/\/www.archiv-frau-musik.de\/fr\/wp-json\/wp\/v2\/pages\/2"}],"wp:attachment":[{"href":"https:\/\/www.archiv-frau-musik.de\/fr\/wp-json\/wp\/v2\/media?parent=3158"}],"curies":[{"name":"wp","href":"https:\/\/api.w.org\/{rel}","templated":true}]}}