{"id":282,"date":"2010-09-30T15:39:10","date_gmt":"2010-09-30T13:39:10","guid":{"rendered":"http:\/\/www.archiv-frau-musik.de\/cms"},"modified":"2026-01-19T14:56:33","modified_gmt":"2026-01-19T13:56:33","slug":"onlinekatalog","status":"publish","type":"page","link":"https:\/\/www.archiv-frau-musik.de\/fr\/onlinekatalog","title":{"rendered":"Catalogue en ligne"},"content":{"rendered":"<p>L&rsquo;ensemble de l\u2019inventaire de l\u2019Archive Frau und Musik peut \u00eatre consult\u00e9 via le META-CATALOGUE de l&rsquo;association m\u00e8re i.d.a. ou du <a href=\"https:\/\/www.digitales-deutsches-frauenarchiv.de\" target=\"_blank\" rel=\"noopener\">Digitales Deutsches Frauenarchiv<\/a> (DDF, Archives Num\u00e9riques Allemandes des Femmes). En tant que membre de l&rsquo;association centrale i.d.a. des archives, biblioth\u00e8ques, et centres de documentations germanophones pour les lesbiennes et les femmes, les archives font partie de ce catalogue collectif. Vous y trouverez des m\u00e9dias d&rsquo;archives ainsi que de nombreux m\u00e9dias num\u00e9riques.<\/p>\n<p>Vous pouvez \u00e9galement acc\u00e9der au <a href=\"https:\/\/www.meta-katalog.eu\" target=\"_blank\" rel=\"noopener\">META-CATALOGUE<\/a> directement via ce masque de recherche.<\/p>\n<form id=\"searchform\" accept-charset=\"UTF-8\" action=\"https:\/\/www.meta-katalog.eu\/Search\/Results\" method=\"get\" target=\"_blank\"><label for=\"lookfor\">Recherche de mots-cl\u00e9s<\/label><br \/>\n<input id=\"lookfor\" name=\"lookfor\" size=\"60\" type=\"text\" \/><br \/>\n<input name=\"filter[]\" type=\"hidden\" value=\"institution:Archiv Frau und Musik\" \/><br \/>\n<button name=\"\" type=\"submit\" value=\"\"> chercher <\/button><\/form>\n<p>&nbsp;<\/p>\n<p><em>En outre, gr\u00e2ce au soutien de l&rsquo;Office des sciences et des arts de la ville de Francfort, les Archives Frau und Musik sont reli\u00e9es depuis l&rsquo;automne 2005 au catalogue en ligne du Verbund Frankfurter Museumsbibliotheken. Le Verbund Frankfurter Museumsbibliotheken est un regroupement r\u00e9gional de biblioth\u00e8ques de mus\u00e9es et de petites biblioth\u00e8ques d&rsquo;instituts qui rendent leurs catalogues accessibles en commun via un portail en ligne.<\/em><\/p>\n<p><a href=\"http:\/\/swb.bsz-bw.de\/DB=2.365\/SET=2\/TTL=1\/LNG=DU\/\/ADVANCED_SEARCHFILTER?COOKIE=U998,Pbszgast,I17,B0728+,SY,NRecherche-DB,D2.365,E26f1a0d6-0,A,H,R193.197.31.15,FY&amp;COOKIE=Us998,Pbszgast,I2017,B20728+,SY,NRecherche-DB,D2.365,E3ac2c99b-1407,A,H,R95.114.102.66,FY\" target=\"_blank\" rel=\"noopener\">Vous pouvez y rechercher des m\u00e9dias actuels de la biblioth\u00e8que<\/a> parmi les fonds d&rsquo;archives. Veuillez noter que sur leur site web, il suffit de cocher la case de nos archives.<\/p>\n<p>Vous trouverez<a href=\"https:\/\/www.archiv-frau-musik.de\/wp-content\/uploads\/2019\/03\/recherche-homepage.pdf\"> ici des conseils et astuces pour l&rsquo;utilisation de notre catalogue<\/a>.<br \/>\nN&rsquo;h\u00e9sitez pas \u00e0 nous contacter directement si vous avez des questions concernant la recherche, nous serons ravi(e)s de vous aider!<\/p>","protected":false},"excerpt":{"rendered":"<p>L&rsquo;ensemble de l\u2019inventaire de l\u2019Archive Frau und Musik peut \u00eatre consult\u00e9 via le META-CATALOGUE de l&rsquo;association m\u00e8re i.d.a. ou du Digitales Deutsches Frauenarchiv (DDF, Archives Num\u00e9riques Allemandes des Femmes). En tant que membre de l&rsquo;association centrale i.d.a. des archives, biblioth\u00e8ques, et centres de documentations germanophones pour les lesbiennes et les femmes, les archives font partie &#8230; <a title=\"Catalogue en ligne\" class=\"read-more\" href=\"https:\/\/www.archiv-frau-musik.de\/fr\/onlinekatalog\" aria-label=\"En savoir plus sur Catalogue en ligne\">Weiterlesen &#8230;<\/a><\/p>\n","protected":false},"author":5,"featured_media":0,"parent":0,"menu_order":6,"comment_status":"closed","ping_status":"closed","template":"","meta":{"generate_page_header":"","footnotes":""},"class_list":["post-282","page","type-page","status-publish"],"yoast_head":"<!-- This site is optimized with the Yoast SEO plugin v27.4 - https:\/\/yoast.com\/product\/yoast-seo-wordpress\/ -->\n<title>Catalogue en ligne &#8211; Archiv Frau und Musik<\/title>\n<meta name=\"description\" content=\"L\u2019ensemble de l\u2019inventaire de l\u2019Archive Frau und Musik peut \u00eatre recherch\u00e9 via le META-CATALOGUE de l\u2019association m\u00e8re i.d.a. ou du\" \/>\n<meta name=\"robots\" content=\"index, follow, max-snippet:-1, max-image-preview:large, max-video-preview:-1\" \/>\n<link rel=\"canonical\" href=\"https:\/\/www.archiv-frau-musik.de\/fr\/onlinekatalog\" \/>\n<meta property=\"og:locale\" content=\"fr_FR\" \/>\n<meta property=\"og:type\" content=\"article\" \/>\n<meta property=\"og:title\" content=\"Catalogue en ligne &#8211; Archiv Frau und Musik\" \/>\n<meta property=\"og:description\" content=\"L\u2019ensemble de l\u2019inventaire de l\u2019Archive Frau und Musik peut \u00eatre recherch\u00e9 via le META-CATALOGUE de l\u2019association m\u00e8re i.d.a. ou du\" \/>\n<meta property=\"og:url\" content=\"https:\/\/www.archiv-frau-musik.de\/fr\/onlinekatalog\" \/>\n<meta property=\"og:site_name\" content=\"Archiv Frau und Musik\" \/>\n<meta property=\"article:modified_time\" content=\"2026-01-19T13:56:33+00:00\" \/>\n<meta name=\"twitter:card\" content=\"summary_large_image\" \/>\n<meta name=\"twitter:label1\" content=\"Dur\u00e9e de lecture estim\u00e9e\" \/>\n\t<meta name=\"twitter:data1\" content=\"1 minute\" \/>\n<script type=\"application\/ld+json\" class=\"yoast-schema-graph\">{\"@context\":\"https:\\\/\\\/schema.org\",\"@graph\":[{\"@type\":\"WebPage\",\"@id\":\"https:\\\/\\\/www.archiv-frau-musik.de\\\/fr\\\/onlinekatalog\",\"url\":\"https:\\\/\\\/www.archiv-frau-musik.de\\\/fr\\\/onlinekatalog\",\"name\":\"Catalogue en ligne &#8211; Archiv Frau und Musik\",\"isPartOf\":{\"@id\":\"https:\\\/\\\/www.archiv-frau-musik.de\\\/fr\\\/#website\"},\"datePublished\":\"2010-09-30T13:39:10+00:00\",\"dateModified\":\"2026-01-19T13:56:33+00:00\",\"description\":\"L\u2019ensemble de l\u2019inventaire de l\u2019Archive Frau und Musik peut \u00eatre recherch\u00e9 via le META-CATALOGUE de l\u2019association m\u00e8re i.d.a. ou du\",\"breadcrumb\":{\"@id\":\"https:\\\/\\\/www.archiv-frau-musik.de\\\/fr\\\/onlinekatalog#breadcrumb\"},\"inLanguage\":\"fr-FR\",\"potentialAction\":[{\"@type\":\"ReadAction\",\"target\":[[\"https:\\\/\\\/www.archiv-frau-musik.de\\\/fr\\\/onlinekatalog\"]]}]},{\"@type\":\"BreadcrumbList\",\"@id\":\"https:\\\/\\\/www.archiv-frau-musik.de\\\/fr\\\/onlinekatalog#breadcrumb\",\"itemListElement\":[{\"@type\":\"ListItem\",\"position\":1,\"name\":\"Startseite\",\"item\":\"https:\\\/\\\/www.archiv-frau-musik.de\\\/fr\\\/\"},{\"@type\":\"ListItem\",\"position\":2,\"name\":\"Onlinekatalog\"}]},{\"@type\":\"WebSite\",\"@id\":\"https:\\\/\\\/www.archiv-frau-musik.de\\\/fr\\\/#website\",\"url\":\"https:\\\/\\\/www.archiv-frau-musik.de\\\/fr\\\/\",\"name\":\"Archiv Frau und Musik\",\"description\":\"\",\"potentialAction\":[{\"@type\":\"SearchAction\",\"target\":{\"@type\":\"EntryPoint\",\"urlTemplate\":\"https:\\\/\\\/www.archiv-frau-musik.de\\\/fr\\\/?s={search_term_string}\"},\"query-input\":{\"@type\":\"PropertyValueSpecification\",\"valueRequired\":true,\"valueName\":\"search_term_string\"}}],\"inLanguage\":\"fr-FR\"}]}<\/script>\n<!-- \/ Yoast SEO plugin. -->","yoast_head_json":{"title":"Catalogue en ligne &#8211; Archiv Frau und Musik","description":"L\u2019ensemble de l\u2019inventaire de l\u2019Archive Frau und Musik peut \u00eatre recherch\u00e9 via le META-CATALOGUE de l\u2019association m\u00e8re i.d.a. ou du","robots":{"index":"index","follow":"follow","max-snippet":"max-snippet:-1","max-image-preview":"max-image-preview:large","max-video-preview":"max-video-preview:-1"},"canonical":"https:\/\/www.archiv-frau-musik.de\/fr\/onlinekatalog","og_locale":"fr_FR","og_type":"article","og_title":"Catalogue en ligne &#8211; Archiv Frau und Musik","og_description":"L\u2019ensemble de l\u2019inventaire de l\u2019Archive Frau und Musik peut \u00eatre recherch\u00e9 via le META-CATALOGUE de l\u2019association m\u00e8re i.d.a. ou du","og_url":"https:\/\/www.archiv-frau-musik.de\/fr\/onlinekatalog","og_site_name":"Archiv Frau und Musik","article_modified_time":"2026-01-19T13:56:33+00:00","twitter_card":"summary_large_image","twitter_misc":{"Dur\u00e9e de lecture estim\u00e9e":"1 minute"},"schema":{"@context":"https:\/\/schema.org","@graph":[{"@type":"WebPage","@id":"https:\/\/www.archiv-frau-musik.de\/fr\/onlinekatalog","url":"https:\/\/www.archiv-frau-musik.de\/fr\/onlinekatalog","name":"Catalogue en ligne &#8211; Archiv Frau und Musik","isPartOf":{"@id":"https:\/\/www.archiv-frau-musik.de\/fr\/#website"},"datePublished":"2010-09-30T13:39:10+00:00","dateModified":"2026-01-19T13:56:33+00:00","description":"L\u2019ensemble de l\u2019inventaire de l\u2019Archive Frau und Musik peut \u00eatre recherch\u00e9 via le META-CATALOGUE de l\u2019association m\u00e8re i.d.a. ou du","breadcrumb":{"@id":"https:\/\/www.archiv-frau-musik.de\/fr\/onlinekatalog#breadcrumb"},"inLanguage":"fr-FR","potentialAction":[{"@type":"ReadAction","target":[["https:\/\/www.archiv-frau-musik.de\/fr\/onlinekatalog"]]}]},{"@type":"BreadcrumbList","@id":"https:\/\/www.archiv-frau-musik.de\/fr\/onlinekatalog#breadcrumb","itemListElement":[{"@type":"ListItem","position":1,"name":"Startseite","item":"https:\/\/www.archiv-frau-musik.de\/fr\/"},{"@type":"ListItem","position":2,"name":"Onlinekatalog"}]},{"@type":"WebSite","@id":"https:\/\/www.archiv-frau-musik.de\/fr\/#website","url":"https:\/\/www.archiv-frau-musik.de\/fr\/","name":"Archiv Frau und Musik","description":"","potentialAction":[{"@type":"SearchAction","target":{"@type":"EntryPoint","urlTemplate":"https:\/\/www.archiv-frau-musik.de\/fr\/?s={search_term_string}"},"query-input":{"@type":"PropertyValueSpecification","valueRequired":true,"valueName":"search_term_string"}}],"inLanguage":"fr-FR"}]}},"_links":{"self":[{"href":"https:\/\/www.archiv-frau-musik.de\/fr\/wp-json\/wp\/v2\/pages\/282","targetHints":{"allow":["GET"]}}],"collection":[{"href":"https:\/\/www.archiv-frau-musik.de\/fr\/wp-json\/wp\/v2\/pages"}],"about":[{"href":"https:\/\/www.archiv-frau-musik.de\/fr\/wp-json\/wp\/v2\/types\/page"}],"author":[{"embeddable":true,"href":"https:\/\/www.archiv-frau-musik.de\/fr\/wp-json\/wp\/v2\/users\/5"}],"replies":[{"embeddable":true,"href":"https:\/\/www.archiv-frau-musik.de\/fr\/wp-json\/wp\/v2\/comments?post=282"}],"version-history":[{"count":52,"href":"https:\/\/www.archiv-frau-musik.de\/fr\/wp-json\/wp\/v2\/pages\/282\/revisions"}],"predecessor-version":[{"id":16079,"href":"https:\/\/www.archiv-frau-musik.de\/fr\/wp-json\/wp\/v2\/pages\/282\/revisions\/16079"}],"wp:attachment":[{"href":"https:\/\/www.archiv-frau-musik.de\/fr\/wp-json\/wp\/v2\/media?parent=282"}],"curies":[{"name":"wp","href":"https:\/\/api.w.org\/{rel}","templated":true}]}}