{"id":10921,"date":"2024-01-30T12:41:20","date_gmt":"2024-01-30T11:41:20","guid":{"rendered":"https:\/\/www.archiv-frau-musik.de\/?page_id=10921"},"modified":"2025-02-26T10:51:30","modified_gmt":"2025-02-26T09:51:30","slug":"on-air-komponistinnen-fuer-frankfurt-oder-schuelerinnen-machen-radio","status":"publish","type":"page","link":"https:\/\/www.archiv-frau-musik.de\/fr\/on-air-komponistinnen-fuer-frankfurt-oder-schuelerinnen-machen-radio","title":{"rendered":"(Deutsch) On Air \u2013 Komponistinnen f\u00fcr Frankfurt oder: Sch\u00fcler*innen machen Radio"},"content":{"rendered":"<p class=\"qtranxs-available-languages-message qtranxs-available-languages-message-fr\">D\u00e9sol\u00e9, cet article est seulement disponible en <a href=\"https:\/\/www.archiv-frau-musik.de\/de\/wp-json\/wp\/v2\/pages\/10921\" class=\"qtranxs-available-language-link qtranxs-available-language-link-de\" title=\"Deutsch\">Deutsch<\/a>.<\/p>","protected":false},"excerpt":{"rendered":"<p>D\u00e9sol\u00e9, cet article est seulement disponible en Deutsch.<\/p>\n","protected":false},"author":5,"featured_media":0,"parent":0,"menu_order":0,"comment_status":"closed","ping_status":"closed","template":"","meta":{"generate_page_header":"","footnotes":""},"class_list":["post-10921","page","type-page","status-publish"],"yoast_head":"<!-- This site is optimized with the Yoast SEO plugin v27.3 - https:\/\/yoast.com\/product\/yoast-seo-wordpress\/ -->\n<title>(Deutsch) On Air \u2013 Komponistinnen f\u00fcr Frankfurt oder: Sch\u00fcler*innen machen Radio<\/title>\n<meta name=\"description\" content=\"Im neuen Projekt On Air entwickeln und erstellen Sch\u00fcler*innen Radiobeitr\u00e4ge \u00fcber Frankfurter Komponistinnen, die von Radio X gesendet werden\" \/>\n<meta name=\"robots\" content=\"index, follow, max-snippet:-1, max-image-preview:large, max-video-preview:-1\" \/>\n<link rel=\"canonical\" href=\"https:\/\/www.archiv-frau-musik.de\/fr\/on-air-komponistinnen-fuer-frankfurt-oder-schuelerinnen-machen-radio\" \/>\n<meta property=\"og:locale\" content=\"fr_FR\" \/>\n<meta property=\"og:type\" content=\"article\" \/>\n<meta property=\"og:title\" content=\"(Deutsch) On Air \u2013 Komponistinnen f\u00fcr Frankfurt oder: Sch\u00fcler*innen machen Radio\" \/>\n<meta property=\"og:description\" content=\"Im neuen Projekt On Air entwickeln und erstellen Sch\u00fcler*innen Radiobeitr\u00e4ge \u00fcber Frankfurter Komponistinnen, die von Radio X gesendet werden\" \/>\n<meta property=\"og:url\" content=\"https:\/\/www.archiv-frau-musik.de\/fr\/on-air-komponistinnen-fuer-frankfurt-oder-schuelerinnen-machen-radio\" \/>\n<meta property=\"og:site_name\" content=\"Archiv Frau und Musik\" \/>\n<meta property=\"article:modified_time\" content=\"2025-02-26T09:51:30+00:00\" \/>\n<meta property=\"og:image\" content=\"https:\/\/www.archiv-frau-musik.de\/wp-content\/uploads\/2024\/01\/AFM-Paedagogikworkshop-Juli-2023-2-300x169.jpg\" \/>\n<meta name=\"twitter:card\" content=\"summary_large_image\" \/>\n<meta name=\"twitter:label1\" content=\"Dur\u00e9e de lecture estim\u00e9e\" \/>\n\t<meta name=\"twitter:data1\" content=\"2 minutes\" \/>\n<script type=\"application\/ld+json\" class=\"yoast-schema-graph\">{\"@context\":\"https:\\\/\\\/schema.org\",\"@graph\":[{\"@type\":\"WebPage\",\"@id\":\"https:\\\/\\\/www.archiv-frau-musik.de\\\/fr\\\/on-air-komponistinnen-fuer-frankfurt-oder-schuelerinnen-machen-radio\",\"url\":\"https:\\\/\\\/www.archiv-frau-musik.de\\\/fr\\\/on-air-komponistinnen-fuer-frankfurt-oder-schuelerinnen-machen-radio\",\"name\":\"(Deutsch) On Air \u2013 Komponistinnen f\u00fcr Frankfurt oder: Sch\u00fcler*innen machen Radio\",\"isPartOf\":{\"@id\":\"https:\\\/\\\/www.archiv-frau-musik.de\\\/fr\\\/#website\"},\"datePublished\":\"2024-01-30T11:41:20+00:00\",\"dateModified\":\"2025-02-26T09:51:30+00:00\",\"description\":\"Im neuen Projekt On Air entwickeln und erstellen Sch\u00fcler*innen Radiobeitr\u00e4ge \u00fcber Frankfurter Komponistinnen, die von Radio X gesendet werden\",\"breadcrumb\":{\"@id\":\"https:\\\/\\\/www.archiv-frau-musik.de\\\/fr\\\/on-air-komponistinnen-fuer-frankfurt-oder-schuelerinnen-machen-radio#breadcrumb\"},\"inLanguage\":\"fr-FR\",\"potentialAction\":[{\"@type\":\"ReadAction\",\"target\":[[\"https:\\\/\\\/www.archiv-frau-musik.de\\\/fr\\\/on-air-komponistinnen-fuer-frankfurt-oder-schuelerinnen-machen-radio\"]]}]},{\"@type\":\"BreadcrumbList\",\"@id\":\"https:\\\/\\\/www.archiv-frau-musik.de\\\/fr\\\/on-air-komponistinnen-fuer-frankfurt-oder-schuelerinnen-machen-radio#breadcrumb\",\"itemListElement\":[{\"@type\":\"ListItem\",\"position\":1,\"name\":\"Startseite\",\"item\":\"https:\\\/\\\/www.archiv-frau-musik.de\\\/fr\\\/\"},{\"@type\":\"ListItem\",\"position\":2,\"name\":\"On Air \u2013 Komponistinnen f\u00fcr Frankfurt oder: Sch\u00fcler*innen machen Radio\"}]},{\"@type\":\"WebSite\",\"@id\":\"https:\\\/\\\/www.archiv-frau-musik.de\\\/fr\\\/#website\",\"url\":\"https:\\\/\\\/www.archiv-frau-musik.de\\\/fr\\\/\",\"name\":\"Archiv Frau und Musik\",\"description\":\"\",\"potentialAction\":[{\"@type\":\"SearchAction\",\"target\":{\"@type\":\"EntryPoint\",\"urlTemplate\":\"https:\\\/\\\/www.archiv-frau-musik.de\\\/fr\\\/?s={search_term_string}\"},\"query-input\":{\"@type\":\"PropertyValueSpecification\",\"valueRequired\":true,\"valueName\":\"search_term_string\"}}],\"inLanguage\":\"fr-FR\"}]}<\/script>\n<!-- \/ Yoast SEO plugin. -->","yoast_head_json":{"title":"(Deutsch) On Air \u2013 Komponistinnen f\u00fcr Frankfurt oder: Sch\u00fcler*innen machen Radio","description":"Im neuen Projekt On Air entwickeln und erstellen Sch\u00fcler*innen Radiobeitr\u00e4ge \u00fcber Frankfurter Komponistinnen, die von Radio X gesendet werden","robots":{"index":"index","follow":"follow","max-snippet":"max-snippet:-1","max-image-preview":"max-image-preview:large","max-video-preview":"max-video-preview:-1"},"canonical":"https:\/\/www.archiv-frau-musik.de\/fr\/on-air-komponistinnen-fuer-frankfurt-oder-schuelerinnen-machen-radio","og_locale":"fr_FR","og_type":"article","og_title":"(Deutsch) On Air \u2013 Komponistinnen f\u00fcr Frankfurt oder: Sch\u00fcler*innen machen Radio","og_description":"Im neuen Projekt On Air entwickeln und erstellen Sch\u00fcler*innen Radiobeitr\u00e4ge \u00fcber Frankfurter Komponistinnen, die von Radio X gesendet werden","og_url":"https:\/\/www.archiv-frau-musik.de\/fr\/on-air-komponistinnen-fuer-frankfurt-oder-schuelerinnen-machen-radio","og_site_name":"Archiv Frau und Musik","article_modified_time":"2025-02-26T09:51:30+00:00","og_image":[{"url":"https:\/\/www.archiv-frau-musik.de\/wp-content\/uploads\/2024\/01\/AFM-Paedagogikworkshop-Juli-2023-2-300x169.jpg","type":"","width":"","height":""}],"twitter_card":"summary_large_image","twitter_misc":{"Dur\u00e9e de lecture estim\u00e9e":"2 minutes"},"schema":{"@context":"https:\/\/schema.org","@graph":[{"@type":"WebPage","@id":"https:\/\/www.archiv-frau-musik.de\/fr\/on-air-komponistinnen-fuer-frankfurt-oder-schuelerinnen-machen-radio","url":"https:\/\/www.archiv-frau-musik.de\/fr\/on-air-komponistinnen-fuer-frankfurt-oder-schuelerinnen-machen-radio","name":"(Deutsch) On Air \u2013 Komponistinnen f\u00fcr Frankfurt oder: Sch\u00fcler*innen machen Radio","isPartOf":{"@id":"https:\/\/www.archiv-frau-musik.de\/fr\/#website"},"datePublished":"2024-01-30T11:41:20+00:00","dateModified":"2025-02-26T09:51:30+00:00","description":"Im neuen Projekt On Air entwickeln und erstellen Sch\u00fcler*innen Radiobeitr\u00e4ge \u00fcber Frankfurter Komponistinnen, die von Radio X gesendet werden","breadcrumb":{"@id":"https:\/\/www.archiv-frau-musik.de\/fr\/on-air-komponistinnen-fuer-frankfurt-oder-schuelerinnen-machen-radio#breadcrumb"},"inLanguage":"fr-FR","potentialAction":[{"@type":"ReadAction","target":[["https:\/\/www.archiv-frau-musik.de\/fr\/on-air-komponistinnen-fuer-frankfurt-oder-schuelerinnen-machen-radio"]]}]},{"@type":"BreadcrumbList","@id":"https:\/\/www.archiv-frau-musik.de\/fr\/on-air-komponistinnen-fuer-frankfurt-oder-schuelerinnen-machen-radio#breadcrumb","itemListElement":[{"@type":"ListItem","position":1,"name":"Startseite","item":"https:\/\/www.archiv-frau-musik.de\/fr\/"},{"@type":"ListItem","position":2,"name":"On Air \u2013 Komponistinnen f\u00fcr Frankfurt oder: Sch\u00fcler*innen machen Radio"}]},{"@type":"WebSite","@id":"https:\/\/www.archiv-frau-musik.de\/fr\/#website","url":"https:\/\/www.archiv-frau-musik.de\/fr\/","name":"Archiv Frau und Musik","description":"","potentialAction":[{"@type":"SearchAction","target":{"@type":"EntryPoint","urlTemplate":"https:\/\/www.archiv-frau-musik.de\/fr\/?s={search_term_string}"},"query-input":{"@type":"PropertyValueSpecification","valueRequired":true,"valueName":"search_term_string"}}],"inLanguage":"fr-FR"}]}},"_links":{"self":[{"href":"https:\/\/www.archiv-frau-musik.de\/fr\/wp-json\/wp\/v2\/pages\/10921","targetHints":{"allow":["GET"]}}],"collection":[{"href":"https:\/\/www.archiv-frau-musik.de\/fr\/wp-json\/wp\/v2\/pages"}],"about":[{"href":"https:\/\/www.archiv-frau-musik.de\/fr\/wp-json\/wp\/v2\/types\/page"}],"author":[{"embeddable":true,"href":"https:\/\/www.archiv-frau-musik.de\/fr\/wp-json\/wp\/v2\/users\/5"}],"replies":[{"embeddable":true,"href":"https:\/\/www.archiv-frau-musik.de\/fr\/wp-json\/wp\/v2\/comments?post=10921"}],"version-history":[{"count":11,"href":"https:\/\/www.archiv-frau-musik.de\/fr\/wp-json\/wp\/v2\/pages\/10921\/revisions"}],"predecessor-version":[{"id":13179,"href":"https:\/\/www.archiv-frau-musik.de\/fr\/wp-json\/wp\/v2\/pages\/10921\/revisions\/13179"}],"wp:attachment":[{"href":"https:\/\/www.archiv-frau-musik.de\/fr\/wp-json\/wp\/v2\/media?parent=10921"}],"curies":[{"name":"wp","href":"https:\/\/api.w.org\/{rel}","templated":true}]}}