{"id":8127,"date":"2021-06-14T15:22:53","date_gmt":"2021-06-14T13:22:53","guid":{"rendered":"https:\/\/www.archiv-frau-musik.de\/?page_id=8127"},"modified":"2024-01-02T15:34:37","modified_gmt":"2024-01-02T14:34:37","slug":"digitales-bildungspaket-material","status":"publish","type":"page","link":"https:\/\/www.archiv-frau-musik.de\/en\/digitales-bildungspaket-material","title":{"rendered":"Digital Education Package: Material"},"content":{"rendered":"<p>Rights of use:<\/p>\n<p>We are pleased to be able to provide you with the educational package free of charge. By downloading the materials, and in particular the score, you are accepting the responsibily of respecting the copyright and personal rights, as well as the protection of the legitimate interests of third parties.<\/p>\n<p>If the rights and interests of third parties are affected, you are obliged to obtain the consent of the person concerned or their legal successor.<\/p>\n<p>The Internationale Arbeitskreis Frau und Musik e. V. is not responsible in the event of a legal dispute regarding authorship or personal rights, or the protection of the legitimate interests of third parties. For violations of these rights and interests, the user is directly responsible to the entitled party.<\/p>\n<p>The use of the digital score is permitted exclusively for teaching and learning purposes at educational institutions, and for scientific research. For artistic performances, please contact Noetzel-Verlag, which lends the score and vocal editions for this purpose.<\/p>","protected":false},"excerpt":{"rendered":"<p>Rights of use: We are pleased to be able to provide you with the educational package free of charge. By downloading the materials, and in particular the score, you are accepting the responsibily of respecting the copyright and personal rights, as well as the protection of the legitimate interests of third parties. If the rights &#8230; <a title=\"Digital Education Package: Material\" class=\"read-more\" href=\"https:\/\/www.archiv-frau-musik.de\/en\/digitales-bildungspaket-material\" aria-label=\"Read more about Digital Education Package: Material\">Weiterlesen &#8230;<\/a><\/p>\n","protected":false},"author":5,"featured_media":0,"parent":0,"menu_order":0,"comment_status":"closed","ping_status":"closed","template":"","meta":{"generate_page_header":"","footnotes":""},"class_list":["post-8127","page","type-page","status-publish"],"yoast_head":"<!-- This site is optimized with the Yoast SEO plugin v27.4 - https:\/\/yoast.com\/product\/yoast-seo-wordpress\/ -->\n<title>Digital Education Package: Material &#8211; Archiv Frau und Musik<\/title>\n<meta name=\"description\" content=\"Nous sommes heureux de pouvoir mettre gratuitement \u00e0 votre disposition le paquet p\u00e9dagogique. En t\u00e9l\u00e9chargeant le mat\u00e9riel et en\" \/>\n<meta name=\"robots\" content=\"index, follow, max-snippet:-1, max-image-preview:large, max-video-preview:-1\" \/>\n<link rel=\"canonical\" href=\"https:\/\/www.archiv-frau-musik.de\/en\/digitales-bildungspaket-material\" \/>\n<meta property=\"og:locale\" content=\"en_US\" \/>\n<meta property=\"og:type\" content=\"article\" \/>\n<meta property=\"og:title\" content=\"Digital Education Package: Material &#8211; Archiv Frau und Musik\" \/>\n<meta property=\"og:description\" content=\"Nous sommes heureux de pouvoir mettre gratuitement \u00e0 votre disposition le paquet p\u00e9dagogique. En t\u00e9l\u00e9chargeant le mat\u00e9riel et en\" \/>\n<meta property=\"og:url\" content=\"https:\/\/www.archiv-frau-musik.de\/en\/digitales-bildungspaket-material\" \/>\n<meta property=\"og:site_name\" content=\"Archiv Frau und Musik\" \/>\n<meta property=\"article:modified_time\" content=\"2024-01-02T14:34:37+00:00\" \/>\n<meta name=\"twitter:card\" content=\"summary_large_image\" \/>\n<meta name=\"twitter:label1\" content=\"Est. reading time\" \/>\n\t<meta name=\"twitter:data1\" content=\"1 minute\" \/>\n<script type=\"application\/ld+json\" class=\"yoast-schema-graph\">{\"@context\":\"https:\\\/\\\/schema.org\",\"@graph\":[{\"@type\":\"WebPage\",\"@id\":\"https:\\\/\\\/www.archiv-frau-musik.de\\\/en\\\/digitales-bildungspaket-material\",\"url\":\"https:\\\/\\\/www.archiv-frau-musik.de\\\/en\\\/digitales-bildungspaket-material\",\"name\":\"Digital Education Package: Material &#8211; Archiv Frau und Musik\",\"isPartOf\":{\"@id\":\"https:\\\/\\\/www.archiv-frau-musik.de\\\/en\\\/#website\"},\"datePublished\":\"2021-06-14T13:22:53+00:00\",\"dateModified\":\"2024-01-02T14:34:37+00:00\",\"description\":\"Nous sommes heureux de pouvoir mettre gratuitement \u00e0 votre disposition le paquet p\u00e9dagogique. En t\u00e9l\u00e9chargeant le mat\u00e9riel et en\",\"breadcrumb\":{\"@id\":\"https:\\\/\\\/www.archiv-frau-musik.de\\\/en\\\/digitales-bildungspaket-material#breadcrumb\"},\"inLanguage\":\"en-US\",\"potentialAction\":[{\"@type\":\"ReadAction\",\"target\":[[\"https:\\\/\\\/www.archiv-frau-musik.de\\\/en\\\/digitales-bildungspaket-material\"]]}]},{\"@type\":\"BreadcrumbList\",\"@id\":\"https:\\\/\\\/www.archiv-frau-musik.de\\\/en\\\/digitales-bildungspaket-material#breadcrumb\",\"itemListElement\":[{\"@type\":\"ListItem\",\"position\":1,\"name\":\"Startseite\",\"item\":\"https:\\\/\\\/www.archiv-frau-musik.de\\\/en\\\/\"},{\"@type\":\"ListItem\",\"position\":2,\"name\":\"Digitales Bildungspaket: Material\"}]},{\"@type\":\"WebSite\",\"@id\":\"https:\\\/\\\/www.archiv-frau-musik.de\\\/en\\\/#website\",\"url\":\"https:\\\/\\\/www.archiv-frau-musik.de\\\/en\\\/\",\"name\":\"Archiv Frau und Musik\",\"description\":\"\",\"potentialAction\":[{\"@type\":\"SearchAction\",\"target\":{\"@type\":\"EntryPoint\",\"urlTemplate\":\"https:\\\/\\\/www.archiv-frau-musik.de\\\/en\\\/?s={search_term_string}\"},\"query-input\":{\"@type\":\"PropertyValueSpecification\",\"valueRequired\":true,\"valueName\":\"search_term_string\"}}],\"inLanguage\":\"en-US\"}]}<\/script>\n<!-- \/ Yoast SEO plugin. -->","yoast_head_json":{"title":"Digital Education Package: Material &#8211; Archiv Frau und Musik","description":"Nous sommes heureux de pouvoir mettre gratuitement \u00e0 votre disposition le paquet p\u00e9dagogique. En t\u00e9l\u00e9chargeant le mat\u00e9riel et en","robots":{"index":"index","follow":"follow","max-snippet":"max-snippet:-1","max-image-preview":"max-image-preview:large","max-video-preview":"max-video-preview:-1"},"canonical":"https:\/\/www.archiv-frau-musik.de\/en\/digitales-bildungspaket-material","og_locale":"en_US","og_type":"article","og_title":"Digital Education Package: Material &#8211; Archiv Frau und Musik","og_description":"Nous sommes heureux de pouvoir mettre gratuitement \u00e0 votre disposition le paquet p\u00e9dagogique. En t\u00e9l\u00e9chargeant le mat\u00e9riel et en","og_url":"https:\/\/www.archiv-frau-musik.de\/en\/digitales-bildungspaket-material","og_site_name":"Archiv Frau und Musik","article_modified_time":"2024-01-02T14:34:37+00:00","twitter_card":"summary_large_image","twitter_misc":{"Est. reading time":"1 minute"},"schema":{"@context":"https:\/\/schema.org","@graph":[{"@type":"WebPage","@id":"https:\/\/www.archiv-frau-musik.de\/en\/digitales-bildungspaket-material","url":"https:\/\/www.archiv-frau-musik.de\/en\/digitales-bildungspaket-material","name":"Digital Education Package: Material &#8211; Archiv Frau und Musik","isPartOf":{"@id":"https:\/\/www.archiv-frau-musik.de\/en\/#website"},"datePublished":"2021-06-14T13:22:53+00:00","dateModified":"2024-01-02T14:34:37+00:00","description":"Nous sommes heureux de pouvoir mettre gratuitement \u00e0 votre disposition le paquet p\u00e9dagogique. En t\u00e9l\u00e9chargeant le mat\u00e9riel et en","breadcrumb":{"@id":"https:\/\/www.archiv-frau-musik.de\/en\/digitales-bildungspaket-material#breadcrumb"},"inLanguage":"en-US","potentialAction":[{"@type":"ReadAction","target":[["https:\/\/www.archiv-frau-musik.de\/en\/digitales-bildungspaket-material"]]}]},{"@type":"BreadcrumbList","@id":"https:\/\/www.archiv-frau-musik.de\/en\/digitales-bildungspaket-material#breadcrumb","itemListElement":[{"@type":"ListItem","position":1,"name":"Startseite","item":"https:\/\/www.archiv-frau-musik.de\/en\/"},{"@type":"ListItem","position":2,"name":"Digitales Bildungspaket: Material"}]},{"@type":"WebSite","@id":"https:\/\/www.archiv-frau-musik.de\/en\/#website","url":"https:\/\/www.archiv-frau-musik.de\/en\/","name":"Archiv Frau und Musik","description":"","potentialAction":[{"@type":"SearchAction","target":{"@type":"EntryPoint","urlTemplate":"https:\/\/www.archiv-frau-musik.de\/en\/?s={search_term_string}"},"query-input":{"@type":"PropertyValueSpecification","valueRequired":true,"valueName":"search_term_string"}}],"inLanguage":"en-US"}]}},"_links":{"self":[{"href":"https:\/\/www.archiv-frau-musik.de\/en\/wp-json\/wp\/v2\/pages\/8127","targetHints":{"allow":["GET"]}}],"collection":[{"href":"https:\/\/www.archiv-frau-musik.de\/en\/wp-json\/wp\/v2\/pages"}],"about":[{"href":"https:\/\/www.archiv-frau-musik.de\/en\/wp-json\/wp\/v2\/types\/page"}],"author":[{"embeddable":true,"href":"https:\/\/www.archiv-frau-musik.de\/en\/wp-json\/wp\/v2\/users\/5"}],"replies":[{"embeddable":true,"href":"https:\/\/www.archiv-frau-musik.de\/en\/wp-json\/wp\/v2\/comments?post=8127"}],"version-history":[{"count":12,"href":"https:\/\/www.archiv-frau-musik.de\/en\/wp-json\/wp\/v2\/pages\/8127\/revisions"}],"predecessor-version":[{"id":10731,"href":"https:\/\/www.archiv-frau-musik.de\/en\/wp-json\/wp\/v2\/pages\/8127\/revisions\/10731"}],"wp:attachment":[{"href":"https:\/\/www.archiv-frau-musik.de\/en\/wp-json\/wp\/v2\/media?parent=8127"}],"curies":[{"name":"wp","href":"https:\/\/api.w.org\/{rel}","templated":true}]}}