{"id":7605,"date":"2020-10-28T19:24:55","date_gmt":"2020-10-28T18:24:55","guid":{"rendered":"https:\/\/www.archiv-frau-musik.de\/?page_id=7605"},"modified":"2022-11-12T18:08:37","modified_gmt":"2022-11-12T17:08:37","slug":"weronika-aleksandra-markiewicz-1962-2003","status":"publish","type":"page","link":"https:\/\/www.archiv-frau-musik.de\/en\/weronika-aleksandra-markiewicz-1962-2003","title":{"rendered":"Weronika Aleksandra Markiewicz (1962\u20132003)"},"content":{"rendered":"<p><figure id=\"attachment_7626\" aria-describedby=\"caption-attachment-7626\" style=\"width: 293px\" class=\"wp-caption alignright\"><img loading=\"lazy\" decoding=\"async\" class=\"wp-image-7626\" src=\"https:\/\/www.archiv-frau-musik.de\/wp-content\/uploads\/2020\/10\/Weronika-Aleksandra-Markiewicz-219x300.jpg\" alt=\"Weronika Aleksandra Markiewicz \u00a9 Archiv Frau und Musik\" width=\"303\" height=\"415\" srcset=\"https:\/\/www.archiv-frau-musik.de\/wp-content\/uploads\/2020\/10\/Weronika-Aleksandra-Markiewicz-219x300.jpg 219w, https:\/\/www.archiv-frau-musik.de\/wp-content\/uploads\/2020\/10\/Weronika-Aleksandra-Markiewicz.jpg 513w\" sizes=\"auto, (max-width: 303px) 100vw, 303px\" \/><figcaption id=\"caption-attachment-7626\" class=\"wp-caption-text\">Weronika Aleksandra Markiewicz \u00a9 Archiv Frau und Musik<\/figcaption><\/figure><\/p>\n<p>We don&#8217;t know much about the life of Weronika Aleksandra Markiewicz. Four large cardboard boxes containing her estate are stored with us in the Archiv Frau und Musik. In March 2007, the cultural department of the German Embassy in Warsaw informed us of the possibility of receiving part of Markiewicz&#8217;s musical estate. A few months later, the boxes arrived in Frankfurt. Within are notebooks, audio cassettes, pens, photos of the composer, but above all, sheet music. Hundreds of objects and documents have been collected here, but we still find it difficult to tell a life story through them. We know the rough dates, but how can they be put together to form a picture of the artist?<\/p>\n<p>The composer and singer Weronika Aleksandra Markiewicz was born Weronika Aleksandra Bi\u0142ogubka on 27 January 1962 in Lviv, Ukraine \u2013 in the course of her life she had her surname changed twice. Her mother Zofia Le\u017ca\u0144ska (musicologist and pianist) and her father Anton Bi\u0142ogubka (singer and conductor) encouraged their daughter&#8217;s musical interest early on. She spent her childhood in Novosibirsk, where her father studied music. Mother and daughter moved to Poland in 1981; there, Markiewicz first took singing lessons in Warsaw, and then studied singing and acting at the Academy of Music in Gda\u0144sk. After graduating, Markiewicz went back to Lviv once again to study composition. She finished her studies in 1996 \u2013 her final composition was the large-scale symphonic poem <em>Bajka o bia\u0142ym ciel\u0105tku<\/em> (The Fairy Tale of the Little White Calf). After that, Markiewicz composed commissioned works and sang concerts throughout Europe. The mezzo-soprano performed her own works, but also opera arias and Polish, Russian, or Yiddish songs. Weronika Aleksandra Markiewicz died in Lublin in 2003 at the age of only 41 from the effects of cancer.<\/p>\n<h3>Unusual Estate<\/h3>\n<figure id=\"attachment_7625\" aria-describedby=\"caption-attachment-7625\" style=\"width: 259px\" class=\"wp-caption alignright\"><img loading=\"lazy\" decoding=\"async\" class=\"wp-image-7625\" src=\"https:\/\/www.archiv-frau-musik.de\/wp-content\/uploads\/2020\/10\/Deckblatt-M\u00e4rchen-vom-wei\u00dfen-K\u00e4lbchen-714x1024.jpg\" alt=\"Deckblatt &quot;Das M\u00e4rchen vom wei\u00dfen K\u00e4lbchen&quot; \u00a9 Archiv Frau und Musik\" width=\"269\" height=\"386\" srcset=\"https:\/\/www.archiv-frau-musik.de\/wp-content\/uploads\/2020\/10\/Deckblatt-M\u00e4rchen-vom-wei\u00dfen-K\u00e4lbchen-714x1024.jpg 714w, https:\/\/www.archiv-frau-musik.de\/wp-content\/uploads\/2020\/10\/Deckblatt-M\u00e4rchen-vom-wei\u00dfen-K\u00e4lbchen-209x300.jpg 209w, https:\/\/www.archiv-frau-musik.de\/wp-content\/uploads\/2020\/10\/Deckblatt-M\u00e4rchen-vom-wei\u00dfen-K\u00e4lbchen-768x1102.jpg 768w, https:\/\/www.archiv-frau-musik.de\/wp-content\/uploads\/2020\/10\/Deckblatt-M\u00e4rchen-vom-wei\u00dfen-K\u00e4lbchen.jpg 895w\" sizes=\"auto, (max-width: 269px) 100vw, 269px\" \/><figcaption id=\"caption-attachment-7625\" class=\"wp-caption-text\">Cover of &#8220;The Fairy Tale of the Little White Calf&#8221; \u00a9 Archiv Frau und Musik<\/figcaption><\/figure>\n<p>Her estate in the Archiv Frau und Music is marked by her mother Zofia Le\u017ca\u0144ska. She was the one who compiled it, published her daughter&#8217;s sheet music, and communicated with the archive. Markiewicz&#8217;s photos mostly show holidays taken by mother and daughter together. The mother is as present as the father is absent. We know his name, the wedding photo of his parents, and that he was a singer. But after 1981, when he moved to Poland, we lose track of him. Did he die? Did the parents separate? Why did mother and daughter move to Poland, though neither spoke Polish? Did Markiewicz&#8217;s early name change have anything to do with her father&#8217;s whereabouts? We do not have any answers, and it will be difficult to find out. Especially since, in the winter of 2019, the mother also died in Poland.<\/p>\n<p>Weronika Markiewicz&#8217;s life probably can\u2019t be understood without a look at the tense history between the Soviet Union and later Ukraine and Poland. Her birthplace, Lviv in today&#8217;s Ukraine, was inhabited by a majority of Poles; when mother and daughter moved to Poland in 1981, the workers&#8217; movements there around the Solidarno\u015b\u0107 trade union led to far-reaching political and social upheavals which also changed the relationship between the neighbouring countries. Neither Markiewicz&#8217;s estate nor her mother&#8217;s letters contain any references to or statements about the political events of the time; we do not know whether they influenced the composer&#8217;s life. Markiewicz apparently changed her surname because her former name caused irritation in Poland.<\/p>\n<h3>Wanted Identity?<\/h3>\n<figure id=\"attachment_7624\" aria-describedby=\"caption-attachment-7624\" style=\"width: 269px\" class=\"wp-caption alignright\"><img loading=\"lazy\" decoding=\"async\" class=\"wp-image-7624\" src=\"https:\/\/www.archiv-frau-musik.de\/wp-content\/uploads\/2020\/10\/Collage-697x1024.jpg\" alt=\"Collage aus Portr\u00e4tfotos und Autograph \u00a9 Archiv Frau und Musik\" width=\"279\" height=\"410\" srcset=\"https:\/\/www.archiv-frau-musik.de\/wp-content\/uploads\/2020\/10\/Collage-697x1024.jpg 697w, https:\/\/www.archiv-frau-musik.de\/wp-content\/uploads\/2020\/10\/Collage-204x300.jpg 204w, https:\/\/www.archiv-frau-musik.de\/wp-content\/uploads\/2020\/10\/Collage-768x1128.jpg 768w, https:\/\/www.archiv-frau-musik.de\/wp-content\/uploads\/2020\/10\/Collage.jpg 894w\" sizes=\"auto, (max-width: 279px) 100vw, 279px\" \/><figcaption id=\"caption-attachment-7624\" class=\"wp-caption-text\">Collage made of portrait photographys and autograph \u00a9 Archiv Frau und Musik<\/figcaption><\/figure>\n<p>But what runs through the estate and the reports is Markiewicz&#8217;s confrontation with her identity as a Jew. In Warsaw, she took a language course in Yiddish at the Institute of Jewish History; her estate contains several notebooks with her Yiddish exercises, but Hebrew texts and writing exercises are also preserved there. There\u2019s an impressive amount of cassettes with recordings of Yiddish and Hebrew songs which Markiewicz sang as encores at performances. In 2000, she was jointly responsible for the programme of the VIII. Finale of the Great Orchestra of Christmas Charity in the Municipal House of Culture in \u017byrard\u00f3w (Poland), where she performed and presumably sang in the musical <em>Anatevka \u2013 Once I&#8217;m Rich<\/em>. The musical is set around 1905 in the fictional <em>shtetl<\/em> of Anatevka. This is situated in the settlement area of the Russian Empire, i.e. the area in which the Jewish population&#8217;s right to live and work was restricted between the end of the 18th and the beginning of the 20th century. Anatevka shows the life of Polish Jews between celebrations and repression. Did Weronika Markiewicz find herself in this play about the traditions of the Eastern Jewish population? Or was she mainly interested in the Yiddish folk songs that were reflected in it.<\/p>\n<p>The search for Weronika Aleksandra Markiewicz, the composer behind the estate objects, continues. However, we are left with her wonderful compositions and recordings of her arias and songs.<\/p>\n<p>Numerous audio recordings, photographs, and autographs from the estate of Weronika Aleksandra Markiewicz can be seen <a href=\"https:\/\/www.digitales-deutsches-frauenarchiv.de\/suche?term=Weronika\" target=\"_blank\" rel=\"noopener\">on the Digital German Women&#8217;s Archive site<\/a>.<\/p>\n<p>As part of the project <a href=\"https:\/\/www.archiv-frau-musik.de\/en\/woraufwartenwir\"><em>#WhatAreWeWaitingFor?<\/em><\/a>, a personal essay on Weronika Aleksandra Markiewicz <a href=\"https:\/\/www.digitales-deutsches-frauenarchiv.de\/akteurinnen\/weronika-aleksandra-markiewicz\" target=\"_blank\" rel=\"noopener\">has been published in the Digital German Women&#8217;s Archive<\/a>.<\/p>","protected":false},"excerpt":{"rendered":"<p>We don&#8217;t know much about the life of Weronika Aleksandra Markiewicz. Four large cardboard boxes containing her estate are stored with us in the Archiv Frau und Musik. In March 2007, the cultural department of the German Embassy in Warsaw informed us of the possibility of receiving part of Markiewicz&#8217;s musical estate. A few months &#8230; <a title=\"Weronika Aleksandra Markiewicz (1962\u20132003)\" class=\"read-more\" href=\"https:\/\/www.archiv-frau-musik.de\/en\/weronika-aleksandra-markiewicz-1962-2003\" aria-label=\"Read more about Weronika Aleksandra Markiewicz (1962\u20132003)\">Weiterlesen &#8230;<\/a><\/p>\n","protected":false},"author":5,"featured_media":0,"parent":0,"menu_order":0,"comment_status":"closed","ping_status":"closed","template":"","meta":{"generate_page_header":"","footnotes":""},"class_list":["post-7605","page","type-page","status-publish"],"yoast_head":"<!-- This site is optimized with the Yoast SEO plugin v27.4 - https:\/\/yoast.com\/product\/yoast-seo-wordpress\/ -->\n<title>Weronika Aleksandra Markiewicz (1962\u20132003)<\/title>\n<meta name=\"description\" content=\"Nous ne savons pas grand-chose de la vie de Weronika Aleksandra Markiewicz. Quatre grandes bo\u00eetes en carton contenant son h\u00e9ritage sont\" \/>\n<meta name=\"robots\" content=\"index, follow, max-snippet:-1, max-image-preview:large, max-video-preview:-1\" \/>\n<link rel=\"canonical\" href=\"https:\/\/www.archiv-frau-musik.de\/en\/weronika-aleksandra-markiewicz-1962-2003\" \/>\n<meta property=\"og:locale\" content=\"en_US\" \/>\n<meta property=\"og:type\" content=\"article\" \/>\n<meta property=\"og:title\" content=\"Weronika Aleksandra Markiewicz (1962\u20132003)\" \/>\n<meta property=\"og:description\" content=\"Nous ne savons pas grand-chose de la vie de Weronika Aleksandra Markiewicz. Quatre grandes bo\u00eetes en carton contenant son h\u00e9ritage sont\" \/>\n<meta property=\"og:url\" content=\"https:\/\/www.archiv-frau-musik.de\/en\/weronika-aleksandra-markiewicz-1962-2003\" \/>\n<meta property=\"og:site_name\" content=\"Archiv Frau und Musik\" \/>\n<meta property=\"article:modified_time\" content=\"2022-11-12T17:08:37+00:00\" \/>\n<meta property=\"og:image\" content=\"https:\/\/www.archiv-frau-musik.de\/wp-content\/uploads\/2020\/10\/Weronika-Aleksandra-Markiewicz-219x300.jpg\" \/>\n<meta name=\"twitter:card\" content=\"summary_large_image\" \/>\n<meta name=\"twitter:label1\" content=\"Est. reading time\" \/>\n\t<meta name=\"twitter:data1\" content=\"7 minutes\" \/>\n<script type=\"application\/ld+json\" class=\"yoast-schema-graph\">{\"@context\":\"https:\\\/\\\/schema.org\",\"@graph\":[{\"@type\":\"WebPage\",\"@id\":\"https:\\\/\\\/www.archiv-frau-musik.de\\\/en\\\/weronika-aleksandra-markiewicz-1962-2003\",\"url\":\"https:\\\/\\\/www.archiv-frau-musik.de\\\/en\\\/weronika-aleksandra-markiewicz-1962-2003\",\"name\":\"Weronika Aleksandra Markiewicz (1962\u20132003)\",\"isPartOf\":{\"@id\":\"https:\\\/\\\/www.archiv-frau-musik.de\\\/en\\\/#website\"},\"primaryImageOfPage\":{\"@id\":\"https:\\\/\\\/www.archiv-frau-musik.de\\\/en\\\/weronika-aleksandra-markiewicz-1962-2003#primaryimage\"},\"image\":{\"@id\":\"https:\\\/\\\/www.archiv-frau-musik.de\\\/weronika-aleksandra-markiewicz-1962-2003#primaryimage\"},\"thumbnailUrl\":\"https:\\\/\\\/www.archiv-frau-musik.de\\\/wp-content\\\/uploads\\\/2020\\\/10\\\/Weronika-Aleksandra-Markiewicz-219x300.jpg\",\"datePublished\":\"2020-10-28T18:24:55+00:00\",\"dateModified\":\"2022-11-12T17:08:37+00:00\",\"description\":\"Nous ne savons pas grand-chose de la vie de Weronika Aleksandra Markiewicz. Quatre grandes bo\u00eetes en carton contenant son h\u00e9ritage sont\",\"breadcrumb\":{\"@id\":\"https:\\\/\\\/www.archiv-frau-musik.de\\\/en\\\/weronika-aleksandra-markiewicz-1962-2003#breadcrumb\"},\"inLanguage\":\"en-US\",\"potentialAction\":[{\"@type\":\"ReadAction\",\"target\":[[\"https:\\\/\\\/www.archiv-frau-musik.de\\\/en\\\/weronika-aleksandra-markiewicz-1962-2003\"]]}]},{\"@type\":\"ImageObject\",\"inLanguage\":\"en-US\",\"@id\":\"https:\\\/\\\/www.archiv-frau-musik.de\\\/en\\\/weronika-aleksandra-markiewicz-1962-2003#primaryimage\",\"url\":\"https:\\\/\\\/www.archiv-frau-musik.de\\\/wp-content\\\/uploads\\\/2020\\\/10\\\/Weronika-Aleksandra-Markiewicz-219x300.jpg\",\"contentUrl\":\"https:\\\/\\\/www.archiv-frau-musik.de\\\/wp-content\\\/uploads\\\/2020\\\/10\\\/Weronika-Aleksandra-Markiewicz-219x300.jpg\"},{\"@type\":\"BreadcrumbList\",\"@id\":\"https:\\\/\\\/www.archiv-frau-musik.de\\\/en\\\/weronika-aleksandra-markiewicz-1962-2003#breadcrumb\",\"itemListElement\":[{\"@type\":\"ListItem\",\"position\":1,\"name\":\"Startseite\",\"item\":\"https:\\\/\\\/www.archiv-frau-musik.de\\\/en\\\/\"},{\"@type\":\"ListItem\",\"position\":2,\"name\":\"Weronika Aleksandra Markiewicz (1962\u20132003)\"}]},{\"@type\":\"WebSite\",\"@id\":\"https:\\\/\\\/www.archiv-frau-musik.de\\\/en\\\/#website\",\"url\":\"https:\\\/\\\/www.archiv-frau-musik.de\\\/en\\\/\",\"name\":\"Archiv Frau und Musik\",\"description\":\"\",\"potentialAction\":[{\"@type\":\"SearchAction\",\"target\":{\"@type\":\"EntryPoint\",\"urlTemplate\":\"https:\\\/\\\/www.archiv-frau-musik.de\\\/en\\\/?s={search_term_string}\"},\"query-input\":{\"@type\":\"PropertyValueSpecification\",\"valueRequired\":true,\"valueName\":\"search_term_string\"}}],\"inLanguage\":\"en-US\"}]}<\/script>\n<!-- \/ Yoast SEO plugin. -->","yoast_head_json":{"title":"Weronika Aleksandra Markiewicz (1962\u20132003)","description":"Nous ne savons pas grand-chose de la vie de Weronika Aleksandra Markiewicz. Quatre grandes bo\u00eetes en carton contenant son h\u00e9ritage sont","robots":{"index":"index","follow":"follow","max-snippet":"max-snippet:-1","max-image-preview":"max-image-preview:large","max-video-preview":"max-video-preview:-1"},"canonical":"https:\/\/www.archiv-frau-musik.de\/en\/weronika-aleksandra-markiewicz-1962-2003","og_locale":"en_US","og_type":"article","og_title":"Weronika Aleksandra Markiewicz (1962\u20132003)","og_description":"Nous ne savons pas grand-chose de la vie de Weronika Aleksandra Markiewicz. Quatre grandes bo\u00eetes en carton contenant son h\u00e9ritage sont","og_url":"https:\/\/www.archiv-frau-musik.de\/en\/weronika-aleksandra-markiewicz-1962-2003","og_site_name":"Archiv Frau und Musik","article_modified_time":"2022-11-12T17:08:37+00:00","og_image":[{"url":"https:\/\/www.archiv-frau-musik.de\/wp-content\/uploads\/2020\/10\/Weronika-Aleksandra-Markiewicz-219x300.jpg","type":"","width":"","height":""}],"twitter_card":"summary_large_image","twitter_misc":{"Est. reading time":"7 minutes"},"schema":{"@context":"https:\/\/schema.org","@graph":[{"@type":"WebPage","@id":"https:\/\/www.archiv-frau-musik.de\/en\/weronika-aleksandra-markiewicz-1962-2003","url":"https:\/\/www.archiv-frau-musik.de\/en\/weronika-aleksandra-markiewicz-1962-2003","name":"Weronika Aleksandra Markiewicz (1962\u20132003)","isPartOf":{"@id":"https:\/\/www.archiv-frau-musik.de\/en\/#website"},"primaryImageOfPage":{"@id":"https:\/\/www.archiv-frau-musik.de\/en\/weronika-aleksandra-markiewicz-1962-2003#primaryimage"},"image":{"@id":"https:\/\/www.archiv-frau-musik.de\/weronika-aleksandra-markiewicz-1962-2003#primaryimage"},"thumbnailUrl":"https:\/\/www.archiv-frau-musik.de\/wp-content\/uploads\/2020\/10\/Weronika-Aleksandra-Markiewicz-219x300.jpg","datePublished":"2020-10-28T18:24:55+00:00","dateModified":"2022-11-12T17:08:37+00:00","description":"Nous ne savons pas grand-chose de la vie de Weronika Aleksandra Markiewicz. Quatre grandes bo\u00eetes en carton contenant son h\u00e9ritage sont","breadcrumb":{"@id":"https:\/\/www.archiv-frau-musik.de\/en\/weronika-aleksandra-markiewicz-1962-2003#breadcrumb"},"inLanguage":"en-US","potentialAction":[{"@type":"ReadAction","target":[["https:\/\/www.archiv-frau-musik.de\/en\/weronika-aleksandra-markiewicz-1962-2003"]]}]},{"@type":"ImageObject","inLanguage":"en-US","@id":"https:\/\/www.archiv-frau-musik.de\/en\/weronika-aleksandra-markiewicz-1962-2003#primaryimage","url":"https:\/\/www.archiv-frau-musik.de\/wp-content\/uploads\/2020\/10\/Weronika-Aleksandra-Markiewicz-219x300.jpg","contentUrl":"https:\/\/www.archiv-frau-musik.de\/wp-content\/uploads\/2020\/10\/Weronika-Aleksandra-Markiewicz-219x300.jpg"},{"@type":"BreadcrumbList","@id":"https:\/\/www.archiv-frau-musik.de\/en\/weronika-aleksandra-markiewicz-1962-2003#breadcrumb","itemListElement":[{"@type":"ListItem","position":1,"name":"Startseite","item":"https:\/\/www.archiv-frau-musik.de\/en\/"},{"@type":"ListItem","position":2,"name":"Weronika Aleksandra Markiewicz (1962\u20132003)"}]},{"@type":"WebSite","@id":"https:\/\/www.archiv-frau-musik.de\/en\/#website","url":"https:\/\/www.archiv-frau-musik.de\/en\/","name":"Archiv Frau und Musik","description":"","potentialAction":[{"@type":"SearchAction","target":{"@type":"EntryPoint","urlTemplate":"https:\/\/www.archiv-frau-musik.de\/en\/?s={search_term_string}"},"query-input":{"@type":"PropertyValueSpecification","valueRequired":true,"valueName":"search_term_string"}}],"inLanguage":"en-US"}]}},"_links":{"self":[{"href":"https:\/\/www.archiv-frau-musik.de\/en\/wp-json\/wp\/v2\/pages\/7605","targetHints":{"allow":["GET"]}}],"collection":[{"href":"https:\/\/www.archiv-frau-musik.de\/en\/wp-json\/wp\/v2\/pages"}],"about":[{"href":"https:\/\/www.archiv-frau-musik.de\/en\/wp-json\/wp\/v2\/types\/page"}],"author":[{"embeddable":true,"href":"https:\/\/www.archiv-frau-musik.de\/en\/wp-json\/wp\/v2\/users\/5"}],"replies":[{"embeddable":true,"href":"https:\/\/www.archiv-frau-musik.de\/en\/wp-json\/wp\/v2\/comments?post=7605"}],"version-history":[{"count":20,"href":"https:\/\/www.archiv-frau-musik.de\/en\/wp-json\/wp\/v2\/pages\/7605\/revisions"}],"predecessor-version":[{"id":9599,"href":"https:\/\/www.archiv-frau-musik.de\/en\/wp-json\/wp\/v2\/pages\/7605\/revisions\/9599"}],"wp:attachment":[{"href":"https:\/\/www.archiv-frau-musik.de\/en\/wp-json\/wp\/v2\/media?parent=7605"}],"curies":[{"name":"wp","href":"https:\/\/api.w.org\/{rel}","templated":true}]}}