{"id":7601,"date":"2020-10-28T19:24:18","date_gmt":"2020-10-28T18:24:18","guid":{"rendered":"https:\/\/www.archiv-frau-musik.de\/?page_id=7601"},"modified":"2022-11-12T17:59:11","modified_gmt":"2022-11-12T16:59:11","slug":"leni-alexander-1924-2005","status":"publish","type":"page","link":"https:\/\/www.archiv-frau-musik.de\/en\/leni-alexander-1924-2005","title":{"rendered":"Leni Alexander (1924\u20132005)"},"content":{"rendered":"<p><figure id=\"attachment_7611\" aria-describedby=\"caption-attachment-7611\" style=\"width: 299px\" class=\"wp-caption alignright\"><img loading=\"lazy\" decoding=\"async\" class=\"wp-image-7611\" src=\"https:\/\/www.archiv-frau-musik.de\/wp-content\/uploads\/2020\/10\/Alexander-Leni-Quelle-Andreas-Bodenhoefer.jpg\" alt=\"Leni Alexander \u00a9 Archiv Frau und Musik\" width=\"309\" height=\"400\" \/><figcaption id=\"caption-attachment-7611\" class=\"wp-caption-text\">Leni Alexander \u00a9 Archiv Frau und Musik<\/figcaption><\/figure><\/p>\n<p>Leni Alexander was a committed artist throughout her life: her work was marked by experiences of repression, political action, and an irrepressible interest in her fellow human beings. Life and art were inseparable for her. The musical genre for which she became famous therefore seems almost symptomatic: Radio theatre. Her autobiographical radio plays allow Leni Alexander&#8217;s life to be told <span style=\"text-decoration: line-through;\">also<\/span> through her works.<\/p>\n<h3><em>Life Is Shorter Than A Winter&#8217;s Day<\/em> or <em>Par quoi? \u00c0 quoi? Pour quoi?<\/em> (WDR 1989)<\/h3>\n<p><em>&#8220;Discha, Discha&#8230;&#8221;: the radio play begins with these calls. It is based on the experiences of Leni Alexander, who was called Discha by her stepfather &#8211; a Jewish girl suffering the horrors of fascism. Between the descriptions of her school days, Alexander mixes arrangements of her own music, Yiddish songs, but also Chilean protest songs. The latter was because the events in Chile thirty-five years later awakened memories in her of her flight from Germany.<\/em><\/p>\n<p>Alexander was nine years old when the National Socialists came to power in Germany in 1933. Together with her mother, the singer Ilse Pollack, and her stepfather Siegfried Urias, she experienced the repression against Jewish citizens in Hamburg. However, it was not until the pogrom night in 1939 that the family was forced to flee. In her exile in Chile, Leni Alexander soon received music lessons again, and later studied psychology at Montessori education. In 1949 she also began studying composition with the Dutch composer Fr\u00e9 Focke. Through him, Alexander got to know new musical worlds:<\/p>\n<p><em>&#8220;I felt that doors were opening whose existence had been unknown to me until then. Behind these doors I was able to discover a music, a way of thinking about and listening to music that was a revelation to me from that moment on.&#8221;<\/em><\/p>\n<p>In 1954, Alexander received a scholarship from the French state, and was able to establish close contacts in Europe with composers such as Ren\u00e9 Leibowitz, Olivier Messiaen, Bruno Maderna, and Luigi Nono. As formative as her work with the European avant-gardes was, she was at odds with their sometimes elitist understanding of art, in which &#8211; according to Alexander &#8211; technique took precedence over musical creativity. Perhaps it was due to her rejection of politically rigid systems that she also avoided any dogmatism in music,<span style=\"text-decoration: line-through;\"> but also<\/span> as well as clear hierarchies. Most of her compositions are atonal, and assign a high degree of co-responsibility and freedom of choice to the performers.<\/p>\n<p>On her first visit to Cologne in 1960, Alexander&#8217;s only choral work, her cantata <em>From Death to Morning<\/em>, was premiered. She had composed the work for the World Music Festival of the International Society for New Music.<\/p>\n<p>At the end of the 1960s, Alexander initially went back to Chile. A period of constant moves between Chile, Europe, and the USA followed until 1969, when Leni Alexander moved back to Paris with her youngest son due to a Guggenheim scholarship. Her second stay became a renewed exile in 1973 because of the military coup in Chile. She then deepened her political commitment, working for Amnesty International and various Chilean solidarity organisations.<\/p>\n<h3><em>Chacabuco, the Story of a Ghost Town in Chile<\/em> (WDR 1993)<\/h3>\n<p><em>Here Alexander denounces Pinochet&#8217;s crimes, as well as the involvement of European governments in Chilean politics. The ghost town of Chacapuco served as a prison camp after the military coup, where miners were exploited in the saltpetre mines there \u2013 mines from which European companies particularly profited. Alexander mixes popular music from northern Chile, verses by Pablo Neruda, and Goethe&#8217;s Faust, with recordings of the composer&#8217;s conversations with a miner and <span style=\"text-decoration: line-through;\">a<\/span> former prisoner of the prison camp.<\/em><\/p>\n<p>Leni Alexander financed her living in Paris through numerous scholarships, composition commissions \u2013 for example from Radio France \u2013 and music lessons for children. She also continued to be active in South America: on an Argentinean concert tour, she met the Frankfurt Ensemble Modern. This encounter led to a collaboration at the Cologne Festival <em>Experimentierfeld: Frauen-Musik<\/em> zur Auff\u00fchrung (Field of Experimentation: Women&#8217;s Music for Performance) in 1984. At the end of the 1980s, the composer went back to Chile. However, until shortly before her death, she spent several months each year in Paris and Cologne, composing and developing radio pieces mainly for the WDR. Leni Alexander died in Chile on 7 August 7 2005 at the age of 83. In 2013, her heirs donated a large part of her estate to the Archiv Frau und Musik in Frankfurt.<\/p>\n<h3><em>The Story of the Chariot. Reflections and Thoughts During a Journey in the MERKABAH Wagon Concerning Primordial Beings<\/em> (text manuscript 2001).<\/h3>\n<p><em>In her unfinished audio piece, Alexander once again calls for &#8220;not forgetting&#8221;. The chariot Merkahba \u2013 in Jewish mysticism the throne chariot of Ezekiel &#8211; flies through the landscape towards &#8220;the history of creation&#8221;. At the end of the text is the admonition: &#8220;The memory of all that is past must not be lost, just as human history belongs to us forever, it gives us life, in which there is no room for forgetting.&#8221;<\/em><\/p>\n<p>More information on Leni Alexander can be found at:<\/p>\n<ul>\n<li><a href=\"https:\/\/mugi.hfmt-hamburg.de\/old\/A_lexartikel\/lexartikel.php%3Fid=alex1924.html\" target=\"_blank\" rel=\"noopener noreferrer\">Musik und Gender im Internet<\/a><\/li>\n<li><a href=\"https:\/\/www.lexm.uni-hamburg.de\/object\/lexm_lexmperson_00001603\" target=\"_blank\" rel=\"noopener noreferrer\">Lexikon verfolgter Musikerinnen und Musiker w\u00e4hrend der NS-Zeit<\/a><\/li>\n<li>MusikTexte, Heft 107, 11\/2005, p. 33\u201346.<\/li>\n<\/ul>\n<p>A personal essay on Leni Alexander has been published in the Digital German Women&#8217;s Archive as part of the project <em>#WoraufWartenWir?<\/em> (What Are We Waiting For?).<\/p>\n<div class=\"lyte-wrapper\" style=\"width:640px;max-width:100%;margin:5px auto;\"><div class=\"lyMe\" id=\"WYL_XHvQ-TUhl1M\"><div id=\"lyte_XHvQ-TUhl1M\" data-src=\"https:\/\/www.archiv-frau-musik.de\/wp-content\/plugins\/wp-youtube-lyte\/lyteCache.php?origThumbUrl=%2F%2Fi.ytimg.com%2Fvi%2FXHvQ-TUhl1M%2Fhqdefault.jpg\" class=\"pL\"><div class=\"tC\"><div class=\"tT\"><\/div><\/div><div class=\"play\"><\/div><div class=\"ctrl\"><div class=\"Lctrl\"><\/div><div class=\"Rctrl\"><\/div><\/div><\/div><noscript><a href=\"https:\/\/youtu.be\/XHvQ-TUhl1M\" rel=\"nofollow\"><img loading=\"lazy\" decoding=\"async\" src=\"https:\/\/www.archiv-frau-musik.de\/wp-content\/plugins\/wp-youtube-lyte\/lyteCache.php?origThumbUrl=https%3A%2F%2Fi.ytimg.com%2Fvi%2FXHvQ-TUhl1M%2F0.jpg\" alt=\"YouTube video thumbnail\" width=\"640\" height=\"340\" \/><br \/>Watch this video on YouTube<\/a><\/noscript><\/div><\/div><div class=\"lL\" style=\"max-width:100%;width:640px;margin:5px auto;\"><br\/><span class=\"lyte_disclaimer\">Wenn Sie dieses Video ansehen, erkl\u00e4ren Sie sich einverstanden mit den <a href=\"https:\/\/www.youtube.com\/intl\/ALL_de\/howyoutubeworks\/our-commitments\/protecting-user-data\/?utm_campaign=1008960&amp;utm_source=paidsearch&amp;yt_product=ytgen&amp;yt_goal=eng&amp;utm_medium=googlesearch&amp;utm_content=txt&amp;yt_campaign_id=hyw&amp;yt_creative_id=&amp;utm_keyword=youtube%20datenschutz%20nutzer%20richtlinien&amp;utm_matchtype=e\">Datenschutzrichtlinen<\/a> von Youtube.<\/span><\/div><\/p>\n<div class=\"lyte-wrapper\" style=\"width:640px;max-width:100%;margin:5px auto;\"><div class=\"lyMe\" id=\"WYL_-ZHAdSl1BMg\"><div id=\"lyte_-ZHAdSl1BMg\" data-src=\"https:\/\/www.archiv-frau-musik.de\/wp-content\/plugins\/wp-youtube-lyte\/lyteCache.php?origThumbUrl=%2F%2Fi.ytimg.com%2Fvi%2F-ZHAdSl1BMg%2Fhqdefault.jpg\" class=\"pL\"><div class=\"tC\"><div class=\"tT\"><\/div><\/div><div class=\"play\"><\/div><div class=\"ctrl\"><div class=\"Lctrl\"><\/div><div class=\"Rctrl\"><\/div><\/div><\/div><noscript><a href=\"https:\/\/youtu.be\/-ZHAdSl1BMg\" rel=\"nofollow\"><img loading=\"lazy\" decoding=\"async\" src=\"https:\/\/www.archiv-frau-musik.de\/wp-content\/plugins\/wp-youtube-lyte\/lyteCache.php?origThumbUrl=https%3A%2F%2Fi.ytimg.com%2Fvi%2F-ZHAdSl1BMg%2F0.jpg\" alt=\"YouTube video thumbnail\" width=\"640\" height=\"340\" \/><br \/>Watch this video on YouTube<\/a><\/noscript><\/div><\/div><div class=\"lL\" style=\"max-width:100%;width:640px;margin:5px auto;\"><br\/><span class=\"lyte_disclaimer\">Wenn Sie dieses Video ansehen, erkl\u00e4ren Sie sich einverstanden mit den <a href=\"https:\/\/www.youtube.com\/intl\/ALL_de\/howyoutubeworks\/our-commitments\/protecting-user-data\/?utm_campaign=1008960&amp;utm_source=paidsearch&amp;yt_product=ytgen&amp;yt_goal=eng&amp;utm_medium=googlesearch&amp;utm_content=txt&amp;yt_campaign_id=hyw&amp;yt_creative_id=&amp;utm_keyword=youtube%20datenschutz%20nutzer%20richtlinien&amp;utm_matchtype=e\">Datenschutzrichtlinen<\/a> von Youtube.<\/span><\/div><\/p>\n<p>https:\/\/www.youtube.com\/watch?v=_7hL8FEqro4<\/p>","protected":false},"excerpt":{"rendered":"<p>Sorry, this entry is only available in Deutsch.<\/p>\n","protected":false},"author":5,"featured_media":0,"parent":0,"menu_order":0,"comment_status":"closed","ping_status":"closed","template":"","meta":{"generate_page_header":"","footnotes":""},"class_list":["post-7601","page","type-page","status-publish"],"yoast_head":"<!-- This site is optimized with the Yoast SEO plugin v27.4 - https:\/\/yoast.com\/product\/yoast-seo-wordpress\/ -->\n<title>Leni Alexander (1924\u20132005) &#8211; Archiv Frau und Musik<\/title>\n<meta name=\"description\" content=\"Leni Alexander a \u00e9t\u00e9 toute sa vie une artiste engag\u00e9e: son \u0153uvre \u00e9tait marqu\u00e9e par l&#039;exp\u00e9rience de la r\u00e9pression, l&#039;action politique, et un\" \/>\n<meta name=\"robots\" content=\"index, follow, max-snippet:-1, max-image-preview:large, max-video-preview:-1\" \/>\n<link rel=\"canonical\" href=\"https:\/\/www.archiv-frau-musik.de\/en\/leni-alexander-1924-2005\" \/>\n<meta property=\"og:locale\" content=\"en_US\" \/>\n<meta property=\"og:type\" content=\"article\" \/>\n<meta property=\"og:title\" content=\"Leni Alexander (1924\u20132005) &#8211; Archiv Frau und Musik\" \/>\n<meta property=\"og:description\" content=\"Leni Alexander a \u00e9t\u00e9 toute sa vie une artiste engag\u00e9e: son \u0153uvre \u00e9tait marqu\u00e9e par l&#039;exp\u00e9rience de la r\u00e9pression, l&#039;action politique, et un\" \/>\n<meta property=\"og:url\" content=\"https:\/\/www.archiv-frau-musik.de\/en\/leni-alexander-1924-2005\" \/>\n<meta property=\"og:site_name\" content=\"Archiv Frau und Musik\" \/>\n<meta property=\"article:modified_time\" content=\"2022-11-12T16:59:11+00:00\" \/>\n<meta property=\"og:image\" content=\"https:\/\/www.archiv-frau-musik.de\/wp-content\/uploads\/2020\/10\/Alexander-Leni-Quelle-Andreas-Bodenhoefer.jpg\" \/>\n<meta name=\"twitter:card\" content=\"summary_large_image\" \/>\n<meta name=\"twitter:label1\" content=\"Est. reading time\" \/>\n\t<meta name=\"twitter:data1\" content=\"6 minutes\" \/>\n<script type=\"application\/ld+json\" class=\"yoast-schema-graph\">{\"@context\":\"https:\\\/\\\/schema.org\",\"@graph\":[{\"@type\":\"WebPage\",\"@id\":\"https:\\\/\\\/www.archiv-frau-musik.de\\\/en\\\/leni-alexander-1924-2005\",\"url\":\"https:\\\/\\\/www.archiv-frau-musik.de\\\/en\\\/leni-alexander-1924-2005\",\"name\":\"Leni Alexander (1924\u20132005) &#8211; Archiv Frau und Musik\",\"isPartOf\":{\"@id\":\"https:\\\/\\\/www.archiv-frau-musik.de\\\/en\\\/#website\"},\"primaryImageOfPage\":{\"@id\":\"https:\\\/\\\/www.archiv-frau-musik.de\\\/en\\\/leni-alexander-1924-2005#primaryimage\"},\"image\":{\"@id\":\"https:\\\/\\\/www.archiv-frau-musik.de\\\/leni-alexander-1924-2005#primaryimage\"},\"thumbnailUrl\":\"https:\\\/\\\/www.archiv-frau-musik.de\\\/wp-content\\\/uploads\\\/2020\\\/10\\\/Alexander-Leni-Quelle-Andreas-Bodenhoefer.jpg\",\"datePublished\":\"2020-10-28T18:24:18+00:00\",\"dateModified\":\"2022-11-12T16:59:11+00:00\",\"description\":\"Leni Alexander a \u00e9t\u00e9 toute sa vie une artiste engag\u00e9e: son \u0153uvre \u00e9tait marqu\u00e9e par l'exp\u00e9rience de la r\u00e9pression, l'action politique, et un\",\"breadcrumb\":{\"@id\":\"https:\\\/\\\/www.archiv-frau-musik.de\\\/en\\\/leni-alexander-1924-2005#breadcrumb\"},\"inLanguage\":\"en-US\",\"potentialAction\":[{\"@type\":\"ReadAction\",\"target\":[[\"https:\\\/\\\/www.archiv-frau-musik.de\\\/en\\\/leni-alexander-1924-2005\"]]}]},{\"@type\":\"ImageObject\",\"inLanguage\":\"en-US\",\"@id\":\"https:\\\/\\\/www.archiv-frau-musik.de\\\/en\\\/leni-alexander-1924-2005#primaryimage\",\"url\":\"https:\\\/\\\/www.archiv-frau-musik.de\\\/wp-content\\\/uploads\\\/2020\\\/10\\\/Alexander-Leni-Quelle-Andreas-Bodenhoefer.jpg\",\"contentUrl\":\"https:\\\/\\\/www.archiv-frau-musik.de\\\/wp-content\\\/uploads\\\/2020\\\/10\\\/Alexander-Leni-Quelle-Andreas-Bodenhoefer.jpg\"},{\"@type\":\"BreadcrumbList\",\"@id\":\"https:\\\/\\\/www.archiv-frau-musik.de\\\/en\\\/leni-alexander-1924-2005#breadcrumb\",\"itemListElement\":[{\"@type\":\"ListItem\",\"position\":1,\"name\":\"Startseite\",\"item\":\"https:\\\/\\\/www.archiv-frau-musik.de\\\/en\\\/\"},{\"@type\":\"ListItem\",\"position\":2,\"name\":\"Leni Alexander (1924\u20132005)\"}]},{\"@type\":\"WebSite\",\"@id\":\"https:\\\/\\\/www.archiv-frau-musik.de\\\/en\\\/#website\",\"url\":\"https:\\\/\\\/www.archiv-frau-musik.de\\\/en\\\/\",\"name\":\"Archiv Frau und Musik\",\"description\":\"\",\"potentialAction\":[{\"@type\":\"SearchAction\",\"target\":{\"@type\":\"EntryPoint\",\"urlTemplate\":\"https:\\\/\\\/www.archiv-frau-musik.de\\\/en\\\/?s={search_term_string}\"},\"query-input\":{\"@type\":\"PropertyValueSpecification\",\"valueRequired\":true,\"valueName\":\"search_term_string\"}}],\"inLanguage\":\"en-US\"}]}<\/script>\n<!-- \/ Yoast SEO plugin. -->","yoast_head_json":{"title":"Leni Alexander (1924\u20132005) &#8211; Archiv Frau und Musik","description":"Leni Alexander a \u00e9t\u00e9 toute sa vie une artiste engag\u00e9e: son \u0153uvre \u00e9tait marqu\u00e9e par l'exp\u00e9rience de la r\u00e9pression, l'action politique, et un","robots":{"index":"index","follow":"follow","max-snippet":"max-snippet:-1","max-image-preview":"max-image-preview:large","max-video-preview":"max-video-preview:-1"},"canonical":"https:\/\/www.archiv-frau-musik.de\/en\/leni-alexander-1924-2005","og_locale":"en_US","og_type":"article","og_title":"Leni Alexander (1924\u20132005) &#8211; Archiv Frau und Musik","og_description":"Leni Alexander a \u00e9t\u00e9 toute sa vie une artiste engag\u00e9e: son \u0153uvre \u00e9tait marqu\u00e9e par l'exp\u00e9rience de la r\u00e9pression, l'action politique, et un","og_url":"https:\/\/www.archiv-frau-musik.de\/en\/leni-alexander-1924-2005","og_site_name":"Archiv Frau und Musik","article_modified_time":"2022-11-12T16:59:11+00:00","og_image":[{"url":"https:\/\/www.archiv-frau-musik.de\/wp-content\/uploads\/2020\/10\/Alexander-Leni-Quelle-Andreas-Bodenhoefer.jpg","type":"","width":"","height":""}],"twitter_card":"summary_large_image","twitter_misc":{"Est. reading time":"6 minutes"},"schema":{"@context":"https:\/\/schema.org","@graph":[{"@type":"WebPage","@id":"https:\/\/www.archiv-frau-musik.de\/en\/leni-alexander-1924-2005","url":"https:\/\/www.archiv-frau-musik.de\/en\/leni-alexander-1924-2005","name":"Leni Alexander (1924\u20132005) &#8211; Archiv Frau und Musik","isPartOf":{"@id":"https:\/\/www.archiv-frau-musik.de\/en\/#website"},"primaryImageOfPage":{"@id":"https:\/\/www.archiv-frau-musik.de\/en\/leni-alexander-1924-2005#primaryimage"},"image":{"@id":"https:\/\/www.archiv-frau-musik.de\/leni-alexander-1924-2005#primaryimage"},"thumbnailUrl":"https:\/\/www.archiv-frau-musik.de\/wp-content\/uploads\/2020\/10\/Alexander-Leni-Quelle-Andreas-Bodenhoefer.jpg","datePublished":"2020-10-28T18:24:18+00:00","dateModified":"2022-11-12T16:59:11+00:00","description":"Leni Alexander a \u00e9t\u00e9 toute sa vie une artiste engag\u00e9e: son \u0153uvre \u00e9tait marqu\u00e9e par l'exp\u00e9rience de la r\u00e9pression, l'action politique, et un","breadcrumb":{"@id":"https:\/\/www.archiv-frau-musik.de\/en\/leni-alexander-1924-2005#breadcrumb"},"inLanguage":"en-US","potentialAction":[{"@type":"ReadAction","target":[["https:\/\/www.archiv-frau-musik.de\/en\/leni-alexander-1924-2005"]]}]},{"@type":"ImageObject","inLanguage":"en-US","@id":"https:\/\/www.archiv-frau-musik.de\/en\/leni-alexander-1924-2005#primaryimage","url":"https:\/\/www.archiv-frau-musik.de\/wp-content\/uploads\/2020\/10\/Alexander-Leni-Quelle-Andreas-Bodenhoefer.jpg","contentUrl":"https:\/\/www.archiv-frau-musik.de\/wp-content\/uploads\/2020\/10\/Alexander-Leni-Quelle-Andreas-Bodenhoefer.jpg"},{"@type":"BreadcrumbList","@id":"https:\/\/www.archiv-frau-musik.de\/en\/leni-alexander-1924-2005#breadcrumb","itemListElement":[{"@type":"ListItem","position":1,"name":"Startseite","item":"https:\/\/www.archiv-frau-musik.de\/en\/"},{"@type":"ListItem","position":2,"name":"Leni Alexander (1924\u20132005)"}]},{"@type":"WebSite","@id":"https:\/\/www.archiv-frau-musik.de\/en\/#website","url":"https:\/\/www.archiv-frau-musik.de\/en\/","name":"Archiv Frau und Musik","description":"","potentialAction":[{"@type":"SearchAction","target":{"@type":"EntryPoint","urlTemplate":"https:\/\/www.archiv-frau-musik.de\/en\/?s={search_term_string}"},"query-input":{"@type":"PropertyValueSpecification","valueRequired":true,"valueName":"search_term_string"}}],"inLanguage":"en-US"}]}},"_links":{"self":[{"href":"https:\/\/www.archiv-frau-musik.de\/en\/wp-json\/wp\/v2\/pages\/7601","targetHints":{"allow":["GET"]}}],"collection":[{"href":"https:\/\/www.archiv-frau-musik.de\/en\/wp-json\/wp\/v2\/pages"}],"about":[{"href":"https:\/\/www.archiv-frau-musik.de\/en\/wp-json\/wp\/v2\/types\/page"}],"author":[{"embeddable":true,"href":"https:\/\/www.archiv-frau-musik.de\/en\/wp-json\/wp\/v2\/users\/5"}],"replies":[{"embeddable":true,"href":"https:\/\/www.archiv-frau-musik.de\/en\/wp-json\/wp\/v2\/comments?post=7601"}],"version-history":[{"count":21,"href":"https:\/\/www.archiv-frau-musik.de\/en\/wp-json\/wp\/v2\/pages\/7601\/revisions"}],"predecessor-version":[{"id":9594,"href":"https:\/\/www.archiv-frau-musik.de\/en\/wp-json\/wp\/v2\/pages\/7601\/revisions\/9594"}],"wp:attachment":[{"href":"https:\/\/www.archiv-frau-musik.de\/en\/wp-json\/wp\/v2\/media?parent=7601"}],"curies":[{"name":"wp","href":"https:\/\/api.w.org\/{rel}","templated":true}]}}