{"id":4858,"date":"2018-01-31T15:03:51","date_gmt":"2018-01-31T14:03:51","guid":{"rendered":"http:\/\/www.archiv-frau-musik.de\/?page_id=4858"},"modified":"2026-01-22T21:53:09","modified_gmt":"2026-01-22T20:53:09","slug":"digitales-deutsches-frauenarchiv-ddf","status":"publish","type":"page","link":"https:\/\/www.archiv-frau-musik.de\/en\/digitales-deutsches-frauenarchiv-ddf","title":{"rendered":"Digital German Women&#8217;s Archive (DDF)"},"content":{"rendered":"<p><figure id=\"attachment_4949\" aria-describedby=\"caption-attachment-4949\" style=\"width: 290px\" class=\"wp-caption alignright\"><a href=\"http:\/\/www.archiv-frau-musik.de\/wp-content\/uploads\/2018\/01\/Kickoff-DDF.jpg\"><img loading=\"lazy\" decoding=\"async\" class=\"wp-image-4949 size-medium\" src=\"http:\/\/www.archiv-frau-musik.de\/wp-content\/uploads\/2018\/01\/Kickoff-DDF-300x225.jpg\" alt=\"\" width=\"300\" height=\"225\" srcset=\"https:\/\/www.archiv-frau-musik.de\/wp-content\/uploads\/2018\/01\/Kickoff-DDF-300x225.jpg 300w, https:\/\/www.archiv-frau-musik.de\/wp-content\/uploads\/2018\/01\/Kickoff-DDF-768x576.jpg 768w, https:\/\/www.archiv-frau-musik.de\/wp-content\/uploads\/2018\/01\/Kickoff-DDF-1024x768.jpg 1024w, https:\/\/www.archiv-frau-musik.de\/wp-content\/uploads\/2018\/01\/Kickoff-DDF.jpg 2048w\" sizes=\"auto, (max-width: 300px) 100vw, 300px\" \/><\/a><figcaption id=\"caption-attachment-4949\" class=\"wp-caption-text\">kick-off meeting of the DDF project in the Archiv Frau und Musik<\/figcaption><\/figure><\/p>\n<div class=\"text_exposed_show\">\n<h3>ARCHIVE OF WOMEN IN MUSIC GOES DIGITAL<\/h3>\n<p><strong>Digital German Women&#8217;s Archive (DDF)<\/strong><\/p>\n<p>The Archiv Frau und Musik realises digital projects within the framework of the Digital German Women&#8217;s Archive\/<a href=\"https:\/\/www.digitales-deutsches-frauenarchiv.de\">Deutsches Digitales Frauenarchiv<\/a> (DDF).<\/p>\n<p>The Digital German Women&#8217;s Archive (DDF) is an interactive portal specialized on the history of women&#8217;s movements in Germany. It invites you to get to know topics, actors and networks of women&#8217;s movements from two centuries. For this purpose, the lesbian\/women&#8217;s archives, libraries, and documentation centres linked in the i.d.a. umbrella organisation present selected digital copies and further information from their holdings. Since the online launch of the portal on September 13th 2018, the Archiv Frau und Musik has been represented through a selection of its holdings. <a href=\"https:\/\/frauenorchester.de\/\">The Women&#8217;s Orchestra Project<\/a> (FOP), led by conductor Mary Ellen Kitchens, who is also a board member of the International Working Group Women and Music e. V.\/Internationaler Arbeitskreis Frau und Musik e. V. (IAK), provided the musical accompaniment at the festive ceremony marking the online launch of the DDF at HU-Berlin.<\/p>\n<p>In 2022, the Archiv Frau und Musik launched the project <a href=\"https:\/\/www.archiv-frau-musik.de\/en\/wimugg-women-in-music-gehoert-gesehen\"><em>#WIMUGG! Women in Music: Heard \u2013 Seen!<\/em><\/a> The focus is on documenting concert events, as well as archiving websites related to women and music.<\/p>\n<p>In 2020, the Archiv Frau und Musik launched the project <a href=\"https:\/\/www.archiv-frau-musik.de\/en\/woraufwartenwir\"><em>#WhatAreWeWaitingFor?<\/em><\/a> Here the archive focused on the estate of the female composers Felicitas Kukuck, Leni Alexander, Silvia Alvarez de la Fuente, and Weronika Aleksandra Markiewicz, digitising large parts of their materials.<\/p>\n<p>In 2019, the Archiv Frau und Musik realised another digitisation project as part of the DDF portal. Under the title <a href=\"https:\/\/www.archiv-frau-musik.de\/en\/mascha\"><em>#MASCHA: Musik-Akteurinnen schaffen Aufmerksamkeit<\/em><\/a>, interviews were conducted with important representatives of women&#8217;s music movements (since the 1970s).<\/p>\n<p>In 2018, the <a href=\"https:\/\/www.archiv-frau-musik.de\/en\/parfumo\"><em>#PARFUMO<\/em> project<\/a> was carried out. The aim was to digitise and make accessible selected archival materials and exhibits from the archive. In addition, the journal <em>VivaVoce<\/em>, published by the Working Group Women and Music (IAK), as well as the predecessor publication Info. Archivnachrichten, were completely digitised. Depending on the legal situation, all digitised media will gradually find their way into the <a href=\"https:\/\/www.meta-katalog.eu\/\" target=\"_blank\" rel=\"noopener\">META catalogue<\/a> of the i.d.a. umbrella organisation.<\/p>\n<p><strong>Project teams<\/strong><\/p>\n<p><strong><em>#PARFUMO<\/em><\/strong>: Mary Ellen Kitchens M. A. (project management) | Anne-Marie Bernhard M. A. (project coordination until April 2019) | Julian Fischer M. A. (project assistance)<\/p>\n<p><strong><em>#MASCHA<\/em><\/strong>: Mary Ellen Kitchens M. A. (project management) | Anne-Marie Bernhard M. A. (project coordination until April 2019) | Julian Fischer M. A. (project assistance until April 2019; project coordination from April 2019)<\/p>\n<p><strong><em>#WhatAreWeWaitingFor?<\/em><\/strong>: Mary Ellen Kitchens M. A. (project director) | Julian Fischer M. A. (project coordinator) | Jelena Rothermel M. A. (project assistant)<\/p>\n<p><em><strong>#WIMUGG! Women in Music<\/strong>: Heard \u2013 Seen!<\/em>: Mary Ellen Kitchens M. A. (project management) | Julian Fischer M. A. (project coordinator until June 2022) | Jelena Rothermel M. A. (project coordinator from Juli 2022) | Bettina Weber (project assistance)<\/p>\n<\/div>\n<p><\/p>","protected":false},"excerpt":{"rendered":"<p>ARCHIVE OF WOMEN IN MUSIC GOES DIGITAL Digital German Women&#8217;s Archive (DDF) The Archiv Frau und Musik realises digital projects within the framework of the Digital German Women&#8217;s Archive\/Deutsches Digitales Frauenarchiv (DDF). The Digital German Women&#8217;s Archive (DDF) is an interactive portal specialized on the history of women&#8217;s movements in Germany. It invites you to &#8230; <a title=\"Digital German Women&#8217;s Archive (DDF)\" class=\"read-more\" href=\"https:\/\/www.archiv-frau-musik.de\/en\/digitales-deutsches-frauenarchiv-ddf\" aria-label=\"Read more about Digital German Women&#8217;s Archive (DDF)\">Weiterlesen &#8230;<\/a><\/p>\n","protected":false},"author":5,"featured_media":0,"parent":0,"menu_order":0,"comment_status":"closed","ping_status":"closed","template":"","meta":{"generate_page_header":"","footnotes":""},"class_list":["post-4858","page","type-page","status-publish"],"yoast_head":"<!-- This site is optimized with the Yoast SEO plugin v27.4 - https:\/\/yoast.com\/product\/yoast-seo-wordpress\/ -->\n<title>Digital German Women&#039;s Archive (DDF)<\/title>\n<meta name=\"description\" content=\"Les Archives Frau und Musik r\u00e9alisent des projets num\u00e9riques dans le cadre du Archives Num\u00e9riques Allemandes des Femmes (DDF).\" \/>\n<meta name=\"robots\" content=\"index, follow, max-snippet:-1, max-image-preview:large, max-video-preview:-1\" \/>\n<link rel=\"canonical\" href=\"https:\/\/www.archiv-frau-musik.de\/en\/digitales-deutsches-frauenarchiv-ddf\" \/>\n<meta property=\"og:locale\" content=\"en_US\" \/>\n<meta property=\"og:type\" content=\"article\" \/>\n<meta property=\"og:title\" content=\"Digital German Women&#039;s Archive (DDF)\" \/>\n<meta property=\"og:description\" content=\"Les Archives Frau und Musik r\u00e9alisent des projets num\u00e9riques dans le cadre du Archives Num\u00e9riques Allemandes des Femmes (DDF).\" \/>\n<meta property=\"og:url\" content=\"https:\/\/www.archiv-frau-musik.de\/en\/digitales-deutsches-frauenarchiv-ddf\" \/>\n<meta property=\"og:site_name\" content=\"Archiv Frau und Musik\" \/>\n<meta property=\"article:modified_time\" content=\"2026-01-22T20:53:09+00:00\" \/>\n<meta property=\"og:image\" content=\"https:\/\/www.archiv-frau-musik.de\/wp-content\/uploads\/2020\/09\/Logo-DDF-300x124.jpg\" \/>\n<meta name=\"twitter:card\" content=\"summary_large_image\" \/>\n<meta name=\"twitter:label1\" content=\"Est. reading time\" \/>\n\t<meta name=\"twitter:data1\" content=\"3 minutes\" \/>\n<script type=\"application\/ld+json\" class=\"yoast-schema-graph\">{\"@context\":\"https:\\\/\\\/schema.org\",\"@graph\":[{\"@type\":\"WebPage\",\"@id\":\"https:\\\/\\\/www.archiv-frau-musik.de\\\/en\\\/digitales-deutsches-frauenarchiv-ddf\",\"url\":\"https:\\\/\\\/www.archiv-frau-musik.de\\\/en\\\/digitales-deutsches-frauenarchiv-ddf\",\"name\":\"Digital German Women's Archive (DDF)\",\"isPartOf\":{\"@id\":\"https:\\\/\\\/www.archiv-frau-musik.de\\\/en\\\/#website\"},\"primaryImageOfPage\":{\"@id\":\"https:\\\/\\\/www.archiv-frau-musik.de\\\/en\\\/digitales-deutsches-frauenarchiv-ddf#primaryimage\"},\"image\":{\"@id\":\"https:\\\/\\\/www.archiv-frau-musik.de\\\/digitales-deutsches-frauenarchiv-ddf#primaryimage\"},\"thumbnailUrl\":\"http:\\\/\\\/www.archiv-frau-musik.de\\\/wp-content\\\/uploads\\\/2018\\\/01\\\/Kickoff-DDF-300x225.jpg\",\"datePublished\":\"2018-01-31T14:03:51+00:00\",\"dateModified\":\"2026-01-22T20:53:09+00:00\",\"description\":\"Les Archives Frau und Musik r\u00e9alisent des projets num\u00e9riques dans le cadre du Archives Num\u00e9riques Allemandes des Femmes (DDF).\",\"breadcrumb\":{\"@id\":\"https:\\\/\\\/www.archiv-frau-musik.de\\\/en\\\/digitales-deutsches-frauenarchiv-ddf#breadcrumb\"},\"inLanguage\":\"en-US\",\"potentialAction\":[{\"@type\":\"ReadAction\",\"target\":[[\"https:\\\/\\\/www.archiv-frau-musik.de\\\/en\\\/digitales-deutsches-frauenarchiv-ddf\"]]}]},{\"@type\":\"ImageObject\",\"inLanguage\":\"en-US\",\"@id\":\"https:\\\/\\\/www.archiv-frau-musik.de\\\/en\\\/digitales-deutsches-frauenarchiv-ddf#primaryimage\",\"url\":\"http:\\\/\\\/www.archiv-frau-musik.de\\\/wp-content\\\/uploads\\\/2018\\\/01\\\/Kickoff-DDF-300x225.jpg\",\"contentUrl\":\"http:\\\/\\\/www.archiv-frau-musik.de\\\/wp-content\\\/uploads\\\/2018\\\/01\\\/Kickoff-DDF-300x225.jpg\"},{\"@type\":\"BreadcrumbList\",\"@id\":\"https:\\\/\\\/www.archiv-frau-musik.de\\\/en\\\/digitales-deutsches-frauenarchiv-ddf#breadcrumb\",\"itemListElement\":[{\"@type\":\"ListItem\",\"position\":1,\"name\":\"Startseite\",\"item\":\"https:\\\/\\\/www.archiv-frau-musik.de\\\/en\\\/\"},{\"@type\":\"ListItem\",\"position\":2,\"name\":\"Digitales Deutsches Frauenarchiv (DDF)\"}]},{\"@type\":\"WebSite\",\"@id\":\"https:\\\/\\\/www.archiv-frau-musik.de\\\/en\\\/#website\",\"url\":\"https:\\\/\\\/www.archiv-frau-musik.de\\\/en\\\/\",\"name\":\"Archiv Frau und Musik\",\"description\":\"\",\"potentialAction\":[{\"@type\":\"SearchAction\",\"target\":{\"@type\":\"EntryPoint\",\"urlTemplate\":\"https:\\\/\\\/www.archiv-frau-musik.de\\\/en\\\/?s={search_term_string}\"},\"query-input\":{\"@type\":\"PropertyValueSpecification\",\"valueRequired\":true,\"valueName\":\"search_term_string\"}}],\"inLanguage\":\"en-US\"}]}<\/script>\n<!-- \/ Yoast SEO plugin. -->","yoast_head_json":{"title":"Digital German Women's Archive (DDF)","description":"Les Archives Frau und Musik r\u00e9alisent des projets num\u00e9riques dans le cadre du Archives Num\u00e9riques Allemandes des Femmes (DDF).","robots":{"index":"index","follow":"follow","max-snippet":"max-snippet:-1","max-image-preview":"max-image-preview:large","max-video-preview":"max-video-preview:-1"},"canonical":"https:\/\/www.archiv-frau-musik.de\/en\/digitales-deutsches-frauenarchiv-ddf","og_locale":"en_US","og_type":"article","og_title":"Digital German Women's Archive (DDF)","og_description":"Les Archives Frau und Musik r\u00e9alisent des projets num\u00e9riques dans le cadre du Archives Num\u00e9riques Allemandes des Femmes (DDF).","og_url":"https:\/\/www.archiv-frau-musik.de\/en\/digitales-deutsches-frauenarchiv-ddf","og_site_name":"Archiv Frau und Musik","article_modified_time":"2026-01-22T20:53:09+00:00","og_image":[{"url":"https:\/\/www.archiv-frau-musik.de\/wp-content\/uploads\/2020\/09\/Logo-DDF-300x124.jpg","type":"","width":"","height":""}],"twitter_card":"summary_large_image","twitter_misc":{"Est. reading time":"3 minutes"},"schema":{"@context":"https:\/\/schema.org","@graph":[{"@type":"WebPage","@id":"https:\/\/www.archiv-frau-musik.de\/en\/digitales-deutsches-frauenarchiv-ddf","url":"https:\/\/www.archiv-frau-musik.de\/en\/digitales-deutsches-frauenarchiv-ddf","name":"Digital German Women's Archive (DDF)","isPartOf":{"@id":"https:\/\/www.archiv-frau-musik.de\/en\/#website"},"primaryImageOfPage":{"@id":"https:\/\/www.archiv-frau-musik.de\/en\/digitales-deutsches-frauenarchiv-ddf#primaryimage"},"image":{"@id":"https:\/\/www.archiv-frau-musik.de\/digitales-deutsches-frauenarchiv-ddf#primaryimage"},"thumbnailUrl":"http:\/\/www.archiv-frau-musik.de\/wp-content\/uploads\/2018\/01\/Kickoff-DDF-300x225.jpg","datePublished":"2018-01-31T14:03:51+00:00","dateModified":"2026-01-22T20:53:09+00:00","description":"Les Archives Frau und Musik r\u00e9alisent des projets num\u00e9riques dans le cadre du Archives Num\u00e9riques Allemandes des Femmes (DDF).","breadcrumb":{"@id":"https:\/\/www.archiv-frau-musik.de\/en\/digitales-deutsches-frauenarchiv-ddf#breadcrumb"},"inLanguage":"en-US","potentialAction":[{"@type":"ReadAction","target":[["https:\/\/www.archiv-frau-musik.de\/en\/digitales-deutsches-frauenarchiv-ddf"]]}]},{"@type":"ImageObject","inLanguage":"en-US","@id":"https:\/\/www.archiv-frau-musik.de\/en\/digitales-deutsches-frauenarchiv-ddf#primaryimage","url":"http:\/\/www.archiv-frau-musik.de\/wp-content\/uploads\/2018\/01\/Kickoff-DDF-300x225.jpg","contentUrl":"http:\/\/www.archiv-frau-musik.de\/wp-content\/uploads\/2018\/01\/Kickoff-DDF-300x225.jpg"},{"@type":"BreadcrumbList","@id":"https:\/\/www.archiv-frau-musik.de\/en\/digitales-deutsches-frauenarchiv-ddf#breadcrumb","itemListElement":[{"@type":"ListItem","position":1,"name":"Startseite","item":"https:\/\/www.archiv-frau-musik.de\/en\/"},{"@type":"ListItem","position":2,"name":"Digitales Deutsches Frauenarchiv (DDF)"}]},{"@type":"WebSite","@id":"https:\/\/www.archiv-frau-musik.de\/en\/#website","url":"https:\/\/www.archiv-frau-musik.de\/en\/","name":"Archiv Frau und Musik","description":"","potentialAction":[{"@type":"SearchAction","target":{"@type":"EntryPoint","urlTemplate":"https:\/\/www.archiv-frau-musik.de\/en\/?s={search_term_string}"},"query-input":{"@type":"PropertyValueSpecification","valueRequired":true,"valueName":"search_term_string"}}],"inLanguage":"en-US"}]}},"_links":{"self":[{"href":"https:\/\/www.archiv-frau-musik.de\/en\/wp-json\/wp\/v2\/pages\/4858","targetHints":{"allow":["GET"]}}],"collection":[{"href":"https:\/\/www.archiv-frau-musik.de\/en\/wp-json\/wp\/v2\/pages"}],"about":[{"href":"https:\/\/www.archiv-frau-musik.de\/en\/wp-json\/wp\/v2\/types\/page"}],"author":[{"embeddable":true,"href":"https:\/\/www.archiv-frau-musik.de\/en\/wp-json\/wp\/v2\/users\/5"}],"replies":[{"embeddable":true,"href":"https:\/\/www.archiv-frau-musik.de\/en\/wp-json\/wp\/v2\/comments?post=4858"}],"version-history":[{"count":93,"href":"https:\/\/www.archiv-frau-musik.de\/en\/wp-json\/wp\/v2\/pages\/4858\/revisions"}],"predecessor-version":[{"id":16152,"href":"https:\/\/www.archiv-frau-musik.de\/en\/wp-json\/wp\/v2\/pages\/4858\/revisions\/16152"}],"wp:attachment":[{"href":"https:\/\/www.archiv-frau-musik.de\/en\/wp-json\/wp\/v2\/media?parent=4858"}],"curies":[{"name":"wp","href":"https:\/\/api.w.org\/{rel}","templated":true}]}}