{"id":4853,"date":"2018-01-31T15:01:55","date_gmt":"2018-01-31T14:01:55","guid":{"rendered":"http:\/\/www.archiv-frau-musik.de\/?page_id=4853"},"modified":"2026-01-19T15:18:46","modified_gmt":"2026-01-19T14:18:46","slug":"rechercheanfrageformular","status":"publish","type":"page","link":"https:\/\/www.archiv-frau-musik.de\/en\/rechercheanfrageformular","title":{"rendered":"Submit research form"},"content":{"rendered":"<p>In order to process and archive your research request, we offer you this request form to fill out.<br \/>\n\n<div class=\"wpcf7 no-js\" id=\"wpcf7-f5390-o2\" lang=\"de-DE\" dir=\"ltr\" data-wpcf7-id=\"5390\">\n<div class=\"screen-reader-response\"><p role=\"status\" aria-live=\"polite\" aria-atomic=\"true\"><\/p> <ul><\/ul><\/div>\n<form action=\"\/en\/wp-json\/wp\/v2\/pages\/4853#wpcf7-f5390-o2\" method=\"post\" class=\"wpcf7-form init\" aria-label=\"Kontaktformular\" novalidate=\"novalidate\" data-status=\"init\">\n<fieldset class=\"hidden-fields-container\"><input type=\"hidden\" name=\"_wpcf7\" value=\"5390\" \/><input type=\"hidden\" name=\"_wpcf7_version\" value=\"6.1.5\" \/><input type=\"hidden\" name=\"_wpcf7_locale\" value=\"de_DE\" \/><input type=\"hidden\" name=\"_wpcf7_unit_tag\" value=\"wpcf7-f5390-o2\" \/><input type=\"hidden\" name=\"_wpcf7_container_post\" value=\"0\" \/><input type=\"hidden\" name=\"_wpcf7_posted_data_hash\" value=\"\" \/>\n<\/fieldset>\n<p><label> Name* | Name* | Nom*<br \/>\n<span class=\"wpcf7-form-control-wrap\" data-name=\"your-name\"><input size=\"40\" maxlength=\"400\" class=\"wpcf7-form-control wpcf7-text wpcf7-validates-as-required\" aria-required=\"true\" aria-invalid=\"false\" value=\"\" type=\"text\" name=\"your-name\" \/><\/span> <\/label>\n<\/p>\n<p><label> Institution\/Firma | Institute\/company | Institution\/entreprise<br \/>\n<span class=\"wpcf7-form-control-wrap\" data-name=\"your-subject\"><input size=\"40\" maxlength=\"400\" class=\"wpcf7-form-control wpcf7-text\" aria-invalid=\"false\" value=\"\" type=\"text\" name=\"your-subject\" \/><\/span> <\/label>\n<\/p>\n<p><label>E-Mail* | E-Mail* | E-mail*<br \/>\n<span class=\"wpcf7-form-control-wrap\" data-name=\"your-email\"><input size=\"40\" maxlength=\"400\" class=\"wpcf7-form-control wpcf7-email wpcf7-validates-as-required wpcf7-text wpcf7-validates-as-email\" aria-required=\"true\" aria-invalid=\"false\" value=\"\" type=\"email\" name=\"your-email\" \/><\/span> <\/label>\n<\/p>\n<p><label> Betreff\/Frage | Subject\/Question | Sujet\/Question<br \/>\n<span class=\"wpcf7-form-control-wrap\" data-name=\"your-subject\"><input size=\"40\" maxlength=\"400\" class=\"wpcf7-form-control wpcf7-text\" aria-invalid=\"false\" value=\"\" type=\"text\" name=\"your-subject\" \/><\/span> <\/label>\n<\/p>\n<p><label> Ihre Nachricht | Your Message | Votre message<br \/>\n<span class=\"wpcf7-form-control-wrap\" data-name=\"your-message\"><textarea cols=\"40\" rows=\"10\" maxlength=\"2000\" class=\"wpcf7-form-control wpcf7-textarea\" aria-invalid=\"false\" name=\"your-message\"><\/textarea><\/span> <\/label>\n<\/p>\n<p><span class=\"wpcf7-form-control-wrap\" data-name=\"checkbox-445\"><span class=\"wpcf7-form-control wpcf7-checkbox wpcf7-validates-as-required wpcf7-exclusive-checkbox\"><span class=\"wpcf7-list-item first last\"><input type=\"checkbox\" name=\"checkbox-445\" value=\"Ich habe die folgende Vereinbarung gelesen und verstanden\/I have read and accepted the following\/J&#039;ai lu et compris l&#039;accord suivant:\" \/><span class=\"wpcf7-list-item-label\">Ich habe die folgende Vereinbarung gelesen und verstanden\/I have read and accepted the following\/J&#039;ai lu et compris l&#039;accord suivant:<\/span><\/span><\/span><\/span> Wenn Sie dem Betreiber per Kontaktformular Anfragen zukommen lassen, werden Ihre Angaben aus dem Anfrageformular inklusive der von Ihnen dort angegebenen Kontaktdaten zwecks Bearbeitung der Anfrage und f\u00fcr den Fall von Anschlussfragen gespeichert. Diese Daten werden nicht ohne Ihre Einwilligung weitergegeben. | If you send inquiries to the operator via the contact form, your details will be saved from the request form including the contact details you provided there for the purpose of processing the request and in case of follow-up questions. These data will not be shared without your consent. | J'ai lu et compris l'accord suivant : Si vous envoyez une requ\u00eate \u00e0 l'op\u00e9rateur via le formulaire de contact, vos donn\u00e9es seront enregistr\u00e9es \u00e0 partir du formulaire de demande, y compris les coordonn\u00e9es que vous y avez fournis, dans le but de traiter la demande et en cas de questions de suivi. Ces donn\u00e9es ne seront pas partag\u00e9es sans votre consentement.\n<\/p>\n<p><span class=\"wpcf7-form-control-wrap\" data-name=\"quiz-938\"><label><span class=\"wpcf7-quiz-label\">4+3=?<\/span> <input size=\"40\" class=\"wpcf7-form-control wpcf7-quiz\" autocomplete=\"off\" aria-required=\"true\" aria-invalid=\"false\" type=\"text\" name=\"quiz-938\" \/><\/label><input type=\"hidden\" name=\"_wpcf7_quiz_answer_quiz-938\" value=\"8f6180b1c5875ce8789ea3613bcc8b5c\" \/><\/span>\n<\/p>\n<p><input class=\"wpcf7-form-control wpcf7-submit has-spinner\" type=\"submit\" value=\"Senden\/Send\/Envoyer\" \/>\n<\/p><div class=\"wpcf7-response-output\" aria-hidden=\"true\"><\/div>\n<\/form>\n<\/div>\n<\/p>","protected":false},"excerpt":{"rendered":"<p>In order to process and archive your research request, we offer you this request form to fill out.<\/p>\n","protected":false},"author":5,"featured_media":0,"parent":0,"menu_order":0,"comment_status":"closed","ping_status":"closed","template":"","meta":{"generate_page_header":"","footnotes":""},"class_list":["post-4853","page","type-page","status-publish"],"yoast_head":"<!-- This site is optimized with the Yoast SEO plugin v27.4 - https:\/\/yoast.com\/product\/yoast-seo-wordpress\/ -->\n<title>Submit research form &#8211; Archiv Frau und Musik<\/title>\n<meta name=\"description\" content=\"Afin de pouvoir traiter et archiver votre demande de recherche, nous vous proposons de remplir ce formulaire de demande.\" \/>\n<meta name=\"robots\" content=\"index, follow, max-snippet:-1, max-image-preview:large, max-video-preview:-1\" \/>\n<link rel=\"canonical\" href=\"https:\/\/www.archiv-frau-musik.de\/en\/rechercheanfrageformular\" \/>\n<meta property=\"og:locale\" content=\"en_US\" \/>\n<meta property=\"og:type\" content=\"article\" \/>\n<meta property=\"og:title\" content=\"Submit research form &#8211; Archiv Frau und Musik\" \/>\n<meta property=\"og:description\" content=\"Afin de pouvoir traiter et archiver votre demande de recherche, nous vous proposons de remplir ce formulaire de demande.\" \/>\n<meta property=\"og:url\" content=\"https:\/\/www.archiv-frau-musik.de\/en\/rechercheanfrageformular\" \/>\n<meta property=\"og:site_name\" content=\"Archiv Frau und Musik\" \/>\n<meta property=\"article:modified_time\" content=\"2026-01-19T14:18:46+00:00\" \/>\n<meta name=\"twitter:card\" content=\"summary_large_image\" \/>\n<meta name=\"twitter:label1\" content=\"Est. reading time\" \/>\n\t<meta name=\"twitter:data1\" content=\"1 minute\" \/>\n<script type=\"application\/ld+json\" class=\"yoast-schema-graph\">{\"@context\":\"https:\\\/\\\/schema.org\",\"@graph\":[{\"@type\":\"WebPage\",\"@id\":\"https:\\\/\\\/www.archiv-frau-musik.de\\\/en\\\/rechercheanfrageformular\",\"url\":\"https:\\\/\\\/www.archiv-frau-musik.de\\\/en\\\/rechercheanfrageformular\",\"name\":\"Submit research form &#8211; Archiv Frau und Musik\",\"isPartOf\":{\"@id\":\"https:\\\/\\\/www.archiv-frau-musik.de\\\/en\\\/#website\"},\"datePublished\":\"2018-01-31T14:01:55+00:00\",\"dateModified\":\"2026-01-19T14:18:46+00:00\",\"description\":\"Afin de pouvoir traiter et archiver votre demande de recherche, nous vous proposons de remplir ce formulaire de demande.\",\"breadcrumb\":{\"@id\":\"https:\\\/\\\/www.archiv-frau-musik.de\\\/en\\\/rechercheanfrageformular#breadcrumb\"},\"inLanguage\":\"en-US\",\"potentialAction\":[{\"@type\":\"ReadAction\",\"target\":[[\"https:\\\/\\\/www.archiv-frau-musik.de\\\/en\\\/rechercheanfrageformular\"]]}]},{\"@type\":\"BreadcrumbList\",\"@id\":\"https:\\\/\\\/www.archiv-frau-musik.de\\\/en\\\/rechercheanfrageformular#breadcrumb\",\"itemListElement\":[{\"@type\":\"ListItem\",\"position\":1,\"name\":\"Startseite\",\"item\":\"https:\\\/\\\/www.archiv-frau-musik.de\\\/en\\\/\"},{\"@type\":\"ListItem\",\"position\":2,\"name\":\"Rechercheanfragen\"}]},{\"@type\":\"WebSite\",\"@id\":\"https:\\\/\\\/www.archiv-frau-musik.de\\\/en\\\/#website\",\"url\":\"https:\\\/\\\/www.archiv-frau-musik.de\\\/en\\\/\",\"name\":\"Archiv Frau und Musik\",\"description\":\"\",\"potentialAction\":[{\"@type\":\"SearchAction\",\"target\":{\"@type\":\"EntryPoint\",\"urlTemplate\":\"https:\\\/\\\/www.archiv-frau-musik.de\\\/en\\\/?s={search_term_string}\"},\"query-input\":{\"@type\":\"PropertyValueSpecification\",\"valueRequired\":true,\"valueName\":\"search_term_string\"}}],\"inLanguage\":\"en-US\"}]}<\/script>\n<!-- \/ Yoast SEO plugin. -->","yoast_head_json":{"title":"Submit research form &#8211; Archiv Frau und Musik","description":"Afin de pouvoir traiter et archiver votre demande de recherche, nous vous proposons de remplir ce formulaire de demande.","robots":{"index":"index","follow":"follow","max-snippet":"max-snippet:-1","max-image-preview":"max-image-preview:large","max-video-preview":"max-video-preview:-1"},"canonical":"https:\/\/www.archiv-frau-musik.de\/en\/rechercheanfrageformular","og_locale":"en_US","og_type":"article","og_title":"Submit research form &#8211; Archiv Frau und Musik","og_description":"Afin de pouvoir traiter et archiver votre demande de recherche, nous vous proposons de remplir ce formulaire de demande.","og_url":"https:\/\/www.archiv-frau-musik.de\/en\/rechercheanfrageformular","og_site_name":"Archiv Frau und Musik","article_modified_time":"2026-01-19T14:18:46+00:00","twitter_card":"summary_large_image","twitter_misc":{"Est. reading time":"1 minute"},"schema":{"@context":"https:\/\/schema.org","@graph":[{"@type":"WebPage","@id":"https:\/\/www.archiv-frau-musik.de\/en\/rechercheanfrageformular","url":"https:\/\/www.archiv-frau-musik.de\/en\/rechercheanfrageformular","name":"Submit research form &#8211; Archiv Frau und Musik","isPartOf":{"@id":"https:\/\/www.archiv-frau-musik.de\/en\/#website"},"datePublished":"2018-01-31T14:01:55+00:00","dateModified":"2026-01-19T14:18:46+00:00","description":"Afin de pouvoir traiter et archiver votre demande de recherche, nous vous proposons de remplir ce formulaire de demande.","breadcrumb":{"@id":"https:\/\/www.archiv-frau-musik.de\/en\/rechercheanfrageformular#breadcrumb"},"inLanguage":"en-US","potentialAction":[{"@type":"ReadAction","target":[["https:\/\/www.archiv-frau-musik.de\/en\/rechercheanfrageformular"]]}]},{"@type":"BreadcrumbList","@id":"https:\/\/www.archiv-frau-musik.de\/en\/rechercheanfrageformular#breadcrumb","itemListElement":[{"@type":"ListItem","position":1,"name":"Startseite","item":"https:\/\/www.archiv-frau-musik.de\/en\/"},{"@type":"ListItem","position":2,"name":"Rechercheanfragen"}]},{"@type":"WebSite","@id":"https:\/\/www.archiv-frau-musik.de\/en\/#website","url":"https:\/\/www.archiv-frau-musik.de\/en\/","name":"Archiv Frau und Musik","description":"","potentialAction":[{"@type":"SearchAction","target":{"@type":"EntryPoint","urlTemplate":"https:\/\/www.archiv-frau-musik.de\/en\/?s={search_term_string}"},"query-input":{"@type":"PropertyValueSpecification","valueRequired":true,"valueName":"search_term_string"}}],"inLanguage":"en-US"}]}},"_links":{"self":[{"href":"https:\/\/www.archiv-frau-musik.de\/en\/wp-json\/wp\/v2\/pages\/4853","targetHints":{"allow":["GET"]}}],"collection":[{"href":"https:\/\/www.archiv-frau-musik.de\/en\/wp-json\/wp\/v2\/pages"}],"about":[{"href":"https:\/\/www.archiv-frau-musik.de\/en\/wp-json\/wp\/v2\/types\/page"}],"author":[{"embeddable":true,"href":"https:\/\/www.archiv-frau-musik.de\/en\/wp-json\/wp\/v2\/users\/5"}],"replies":[{"embeddable":true,"href":"https:\/\/www.archiv-frau-musik.de\/en\/wp-json\/wp\/v2\/comments?post=4853"}],"version-history":[{"count":16,"href":"https:\/\/www.archiv-frau-musik.de\/en\/wp-json\/wp\/v2\/pages\/4853\/revisions"}],"predecessor-version":[{"id":16085,"href":"https:\/\/www.archiv-frau-musik.de\/en\/wp-json\/wp\/v2\/pages\/4853\/revisions\/16085"}],"wp:attachment":[{"href":"https:\/\/www.archiv-frau-musik.de\/en\/wp-json\/wp\/v2\/media?parent=4853"}],"curies":[{"name":"wp","href":"https:\/\/api.w.org\/{rel}","templated":true}]}}